{"id":30,"date":"2016-09-13T17:42:20","date_gmt":"2016-09-13T17:42:20","guid":{"rendered":"http:\/\/blog.metu.edu.tr\/indbio\/?page_id=30"},"modified":"2026-02-22T13:53:30","modified_gmt":"2026-02-22T13:53:30","slug":"group-members","status":"publish","type":"page","link":"https:\/\/blog.metu.edu.tr\/indbio\/group-members\/","title":{"rendered":"Group Members"},"content":{"rendered":"<h3>Prof. Dr. P\u0131nar \u00c7al\u0131k, Principal Investigator<\/h3>\n<h3>Ph.D. Students\u00a0<\/h3>\n<p>Beste <strong>Avc\u0131<\/strong>, Ph.D. Student\u00a0<\/p>\n<p>Ula\u015f O\u011fuz <strong>Yaman<\/strong>, PhD. Student (Co-advisor: Professor Aybar C. Acar)<\/p>\n<h3>MSc Students\u00a0<\/h3>\n<p>Seray <strong>Ya\u015far<\/strong>, MSc Student<\/p>\n<p>Wajeeha A. <strong>Raja<\/strong>, MSc Student<\/p>\n<p>Ahmet Berkant <strong>\u00c7inko<\/strong>, MSc Student<\/p>\n<p>Yaren <strong>G\u00fcng\u00f6r<\/strong>, MSc Student<\/p>\n<p>F. Bengisu <strong>Erta\u015f<\/strong>, MSc Student<\/p>\n<p>Rabia Sultan <strong>Arslan<\/strong>, MSc Student<\/p>\n<p>\u00a0<\/p>\n<h3>Research Students\u00a0<\/h3>\n<p><span style=\"color: #007bff\">Duru <strong>Vezne<\/strong>, BSc Student<\/span><\/p>\n<p><span style=\"color: #007bff\">Cansu Serap <strong>Ar<\/strong>, BSc Student<\/span><\/p>\n<p><span style=\"color: #007bff\">Raziye K\u00fcbra <strong>\u015een<\/strong>, BSc Student<\/span><\/p>\n<p><span style=\"color: #007bff\">Janset <strong>Erdenbil<\/strong>, BSc Student<\/span><\/p>\n<p><span style=\"color: #007bff\">Ezgi <strong>Bayral<\/strong>, BSc Student<\/span><\/p>\n\n\n<p><\/p>\n","protected":false},"excerpt":{"rendered":"<p>Prof. Dr. P\u0131nar \u00c7al\u0131k, Principal Investigator Ph.D. Students\u00a0 Beste Avc\u0131, Ph.D. Student\u00a0 Ula\u015f O\u011fuz Yaman, PhD. Student (Co-advisor: Professor Aybar C. Acar) MSc Students\u00a0 Seray Ya\u015far, MSc Student Wajeeha A. Raja, MSc Student Ahmet Berkant \u00c7inko, MSc Student Yaren G\u00fcng\u00f6r, MSc Student F. Bengisu Erta\u015f, MSc Student Rabia Sultan Arslan, MSc Student \u00a0 Research Students\u00a0 [&hellip;]<\/p>\n","protected":false},"author":4302,"featured_media":0,"parent":0,"menu_order":0,"comment_status":"closed","ping_status":"closed","template":"","meta":{"footnotes":"","_links_to":"","_links_to_target":""},"class_list":["post-30","page","type-page","status-publish","hentry"],"_links":{"self":[{"href":"https:\/\/blog.metu.edu.tr\/indbio\/wp-json\/wp\/v2\/pages\/30","targetHints":{"allow":["GET"]}}],"collection":[{"href":"https:\/\/blog.metu.edu.tr\/indbio\/wp-json\/wp\/v2\/pages"}],"about":[{"href":"https:\/\/blog.metu.edu.tr\/indbio\/wp-json\/wp\/v2\/types\/page"}],"author":[{"embeddable":true,"href":"https:\/\/blog.metu.edu.tr\/indbio\/wp-json\/wp\/v2\/users\/4302"}],"replies":[{"embeddable":true,"href":"https:\/\/blog.metu.edu.tr\/indbio\/wp-json\/wp\/v2\/comments?post=30"}],"version-history":[{"count":0,"href":"https:\/\/blog.metu.edu.tr\/indbio\/wp-json\/wp\/v2\/pages\/30\/revisions"}],"wp:attachment":[{"href":"https:\/\/blog.metu.edu.tr\/indbio\/wp-json\/wp\/v2\/media?parent=30"}],"curies":[{"name":"wp","href":"https:\/\/api.w.org\/{rel}","templated":true}]}}