{"id":21,"date":"2016-09-13T17:23:22","date_gmt":"2016-09-13T17:23:22","guid":{"rendered":"http:\/\/blog.metu.edu.tr\/indbio\/?page_id=21"},"modified":"2021-10-09T08:01:19","modified_gmt":"2021-10-09T08:01:19","slug":"people","status":"publish","type":"page","link":"https:\/\/blog.metu.edu.tr\/indbio\/people\/","title":{"rendered":"People"},"content":{"rendered":"<p><a href=\"https:\/\/blog.metu.edu.tr\/indbio\/prof-dr-pinar-calik\/\">Prof. Dr. P\u0131nar \u00c7al\u0131k<\/a><\/p>\n<p><a href=\"http:\/\/blog.metu.edu.tr\/indbio\/research-group\/\">Research Group<\/a><\/p>\n<p><a href=\"http:\/\/blog.metu.edu.tr\/indbio\/group-members\/\">Group Members<\/a><\/p>\n<p><a href=\"http:\/\/blog.metu.edu.tr\/indbio\/alumni\/\">Alumni<\/a><\/p>\n","protected":false},"excerpt":{"rendered":"<p>Prof. Dr. P\u0131nar \u00c7al\u0131k Research Group Group Members Alumni<\/p>\n","protected":false},"author":4302,"featured_media":0,"parent":0,"menu_order":0,"comment_status":"closed","ping_status":"closed","template":"","meta":{"footnotes":"","_links_to":"","_links_to_target":""},"class_list":["post-21","page","type-page","status-publish","hentry"],"_links":{"self":[{"href":"https:\/\/blog.metu.edu.tr\/indbio\/wp-json\/wp\/v2\/pages\/21","targetHints":{"allow":["GET"]}}],"collection":[{"href":"https:\/\/blog.metu.edu.tr\/indbio\/wp-json\/wp\/v2\/pages"}],"about":[{"href":"https:\/\/blog.metu.edu.tr\/indbio\/wp-json\/wp\/v2\/types\/page"}],"author":[{"embeddable":true,"href":"https:\/\/blog.metu.edu.tr\/indbio\/wp-json\/wp\/v2\/users\/4302"}],"replies":[{"embeddable":true,"href":"https:\/\/blog.metu.edu.tr\/indbio\/wp-json\/wp\/v2\/comments?post=21"}],"version-history":[{"count":0,"href":"https:\/\/blog.metu.edu.tr\/indbio\/wp-json\/wp\/v2\/pages\/21\/revisions"}],"wp:attachment":[{"href":"https:\/\/blog.metu.edu.tr\/indbio\/wp-json\/wp\/v2\/media?parent=21"}],"curies":[{"name":"wp","href":"https:\/\/api.w.org\/{rel}","templated":true}]}}