{"id":9,"date":"2016-12-05T01:57:59","date_gmt":"2016-12-04T22:57:59","guid":{"rendered":"http:\/\/blog.metu.edu.tr\/ilkay\/?page_id=9"},"modified":"2024-01-26T18:48:23","modified_gmt":"2024-01-26T15:48:23","slug":"projects","status":"publish","type":"page","link":"https:\/\/blog.metu.edu.tr\/ilkay\/projects\/","title":{"rendered":"Projects"},"content":{"rendered":"<p>For all projects please visit: <a href=\"https:\/\/avesis.metu.edu.tr\/researcher\/project\">https:\/\/avesis.metu.edu.tr\/researcher\/project<\/a><\/p>\n<p><span style=\"color: #000000\"><strong>CURRENT PROJECTS:<\/strong><\/span><\/p>\n<p><span style=\"color: #000000\">Newton Mobility Grant &#8211;\u00a0<\/span><span style=\"font-size: revert\">Graphical Modeling of Neural Signals &#8211; by University of York, UK<\/span><\/p>\n<p>TUB\u0130TAK 1004 &#8211; S\u00fcrd\u00fcr\u00fclebilir Kentler i\u00e7in \u0130leri Teknolojiler Platformu<\/p>\n<p><span style=\"color: #000000\"><strong>COMPLETED PROJECTS: <\/strong><\/span><\/p>\n<p><span style=\"color: #000000\">1. TUBITAK 214S069 Beynin Say\u0131sal \u0130\u015flevleriyle \u0130lgili Devre Modellerinin Tasarlanmas\u0131 ve Matematik \u00d6\u011frenme G\u00fc\u00e7l\u00fc\u011f\u00fc (diskalkuli) Hastal\u0131k Haritas\u0131n\u0131n Elde Edilmesi2015- 236000TL (Ara\u015ft\u0131rmac\u0131)<\/span><\/p>\n<p><span style=\"color: #000000\">2. T\u00dcBITAK 115E248 Automatic Evaluation of Pain-Related Facial Expressions in Mice (Mice-Mimic) (Farelerde A\u011fr\u0131ya Ba\u011fl\u0131 Y\u00fcz \u0130fadesinin Otomatik De\u011ferlendirilmesi) 2015-2018 501.000 TL (Ara\u015ft\u0131rmac\u0131)<\/span><\/p>\n<p><span style=\"color: #000000\">3. BAP-03-2016-003 Wireless sytem for EEG Motor Imagery (Kablosuz EEG Motor Imgeleme Sistemi) 2016-2016 7500 TL (Y\u00fcr\u00fct\u00fcc\u00fc)<\/span><\/p>\n<p><span style=\"color: #000000\">4. BAP-03-01-2016-002-Yapay Sinir A\u011flar\u0131 ve Derin \u00d6\u011frenme Y\u00f6ntemlerinin GPU \u00dczerinde Paralel \u00c7al\u0131\u015ft\u0131r\u0131lmas\u0131 01.2016-12.2016, 8100 TL (Ara\u015ft\u0131rmac\u0131)<\/span><\/p>\n<p><span style=\"color: #000000\">1. A.U. BAP 10B3030001 (2012). Developmental Dyslexia: Defining the relations between linguistics and EEG data. BAP-Ankara \u00dc.,10B3030001 (2012). Geli\u015fimsel Disleksi: Dilbilim ve EEG verilerinin ili\u015fkilendirilmesi 2009-2013, 199000 TL (Ara\u015ft\u0131rmac\u0131)<\/span><\/p>\n<p><span style=\"color: #000000\">2. SAYP \u2013 Automatic Target Detection and Recognition from Infrared Images (De\u011fi\u015fik Arka Planlara Sahip Ve Farkli Uzakliklardan Elde Edilen Kizil\u00f6tesi G\u00f6r\u00fcnt\u00fclerde Otomatik Hedef Tespiti Projesi), (Director)<\/span><\/p>\n<p><span style=\"color: #000000\">3. T\u00dcB\u0130TAK (1505) \u2013 511003 Real Time and Automatic Quality Control for Railroads by Vision (Demiryollar\u0131nda Kamera ile Otomatik ve Ger\u00e7ek Zamanl\u0131 Hata Tespiti), (Director)<\/span><\/p>\n<p><span style=\"color: #000000\">4. AG\u00dcDOS 2010-03-01-2-00-24 : Automatic Target Detection and Recognition from Aerial Images (Otomatik Hedef Tan\u0131ma Algoritmalar\u0131 Geli\u015ftirilmesi &#8211; HASAT), (Researcher)<\/span><\/p>\n<p><span style=\"color: #000000\">5. T\u00dcB\u0130TAK (1001)\u2013 105E128 Fusion of different imaging modalities for 3D human head modeling which includes characteristic hard and soft tissue information as well as realistic photographic view (Farkl\u0131 G\u00f6r\u00fcnt\u00fcleme Teknikleri ile Elde edilen verilerin, Yumu\u015fak ve Sert Doku \u00d6zelliklerini ve G\u00f6rsel \u00d6zellikleri de \u0130\u00e7eren 3B \u0130nsan Kafa Modellemesi Ama\u00e7l\u0131 Olarak Birle\u015ftirilmesi), (Director)<\/span><\/p>\n<p><span style=\"color: #000000\">6. SANTEZ \u201300896.STZ.2011-1: Video Analysis System for Security Applications (Havelsan Video Analiz Sistemi &#8211; HVAS), (Researcher)<\/span><\/p>\n<p><span style=\"color: #000000\">7. TUB\u0130TAK (1001) \u2013 107E234 A Framework for Personal Video Information Management Systems (Ki\u015fisel Video Bilgi Y\u00f6netim Sistemleri i\u00e7in bir \u00c7at\u0131 Geli\u015ftirilmesi), (Researcher)<\/span><\/p>\n<p><span style=\"color: #000000\">8. TUB\u0130TAK (1001) &#8211; 105E127 Multipurpose Automatic Underwater Vehicle (\u00c7ok Ama\u00e7l\u0131 Denizalt\u0131 Arac\u0131 &#8211; UL\u0130SAR), (Researcher)<\/span><\/p>\n<p><span style=\"color: #000000\">9. BAP 2008 &#8211; Recognition and Segmentation of Objects in 3D Scenes (3B Sahnelerde Nesnelerin B\u00f6l\u00fctlenmesi ve Kategorize Edilmesi), (Director)<\/span><\/p>\n<p><span style=\"color: #000000\">10. BAP 03-01-2009-01 FPGA Implementation of Stereo Algorithms (FPGA \u00dczerinde Stereo Algoritmalar\u0131n\u0131n Ger\u00e7ekle\u015ftirilmesi), (Director)<\/span><\/p>\n<p><span style=\"color: #000000\">11. BAP-07-05-2010-04, Testing the Efficient Market Hypothesis (EMH) fort he US the UK and Japanese Stock Markets: Application of Signal Processing, Pattern Recognition, Artificial Intelligence and Probabilistic Graphical Modelling Techniques, (Researcher)<\/span><\/p>\n<p><span style=\"color: #000000\">12. BAP 2008 &#8211; Inverse problem solution and optimization for estimating the parameters of a facial soft tissue model (Ki\u015fiye \u00f6zel y\u00fcz yumu\u015fak doku modeli parametrelerinin bulunmas\u0131 i\u00e7in optimizasyon ve geri \u00e7\u00f6z\u00fcm), (Director) (Joint project with METU IAM)<\/span><\/p>\n<p><span style=\"color: #000000\">13. BAP &#8211; 2005-03-01-01 Active Reconstruction for 3D Modelling (3B Modelleme i\u00e7in Aktif Geri\u00e7at\u0131m), (Director)<\/span><\/p>\n<p><span style=\"color: #000000\">14. BAP-2004-03-01-02 Camera Calibration for Active 3D Reconstruction of Indoor Environment (Aktif 3B Geri\u00e7at\u0131m i\u00e7in Kamera Kalibrasyonu), (Researcher)<\/span><\/p>\n<p><span style=\"color: #000000\">15. BAP-2002-03-01-05 Active Robot Vision (Aktif Robot G\u00f6rme), (Researcher)<\/span><\/p>\n<p><span style=\"color: #000000\">16. BAP-2002-07-04-04 Face Recognition and Modelling (Y\u00fcz Tan\u0131ma ve Modelleme), (Researcher)<\/span><\/p>\n<p><span style=\"color: #000000\">17. AFP-2000.07.04.01 Active Vision and Navigation in 3D Virtual Environment (3B Sanal Ortamda Aktif G\u00f6rme ve \u0130lerleme), (Researcher)<\/span><\/p>\n","protected":false},"excerpt":{"rendered":"<p>For all projects please visit: https:\/\/avesis.metu.edu.tr\/researcher\/project CURRENT PROJECTS: Newton Mobility Grant &#8211;\u00a0Graphical Modeling of Neural Signals &#8211; by University of York, UK TUB\u0130TAK 1004 &#8211; S\u00fcrd\u00fcr\u00fclebilir Kentler i\u00e7in \u0130leri Teknolojiler Platformu COMPLETED PROJECTS: 1. TUBITAK 214S069 Beynin Say\u0131sal \u0130\u015flevleriyle \u0130lgili Devre Modellerinin Tasarlanmas\u0131 ve Matematik \u00d6\u011frenme G\u00fc\u00e7l\u00fc\u011f\u00fc (diskalkuli) Hastal\u0131k Haritas\u0131n\u0131n Elde Edilmesi2015- 236000TL (Ara\u015ft\u0131rmac\u0131) 2.<\/p>\n<div class=\"readmore\"><a class=\"btn slider-btn1\" href=\"https:\/\/blog.metu.edu.tr\/ilkay\/projects\/\">Read More&#8230;<\/a><\/div>\n","protected":false},"author":4452,"featured_media":0,"parent":0,"menu_order":0,"comment_status":"closed","ping_status":"closed","template":"","meta":{"footnotes":"","_links_to":"","_links_to_target":""},"class_list":["post-9","page","type-page","status-publish","hentry"],"_links":{"self":[{"href":"https:\/\/blog.metu.edu.tr\/ilkay\/wp-json\/wp\/v2\/pages\/9","targetHints":{"allow":["GET"]}}],"collection":[{"href":"https:\/\/blog.metu.edu.tr\/ilkay\/wp-json\/wp\/v2\/pages"}],"about":[{"href":"https:\/\/blog.metu.edu.tr\/ilkay\/wp-json\/wp\/v2\/types\/page"}],"author":[{"embeddable":true,"href":"https:\/\/blog.metu.edu.tr\/ilkay\/wp-json\/wp\/v2\/users\/4452"}],"replies":[{"embeddable":true,"href":"https:\/\/blog.metu.edu.tr\/ilkay\/wp-json\/wp\/v2\/comments?post=9"}],"version-history":[{"count":0,"href":"https:\/\/blog.metu.edu.tr\/ilkay\/wp-json\/wp\/v2\/pages\/9\/revisions"}],"wp:attachment":[{"href":"https:\/\/blog.metu.edu.tr\/ilkay\/wp-json\/wp\/v2\/media?parent=9"}],"curies":[{"name":"wp","href":"https:\/\/api.w.org\/{rel}","templated":true}]}}