{"id":13,"date":"2016-12-05T02:54:12","date_gmt":"2016-12-04T23:54:12","guid":{"rendered":"http:\/\/blog.metu.edu.tr\/ilkay\/?page_id=13"},"modified":"2024-01-26T18:50:04","modified_gmt":"2024-01-26T15:50:04","slug":"students","status":"publish","type":"page","link":"https:\/\/blog.metu.edu.tr\/ilkay\/students\/","title":{"rendered":"Students"},"content":{"rendered":"<p><span style=\"color: #000000\"><strong>For most recent list of MS and PhD Thesis please visit: <a href=\"https:\/\/avesis.metu.edu.tr\/ilkay\/experiences\">https:\/\/avesis.metu.edu.tr\/ilkay\/experiences<\/a><\/strong><\/span><\/p>\n<p><span style=\"color: #000000\"><strong>THESIS SUPERVISED: <\/strong><\/span><\/p>\n<p><span style=\"color: #000000\">1. Mehmet Altan Toks\u00f6z, Basic thresholding classification, PhD Thesis, 2016 (Supervisor)<\/span><\/p>\n<p><span style=\"color: #000000\">2. Metin Burak Alt\u0131noklu, Object recognition and segmentation via shape models, PhD Thesis, 2016 (Supervisor)<\/span><\/p>\n<p><span style=\"color: #000000\">3. Vesal Rasoulzadeh, Investigation of the Brain Connectivity Disturbance in Dyslexic Patients, MS Thesis, Feb. 2016 (Supervisor)<\/span><\/p>\n<p><span style=\"color: #000000\">4. Ozan Yardimci, Automatic Small Target Detection In Infrared Images Of Various Backgrounds From Various Distances (De\u011fi\u015fik Arka Planlardan Ve Farkli Uzakliklardan Elde Edilen Kizil\u00f6tesi G\u00f6r\u00fcnt\u00fclerde Otomatik K\u00fc\u00e7\u00fck Hedef Tespiti), MS Thesis, June 2015 (Supervisor)<\/span><\/p>\n<p><span style=\"color: #000000\">5. \u00d6mer Faruk Adil, 3D Surface Curvature Feature-Based 3D SLAM with Kinect Data (KINECT Verisi \u0130le 3-Boyutlu Y\u00fczey Kavis \u00d6zelli\u011fi Tabanl\u0131 Slam Uygulamas\u0131), MS Thesis, September 2014, (Supervisor)<\/span><\/p>\n<p><span style=\"color: #000000\">6. M\u00fccahit Y\u00f6r\u00fck, Performance Comparison of Point and Plane Features for SLAM (Slam Uygulamas\u0131nda Nokta Ve D\u00fczlem \u00d6zelliklerinin Performans Kar\u015f\u0131la\u015ft\u0131rmas\u0131), MS Thesis, November 2014, (Supervisor)<\/span><\/p>\n<p><span style=\"color: #000000\">7. Orhan Karadeniz, Map Merging For Multi Robot Slam (\u00c7oklu Robotlar \u0130\u00e7in Harita Birle\u015ftirme), MS Thesis, December 2014, (Supervisor)<\/span><\/p>\n<p><span style=\"color: #000000\">8. Arda Girit, Drowsy Driver Detection Using Image Processing (G\u00f6r\u00fcnt\u00fc \u0130\u015fleme ile Uykulu S\u00fcr\u00fcc\u00fc Tespiti), MS Thesis, February 2014 (Supervisor)<\/span><\/p>\n<p><span style=\"color: #000000\">9. Ahmet Ersoz, Classifier Fusion Methods Adapted to Template Matching on Satellite Images (Uydu G\u00f6r\u00fcnt\u00fclerinde S\u0131n\u0131fland\u0131r\u0131c\u0131 Kayna\u015ft\u0131rma Y\u00f6ntemlerinin \u015eablon E\u015fleme Metodlar\u0131na Adaptasyonu), MS Thesis, September 2013 (Supervisor)<\/span><\/p>\n<p><span style=\"color: #000000\">10. Ulya Bayram, Human Action Recognition for Mobile Robots (Mobil Robotlar i\u00e7in \u0130nsan Hareket Analizi), MS Thesis, June 2013 (Supervisor)<\/span><\/p>\n<p><span style=\"color: #000000\">11. Eda \u015eahin, Road Extraction from Satellite Images by Self-Supervised Clustering and Perceptual Grouping (Uydu G\u00f6r\u00fcnt\u00fclerinden \u00d6zg\u00f6zetimli S\u0131n\u0131fland\u0131rma ve Alg\u0131sal Gruplama Y\u00f6ntemleri ile Otomatik Yol \u00c7\u0131kar\u0131m\u0131) MS Thesis, January 2013 (Supervisor)<\/span><\/p>\n<p><span style=\"color: #000000\">12. Kerem Sahin, Automatic Multi-Scale Segmentation of High Spatial Resolution Satellite Images Using Watersheds (Y\u00fcksek Uzaysal \u00c7\u00f6z\u00fcn\u00fcrl\u00fckl\u00fc Uydu G\u00f6r\u00fcnt\u00fclerinin Watershed Kullan\u0131larak \u00c7ok \u00d6l\u00e7ekli Otomatik B\u00f6l\u00fctlenmesi), MS Thesis, January 2013 (Supervisor)<\/span><\/p>\n<p><span style=\"color: #000000\">13. \u00c7a\u011fr\u0131 Turun\u00e7, An Implementation of 3D SLAM with Planar Segments (D\u00fczlem bilgisine Dayal\u0131 3B SLAM) MS Thesis, 2012 (Supervisor)<\/span><\/p>\n<p><span style=\"color: #000000\">14. Firat Ercis, Comparison of Histograms of Oriented Optical Flow Based Action Recognition Methods (\u0130nsan Hareket Tan\u0131ma Y\u00f6ntemlerinin Kar\u015f\u0131la\u015ft\u0131r\u0131lmas\u0131) MS Thesis, 2012 (Supervisor)<\/span><\/p>\n<p><span style=\"color: #000000\">15. Kutalmis Akp\u0131nar, Human Activity Classification Using Spatio-Temporal Feature Relations (Uzay-Zamansal \u00d6znitelikler Kullan\u0131larak \u0130nsan Hareket S\u0131n\u0131fland\u0131rmas\u0131) MS Thesis, 2012 (Supervisor)<\/span><\/p>\n<p><span style=\"color: #000000\">16. Yousef Rezaei Tabar, Atlas Based Segmentation of Facial Soft Tissue (Atlas Tabanl\u0131 \u0130nsan Y\u00fcz Kaslar\u0131 B\u00f6l\u00fctlenmesi) MS Thesis, 2011 (Supervisor)<\/span><\/p>\n<p><span style=\"color: #000000\">17. Samet Karaka\u015f, Real Time Moving Object Detection and Tracking with an Active Camera (Aktik Kamera ile Hareketli Nesne Tespiti ve Ger\u00e7ek Zamanl\u0131 Takibi) MS Thesis, 2011 (Supervisor)<\/span><\/p>\n<p><span style=\"color: #000000\">18. \u0130smail \u00d6zsara\u00e7, FPGA Implementation of Real Time Digital Video Stabilization (Ger\u00e7ek Zamanl\u0131 Dijital Video Sabitlemenin FPGA \u00dczerinde Ger\u00e7ekle\u015ftirilmesi) MS Thesis, 2011 (Supervisor)<\/span><\/p>\n<p><span style=\"color: #000000\">19. Erdem Akag\u00fcnd\u00fcz, Scale, Resolution and Orientation Invariant 3D Object Recognition Using Scale-Space of Curvatures (\u00d6l\u00e7ek Uzay\u0131 Kullanarak \u00d6l\u00e7ek, \u00c7\u00f6z\u00fcn\u00fcrl\u00fck ve Y\u00f6nden Ba\u011f\u0131ms\u0131z 3B Nesne Tan\u0131ma) 2010, Ph.D. (Supervisor)<\/span><\/p>\n<p><span style=\"color: #000000\">20. Havva Ozsarac, FPGA Implementation of Graph Cut Method for Real Time Stereo Matching (Ger\u00e7ek Zamanl\u0131 Stereo i\u00e7in Graph-Cut Y\u00f6nteminin FPGA\u2019de Ger\u00e7ekle\u015ftirilmesi) MS Thesis, 2010 (Supervisor)<\/span><\/p>\n<p><span style=\"color: #000000\">21. Yasin \u015eaka, A Low Cost Stereo Based 3D SLAM for Wearable Applications (Giyilebilir Uygulamalar i\u00e7in D\u00fc\u015f\u00fck Maliyetli 3B SLAM) MS Thesis, 2010 (Superviser)<\/span><\/p>\n<p><span style=\"color: #000000\">22. Mehmet Y\u0131lmazt\u00fcrk, Real-time and Semi-automatic Annotation of Faces in Personal Videos (Ki\u015fisel Videolarda Ger\u00e7ek Zamanl\u0131 ve Yar\u0131otomatik Y\u00fcz Etiketleme) MS Thesis, 2010 (Supervisor)<\/span><\/p>\n<p><span style=\"color: #000000\">23. Aysu Erdo\u011fdu, Morphable 3D Facial Animation Based on Thin Plate Splines (\u0130nce Plaka Spline Tabanl\u0131 3B Y\u00fcz Animasyonu) MS Thesis, 2010 (Supervisor)<\/span><\/p>\n<p><span style=\"color: #000000\">24. Zafer Ha\u015fim Tellio\u011flu, Real Time 3D Surface Feature Extraction on FPGA (FPGA ile 3B Y\u00fczey \u00d6zniteli\u011fi \u00c7\u0131kar\u0131lmas\u0131) MS Thesis, 2010 (Supervisor)<\/span><\/p>\n<p><span style=\"color: #000000\">25. Ugur Zongur, Detection of Airport Runways in Optical Satellite Images (Optik Uydu G\u00f6r\u00fcnt\u00fclerinde Havaalan\u0131 Pistlerinin Tespit Edilmesi) MS Thesis, 2009 (Co-Supervisor)<\/span><\/p>\n<p><span style=\"color: #000000\">26. \u00d6mer Eskizara, 3D Geometric Hashing Using Transform Invariant Features (Yer De\u011fi\u015ftimeden ve D\u00f6n\u00fc\u015f\u00fcmden Ba\u011f\u0131ms\u0131z \u00d6znitelik Kullan\u0131larak 3B Geometrik K\u0131y\u0131m) MS Thesis, 2009 (Supervisor)<\/span><\/p>\n<p><span style=\"color: #000000\">27. Aykut Hozatl\u0131, 3D Object Recognition by Geometric Hashing for Robotics Applications (Robotik Uygulamalar\u0131na Y\u00f6nelik Geometrik \u0130ndeksleme Y\u00f6ntemiyle \u00dc\u00e7 Boyutlu Nesne Tan\u0131ma) MS Thesis, 2009 (Supervisor)<\/span><\/p>\n<p><span style=\"color: #000000\">28. Serhat Bayrak, Video Stabilization: Digital and Mechanical Approaches (G\u00f6r\u00fcnt\u00fc Sabileme: Say\u0131sal ve Mekanik Yakla\u015f\u0131mlar) MS Thesis, 2008 (Supervisor)<\/span><\/p>\n<p><span style=\"color: #000000\">29. Yavuz K\u0131rl\u0131, 3D Reconstruction of Underwater Scenes from Uncalibrated Video Sequences (Kalibre Edilmemi\u015f Sualt\u0131 Video Serisinden 3B Sahne Geri\u00e7at\u0131m\u0131) MS Thesis, 2008 (Supervisor)<\/span><\/p>\n<p><span style=\"color: #000000\">30. Arda Bilgin, Selection and Fusion of Multiple Stereo Algorithms for Accurate Disparity Segmentation (Do\u011fru Derinlik B\u00f6l\u00fctlemesi i\u00e7in Uygun Stereo Algoritmalar\u0131n\u0131n Se\u00e7ilmesi ve Kayna\u015ft\u0131r\u0131lmas\u0131) MS Thesis, 2008 (Supervisor)<\/span><\/p>\n<p><span style=\"color: #000000\">31. Utku Senses, Blur Estimation and Superresolution from Multiple Images (\u00c7oklu G\u00f6r\u00fcnt\u00fcden Bulan\u0131kl\u0131k Tahmini ve S\u00fcper\u00e7\u00f6z\u00fcn\u00fcrl\u00fck) MS Thesis, 2008 (Supervisor)<\/span><\/p>\n<p><span style=\"color: #000000\">32. Adnan Kalay, An Implementation of Mono and Stereo Slam System Utilizing Efficient Map Management Strategy (Etkin Harita Y\u00f6netim Stratejisi Kullanan Mono ve Stereo SLAM Sistemi Uygulamas\u0131) MS Thesis, 2008 (Supervisor)<\/span><\/p>\n<p><span style=\"color: #000000\">33. Murat Y\u0131rc\u0131, A Comparative Study on Polygonal Mesh Simplification Algorithms (Poligon Sadele\u015ftirme Algoritmalar\u0131n\u0131n Kar\u015f\u0131la\u015ft\u0131r\u0131lmas\u0131) MS Thesis, 2008 (Supervisor)<\/span><\/p>\n<p><span style=\"color: #000000\">34. Abdurrahman Yalcin, Effect of Shadow in building Detection and Building Boundary Extraction (Bina Belirleme ve Bina S\u0131n\u0131rlar\u0131n\u0131 \u00c7\u0131karmada G\u00f6lgenin Etkisi) MS Thesis, 2008 (Supervisor)<\/span><\/p>\n<p><span style=\"color: #000000\">35. H\u00fcseyin Y\u00fcr\u00fck, Object Detection from Registered Visual and Infrared Sequences with the Help of Active Contours (Aktif Konturlar Yard\u0131m\u0131yla, Birbiri ile Uyumlanm\u0131\u015f Renkli ve K\u0131z\u0131l \u00d6tesi Dizilerinden Nesnelerin Bulunmas\u0131) MS Thesis, 2007 (Supervisor)<\/span><\/p>\n<p><span style=\"color: #000000\">36. Mustafa Ya\u011fc\u0131o\u011flu, Comparision of 3D Facial Anchor Point Localization Methods, (\u00dc\u00e7 boyutlu Y\u00fcz Nirengi Noktalar\u0131 Bulan Metodlar\u0131n Kar\u015f\u0131la\u015ft\u0131r\u0131lmas\u0131) MS Thesis, 2007 (Supervisor)<\/span><\/p>\n<p><span style=\"color: #000000\">37. Ali Aydo\u011fan, 3D Synthetic Human Face Modelling Tool Based on T-spline Surfaces MS Thesis, 2007 (Supervisor)<\/span><\/p>\n<p><span style=\"color: #000000\">38. Ahmet O\u011fuz \u00d6zt\u00fcrk, 3D Face Reconstruction Using Stereo Images and Structured Light MS Thesis, 2007 (Co-Supervisor)<\/span><\/p>\n<p><span style=\"color: #000000\">39. Hakan Bayar, Texture Mapping By Multi-Image Blending For 3d Face Models MS Thesis, 2007 (Co-Supervisor)<\/span><\/p>\n<p><span style=\"color: #000000\">40. Mustafa \u00d6zuysal, Manual and Auto Calibration of Stereo Camera Systems MS Thesis, 2004 (Co-Supervisor)<\/span><\/p>\n<p><span style=\"color: #000000\">41. Zafer Ar\u0131can, Vision Based Robot Localization Using Artificial and Natural Landmarks MS Thesis, 2004 (Co-Supervisor)<\/span><\/p>\n","protected":false},"excerpt":{"rendered":"<p>For most recent list of MS and PhD Thesis please visit: https:\/\/avesis.metu.edu.tr\/ilkay\/experiences THESIS SUPERVISED: 1. Mehmet Altan Toks\u00f6z, Basic thresholding classification, PhD Thesis, 2016 (Supervisor) 2. Metin Burak Alt\u0131noklu, Object recognition and segmentation via shape models, PhD Thesis, 2016 (Supervisor) 3. Vesal Rasoulzadeh, Investigation of the Brain Connectivity Disturbance in Dyslexic Patients, MS Thesis, Feb.<\/p>\n<div class=\"readmore\"><a class=\"btn slider-btn1\" href=\"https:\/\/blog.metu.edu.tr\/ilkay\/students\/\">Read More&#8230;<\/a><\/div>\n","protected":false},"author":4452,"featured_media":0,"parent":0,"menu_order":0,"comment_status":"closed","ping_status":"closed","template":"","meta":{"footnotes":"","_links_to":"","_links_to_target":""},"class_list":["post-13","page","type-page","status-publish","hentry"],"_links":{"self":[{"href":"https:\/\/blog.metu.edu.tr\/ilkay\/wp-json\/wp\/v2\/pages\/13","targetHints":{"allow":["GET"]}}],"collection":[{"href":"https:\/\/blog.metu.edu.tr\/ilkay\/wp-json\/wp\/v2\/pages"}],"about":[{"href":"https:\/\/blog.metu.edu.tr\/ilkay\/wp-json\/wp\/v2\/types\/page"}],"author":[{"embeddable":true,"href":"https:\/\/blog.metu.edu.tr\/ilkay\/wp-json\/wp\/v2\/users\/4452"}],"replies":[{"embeddable":true,"href":"https:\/\/blog.metu.edu.tr\/ilkay\/wp-json\/wp\/v2\/comments?post=13"}],"version-history":[{"count":0,"href":"https:\/\/blog.metu.edu.tr\/ilkay\/wp-json\/wp\/v2\/pages\/13\/revisions"}],"wp:attachment":[{"href":"https:\/\/blog.metu.edu.tr\/ilkay\/wp-json\/wp\/v2\/media?parent=13"}],"curies":[{"name":"wp","href":"https:\/\/api.w.org\/{rel}","templated":true}]}}