{"id":30,"date":"2017-09-06T11:11:08","date_gmt":"2017-09-06T11:11:08","guid":{"rendered":"http:\/\/blog.metu.edu.tr\/ilkadim\/?page_id=30"},"modified":"2017-10-04T15:05:08","modified_gmt":"2017-10-04T15:05:08","slug":"proje-ekibi","status":"publish","type":"page","link":"https:\/\/blog.metu.edu.tr\/ilkadim\/proje-ekibi\/","title":{"rendered":"Proje Ekibi"},"content":{"rendered":"<p>\u0130lk Ad\u0131m projesinde ekibimiz \u00f6\u011fretim \u00fcyeleri, ara\u015ft\u0131rma g\u00f6revlileri ve \u00f6\u011fretmenlerden olu\u015fmaktad\u0131r. Okullara y\u00f6nelik geli\u015ftirilecek materyallerde \u00f6\u011fretmenlerimizi &#8220;d\u0131\u015f uygulay\u0131c\u0131&#8221; olarak de\u011fil, ekibimizin bir par\u00e7as\u0131 olarak g\u00f6rmekteyiz. B\u00f6ylelikle okul ve \u00fcniversite i\u015fbirli\u011fiyle geli\u015ftirilmi\u015f hem yenilik\u00e7i hem de okullar\u0131m\u0131z\u0131n ger\u00e7ekleri dikkate alarak haz\u0131rlanm\u0131\u015f \u00f6\u011fretim materyalleri geli\u015ftirmek hedeflenmi\u015ftir.<\/p>\n<p>\u0130simler alfabetik s\u0131rad\u0131r.<\/p>\n<h2><span style=\"font-size: 24px\">\u00d6\u011fretim \u00dcyeleri<\/span><\/h2>\n<p>Prof. Dr. Erdin\u00e7 \u00c7ak\u0131ro\u011flu<\/p>\n<p>Prof. Dr. Mine I\u015f\u0131ksal<\/p>\n<p>Y. Do\u00e7. Dr. \u015eerife Sevi\u015f<\/p>\n<h2><\/h2>\n<h2>Ara\u015ft\u0131rma G\u00f6revlileri<\/h2>\n<p>Emine Aytekin<\/p>\n<p>Semanur Kandil<\/p>\n<p>Elif Tu\u011f\u00e7e Karaca<\/p>\n<p>Vuslat \u015eeker<\/p>\n<h2><\/h2>\n<h2>\u00d6\u011fretmenler<\/h2>\n<p>Canan Alkan<\/p>\n<p>Arife Kaya<\/p>\n<p>&nbsp;<\/p>\n<p>&nbsp;<\/p>\n","protected":false},"excerpt":{"rendered":"<p>\u0130lk Ad\u0131m projesinde ekibimiz \u00f6\u011fretim \u00fcyeleri, ara\u015ft\u0131rma g\u00f6revlileri ve \u00f6\u011fretmenlerden olu\u015fmaktad\u0131r. Okullara y\u00f6nelik geli\u015ftirilecek materyallerde \u00f6\u011fretmenlerimizi &#8220;d\u0131\u015f uygulay\u0131c\u0131&#8221; olarak de\u011fil, ekibimizin bir par\u00e7as\u0131 olarak g\u00f6rmekteyiz. B\u00f6ylelikle okul ve \u00fcniversite i\u015fbirli\u011fiyle geli\u015ftirilmi\u015f hem yenilik\u00e7i hem de okullar\u0131m\u0131z\u0131n ger\u00e7ekleri dikkate alarak haz\u0131rlanm\u0131\u015f <a class=\"more-link\" href=\"https:\/\/blog.metu.edu.tr\/ilkadim\/proje-ekibi\/\">Read More &#8230;<\/a><\/p>\n","protected":false},"author":4986,"featured_media":0,"parent":0,"menu_order":0,"comment_status":"closed","ping_status":"closed","template":"","meta":{"footnotes":"","_links_to":"","_links_to_target":""},"class_list":["post-30","page","type-page","status-publish","hentry"],"_links":{"self":[{"href":"https:\/\/blog.metu.edu.tr\/ilkadim\/wp-json\/wp\/v2\/pages\/30","targetHints":{"allow":["GET"]}}],"collection":[{"href":"https:\/\/blog.metu.edu.tr\/ilkadim\/wp-json\/wp\/v2\/pages"}],"about":[{"href":"https:\/\/blog.metu.edu.tr\/ilkadim\/wp-json\/wp\/v2\/types\/page"}],"author":[{"embeddable":true,"href":"https:\/\/blog.metu.edu.tr\/ilkadim\/wp-json\/wp\/v2\/users\/4986"}],"replies":[{"embeddable":true,"href":"https:\/\/blog.metu.edu.tr\/ilkadim\/wp-json\/wp\/v2\/comments?post=30"}],"version-history":[{"count":0,"href":"https:\/\/blog.metu.edu.tr\/ilkadim\/wp-json\/wp\/v2\/pages\/30\/revisions"}],"wp:attachment":[{"href":"https:\/\/blog.metu.edu.tr\/ilkadim\/wp-json\/wp\/v2\/media?parent=30"}],"curies":[{"name":"wp","href":"https:\/\/api.w.org\/{rel}","templated":true}]}}