{"id":126,"date":"2019-12-02T08:36:56","date_gmt":"2019-12-02T08:36:56","guid":{"rendered":"http:\/\/blog.metu.edu.tr\/ilkadim\/?page_id=126"},"modified":"2019-12-02T09:07:17","modified_gmt":"2019-12-02T09:07:17","slug":"sipsaksay","status":"publish","type":"page","link":"https:\/\/blog.metu.edu.tr\/ilkadim\/sipsaksay\/","title":{"rendered":"\u015eip\u015fakSay"},"content":{"rendered":"<p>\u015eip\u015fakSay uygulamas\u0131 ilkokul 1. s\u0131n\u0131flarda &#8220;\u015fip\u015fak niceleme&#8221; etkinliklerinin yap\u0131labilmesi i\u00e7in ODT\u00dc&#8217;de T\u00dcB\u0130TAK deste\u011fi ile y\u00fcr\u00fct\u00fclen bir ara\u015ft\u0131rma projesi kapsam\u0131nda geli\u015ftirilmi\u015ftir (Matemati\u011fe \u0130lk Ad\u0131m projesi). \u00d6\u011frencilerin i\u015flemlerde ak\u0131c\u0131 olmas\u0131na e\u011flenceli bir \u015fekilde destek olmak i\u00e7in d\u00fczenli olarak haftada birka\u00e7 kez k\u0131sa s\u00fcreli \u015fip\u015fak niceleme etkinliklerinin yap\u0131lmas\u0131n\u0131 \u00f6nermekteyiz. \u015eip\u015fakSay uygulamas\u0131 s\u0131n\u0131fta projekt\u00f6rle yans\u0131t\u0131larak \u00f6\u011fretmen taraf\u0131ndan uygulanmak \u00fczere tasarlanm\u0131\u015ft\u0131r (Geri bildirimin nas\u0131l ve ne zaman verilece\u011finin \u00f6\u011fretmen taraf\u0131ndan kontrol edilmesi gerekmektedir). \u015eip\u015fakSay bireysel kullan\u0131m i\u00e7in tasarlanmam\u0131\u015ft\u0131r.<\/p>\n<p>\u015eip\u015fakSay&#8217;\u0131 \u00fccretsiz olarak indirebilirsiniz [<a href=\"https:\/\/www.dropbox.com\/s\/4jdavuk9re4qlid\/SipsakSay.rar?dl=0\">SipsakSay.rar<\/a>]\n<h3>Kurulum<\/h3>\n<p>\u00d6nemli: \u015eip\u015fakSay uygulamas\u0131n\u0131 kullanabilmek i\u00e7in bilgisayar\u0131n\u0131zda <a href=\"https:\/\/www.java.com\/tr\/download\/\" target=\"_blank\" rel=\"noopener noreferrer\">Java<\/a> y\u00fckl\u00fc olmal\u0131d\u0131r.<\/p>\n<ol>\n<li>SipsakSay.rar dosyas\u0131n\u0131 bilgisayar\u0131n\u0131za indirin.<\/li>\n<li>Rar dosyas\u0131ndan SipsakSay.jar isimli dosyay\u0131 \u00e7\u0131kararak bilgisayar\u0131n\u0131zda uygun bir yere kopyalay\u0131n.<\/li>\n<li>Kurulum gerekmemektedir. \u00c7al\u0131\u015ft\u0131rmak i\u00e7in &#8220;SipsakSay.jar&#8221; dosyas\u0131n\u0131 \u00e7ift t\u0131klay\u0131n.<\/li>\n<\/ol>\n<h3>Kullan\u0131m<\/h3>\n<ol>\n<li>A\u00e7\u0131l\u0131\u015f ekran\u0131<\/li>\n<\/ol>\n<p><img loading=\"lazy\" decoding=\"async\" class=\"alignnone wp-image-127 size-full\" src=\"https:\/\/blog.metu.edu.tr\/ilkadim\/files\/2019\/12\/SipsakSay_1.png\" alt=\"\" width=\"796\" height=\"323\" srcset=\"https:\/\/blog.metu.edu.tr\/ilkadim\/files\/2019\/12\/SipsakSay_1.png 796w, https:\/\/blog.metu.edu.tr\/ilkadim\/files\/2019\/12\/SipsakSay_1-300x122.png 300w, https:\/\/blog.metu.edu.tr\/ilkadim\/files\/2019\/12\/SipsakSay_1-768x312.png 768w\" sizes=\"auto, (max-width: 796px) 100vw, 796px\" \/><\/p>\n<p>2. Uygulama s\u0131ras\u0131nda ekranda g\u00f6sterilecek nokta say\u0131s\u0131n\u0131 s\u0131n\u0131rlamak i\u00e7in bir say\u0131 se\u00e7in. Se\u00e7iminize ba\u011fl\u0131 olarak, ekranda daha b\u00fcy\u00fck say\u0131lar\u0131n g\u00f6r\u00fcnmesi daha olas\u0131d\u0131r.<\/p>\n<p><img loading=\"lazy\" decoding=\"async\" class=\"alignnone wp-image-128 size-full\" src=\"https:\/\/blog.metu.edu.tr\/ilkadim\/files\/2019\/12\/SipsakSay_2.png\" alt=\"\" width=\"796\" height=\"323\" srcset=\"https:\/\/blog.metu.edu.tr\/ilkadim\/files\/2019\/12\/SipsakSay_2.png 796w, https:\/\/blog.metu.edu.tr\/ilkadim\/files\/2019\/12\/SipsakSay_2-300x122.png 300w, https:\/\/blog.metu.edu.tr\/ilkadim\/files\/2019\/12\/SipsakSay_2-768x312.png 768w\" sizes=\"auto, (max-width: 796px) 100vw, 796px\" \/><\/p>\n<p>3. Ekranda g\u00f6sterme s\u00fcresini se\u00e7in. Bu se\u00e7enek etkinliklere ilk ba\u015fland\u0131\u011f\u0131nda tercih edilebilir. E\u011fer \u00f6\u011frencileriniz \u015fip\u015fak niceleme etkinliklerinde yeniyse, daha uzun s\u00fcrede nokta ekran\u0131n\u0131 g\u00f6stermek isteyebilirsiniz. \u00d6\u011frenciler deneyim kazand\u0131k\u00e7a, daha k\u0131sa s\u00fcreler tercih edilebilir.<\/p>\n<p><img loading=\"lazy\" decoding=\"async\" class=\"alignnone wp-image-129 size-full\" src=\"https:\/\/blog.metu.edu.tr\/ilkadim\/files\/2019\/12\/SipsakSay_3.png\" alt=\"\" width=\"796\" height=\"323\" srcset=\"https:\/\/blog.metu.edu.tr\/ilkadim\/files\/2019\/12\/SipsakSay_3.png 796w, https:\/\/blog.metu.edu.tr\/ilkadim\/files\/2019\/12\/SipsakSay_3-300x122.png 300w, https:\/\/blog.metu.edu.tr\/ilkadim\/files\/2019\/12\/SipsakSay_3-768x312.png 768w\" sizes=\"auto, (max-width: 796px) 100vw, 796px\" \/><\/p>\n<p>4. <span class=\"\" style=\"font-size: 1.5rem\" title=\"\">\u0130sim yazmak iste\u011fe ba\u011fl\u0131d\u0131r.<\/span><span style=\"font-size: 1.5rem\"> Biz p<\/span><span class=\"\" style=\"font-size: 1.5rem\" title=\"\">rojemizde oturumlar\u0131m\u0131z\u0131n kayd\u0131n\u0131 tutmak i\u00e7in kulland\u0131k.\u00a0<\/span><\/p>\n<p><img loading=\"lazy\" decoding=\"async\" class=\"alignnone wp-image-130 size-full\" src=\"https:\/\/blog.metu.edu.tr\/ilkadim\/files\/2019\/12\/SipsakSay_4.png\" alt=\"\" width=\"796\" height=\"323\" srcset=\"https:\/\/blog.metu.edu.tr\/ilkadim\/files\/2019\/12\/SipsakSay_4.png 796w, https:\/\/blog.metu.edu.tr\/ilkadim\/files\/2019\/12\/SipsakSay_4-300x122.png 300w, https:\/\/blog.metu.edu.tr\/ilkadim\/files\/2019\/12\/SipsakSay_4-768x312.png 768w\" sizes=\"auto, (max-width: 796px) 100vw, 796px\" \/><\/p>\n<p>5. Etkinli\u011fi ba\u015flatmak i\u00e7in Ba\u015fla&#8217;y\u0131 t\u0131klay\u0131n. Se\u00e7ti\u011finiz s\u00fcre boyunca rastgele bir nokta kart\u0131 g\u00f6r\u00fcnecektir.<\/p>\n<p><img loading=\"lazy\" decoding=\"async\" class=\"alignnone size-medium wp-image-114\" src=\"https:\/\/blog.metu.edu.tr\/ilkadim\/files\/2019\/02\/page-1-300x206.png\" alt=\"\" width=\"300\" height=\"206\" srcset=\"https:\/\/blog.metu.edu.tr\/ilkadim\/files\/2019\/02\/page-1-300x206.png 300w, https:\/\/blog.metu.edu.tr\/ilkadim\/files\/2019\/02\/page-1-768x527.png 768w, https:\/\/blog.metu.edu.tr\/ilkadim\/files\/2019\/02\/page-1.png 996w\" sizes=\"auto, (max-width: 300px) 100vw, 300px\" \/><\/p>\n<p>6. Her nokta kart g\u00f6steriminden sonra, a\u015fa\u011f\u0131daki se\u00e7enekleri kullanabilirsiniz:<\/p>\n<p><img loading=\"lazy\" decoding=\"async\" class=\"alignnone wp-image-131 size-full\" src=\"https:\/\/blog.metu.edu.tr\/ilkadim\/files\/2019\/12\/SipsakSay_5.png\" alt=\"\" width=\"1920\" height=\"1080\" srcset=\"https:\/\/blog.metu.edu.tr\/ilkadim\/files\/2019\/12\/SipsakSay_5.png 1920w, https:\/\/blog.metu.edu.tr\/ilkadim\/files\/2019\/12\/SipsakSay_5-300x169.png 300w, https:\/\/blog.metu.edu.tr\/ilkadim\/files\/2019\/12\/SipsakSay_5-1024x576.png 1024w, https:\/\/blog.metu.edu.tr\/ilkadim\/files\/2019\/12\/SipsakSay_5-768x432.png 768w, https:\/\/blog.metu.edu.tr\/ilkadim\/files\/2019\/12\/SipsakSay_5-1536x864.png 1536w, https:\/\/blog.metu.edu.tr\/ilkadim\/files\/2019\/12\/SipsakSay_5-400x225.png 400w, https:\/\/blog.metu.edu.tr\/ilkadim\/files\/2019\/12\/SipsakSay_5-780x439.png 780w\" sizes=\"auto, (max-width: 1920px) 100vw, 1920px\" \/><\/p>\n<p>7. \u00c7\u0131k\u0131\u015f ekran\u0131nda etkinli\u011finizin bir \u00f6zeti verilir. Uygulamalar\u0131n\u0131z\u0131n kayd\u0131n\u0131 tutmak istiyorsan\u0131z, bu bilgileri metin dosyas\u0131 olarak kaydedebilirsiniz.<\/p>\n<p><img loading=\"lazy\" decoding=\"async\" class=\"alignnone wp-image-133 size-medium\" src=\"https:\/\/blog.metu.edu.tr\/ilkadim\/files\/2019\/12\/SipsakSay_7-300x284.png\" alt=\"\" width=\"300\" height=\"284\" srcset=\"https:\/\/blog.metu.edu.tr\/ilkadim\/files\/2019\/12\/SipsakSay_7-300x284.png 300w, https:\/\/blog.metu.edu.tr\/ilkadim\/files\/2019\/12\/SipsakSay_7.png 616w\" sizes=\"auto, (max-width: 300px) 100vw, 300px\" \/><\/p>\n","protected":false},"excerpt":{"rendered":"<p>\u015eip\u015fakSay uygulamas\u0131 ilkokul 1. s\u0131n\u0131flarda &#8220;\u015fip\u015fak niceleme&#8221; etkinliklerinin yap\u0131labilmesi i\u00e7in ODT\u00dc&#8217;de T\u00dcB\u0130TAK deste\u011fi ile y\u00fcr\u00fct\u00fclen bir ara\u015ft\u0131rma projesi kapsam\u0131nda geli\u015ftirilmi\u015ftir (Matemati\u011fe \u0130lk Ad\u0131m projesi). \u00d6\u011frencilerin i\u015flemlerde ak\u0131c\u0131 olmas\u0131na e\u011flenceli bir \u015fekilde destek olmak i\u00e7in d\u00fczenli olarak haftada birka\u00e7 kez k\u0131sa <a class=\"more-link\" href=\"https:\/\/blog.metu.edu.tr\/ilkadim\/sipsaksay\/\">Read More &#8230;<\/a><\/p>\n","protected":false},"author":4986,"featured_media":0,"parent":0,"menu_order":0,"comment_status":"closed","ping_status":"closed","template":"","meta":{"footnotes":"","_links_to":"","_links_to_target":""},"class_list":["post-126","page","type-page","status-publish","hentry"],"_links":{"self":[{"href":"https:\/\/blog.metu.edu.tr\/ilkadim\/wp-json\/wp\/v2\/pages\/126","targetHints":{"allow":["GET"]}}],"collection":[{"href":"https:\/\/blog.metu.edu.tr\/ilkadim\/wp-json\/wp\/v2\/pages"}],"about":[{"href":"https:\/\/blog.metu.edu.tr\/ilkadim\/wp-json\/wp\/v2\/types\/page"}],"author":[{"embeddable":true,"href":"https:\/\/blog.metu.edu.tr\/ilkadim\/wp-json\/wp\/v2\/users\/4986"}],"replies":[{"embeddable":true,"href":"https:\/\/blog.metu.edu.tr\/ilkadim\/wp-json\/wp\/v2\/comments?post=126"}],"version-history":[{"count":0,"href":"https:\/\/blog.metu.edu.tr\/ilkadim\/wp-json\/wp\/v2\/pages\/126\/revisions"}],"wp:attachment":[{"href":"https:\/\/blog.metu.edu.tr\/ilkadim\/wp-json\/wp\/v2\/media?parent=126"}],"curies":[{"name":"wp","href":"https:\/\/api.w.org\/{rel}","templated":true}]}}