{"id":2,"date":"2010-07-04T14:19:12","date_gmt":"2010-07-04T11:19:12","guid":{"rendered":"http:\/\/blog.metu.edu.tr\/huso\/hakkinda\/"},"modified":"2019-12-10T11:19:44","modified_gmt":"2019-12-10T08:19:44","slug":"hakkinda","status":"publish","type":"page","link":"https:\/\/blog.metu.edu.tr\/huso\/","title":{"rendered":"Bence&#8230;"},"content":{"rendered":"<p>S\u00f6z u\u00e7ar, yaz\u0131 kal\u0131r derler eskiden beri. Ama yaz\u0131 var, yaz\u0131 var do\u011frusu. Kimisini ak ka\u011f\u0131t \u00fczerinde g\u00f6r\u00fcrs\u00fcn\u00fcz, dergi ya da kitap sayfalar\u0131nda. Kimisini k\u00fct\u00fcphanede, mikrofi\u015fin \u0131\u015f\u0131\u011f\u0131nda g\u00f6r\u00fcrs\u00fcn\u00fcz. Kimisini Acuna\u011f&#8217;\u0131n\/Internet&#8217;in dalgalar\u0131na as\u0131lm\u0131\u015f olarak. Bunlar\u0131n u\u00e7up gitme olas\u0131l\u0131klar\u0131 birbirinden farkl\u0131d\u0131r.<\/p>\n<p>Kimisi cinlik eder, her birine ayr\u0131 ayr\u0131 yerle\u015ftirir ki, okunur okunmaz, okuyan\u0131n ya da yaz\u0131n&#8217;\u0131n belle\u011finden silinmesin diye. \u0130nsano\u011flu \u00f6l\u00fcms\u00fczl\u00fck istiyor. Kimisi belinden akan atm\u0131kta ar\u0131yor bunu: dirimsel \u00f6l\u00fcms\u00fczl\u00fck; kimisi de d\u00fc\u015f\u00fcnd\u00fcklerini duyumsad\u0131klar\u0131n\u0131 harfe, boyaya, notaya d\u00f6kerek. Kimisi bir t\u00fcrl\u00fcs\u00fcn\u00fc takm\u0131yor, kimisi \u00f6teki t\u00fcrl\u00fcs\u00fcn\u00fc. Dirimsel ya da d\u00fc\u015f\u00fcnsel \u00f6l\u00fcms\u00fczl\u00fck&#8230; Bana sorarsan\u0131z, ikisi de insan akl\u0131n\u0131n insana etti\u011fi oyun. Kurmaca ikisi de&#8230; kimyaya, genlere, d\u00fc\u015f\u00fcnce ve duyguya d\u00f6n\u00fc\u015fm\u00fc\u015f \u00f6l\u00fcms\u00fczl\u00fc\u011f\u00fc ne edeyim ben.<\/p>\n<p>\u0130nsan de\u011fi\u015fik ama\u00e7larla yazar. Ben e\u011flenmek i\u00e7in yaz\u0131yorum. Ama insan\u0131n e\u011flenmek i\u00e7in yazmas\u0131, cinsellikte e\u015f bulamay\u0131p kendi kendiyle oynamas\u0131na benziyor. Kendim i\u00e7in yaz\u0131yorum, ama okunmas\u0131n\u0131 da istiyorum. Onun i\u00e7in, kendimi anlatt\u0131\u011f\u0131m sanat\u0131n \u00f6l\u00e7\u00fclerine uygun, b\u00f6ylelikle \u00e7ekici olmas\u0131na \u00e7al\u0131\u015f\u0131yorum. Y\u0131llar boyu, birtak\u0131m numaralar \u00f6\u011frenmi\u015fim yazma denen oyuna ili\u015fkin olarak: D\u00fc\u015f\u00fcncelerimi somutla\u015ft\u0131r\u0131yorum, resimsile\u015ftiriyorum, benzetmeler kullan\u0131yorum, e\u011fretilemeler de&#8230; Abartma, vurgulama, sert, sald\u0131rgan dil kullanma, yerine g\u00f6re s\u00f6v\u00fcp sayma&#8230; Sorular soruyorum, dalga ge\u00e7iyorum kar\u015f\u0131mdakilerle. G\u00fcnceli buyur ediyorum bazen, ama \u00e7ok a\u011f\u0131rlam\u0131yorum. G\u00fcncelde kal\u0131c\u0131 olan\u0131 bulmaya \u00e7al\u0131\u015f\u0131yorum. Ya da durum uygunsa, kas\u0131m kas\u0131m kas\u0131l\u0131yorum ya da \u00f6yle g\u00f6steriyorum kendimi, d\u00fcnyay\u0131 ben yaratm\u0131\u015f\u00e7as\u0131na. Ama \u00e7o\u011funlukla i\u00e7ten, a\u00e7\u0131k bir dil kullanmaya \u00e7al\u0131\u015f\u0131yorum. \u00c7abuk anla\u015f\u0131lan, \u00e7al\u0131y\u0131 dola\u015fay\u0131m derken \u00e7a\u011fr\u0131\u015f\u0131mlara, bilgi y\u00fck\u00fcne tak\u0131lmayan&#8230;<\/p>\n<p>Dil&#8230; Dilin karma\u015f\u0131kl\u0131\u011f\u0131, her zaman d\u00fc\u015f\u00fcncenin karma\u015f\u0131kl\u0131\u011f\u0131 de\u011fildir. Karma\u015f\u0131k yazar kimisi, ama d\u00fcnyay\u0131 de\u011fi\u015ftirecek b\u00fcy\u00fck d\u00fc\u015f\u00fcnceleri oldu\u011fundan de\u011fil, kafas\u0131 kar\u0131\u015f\u0131k oldu\u011fundan. Kar\u0131\u015f\u0131k ile karma\u015f\u0131k her zaman ayn\u0131 \u015feyler de\u011fildir. \u0130letiyse \u00f6nemli olan, ileti\u015fimse, s\u00f6z\u00fc fazla palavraya bo\u011fmadan hedefi aln\u0131ndan vurmal\u0131. Ama do\u011frusu karma\u015f\u0131kl\u0131\u011f\u0131n her zaman yal\u0131nca anlat\u0131lamayaca\u011f\u0131n\u0131 da biliyorum.<\/p>\n<p>Dil, halk\u0131n mal\u0131d\u0131r; ortak ileti\u015fim arac\u0131d\u0131r. K\u00fc\u00e7\u00fck bir kesimin kendi aralar\u0131nda&nbsp;oynad\u0131\u011f\u0131 bir oyun de\u011fil.&nbsp; Onun i\u00e7in, a\u011fdal\u0131 Osmanl\u0131ca&#8217;dan sonra, T\u00fcrk\u00e7ele\u015fme&#8217;nin, dilimizin ge\u00e7irdi\u011fi en \u00f6nemli ser\u00fcven oldu\u011funu d\u00fc\u015f\u00fcn\u00fcyorum. Neredeyse kazand\u0131\u011f\u0131m\u0131z bir sava\u015f&#8230; Ufak tefek \u00e7ekincelerim hep oldu bu konuda. Ama dilimizin \u015fimdiki geli\u015fmesinin, olmas\u0131 gerekti\u011fi gibi oldu\u011funu d\u00fc\u015f\u00fcn\u00fcyorum. T\u0131p, hukuk, moda, ticaret gibi ya gelip ge\u00e7ici ya da kanserle\u015fmi\u015f urlar\u0131n \u00e7ok bulundu\u011fu alanlar\u0131n d\u0131\u015f\u0131nda dilimiz iyi bir bilim, sanat, k\u00fclt\u00fcr dili dili oldu. Daha da \u00f6teye gitmeli. Hele bilim alanlar\u0131nda terimle\u015fme s\u00fcrekli olmal\u0131.<\/p>\n<p>Yaz\u0131lar\u0131m\u0131 okumak isterseniz, sa\u011f s\u00fctundaki yaz\u0131 ba\u015fl\u0131klar\u0131n\u0131 t\u0131klaman\u0131z yeter.<\/p>\n","protected":false},"excerpt":{"rendered":"<p>S\u00f6z u\u00e7ar, yaz\u0131 kal\u0131r derler eskiden beri. Ama yaz\u0131 var, yaz\u0131 var do\u011frusu. Kimisini ak ka\u011f\u0131t \u00fczerinde g\u00f6r\u00fcrs\u00fcn\u00fcz, dergi ya da kitap sayfalar\u0131nda. Kimisini k\u00fct\u00fcphanede, mikrofi\u015fin \u0131\u015f\u0131\u011f\u0131nda g\u00f6r\u00fcrs\u00fcn\u00fcz. Kimisini Acuna\u011f&#8217;\u0131n\/Internet&#8217;in dalgalar\u0131na as\u0131lm\u0131\u015f olarak. Bunlar\u0131n u\u00e7up gitme olas\u0131l\u0131klar\u0131 birbirinden farkl\u0131d\u0131r. Kimisi cinlik eder, her birine ayr\u0131 ayr\u0131 yerle\u015ftirir ki, okunur okunmaz, okuyan\u0131n ya da yaz\u0131n&#8217;\u0131n belle\u011finden [&hellip;]<\/p>\n","protected":false},"author":574,"featured_media":0,"parent":0,"menu_order":0,"comment_status":"open","ping_status":"open","template":"","meta":{"footnotes":"","_links_to":"","_links_to_target":""},"class_list":["post-2","page","type-page","status-publish","hentry"],"_links":{"self":[{"href":"https:\/\/blog.metu.edu.tr\/huso\/wp-json\/wp\/v2\/pages\/2","targetHints":{"allow":["GET"]}}],"collection":[{"href":"https:\/\/blog.metu.edu.tr\/huso\/wp-json\/wp\/v2\/pages"}],"about":[{"href":"https:\/\/blog.metu.edu.tr\/huso\/wp-json\/wp\/v2\/types\/page"}],"author":[{"embeddable":true,"href":"https:\/\/blog.metu.edu.tr\/huso\/wp-json\/wp\/v2\/users\/574"}],"replies":[{"embeddable":true,"href":"https:\/\/blog.metu.edu.tr\/huso\/wp-json\/wp\/v2\/comments?post=2"}],"version-history":[{"count":0,"href":"https:\/\/blog.metu.edu.tr\/huso\/wp-json\/wp\/v2\/pages\/2\/revisions"}],"wp:attachment":[{"href":"https:\/\/blog.metu.edu.tr\/huso\/wp-json\/wp\/v2\/media?parent=2"}],"curies":[{"name":"wp","href":"https:\/\/api.w.org\/{rel}","templated":true}]}}