{"id":44,"date":"2018-03-05T14:22:37","date_gmt":"2018-03-05T14:22:37","guid":{"rendered":"http:\/\/blog.metu.edu.tr\/hsuluyer\/?page_id=44"},"modified":"2018-11-29T22:19:31","modified_gmt":"2018-11-29T19:19:31","slug":"links","status":"publish","type":"page","link":"https:\/\/blog.metu.edu.tr\/hsuluyer\/links\/","title":{"rendered":"Links"},"content":{"rendered":"<p><strong>Mathematics<\/strong><\/p>\n<p><a href=\"http:\/\/http:\/\/ma119.math.metu.edu.tr\/\">Math 119 Web Page<\/a><br \/>\n<a href=\"http:\/\/ma120.math.metu.edu.tr\"><em>Math 120 Web page<\/em><\/a><br \/>\n<a href=\"http:\/\/math.metu.edu.tr\"><em>METU Math<\/em><\/a><br \/>\n<a href=\"http:\/\/www.matematikdunyasi.org\"><em>Matematik D\u00fcnyas\u0131<\/em><\/a><br \/>\n<a href=\"https:\/\/matematikkoyu.org\/\"><em>Nesin Matematik K\u00f6y\u00fc<\/em><\/a><br \/>\n<a href=\"http:\/\/matkafasi.com\/\"><em>Matematik Kafas\u0131<\/em><\/a><br \/>\n<a href=\"https:\/\/www.wolframalpha.com\/\">Wolframalpha<\/a><br \/>\n<a href=\"https:\/\/www.geogebra.org\/graphing\">Geogebra<\/a><\/p>\n","protected":false},"excerpt":{"rendered":"<p>Mathematics Math 119 Web Page Math 120 Web page METU Math Matematik D\u00fcnyas\u0131 Nesin Matematik K\u00f6y\u00fc Matematik Kafas\u0131 Wolframalpha Geogebra<\/p>\n","protected":false},"author":4780,"featured_media":0,"parent":0,"menu_order":0,"comment_status":"open","ping_status":"closed","template":"","meta":{"footnotes":"","_links_to":"","_links_to_target":""},"class_list":["post-44","page","type-page","status-publish","hentry"],"_links":{"self":[{"href":"https:\/\/blog.metu.edu.tr\/hsuluyer\/wp-json\/wp\/v2\/pages\/44","targetHints":{"allow":["GET"]}}],"collection":[{"href":"https:\/\/blog.metu.edu.tr\/hsuluyer\/wp-json\/wp\/v2\/pages"}],"about":[{"href":"https:\/\/blog.metu.edu.tr\/hsuluyer\/wp-json\/wp\/v2\/types\/page"}],"author":[{"embeddable":true,"href":"https:\/\/blog.metu.edu.tr\/hsuluyer\/wp-json\/wp\/v2\/users\/4780"}],"replies":[{"embeddable":true,"href":"https:\/\/blog.metu.edu.tr\/hsuluyer\/wp-json\/wp\/v2\/comments?post=44"}],"version-history":[{"count":0,"href":"https:\/\/blog.metu.edu.tr\/hsuluyer\/wp-json\/wp\/v2\/pages\/44\/revisions"}],"wp:attachment":[{"href":"https:\/\/blog.metu.edu.tr\/hsuluyer\/wp-json\/wp\/v2\/media?parent=44"}],"curies":[{"name":"wp","href":"https:\/\/api.w.org\/{rel}","templated":true}]}}