{"id":21,"date":"2018-11-30T17:07:00","date_gmt":"2018-11-30T17:07:00","guid":{"rendered":"http:\/\/blog.metu.edu.tr\/hidromek\/?page_id=21"},"modified":"2019-02-01T12:26:50","modified_gmt":"2019-02-01T12:26:50","slug":"our-activities","status":"publish","type":"page","link":"https:\/\/blog.metu.edu.tr\/hidromek\/our-activities\/","title":{"rendered":"Our activities"},"content":{"rendered":"<p>Prof. Dr. Zafer Bozku\u015f and Prof. Dr. \u0130smail Ayd\u0131n attended the 13<sup>th<\/sup> International Congress on Advances in Civil Engineering, 12-14 September 2018, \u00c7e\u015fme-\u0130zmir, Turkey.<\/p>\n<p><img loading=\"lazy\" decoding=\"async\" class=\"alignnone size-medium wp-image-52\" src=\"https:\/\/blog.metu.edu.tr\/hidromek\/files\/2019\/01\/IMG_3210-300x225.jpg\" alt=\"\" width=\"300\" height=\"225\" srcset=\"https:\/\/blog.metu.edu.tr\/hidromek\/files\/2019\/01\/IMG_3210-300x225.jpg 300w, https:\/\/blog.metu.edu.tr\/hidromek\/files\/2019\/01\/IMG_3210-768x576.jpg 768w, https:\/\/blog.metu.edu.tr\/hidromek\/files\/2019\/01\/IMG_3210-1024x768.jpg 1024w\" sizes=\"auto, (max-width: 300px) 100vw, 300px\" \/><\/p>\n<p>Prof. Dr. \u0130smail Ayd\u0131n, Prof. Dr. B. Mutlu S\u00fcmer, Prof. Dr. Zafer Bozku\u015f<\/p>\n<p>&nbsp;<\/p>\n<p>Dr. Elif O\u011fuz attended 20<sup>th<\/sup> International Ships and Offshore Structures Congress (ISSC 2018), 9-13 September 2018, Liege \u2013 Belgium &amp; Delft \u2013 The Netherlands.\u00a0She was appointed to an ISSC Specialist Committee on Offshore Renewable Energy for a duration of three years.<\/p>\n<p><img loading=\"lazy\" decoding=\"async\" class=\"alignnone size-medium wp-image-53\" src=\"https:\/\/blog.metu.edu.tr\/hidromek\/files\/2019\/01\/IMG_6518-300x225.jpg\" alt=\"\" width=\"300\" height=\"225\" srcset=\"https:\/\/blog.metu.edu.tr\/hidromek\/files\/2019\/01\/IMG_6518-300x225.jpg 300w, https:\/\/blog.metu.edu.tr\/hidromek\/files\/2019\/01\/IMG_6518-768x576.jpg 768w, https:\/\/blog.metu.edu.tr\/hidromek\/files\/2019\/01\/IMG_6518-1024x768.jpg 1024w\" sizes=\"auto, (max-width: 300px) 100vw, 300px\" \/><\/p>\n<p>Offshore Renewable Energy Specialist Committee (2018-2021)<\/p>\n<p>&nbsp;<\/p>\n<p>Research assistant Emre Haspolat attended 5<sup>th<\/sup> International Symposium on Dam Safety and Exhibition, 27\u00a0October-1\u00a0November 2018, Istanbul, Turkey. He received the best MSc thesis reward, with his MSc thesis entitled, \u201cDetermination of Critical Submergence Depth at Horizontal Intakes\u201d.<\/p>\n<p><img loading=\"lazy\" decoding=\"async\" class=\"alignnone size-medium wp-image-61\" src=\"https:\/\/blog.metu.edu.tr\/hidromek\/files\/2019\/02\/2-200x300.jpg\" alt=\"\" width=\"200\" height=\"300\" srcset=\"https:\/\/blog.metu.edu.tr\/hidromek\/files\/2019\/02\/2-200x300.jpg 200w, https:\/\/blog.metu.edu.tr\/hidromek\/files\/2019\/02\/2-768x1152.jpg 768w, https:\/\/blog.metu.edu.tr\/hidromek\/files\/2019\/02\/2-683x1024.jpg 683w, https:\/\/blog.metu.edu.tr\/hidromek\/files\/2019\/02\/2.jpg 919w\" sizes=\"auto, (max-width: 200px) 100vw, 200px\" \/><\/p>\n<p>&nbsp;<\/p>\n","protected":false},"excerpt":{"rendered":"<p>Prof. Dr. Zafer Bozku\u015f and Prof. Dr. \u0130smail Ayd\u0131n attended the 13th International Congress on Advances in Civil Engineering, 12-14 September 2018, \u00c7e\u015fme-\u0130zmir, Turkey. Prof. Dr. \u0130smail Ayd\u0131n, Prof. Dr. B. Mutlu S\u00fcmer, Prof. Dr. Zafer Bozku\u015f &nbsp; Dr. Elif O\u011fuz attended 20th International Ships and Offshore Structures Congress (ISSC 2018), 9-13 September 2018, Liege [&hellip;]<\/p>\n","protected":false},"author":6149,"featured_media":0,"parent":0,"menu_order":0,"comment_status":"closed","ping_status":"closed","template":"","meta":{"footnotes":"","_links_to":"","_links_to_target":""},"class_list":["post-21","page","type-page","status-publish","hentry"],"_links":{"self":[{"href":"https:\/\/blog.metu.edu.tr\/hidromek\/wp-json\/wp\/v2\/pages\/21","targetHints":{"allow":["GET"]}}],"collection":[{"href":"https:\/\/blog.metu.edu.tr\/hidromek\/wp-json\/wp\/v2\/pages"}],"about":[{"href":"https:\/\/blog.metu.edu.tr\/hidromek\/wp-json\/wp\/v2\/types\/page"}],"author":[{"embeddable":true,"href":"https:\/\/blog.metu.edu.tr\/hidromek\/wp-json\/wp\/v2\/users\/6149"}],"replies":[{"embeddable":true,"href":"https:\/\/blog.metu.edu.tr\/hidromek\/wp-json\/wp\/v2\/comments?post=21"}],"version-history":[{"count":0,"href":"https:\/\/blog.metu.edu.tr\/hidromek\/wp-json\/wp\/v2\/pages\/21\/revisions"}],"wp:attachment":[{"href":"https:\/\/blog.metu.edu.tr\/hidromek\/wp-json\/wp\/v2\/media?parent=21"}],"curies":[{"name":"wp","href":"https:\/\/api.w.org\/{rel}","templated":true}]}}