{"id":17,"date":"2018-11-30T17:05:19","date_gmt":"2018-11-30T17:05:19","guid":{"rendered":"http:\/\/blog.metu.edu.tr\/hidromek\/?page_id=17"},"modified":"2019-01-14T14:37:14","modified_gmt":"2019-01-14T14:37:14","slug":"our-projects","status":"publish","type":"page","link":"https:\/\/blog.metu.edu.tr\/hidromek\/our-projects\/","title":{"rendered":"Our projects"},"content":{"rendered":"<p><strong>Recent Projects :<\/strong><\/p>\n<p>&#8220;Uygulamal\u0131 Eleman Metodu ile Barajlar\u0131n G\u00f6\u00e7me Davran\u0131\u015f\u0131n\u0131n \u0130ncelenmesi&#8221;. Projects funded within the scope of TUBITAK National Academic Support Programs Scientific and Technological Research Projects (3501, 1001 etc.), 1 MAY 2017 &#8211; 1 MAY 2020. <em>Researcher, Mete K\u00f6ken<\/em>.<\/p>\n<p>&#8220;Akarsu Yata\u011f\u0131n\u0131n \u015eevli K\u0131s\u0131mlar\u0131na \u0130n\u015faa Edilen K\u00f6pr\u00fc Ayaklar\u0131n\u0131n Etraf\u0131ndaki Ak\u0131m \u015eartlar\u0131n\u0131n ve Oyulma Derinliklerinin Ara\u015ft\u0131r\u0131lmas\u0131&#8221;. Projects funded within the scope of TUBITAK National Academic Support Programs Scientific and Technological Research Projects (3501, 1001 etc.), 1 SEPTEMBER 2017 &#8211; 1 MARCH 2020. <em>Researcher, Mete K\u00f6ken<\/em>.<\/p>\n<p>\u201cExperimental investigation of peak pressures created on pipe elements by a mass of liquid which suddenly moves under pressure in an empty pipeline.\u201d, <em>Zafer Bozkus and A. Ersin Din\u00e7er<\/em>, Middle East Technical University, Scientific Research Project, Project Code:BAP-03\u201303-2017-002, completed in December, 2017.<\/p>\n<p>&#8220;Koriolis Etkisi, \u00d6nc\u00fc A\u015f\u0131r\u0131 Yo\u011funluk ve Ak\u0131n\u0131n Dik E\u011fim \u00dczerinde \u0130lerleyen Yer\u00e7ekimi Ak\u0131mlar\u0131na Etkisi&#8221;. Projects funded within the scope of TUBITAK National Academic Support Programs Short term (shorter than 1 year) research projects with small budget (lower than 30.000 TL) (1002 etc.), 1 DECEMBER 2015 &#8211; 1 JUNE 2017. <em>Local Coordinator, Burcu Altan Sakarya<\/em>.<\/p>\n<p>&#8220;Tirol Tipi Su Alma Yap\u0131lar\u0131nda \u0130letim Hatt\u0131na En Az Kat\u0131 Madde Y\u00f6nlendirecek D\u00fczenlemelerin Ara\u015ft\u0131r\u0131lmas\u0131&#8221;. Projects funded within the scope of TUBITAK National Academic Support Programs Scientific and Technological Research Projects (3501, 1001 etc.), 1 APRIL 2015 &#8211; 1 OCTOBER 2017. <em>Local Coordinator, Mustafa G\u00f6\u011f\u00fc\u015f<\/em>.<\/p>\n<p>\u201cIncir Dam and Hydroelectric Power Plant Bottom Outlet and Dissipation Chamber Hydraulic Model Studies.\u201d, \u0130smail Ayd\u0131n, Zafer Bozku\u015f, et al. Middle East Technical University, AG\u00dcDOS\u00a0 Project Code:2013.03.03.2.00.60, completed in July, 2014.<\/p>\n<p>&#8220;A\u00e7\u0131k Kanal Ak\u0131m\u0131nda Y\u00fczey Piv Ile Ak\u0131m \u00d6l\u00e7\u00fcm\u00fc&#8221;. Projects funded within the scope of TUBITAK National Academic Support Programs Scientific and Technological Research Projects (3501, 1001 etc.) T\u00dcB\u0130TAK, 1 SEPTEMBER 2013 &#8211; 1 SEPTEMBER 2016. <em>Local Coordinator, \u0130smail Ayd\u0131n<\/em>.<\/p>\n<p>&#8220;Tekli Ve \u00c7oklu Yatay Su Alma Yap\u0131s\u0131 Bulunan Hidroelektrik Santrallerde Girdap Olu\u015fumu Ve \u00d6nlenmesi I\u00e7in Gerekli D\u00fczeneklerin Belirlenmesi&#8221;. Projects funded within the scope of TUBITAK National Academic Support Programs Scientific and Technological Research Projects (3501, 1001 etc.), 1 OCTOBER 2013 &#8211; 1 OCTOBER 2015. <em>Local Coordinator, Mustafa G\u00f6\u011f\u00fc\u015f<\/em>.<\/p>\n<p>&#8220;Nehirlerde K\u00f6pr\u00fc Yan Ayaklar\u0131 Sebebiyle Olu\u015fan Daralman\u0131n Oyulma Ve Ak\u0131m Karakteristiklerine Etkisi Ve Oyulmay\u0131 Azalt\u0131c\u0131 D\u00fczeneklerin Ara\u015ft\u0131r\u0131lmas\u0131&#8221;. Projects funded within the scope of TUBITAK National Academic Support Programs Scientific and Technological Research Projects (3501, 1001 etc.), 1 OCTOBER 2011 &#8211; 1 APRIL 2014. <em>Local Coordinator, Mete K\u00f6ken<\/em>.<\/p>\n<p>&#8220;Su Alma Yap\u0131lar\u0131nda Girdap Olu\u015fumu Ve \u00d6nlenmesi \u0130\u00e7in Gerekli D\u00fczeneklerin Belirlenmesi&#8221;. Projects funded within the scope of TUBITAK National Academic Support Programs Scientific and Technological Research Projects (3501, 1001 etc.), 1 APRIL 2011 &#8211; 1 APRIL 2013. <em>Local Coordinator, Mustafa G\u00f6\u011f\u00fc\u015f<\/em>.<\/p>\n<p>&nbsp;<\/p>\n<p><img loading=\"lazy\" decoding=\"async\" class=\"alignnone size-medium wp-image-36\" src=\"https:\/\/blog.metu.edu.tr\/hidromek\/files\/2019\/01\/Picture2-300x200.jpg\" alt=\"\" width=\"300\" height=\"200\" srcset=\"https:\/\/blog.metu.edu.tr\/hidromek\/files\/2019\/01\/Picture2-300x200.jpg 300w, https:\/\/blog.metu.edu.tr\/hidromek\/files\/2019\/01\/Picture2-768x512.jpg 768w, https:\/\/blog.metu.edu.tr\/hidromek\/files\/2019\/01\/Picture2-1024x682.jpg 1024w, https:\/\/blog.metu.edu.tr\/hidromek\/files\/2019\/01\/Picture2-272x182.jpg 272w, https:\/\/blog.metu.edu.tr\/hidromek\/files\/2019\/01\/Picture2.jpg 1496w\" sizes=\"auto, (max-width: 300px) 100vw, 300px\" \/><\/p>\n<p>Yamula Dam Spillway, Scale: 1\/70<br \/>\nHeight of the dam: 120m<\/p>\n<p><img loading=\"lazy\" decoding=\"async\" class=\"alignnone size-medium wp-image-38\" src=\"https:\/\/blog.metu.edu.tr\/hidromek\/files\/2019\/01\/\u00c7aml\u0131ca-I-Hydroelectric-Power-Plant-300x200.jpg\" alt=\"\" width=\"300\" height=\"200\" srcset=\"https:\/\/blog.metu.edu.tr\/hidromek\/files\/2019\/01\/\u00c7aml\u0131ca-I-Hydroelectric-Power-Plant-300x200.jpg 300w, https:\/\/blog.metu.edu.tr\/hidromek\/files\/2019\/01\/\u00c7aml\u0131ca-I-Hydroelectric-Power-Plant-768x512.jpg 768w, https:\/\/blog.metu.edu.tr\/hidromek\/files\/2019\/01\/\u00c7aml\u0131ca-I-Hydroelectric-Power-Plant-1024x683.jpg 1024w, https:\/\/blog.metu.edu.tr\/hidromek\/files\/2019\/01\/\u00c7aml\u0131ca-I-Hydroelectric-Power-Plant-272x182.jpg 272w, https:\/\/blog.metu.edu.tr\/hidromek\/files\/2019\/01\/\u00c7aml\u0131ca-I-Hydroelectric-Power-Plant.jpg 1500w\" sizes=\"auto, (max-width: 300px) 100vw, 300px\" \/><\/p>\n<p>\u00c7aml\u0131ca I Hydroelectric Power Plant, Scale: 1\/20<\/p>\n<p><img loading=\"lazy\" decoding=\"async\" class=\"alignnone size-medium wp-image-39\" src=\"https:\/\/blog.metu.edu.tr\/hidromek\/files\/2019\/01\/Picture3-300x200.jpg\" alt=\"\" width=\"300\" height=\"200\" srcset=\"https:\/\/blog.metu.edu.tr\/hidromek\/files\/2019\/01\/Picture3-300x200.jpg 300w, https:\/\/blog.metu.edu.tr\/hidromek\/files\/2019\/01\/Picture3-768x512.jpg 768w, https:\/\/blog.metu.edu.tr\/hidromek\/files\/2019\/01\/Picture3-1024x683.jpg 1024w, https:\/\/blog.metu.edu.tr\/hidromek\/files\/2019\/01\/Picture3-272x182.jpg 272w, https:\/\/blog.metu.edu.tr\/hidromek\/files\/2019\/01\/Picture3.jpg 1500w\" sizes=\"auto, (max-width: 300px) 100vw, 300px\" \/><\/p>\n<p>Deriner Dam Spillway, Scale: 1\/100<\/p>\n<p><img loading=\"lazy\" decoding=\"async\" class=\"alignnone size-medium wp-image-40\" src=\"https:\/\/blog.metu.edu.tr\/hidromek\/files\/2019\/01\/research-projects-300x202.jpg\" alt=\"\" width=\"300\" height=\"202\" srcset=\"https:\/\/blog.metu.edu.tr\/hidromek\/files\/2019\/01\/research-projects-300x202.jpg 300w, https:\/\/blog.metu.edu.tr\/hidromek\/files\/2019\/01\/research-projects-272x182.jpg 272w, https:\/\/blog.metu.edu.tr\/hidromek\/files\/2019\/01\/research-projects.jpg 663w\" sizes=\"auto, (max-width: 300px) 100vw, 300px\" \/><\/p>\n<p>Hydraulic Models for Research Projects<\/p>\n<p><img loading=\"lazy\" decoding=\"async\" class=\"alignnone size-medium wp-image-41\" src=\"https:\/\/blog.metu.edu.tr\/hidromek\/files\/2019\/01\/local-scour-225x300.jpg\" alt=\"\" width=\"225\" height=\"300\" srcset=\"https:\/\/blog.metu.edu.tr\/hidromek\/files\/2019\/01\/local-scour-225x300.jpg 225w, https:\/\/blog.metu.edu.tr\/hidromek\/files\/2019\/01\/local-scour.jpg 588w\" sizes=\"auto, (max-width: 225px) 100vw, 225px\" \/>\u00a0\u00a0<img loading=\"lazy\" decoding=\"async\" class=\"alignnone size-medium wp-image-42\" src=\"https:\/\/blog.metu.edu.tr\/hidromek\/files\/2019\/01\/22-225x300.jpg\" alt=\"\" width=\"225\" height=\"300\" srcset=\"https:\/\/blog.metu.edu.tr\/hidromek\/files\/2019\/01\/22-225x300.jpg 225w, https:\/\/blog.metu.edu.tr\/hidromek\/files\/2019\/01\/22.jpg 600w\" sizes=\"auto, (max-width: 225px) 100vw, 225px\" \/><\/p>\n<p>Local scour around cylindrical bridge piers in a lab flume<\/p>\n<p><img loading=\"lazy\" decoding=\"async\" class=\"alignnone wp-image-43\" src=\"https:\/\/blog.metu.edu.tr\/hidromek\/files\/2019\/01\/1-300x225.jpg\" alt=\"\" width=\"233\" height=\"172\" \/>\u00a0\u00a0<img loading=\"lazy\" decoding=\"async\" class=\"alignnone wp-image-44\" src=\"https:\/\/blog.metu.edu.tr\/hidromek\/files\/2019\/01\/2-225x300.jpg\" alt=\"\" width=\"130\" height=\"177\" \/>\u00a0\u00a0<img loading=\"lazy\" decoding=\"async\" class=\"alignnone wp-image-45\" src=\"https:\/\/blog.metu.edu.tr\/hidromek\/files\/2019\/01\/3-300x224.jpg\" alt=\"\" width=\"236\" height=\"171\" \/><\/p>\n<p><strong>\u00a0 \u00a0 \u00a0 \u00a0 \u00a0 \u00a0 \u00a0 \u00a0 \u00a0 \u00a0 \u00a0 \u00a0 \u00a0 a\u00a0 \u00a0 \u00a0 \u00a0 \u00a0 \u00a0 \u00a0 \u00a0 \u00a0 \u00a0 \u00a0 \u00a0 \u00a0 \u00a0 \u00a0 \u00a0 \u00a0 \u00a0 \u00a0 \u00a0 \u00a0 \u00a0 \u00a0 \u00a0b\u00a0 \u00a0 \u00a0 \u00a0 \u00a0 \u00a0 \u00a0 \u00a0 \u00a0 \u00a0 \u00a0 \u00a0 \u00a0 \u00a0 \u00a0 \u00a0 \u00a0 \u00a0 \u00a0 \u00a0 \u00a0 \u00a0 c<\/strong><\/p>\n<p><strong>a<\/strong> Liquid Slug Experiment Setup<\/p>\n<p><strong>b.<\/strong> Elbow on which Liquid slug impact pressure is measured<\/p>\n<p><strong>c.<\/strong> Air Pressure Tank for the Liquid Slug Experiments<\/p>\n<p>&nbsp;<\/p>\n","protected":false},"excerpt":{"rendered":"<p>Recent Projects : &#8220;Uygulamal\u0131 Eleman Metodu ile Barajlar\u0131n G\u00f6\u00e7me Davran\u0131\u015f\u0131n\u0131n \u0130ncelenmesi&#8221;. Projects funded within the scope of TUBITAK National Academic Support Programs Scientific and Technological Research Projects (3501, 1001 etc.), 1 MAY 2017 &#8211; 1 MAY 2020. Researcher, Mete K\u00f6ken. &#8220;Akarsu Yata\u011f\u0131n\u0131n \u015eevli K\u0131s\u0131mlar\u0131na \u0130n\u015faa Edilen K\u00f6pr\u00fc Ayaklar\u0131n\u0131n Etraf\u0131ndaki Ak\u0131m \u015eartlar\u0131n\u0131n ve Oyulma Derinliklerinin Ara\u015ft\u0131r\u0131lmas\u0131&#8221;. [&hellip;]<\/p>\n","protected":false},"author":6149,"featured_media":0,"parent":0,"menu_order":0,"comment_status":"closed","ping_status":"closed","template":"","meta":{"footnotes":"","_links_to":"","_links_to_target":""},"class_list":["post-17","page","type-page","status-publish","hentry"],"_links":{"self":[{"href":"https:\/\/blog.metu.edu.tr\/hidromek\/wp-json\/wp\/v2\/pages\/17","targetHints":{"allow":["GET"]}}],"collection":[{"href":"https:\/\/blog.metu.edu.tr\/hidromek\/wp-json\/wp\/v2\/pages"}],"about":[{"href":"https:\/\/blog.metu.edu.tr\/hidromek\/wp-json\/wp\/v2\/types\/page"}],"author":[{"embeddable":true,"href":"https:\/\/blog.metu.edu.tr\/hidromek\/wp-json\/wp\/v2\/users\/6149"}],"replies":[{"embeddable":true,"href":"https:\/\/blog.metu.edu.tr\/hidromek\/wp-json\/wp\/v2\/comments?post=17"}],"version-history":[{"count":0,"href":"https:\/\/blog.metu.edu.tr\/hidromek\/wp-json\/wp\/v2\/pages\/17\/revisions"}],"wp:attachment":[{"href":"https:\/\/blog.metu.edu.tr\/hidromek\/wp-json\/wp\/v2\/media?parent=17"}],"curies":[{"name":"wp","href":"https:\/\/api.w.org\/{rel}","templated":true}]}}