{"id":15,"date":"2018-11-30T17:04:25","date_gmt":"2018-11-30T17:04:25","guid":{"rendered":"http:\/\/blog.metu.edu.tr\/hidromek\/?page_id=15"},"modified":"2019-01-14T13:49:33","modified_gmt":"2019-01-14T13:49:33","slug":"our-research","status":"publish","type":"page","link":"https:\/\/blog.metu.edu.tr\/hidromek\/our-research\/","title":{"rendered":"Our research"},"content":{"rendered":"<p><strong>Prof. Dr. Burcu Altan Sakarya<\/strong><\/p>\n<p><img loading=\"lazy\" decoding=\"async\" class=\"alignnone size-medium wp-image-46\" src=\"https:\/\/blog.metu.edu.tr\/hidromek\/files\/2019\/01\/burcu-Copy-278x300.png\" alt=\"\" width=\"278\" height=\"300\" srcset=\"https:\/\/blog.metu.edu.tr\/hidromek\/files\/2019\/01\/burcu-Copy-278x300.png 278w, https:\/\/blog.metu.edu.tr\/hidromek\/files\/2019\/01\/burcu-Copy-768x829.png 768w, https:\/\/blog.metu.edu.tr\/hidromek\/files\/2019\/01\/burcu-Copy-949x1024.png 949w, https:\/\/blog.metu.edu.tr\/hidromek\/files\/2019\/01\/burcu-Copy.png 1712w\" sizes=\"auto, (max-width: 278px) 100vw, 278px\" \/><\/p>\n<p><strong>Research Interests:<\/strong> Fluid Mechanics, Closed Conduit and Open-Channel Flows, Optimization of Hydrosystems<\/p>\n<p>&nbsp;<\/p>\n<p><strong>Prof. Dr. \u0130smail Ayd\u0131n<\/strong><\/p>\n<p><img loading=\"lazy\" decoding=\"async\" class=\"alignnone size-medium wp-image-47\" src=\"https:\/\/blog.metu.edu.tr\/hidromek\/files\/2019\/01\/Ismail-Ayd\u0131n-300x200.jpg\" alt=\"\" width=\"300\" height=\"200\" srcset=\"https:\/\/blog.metu.edu.tr\/hidromek\/files\/2019\/01\/Ismail-Ayd\u0131n-300x200.jpg 300w, https:\/\/blog.metu.edu.tr\/hidromek\/files\/2019\/01\/Ismail-Ayd\u0131n-768x512.jpg 768w, https:\/\/blog.metu.edu.tr\/hidromek\/files\/2019\/01\/Ismail-Ayd\u0131n-1024x683.jpg 1024w, https:\/\/blog.metu.edu.tr\/hidromek\/files\/2019\/01\/Ismail-Ayd\u0131n-272x182.jpg 272w\" sizes=\"auto, (max-width: 300px) 100vw, 300px\" \/><\/p>\n<p><strong>Research Interests:\u00a0<\/strong>Hydraulic Modeling, Turbulence Modeling, Computational Fluid Dynamics, Shallow Flow Solvers, Flow Measuring Structures, Hydraulic Gates, Air-Water Interaction in Hydraulic Structures, Dam Reservoir Response to Earthquakes<\/p>\n<p><strong>Prof. Dr. Mete K\u00f6ken<\/strong><\/p>\n<p><img loading=\"lazy\" decoding=\"async\" class=\"alignnone size-medium wp-image-48\" src=\"https:\/\/blog.metu.edu.tr\/hidromek\/files\/2019\/01\/Mete-K\u00f6ken-300x200.jpeg\" alt=\"\" width=\"300\" height=\"200\" srcset=\"https:\/\/blog.metu.edu.tr\/hidromek\/files\/2019\/01\/Mete-K\u00f6ken-300x200.jpeg 300w, https:\/\/blog.metu.edu.tr\/hidromek\/files\/2019\/01\/Mete-K\u00f6ken-768x512.jpeg 768w, https:\/\/blog.metu.edu.tr\/hidromek\/files\/2019\/01\/Mete-K\u00f6ken-1024x683.jpeg 1024w, https:\/\/blog.metu.edu.tr\/hidromek\/files\/2019\/01\/Mete-K\u00f6ken-272x182.jpeg 272w, https:\/\/blog.metu.edu.tr\/hidromek\/files\/2019\/01\/Mete-K\u00f6ken.jpeg 1600w\" sizes=\"auto, (max-width: 300px) 100vw, 300px\" \/><\/p>\n<p><strong>Research Interests:\u00a0<\/strong>Computational Fluid Dynamics, Turbulence Modelling, Fluvial Hydraulics, Hydraulic Structures<\/p>\n<p>&nbsp;<\/p>\n<p><strong>Prof. Dr. Mustafa G\u00f6\u011f\u00fc\u015f<\/strong><\/p>\n<p><img loading=\"lazy\" decoding=\"async\" class=\"alignnone size-medium wp-image-49\" src=\"https:\/\/blog.metu.edu.tr\/hidromek\/files\/2019\/01\/Mustafa-G\u00f6\u011f\u00fc\u015f-300x200.jpeg\" alt=\"\" width=\"300\" height=\"200\" srcset=\"https:\/\/blog.metu.edu.tr\/hidromek\/files\/2019\/01\/Mustafa-G\u00f6\u011f\u00fc\u015f-300x200.jpeg 300w, https:\/\/blog.metu.edu.tr\/hidromek\/files\/2019\/01\/Mustafa-G\u00f6\u011f\u00fc\u015f-768x512.jpeg 768w, https:\/\/blog.metu.edu.tr\/hidromek\/files\/2019\/01\/Mustafa-G\u00f6\u011f\u00fc\u015f-1024x683.jpeg 1024w, https:\/\/blog.metu.edu.tr\/hidromek\/files\/2019\/01\/Mustafa-G\u00f6\u011f\u00fc\u015f-272x182.jpeg 272w, https:\/\/blog.metu.edu.tr\/hidromek\/files\/2019\/01\/Mustafa-G\u00f6\u011f\u00fc\u015f.jpeg 1600w\" sizes=\"auto, (max-width: 300px) 100vw, 300px\" \/><\/p>\n<p><strong>Research Interests:\u00a0<\/strong>Hydro-transport of solid particles through pipeline systems, Reservoir sedimentation, Local scour around hydraulic structures, Design of flow measurement structures, Aeration of hydraulic structures, Model studies of hydraulic structures<\/p>\n<p>&nbsp;<\/p>\n<p><strong>Prof. Dr. Zafer Bozku\u015f<\/strong><\/p>\n<p><img loading=\"lazy\" decoding=\"async\" class=\"alignnone size-medium wp-image-50\" src=\"https:\/\/blog.metu.edu.tr\/hidromek\/files\/2019\/01\/ZB-300x200.jpg\" alt=\"\" width=\"300\" height=\"200\" srcset=\"https:\/\/blog.metu.edu.tr\/hidromek\/files\/2019\/01\/ZB-300x200.jpg 300w, https:\/\/blog.metu.edu.tr\/hidromek\/files\/2019\/01\/ZB-768x512.jpg 768w, https:\/\/blog.metu.edu.tr\/hidromek\/files\/2019\/01\/ZB-1024x682.jpg 1024w, https:\/\/blog.metu.edu.tr\/hidromek\/files\/2019\/01\/ZB-272x182.jpg 272w, https:\/\/blog.metu.edu.tr\/hidromek\/files\/2019\/01\/ZB.jpg 1600w\" sizes=\"auto, (max-width: 300px) 100vw, 300px\" \/><\/p>\n<p><strong>Research Interests:\u00a0<\/strong>Fluid Transients in Pipe Systems, Waterhammer Problem and Protection Measures in Hydropower Plants, Local Scour around Inclined Bridge Piers, Hydraulic Modelling of Flood Waves Induced by Dam Failures, Dam-Breach Mechanisms, Energy Dissipation over Hydraulic Structures<\/p>\n<p>&nbsp;<\/p>\n<p><strong>Asst. Prof. Dr. Elif O\u011fuz<\/strong><\/p>\n<p><img loading=\"lazy\" decoding=\"async\" class=\"alignnone size-medium wp-image-51\" src=\"https:\/\/blog.metu.edu.tr\/hidromek\/files\/2019\/01\/EO-300x169.jpg\" alt=\"\" width=\"300\" height=\"169\" srcset=\"https:\/\/blog.metu.edu.tr\/hidromek\/files\/2019\/01\/EO-300x169.jpg 300w, https:\/\/blog.metu.edu.tr\/hidromek\/files\/2019\/01\/EO-768x432.jpg 768w, https:\/\/blog.metu.edu.tr\/hidromek\/files\/2019\/01\/EO-1024x576.jpg 1024w, https:\/\/blog.metu.edu.tr\/hidromek\/files\/2019\/01\/EO.jpg 1432w\" sizes=\"auto, (max-width: 300px) 100vw, 300px\" \/><br \/>\n<strong>Research Interests:\u00a0<\/strong>Offshore Wind Energy, Hydrodynamic Performance of Floating Offshore Wind Turbines and Marine Renewables, Energy Efficiency of Ships, Computational and Experimental Hydrodynamics, Wave Attenuation, Wave Kinematics<\/p>\n","protected":false},"excerpt":{"rendered":"<p>Prof. Dr. Burcu Altan Sakarya Research Interests: Fluid Mechanics, Closed Conduit and Open-Channel Flows, Optimization of Hydrosystems &nbsp; Prof. Dr. \u0130smail Ayd\u0131n Research Interests:\u00a0Hydraulic Modeling, Turbulence Modeling, Computational Fluid Dynamics, Shallow Flow Solvers, Flow Measuring Structures, Hydraulic Gates, Air-Water Interaction in Hydraulic Structures, Dam Reservoir Response to Earthquakes Prof. Dr. Mete K\u00f6ken Research Interests:\u00a0Computational Fluid [&hellip;]<\/p>\n","protected":false},"author":6149,"featured_media":0,"parent":0,"menu_order":0,"comment_status":"closed","ping_status":"closed","template":"","meta":{"footnotes":"","_links_to":"","_links_to_target":""},"class_list":["post-15","page","type-page","status-publish","hentry"],"_links":{"self":[{"href":"https:\/\/blog.metu.edu.tr\/hidromek\/wp-json\/wp\/v2\/pages\/15","targetHints":{"allow":["GET"]}}],"collection":[{"href":"https:\/\/blog.metu.edu.tr\/hidromek\/wp-json\/wp\/v2\/pages"}],"about":[{"href":"https:\/\/blog.metu.edu.tr\/hidromek\/wp-json\/wp\/v2\/types\/page"}],"author":[{"embeddable":true,"href":"https:\/\/blog.metu.edu.tr\/hidromek\/wp-json\/wp\/v2\/users\/6149"}],"replies":[{"embeddable":true,"href":"https:\/\/blog.metu.edu.tr\/hidromek\/wp-json\/wp\/v2\/comments?post=15"}],"version-history":[{"count":0,"href":"https:\/\/blog.metu.edu.tr\/hidromek\/wp-json\/wp\/v2\/pages\/15\/revisions"}],"wp:attachment":[{"href":"https:\/\/blog.metu.edu.tr\/hidromek\/wp-json\/wp\/v2\/media?parent=15"}],"curies":[{"name":"wp","href":"https:\/\/api.w.org\/{rel}","templated":true}]}}