{"id":11,"date":"2018-11-30T16:57:09","date_gmt":"2018-11-30T16:57:09","guid":{"rendered":"http:\/\/blog.metu.edu.tr\/hidromek\/?page_id=11"},"modified":"2020-02-18T11:33:55","modified_gmt":"2020-02-18T11:33:55","slug":"our-staff","status":"publish","type":"page","link":"https:\/\/blog.metu.edu.tr\/hidromek\/our-staff\/","title":{"rendered":"Our staff"},"content":{"rendered":"<p><strong>Academic Staff:<\/strong><br \/>\n<a href=\"https:\/\/staffroster.metu.edu.tr\/my_staff_roster.php?ssn=MTE2ODkx\">Prof. Dr. A. Burcu Altan Sakarya<\/a><br \/>\n<a href=\"https:\/\/staffroster.metu.edu.tr\/my_staff_roster.php?ssn=NzE1NTI=\">Prof. Dr. \u0130smail Ayd\u0131n<\/a><br \/>\n<a href=\"https:\/\/blog.metu.edu.tr\/mkoken\/\">Prof. Dr. Mete K\u00f6ken<\/a><br \/>\n<a href=\"https:\/\/blog.metu.edu.tr\/bozkus\/\">Prof. Dr. Zafer Bozku\u015f<\/a><br \/>\n<a href=\"https:\/\/blog.metu.edu.tr\/elifoguz\/\">Asst. Prof. Dr. Elif O\u011fuz<\/a><\/p>\n<p><strong>Research and Teaching Assistants:<\/strong><br \/>\n<a href=\"http:\/\/ce.metu.edu.tr\/tr\/kisisel-bilgiler?user_code=haspolat\">Emre Haspolat<\/a><br \/>\n<a href=\"http:\/\/ce.metu.edu.tr\/tr\/kisisel-bilgiler?user_code=ezbudak\">Ezgi Budak<\/a><br \/>\n<a href=\"http:\/\/ce.metu.edu.tr\/personal-information?user_code=berhan\">Abiddin Berhan Melek<\/a><br \/>\n<a href=\"http:\/\/ce.metu.edu.tr\/personal-information?user_code=gokmener\">Serkan G\u00f6kmener<\/a><br \/>\n<a href=\"http:\/\/ce.metu.edu.tr\/personal-information?user_code=yilhasan\">Hasan H\u00fcseyin Y\u0131ld\u0131r\u0131m<\/a><br \/>\n<a href=\"http:\/\/ce.metu.edu.tr\/personal-information?user_code=dgokalp\">G\u00f6kalp Do\u011fukan Demirba\u015f<\/a><\/p>\n<p><strong>Laboratory &amp; Technical Staff:<\/strong><br \/>\n<a href=\"http:\/\/ce.metu.edu.tr\/tr\/kisisel-bilgiler?user_code=kavak\">Emre Kavak<\/a><br \/>\n<a href=\"http:\/\/ce.metu.edu.tr\/tr\/kisisel-bilgiler?user_code=eugur\">Ey\u00fcp U\u011fur<\/a><br \/>\n<a href=\"http:\/\/ce.metu.edu.tr\/tr\/kisisel-bilgiler?user_code=ghuseyin\">H\u00fcseyin G\u00fcndo\u011fdu<\/a><\/p>\n<p><strong>Administrative Staff:<\/strong><br \/>\n<a href=\"http:\/\/ce.metu.edu.tr\/tr\/kisisel-bilgiler?user_code=ncankaya\">Necla \u00c7ankaya Lostar<\/a><\/p>\n<p><strong>Retired Staff:<\/strong><br \/>\n<a href=\"https:\/\/staffroster.metu.edu.tr\/my_staff_roster.php?ssn=NjU2MjU=\">Prof. Dr. Nuray Tokyay<\/a><br \/>\n<a href=\"http:\/\/ce.metu.edu.tr\/tr\/kisisel-bilgiler?user_code=hda\">Prof. Dr. Do\u011fan Alt\u0131nbilek<\/a><br \/>\n<a href=\"https:\/\/staffroster.metu.edu.tr\/my_staff_roster.php?ssn=NzU1MzE=\">Prof. Dr. Mustafa G\u00f6\u011f\u00fc\u015f<\/a><\/p>\n","protected":false},"excerpt":{"rendered":"<p>Academic Staff: Prof. Dr. A. Burcu Altan Sakarya Prof. Dr. \u0130smail Ayd\u0131n Prof. Dr. Mete K\u00f6ken Prof. Dr. Zafer Bozku\u015f Asst. Prof. Dr. Elif O\u011fuz Research and Teaching Assistants: Emre Haspolat Ezgi Budak Abiddin Berhan Melek Serkan G\u00f6kmener Hasan H\u00fcseyin Y\u0131ld\u0131r\u0131m G\u00f6kalp Do\u011fukan Demirba\u015f Laboratory &amp; Technical Staff: Emre Kavak Ey\u00fcp U\u011fur H\u00fcseyin G\u00fcndo\u011fdu Administrative [&hellip;]<\/p>\n","protected":false},"author":6149,"featured_media":0,"parent":0,"menu_order":0,"comment_status":"closed","ping_status":"closed","template":"","meta":{"footnotes":"","_links_to":"","_links_to_target":""},"class_list":["post-11","page","type-page","status-publish","hentry"],"_links":{"self":[{"href":"https:\/\/blog.metu.edu.tr\/hidromek\/wp-json\/wp\/v2\/pages\/11","targetHints":{"allow":["GET"]}}],"collection":[{"href":"https:\/\/blog.metu.edu.tr\/hidromek\/wp-json\/wp\/v2\/pages"}],"about":[{"href":"https:\/\/blog.metu.edu.tr\/hidromek\/wp-json\/wp\/v2\/types\/page"}],"author":[{"embeddable":true,"href":"https:\/\/blog.metu.edu.tr\/hidromek\/wp-json\/wp\/v2\/users\/6149"}],"replies":[{"embeddable":true,"href":"https:\/\/blog.metu.edu.tr\/hidromek\/wp-json\/wp\/v2\/comments?post=11"}],"version-history":[{"count":0,"href":"https:\/\/blog.metu.edu.tr\/hidromek\/wp-json\/wp\/v2\/pages\/11\/revisions"}],"wp:attachment":[{"href":"https:\/\/blog.metu.edu.tr\/hidromek\/wp-json\/wp\/v2\/media?parent=11"}],"curies":[{"name":"wp","href":"https:\/\/api.w.org\/{rel}","templated":true}]}}