{"id":59,"date":"2015-08-17T16:58:05","date_gmt":"2015-08-17T13:58:05","guid":{"rendered":"http:\/\/blog.metu.edu.tr\/e182042\/?page_id=59"},"modified":"2015-09-10T10:34:15","modified_gmt":"2015-09-10T07:34:15","slug":"resume","status":"publish","type":"page","link":"https:\/\/blog.metu.edu.tr\/han\/me\/resume\/","title":{"rendered":"RESUME"},"content":{"rendered":"<p><em><a href=\"http:\/\/blog.metu.edu.tr\/han\/files\/2015\/09\/akyuz-cv.pdf\" target=\"_blank\">\u00d6zge\u00e7mi\u015f<\/a><\/em><\/p>\n<p><em><a href=\"http:\/\/blog.metu.edu.tr\/han\/files\/2015\/09\/akyuz-cv-english.pdf\" target=\"_blank\">Curriculum Vitae<\/a><\/em><\/p>\n","protected":false},"excerpt":{"rendered":"<p>\u00d6zge\u00e7mi\u015f Curriculum Vitae<\/p>\n","protected":false},"author":2158,"featured_media":0,"parent":8,"menu_order":6,"comment_status":"closed","ping_status":"closed","template":"","meta":{"footnotes":"","_links_to":"","_links_to_target":""},"class_list":["post-59","page","type-page","status-publish","hentry"],"_links":{"self":[{"href":"https:\/\/blog.metu.edu.tr\/han\/wp-json\/wp\/v2\/pages\/59","targetHints":{"allow":["GET"]}}],"collection":[{"href":"https:\/\/blog.metu.edu.tr\/han\/wp-json\/wp\/v2\/pages"}],"about":[{"href":"https:\/\/blog.metu.edu.tr\/han\/wp-json\/wp\/v2\/types\/page"}],"author":[{"embeddable":true,"href":"https:\/\/blog.metu.edu.tr\/han\/wp-json\/wp\/v2\/users\/2158"}],"replies":[{"embeddable":true,"href":"https:\/\/blog.metu.edu.tr\/han\/wp-json\/wp\/v2\/comments?post=59"}],"version-history":[{"count":0,"href":"https:\/\/blog.metu.edu.tr\/han\/wp-json\/wp\/v2\/pages\/59\/revisions"}],"up":[{"embeddable":true,"href":"https:\/\/blog.metu.edu.tr\/han\/wp-json\/wp\/v2\/pages\/8"}],"wp:attachment":[{"href":"https:\/\/blog.metu.edu.tr\/han\/wp-json\/wp\/v2\/media?parent=59"}],"curies":[{"name":"wp","href":"https:\/\/api.w.org\/{rel}","templated":true}]}}