{"id":46,"date":"2015-08-17T16:09:57","date_gmt":"2015-08-17T13:09:57","guid":{"rendered":"http:\/\/blog.metu.edu.tr\/e182042\/?page_id=46"},"modified":"2015-08-17T16:09:57","modified_gmt":"2015-08-17T13:09:57","slug":"books","status":"publish","type":"page","link":"https:\/\/blog.metu.edu.tr\/han\/publications\/books\/","title":{"rendered":"BOOKS"},"content":{"rendered":"<ul>\n<li><strong>Akyuz, U<\/strong>., \u201c<em><a href=\"http:\/\/www.gazikitabevi.com.tr\/TR\/belge\/1-17704\/binalar-icin-deprem-muhendisligi-temel-ilkeler.html\" target=\"_blank\">Alternatif Tasar\u0131m Y\u00f6ntemi: Sismik Temel \u0130zolasyonu<\/a><\/em>\u201d, Binalar i\u00e7in Deprem M\u00fchendisli\u011fi Temel \u0130lkeler, ed. E. Canbay, U. Ersoy, G. \u00d6zcebe, H. Sucuo\u011flu ve S.T. Wasti, ISBN: 978-9944-0716-1-1, 2008.<\/li>\n<li>Ozdemir, G., and <strong>Akyuz, U<\/strong>., \u201c<em><a href=\"http:\/\/link.springer.com\/chapter\/10.1007%2F1-4020-4571-9_31\" target=\"_blank\">Tensile Capacities of CFRP Anchors<\/a><\/em>\u201d, Seismic Assessment and Rehabilitation of Existing Buildings, ed. S.T. Wasti and G. Ozcebe, 2006.<\/li>\n<li>Ersoy, U., Ozcebe, G., Tankut, T., <strong>Akyuz, U<\/strong>., Erduran, E., and Erdem, I., \u201c<em><a href=\"http:\/\/link.springer.com\/chapter\/10.1007%2F978-94-010-0021-5_15\" target=\"_blank\">Strengthening of Infill Walls with CFRP Sheets<\/a><\/em>\u201d, Seismic Assessment and Rehabilitation of Existing Buildings, ed. S.T. Wasti and G. Ozcebe, Vol. IV\/29, 305-334, Kluwer Academic Publishers, Netherlands, 2003.<\/li>\n<li>Erdem, I., <strong>Akyuz, U<\/strong>., Ersoy, U., and Ozcebe, G., \u201c<em><a href=\"http:\/\/link.springer.com\/chapter\/10.1007%2F978-94-010-0021-5_19\" target=\"_blank\">A Comparative Study on the Strengthening of RC Frames<\/a><\/em>\u201d, Seismic Assessment and Rehabilitation of Existing Buildings, ed. S.T. Wasti and G. Ozcebe, Vol. IV\/29, 407-432, Kluwer Academic Publishers, Netherlands, 2003.<\/li>\n<\/ul>\n","protected":false},"excerpt":{"rendered":"<p>Akyuz, U., \u201cAlternatif Tasar\u0131m Y\u00f6ntemi: Sismik Temel \u0130zolasyonu\u201d, Binalar i\u00e7in Deprem M\u00fchendisli\u011fi Temel \u0130lkeler, ed. E. Canbay, U. Ersoy, G. \u00d6zcebe, H. Sucuo\u011flu ve S.T. Wasti, ISBN: 978-9944-0716-1-1, 2008. Ozdemir, G., and Akyuz, U., \u201cTensile Capacities of CFRP Anchors\u201d, Seismic Assessment and Rehabilitation of Existing Buildings, ed. S.T. Wasti and G. Ozcebe, 2006. Ersoy, U., [&hellip;]<\/p>\n","protected":false},"author":2158,"featured_media":0,"parent":178,"menu_order":3,"comment_status":"closed","ping_status":"closed","template":"","meta":{"footnotes":"","_links_to":"","_links_to_target":""},"class_list":["post-46","page","type-page","status-publish","hentry"],"_links":{"self":[{"href":"https:\/\/blog.metu.edu.tr\/han\/wp-json\/wp\/v2\/pages\/46","targetHints":{"allow":["GET"]}}],"collection":[{"href":"https:\/\/blog.metu.edu.tr\/han\/wp-json\/wp\/v2\/pages"}],"about":[{"href":"https:\/\/blog.metu.edu.tr\/han\/wp-json\/wp\/v2\/types\/page"}],"author":[{"embeddable":true,"href":"https:\/\/blog.metu.edu.tr\/han\/wp-json\/wp\/v2\/users\/2158"}],"replies":[{"embeddable":true,"href":"https:\/\/blog.metu.edu.tr\/han\/wp-json\/wp\/v2\/comments?post=46"}],"version-history":[{"count":0,"href":"https:\/\/blog.metu.edu.tr\/han\/wp-json\/wp\/v2\/pages\/46\/revisions"}],"up":[{"embeddable":true,"href":"https:\/\/blog.metu.edu.tr\/han\/wp-json\/wp\/v2\/pages\/178"}],"wp:attachment":[{"href":"https:\/\/blog.metu.edu.tr\/han\/wp-json\/wp\/v2\/media?parent=46"}],"curies":[{"name":"wp","href":"https:\/\/api.w.org\/{rel}","templated":true}]}}