{"id":45,"date":"2015-08-17T16:09:16","date_gmt":"2015-08-17T13:09:16","guid":{"rendered":"http:\/\/blog.metu.edu.tr\/e182042\/?page_id=45"},"modified":"2015-09-10T11:23:44","modified_gmt":"2015-09-10T08:23:44","slug":"conferences","status":"publish","type":"page","link":"https:\/\/blog.metu.edu.tr\/han\/publications\/conferences\/","title":{"rendered":"CONFERENCES"},"content":{"rendered":"<ul>\n<li>D.E. Aktas, <strong>U. Akyuz<\/strong>, A. Turer, B. Erdil, and N.S. Guchan, \u201cBehavior of traditional timber frames under reverse-cyclic loading\u201d, <em>Proceedings of the 10th Pacific Conference on Earthquake Engineering<\/em>, Sydney, Australia, 2015.<\/li>\n<li>Ozdemir, and <strong>U. Akyuz<\/strong>, \u201cAmplification in the Response of LRB Isolated Structures under Bidirectional Excitations due to Lead Core Heating\u201d, <em>Proceedings of the 10th US National Conference on Earthquake Engineering<\/em>, paper ID: 358, Anchorage, USA, 2014.<\/li>\n<li>Erdil, <strong>U. Akyuz<\/strong>, and I.O. Yaman, \u201cConfinement Effectiveness of CFRP in Axial Members Under Various Loading Conditions\u201d, <em>MFMS 2013, <\/em>Bangkok, Thailand, 2013.<\/li>\n<li>Erdil, <strong>U. Akyuz<\/strong>, and I.O. Yaman, \u201cBehavior of CFRP confined low strength concrete columns under temperature changes\u201d, <em>11th International Symposium on Fiber Reinforced Polymer for Reinforced Concrete Structures, <\/em>Guimar\u00e3es, Portugal, 2013.<\/li>\n<li>G. \u00d6zdemir ve <strong>U. Aky\u00fcz<\/strong>, \u201cSismik \u0130zolasyonu LRB ile Yap\u0131lan Yap\u0131lar\u0131n \u00c7ift Do\u011frultulu Deprem Hareketleri Alt\u0131ndaki Davran\u0131\u015f\u0131n\u0131n Kur\u015fun \u00c7ekirdekteki Is\u0131nmaya Ba\u011fl\u0131 De\u011fi\u015fimi\u201d, <em>2nci T\u00fcrkiye Deprem M\u00fchendisli\u011f ve Sismoloji Konferans\u0131<\/em>, Bildiri No: 135, Hatay, 2013.<\/li>\n<li>G. Ozdemir, and <strong>U. Akyuz<\/strong>, \u201c<em><a href=\"http:\/\/www.iitk.ac.in\/nicee\/wcee\/article\/WCEE2012_2390.pdf\" target=\"_blank\">Performance of a Multi-Story Isolated Building Subjected to Bidirectional Excitations in Protection of Critical Equipments from Earthquake Hazard<\/a><\/em>\u201d, Proceedings of the 15th World Conference on Earthquake Engineering, paper no: 2390, Lisbon, Portugal, 2012.<\/li>\n<li>G. Ozdemir, and <strong>U. Akyuz<\/strong>, \u201c<em>Response of Isolated Buildings Under Bi-directional Excitations<\/em>\u201d, Proceedings of the World Congress on Advances in Structural Engineering and Mechanics, paper no:SM130-078, Seoul, South Korea, 2011.<\/li>\n<li>B.Erdil, <strong>U. Akyuz<\/strong>, and I.O. Yaman, \u201c<em>A Comparative Study of Force-deflection Relationship of FRP-confined Concrete Columns<\/em>\u201d, III ECCOMAS Thematic Conference on Computational Methods in Structural Dynamics and Earthquake Engineering, Corfu, Greece, 2011.<\/li>\n<li>G. Ozdemir, <strong>U. Akyuz<\/strong>, \u201c<em>Response of Isolated RC Buildings Under Bi-directional Near-Fault Ground Motions<\/em>\u201d, CD of the 9th US National and 10th Canadian Conference on Earthquake Engineering, Toronto, Canada, 2010.<\/li>\n<li>N.E. Reyhanogullari, <strong>U. Akyuz<\/strong>, \u201c<em>Vertical Ground Motion Influence on Seismically Isolated &amp; Unisolated Bridges<\/em>\u201d, 9th International Congress on Advances in Civil Engineering, Trabzon, Turkey, 2010.<\/li>\n<li>G. Ozdemir, A. Yakut, <strong>U. Akyuz<\/strong>, \u201c<em>Comparison of Responses of Existing 5-Story Isolated RC Frame Under Two Different Isolator Models<\/em> \u201d, CD of the Sakarya International Symposium on Earthquake Engineering, paper no: 1402, Sakarya, Turkey, 2009.<\/li>\n<li>B. Erdil, <strong>U. Akyuz<\/strong>, I.O. Yaman, \u201c<em>Low Strength Concrete Columns with CFRP: Behavior Under Temperature Changes and Loads<\/em> \u201d, CD of the 9th International Symposium on Fiber-Reinforced Polymer Reinforcement for Concrete Strcutures, paper no:330, Sydney, Australia, 2009.<\/li>\n<li>M.C. Genes, M. Bikce, S. Kacin, <strong>U. Akyuz<\/strong>, P. Gulkan, L. Abrahamczyk, J. Schwarz, \u201c<em>Building Monitoring for Seismic Risk Assessment (II): Instrumental Testing of RC Frame Structures and Analytical Reinterpretation of Response Characteristics<\/em>\u201d, CD of the 14th World Conference on Earthquake Engineering, paper no: 09-01-0173, Beijing, China, 2008.<\/li>\n<li>B. Erdil, <strong>U. Akyuz<\/strong>, and I.O. Yaman, \u201c<em><a href=\"http:\/\/www.iitk.ac.in\/nicee\/wcee\/article\/14_12-01-0021.PDF\" target=\"_blank\">Behavior of CFRP Reinforced Members Under Temperature Changes<\/a><\/em>\u201d, CD of the 14th World Conference on Earthquake Engineering, paper no: 12-01-0021, Beijing, China, 2008.<\/li>\n<li>S. Pinarbasi, Y. Mengi, and <strong>U. Akyuz<\/strong>, \u201c<em><a href=\"http:\/\/www.iitk.ac.in\/nicee\/wcee\/article\/14_11-0024.PDF\" target=\"_blank\">Compressive and Bending Behavior of Strip-shaped Fiber-reinforced Elastomeric Bearings<\/a><\/em>\u201d, CD of the 14th World Conference on Earthquake Engineering, paper no: 11-0024, Beijing, China, 2008.<\/li>\n<li>S. Pinarbasi, <strong>U. Akyuz<\/strong>, and Y. Mengi, \u201c<em><a href=\"http:\/\/akademikpersonel.kocaeli.edu.tr\/seval.pinarbasi\/bildiri\/seval.pinarbasi22.04.2011_02.14.13bildiri.pdf\" target=\"_blank\">Effect of Reinforcement Flexibility on Compressive Behavior of Strip-Shaped Elastomeric Bearings<\/a><\/em>\u201d, 8th International Congress on Advances in Civil Engineering, Famagusta, North Cyprus, 2008.<\/li>\n<li>S. P\u0131narba\u015f\u0131 ve <strong>U. Aky\u00fcz<\/strong>, \u201c<em><a href=\"http:\/\/www.imo.org.tr\/resimler\/ekutuphane\/pdf\/1491.pdf\" target=\"_blank\">Elastomerik K\u00f6pr\u00fc Yast\u0131klar\u0131n\u0131n D\u00fc\u015f\u00fck S\u0131cakl\u0131klardaki Davran\u0131\u015flar\u0131 \u00dczerine Deneysel Bir \u00c7al\u0131\u015fma<\/a><\/em>\u201d, 1nci K\u00f6pr\u00fc ve Viyad\u00fckler Sempozyumu, 423-434, Antalya, 2007.<\/li>\n<li><strong>U. Akyuz<\/strong>, and E. Acar, \u201c<em>A Comparative Study for Seismically Isolated Buildings<\/em>\u201d, 8th Pacific Conference on Earthquake Engineering, Singapore, 2007.<\/li>\n<li>S. Pinarbasi, <strong>U. Akyuz<\/strong>, and G. Ozdemir, \u201c<em><a href=\"http:\/\/akademikpersonel.kocaeli.edu.tr\/seval.pinarbasi\/bildiri\/seval.pinarbasi22.04.2011_02.15.00bildiri.pdf\" target=\"_blank\">An Experimental Study On Low Temperature Behavior of Elastomeric Bridge Bearings<\/a><\/em>\u201d, 10th World Conference on Seismic Isolation, Energy Dissipation and Active Vibrations Control of Structures, Istanbul, Turkey, 2007.<\/li>\n<li>S. Pinarbasi, <strong>U. Akyuz<\/strong>, and Y. Mengi , \u201c<em>Uniform Compression of Bonded Elastic Layers<\/em>\u201d, CD of The 4th International Conference on Earthquake Engineering, paper no: 126, Taipei, Taiwan, 2006.<\/li>\n<li><strong>U. Akyuz<\/strong>, A. Yakut and M. S. Ozturk, \u201c<em>Effect of Masonry Infill Walls on the Lateral Behavior of Buildings<\/em>\u201d, CD of The First European Conference on Earthquake Engineering and Seismology, Geneva, Switzerland, 2006.<\/li>\n<li><strong>U. Akyuz<\/strong> and A. Ertepinar, \u201c<em><a href=\"http:\/\/apps.isiknowledge.com\/full_record.do?product=WOS&amp;search_mode=GeneralSearch&amp;qid=2&amp;SID=P1ecfFhocnLbCc2kEIJ&amp;page=2&amp;doc=14\">Symmetric and Asymmetric Vibrations of Cylindrical Shells<\/a><\/em>\u201c, CD of The Seventh International Conference on Vibration Problems, Istanbul, Turkey, 2005.<\/li>\n<li>G. Ozdemir and <strong>U. Akyuz<\/strong>, \u201c<em><a href=\"http:\/\/link.springer.com\/chapter\/10.1007%2F1-4020-4571-9_31\" target=\"_blank\">Tensile Capacities of CFRP Anchors<\/a><\/em>\u201d, ACI Special Publication, Vol. 230, pp 39 \u2013 56, USA, 2005.<\/li>\n<li>S. Pinarbasi and <strong>U. Akyuz<\/strong>, \u201c<em><a href=\"http:\/\/akademikpersonel.kocaeli.edu.tr\/seval.pinarbasi\/bildiri\/seval.pinarbasi22.04.2011_02.16.41bildiri.pdf\" target=\"_blank\">Bending Behavior of Infinite-Strip-Shaped Bonded Elastic Layers<\/a><\/em>\u201d, CD of the International Conference on Earthquake Engineering, paper no: E179, Skopje-Ohrid, Macedonia, 2005.<\/li>\n<li>S. Pinarbasi, G. Ozdemir and <strong>U. Akyuz<\/strong>, \u201c<em><a href=\"http:\/\/akademikpersonel.kocaeli.edu.tr\/seval.pinarbasi\/bildiri\/seval.pinarbasi22.04.2011_02.17.02bildiri.pdf\" target=\"_blank\">An Experimental Study on Behavior of Low Shape Factor Rubber Bearings Under Large Compressions<\/a><\/em>\u201d, CD of the International Conference on Earthquake Engineering, paper no: E178, Skopje-Ohrid, Macedonia, 2005.<\/li>\n<li>S. Pinarbasi, <strong>U. Akyuz<\/strong>, \u201c<em><a href=\"http:\/\/akademikpersonel.kocaeli.edu.tr\/seval.pinarbasi\/bildiri\/seval.pinarbasi22.04.2011_02.17.27bildiri.pdf\" target=\"_blank\">Evaluation of the \u201cPressure Method for the Linear Analysis of Elastomeric Bearings<\/a><\/em>\u201d, CD of the 9th World Seminar on Seismic Isolation, Energy Dissipation and Active Vibration Control of Structures, Kobe, Japan, 2005.<\/li>\n<li>S. P\u0131narba\u015f\u0131 ve <strong>U. Aky\u00fcz<\/strong>, \u201c<em><a href=\"http:\/\/www.imo.org.tr\/resimler\/ekutuphane\/pdf\/10110.pdf\" target=\"_blank\">\u00c7elik Plakal\u0131 Elastomerik K\u00f6pr\u00fc Yast\u0131klar\u0131n\u0131n D\u00fc\u015f\u00fck S\u0131cakl\u0131k Kayma Deneyleri<\/a><\/em>\u201d, T\u00fcrkiye \u0130n\u015faat M\u00fchendisli\u011fi 17. Teknik Kongre ve Sergisi CD\u2019si, bildiri numaras\u0131: 01-0066, \u0130stanbul, 2004.<\/li>\n<li>S. Pinarbasi, <strong>U. Akyuz<\/strong>, \u201c<em><a href=\"http:\/\/akademikpersonel.kocaeli.edu.tr\/seval.pinarbasi\/bildiri\/seval.pinarbasi22.04.2011_02.18.25bildiri.pdf\" target=\"_blank\">Investigation of Compressive Stiffness of Elastomeric Bearings<\/a><\/em>\u201d, 6th International Congress on Advances in Civil Engineering, 694-703, Istanbul, Turkey, 2004.<\/li>\n<li>I. Erdem, <strong>U. Akyuz<\/strong>, \u201c<em>Nonlinear Analyses of Two Strengthened Infilled RC Frames<\/em>\u201d, 6th International Congress on Advances in Civil Engineering, 306-314, Istanbul, Turkey, 2004.<\/li>\n<li>A. Turer, A. Yakut, <strong>U. Akyuz<\/strong>, \u201c<em><a href=\"http:\/\/www.iitk.ac.in\/nicee\/wcee\/article\/13_65.pdf\" target=\"_blank\">Building Damage Patterns in Bingol-Turkey After the May 1st, 2003 Earthquake<\/a><\/em>\u201d, 13th World Conference on Earthquake Engineering, paper no: 65, Vancouver, Canada, 2004.<\/li>\n<li><strong>U. Akyuz<\/strong>, G. Ozdemir, \u201c<em><a href=\"http:\/\/www.iitk.ac.in\/nicee\/wcee\/article\/13_3349.pdf\" target=\"_blank\">Mechanical Properties of CFRP Anchorages<\/a><\/em>\u201d, 13th World Conference on Earthquake Engineering, paper no: 3349, Vancouver, Canada, 2004.<\/li>\n<li>I. Erdem, <strong>U. Akyuz<\/strong>, U. Ersoy and G. Ozcebe, \u201c<em><a href=\"http:\/\/www.iitk.ac.in\/nicee\/wcee\/article\/13_673.pdf\" target=\"_blank\">Experimental and Analytical Studies on the Strengthening of RC Frames<\/a><\/em>\u201d, 13th World Conference on Earthquake Engineering, paper no: 673, Vancouver, Canada, 2004.<\/li>\n<li>G. Ozcebe, U. Ersoy, T. Tankut, <strong>U. Akyuz<\/strong>, E. Erduran, \u201c<em><a href=\"http:\/\/www.iitk.ac.in\/nicee\/wcee\/article\/13_1393.pdf\" target=\"_blank\">Rehabilitation of Existing Reinforced Concrete Structures Using CFRP Fabrics<\/a><\/em>\u201d, 13th World Conference on Earthquake Engineering, paper no: 1393, Vancouver, Canada, 2004.<\/li>\n<li><strong>Aky\u00fcz, U<\/strong>. ve \u00d6zdemir, G., \u201c<em>CFRP Ankrajlar\u0131n Mekanik \u00d6zelliklerinin Belirlenmesi<\/em>\u201d, T\u00dcB\u0130TAK-Yap\u0131 Mekani\u011fi Laboratuvarlar\u0131 Toplant\u0131s\u0131 II, 159-162, Konya, 2003.<\/li>\n<li><strong>Aky\u00fcz, U<\/strong>., Ersoy, U., \u00d6zcebe, G. ve Erdem, \u0130., \u201c<em>Betonarme \u00c7er\u00e7evelerin G\u00fc\u00e7lendirilmesi<\/em>\u201d, T\u00dcB\u0130TAK-Yap\u0131 Mekani\u011fi Laboratuvarlar\u0131 Toplant\u0131s\u0131 II, 153-158, Konya, 2003.<\/li>\n<li>P\u0131narba\u015f\u0131, S. ve <strong>Aky\u00fcz, U<\/strong>., \u201c<em>Elastomerik Yast\u0131klar\u0131n Mekanik \u00d6zelliklerinin Belirlenmesi&#8221;<\/em>, T\u00dcB\u0130TAK-Yap\u0131 Mekani\u011fi Laboratuvarlar\u0131 Toplant\u0131s\u0131 II, 141-144, Konya, 2003.<\/li>\n<li>\u00c7elik, O.C., Sucuo\u011flu, H., ve <strong>Aky\u00fcz, U<\/strong>., \u201c<em>Forced Vibration Testing of Reinforced Concrete Buildings<\/em>\u201d, Be\u015finci Ulusal Deprem M\u00fchendisli\u011fi Konferans\u0131 CD\u2019si, bildiri numaras\u0131: AT-095, \u0130stanbul, 2003.<\/li>\n<li>A. Turer, <strong>U. Akyuz<\/strong>, A. Yakut, B. Yalim, \u201c<em>School Building Damage Assessment after Bingol Earthquake&#8221;<\/em>, International Conference in Earthquake Engineering, Skopje-Ohrid, Macedonia, 2003.<\/li>\n<li>S. Pinarbasi, <strong>U. Akyuz<\/strong>, \u201c<em>Seismic Base Isolation: Philosophy, Development and Applications&#8221;<\/em>, International Conference in Earthquake Engineering, Skopje-Ohrid, Macedonia, 2003.<\/li>\n<li>\u00d6zcebe, G., Ersoy, U., Tankut, T., <strong>Aky\u00fcz, U<\/strong>., Erduran, E., Keskin, R.S., ve Mertol, C., \u201c<em><a href=\"http:\/\/www.bupim.com\/yayinlar\/bupim-pdf\/ECAS50.pdf\" target=\"_blank\">Mevcut Betonarme Binalar\u0131n Deprem G\u00fcvenliklerinin Art\u0131r\u0131lmas\u0131<\/a><\/em>\u201d, ECAS 2002 International Symposium on Structural and Earthquake Engineering, 13-21, O.D.T.\u00dc., Ankara, 2002.<\/li>\n<li><strong>Aky\u00fcz, U<\/strong>., Tankut, T., Ersoy, U., \u00d6zcebe, G., Karado\u011fan, F., \u0130lki, A., \u00d6zden, \u015e. ve Baran, M., \u201c<em><a href=\"http:\/\/uvt.ulakbim.gov.tr\/uvt\/index.php?cwid=3&amp;vtadi=TPRJ%2CTTAR%2CTTIP%2CTMUH%2CTSOS%2CTHUK&amp;c=google&amp;s_f=_5&amp;detailed=1&amp;keyword=99978\" target=\"_blank\">Mevcut Hasar G\u00f6rmemi\u015f Binalar i\u00e7in G\u00fc\u00e7lendirme Y\u00f6ntemleri Geli\u015ftirilmesi<\/a><\/em>\u201d, T\u00dcB\u0130TAK-Yap\u0131 Mekani\u011fi Laboratuvarlar\u0131 Toplant\u0131s\u0131 I, 39-43, Ankara, 2001.<\/li>\n<li>Pidaparti,R.M., P.A.Naick, <strong>U.Akyuz<\/strong>, ve D.B.Burr, \u201c<em><a href=\"http:\/\/ieeexplore.ieee.org\/xpl\/articleDetails.jsp?reload=true&amp;arnumber=666717\" target=\"_blank\">Fatigue Data Analysis of Dog Femurs in Bending Using Weibull Method<\/a><\/em>\u201d, Proceedings of the 17th Southern Biomedical Engineering Conference, 110, San Antonio, Texas, U.S.A., 1998.<\/li>\n<li><strong>Aky\u00fcz, U<\/strong>. ve A. Ertep\u0131nar, \u201c<em>Hiperelastik Malzemeler ve D\u00fczlem D\u0131\u015f\u0131 Kesme Davran\u0131\u015f\u0131n\u0131n Kar\u015f\u0131la\u015ft\u0131r\u0131lmas\u0131<\/em>\u201d, Yap\u0131 Mekani\u011fi Semineri 94, Dumlup\u0131nar \u00dcniversitesi Yay\u0131n No.2, 51-62, K\u00fctahya, 1994.<\/li>\n<li><strong>Aky\u00fcz, U<\/strong>. ve A. Ertep\u0131nar, \u201c<em>S\u0131k\u0131\u015ft\u0131r\u0131labilir Hiperelastik Malzemelerin Elastostatik Davran\u0131\u015flar\u0131n\u0131n Kar\u015f\u0131la\u015ft\u0131r\u0131lmas\u0131<\/em>\u201d, VIII. Ulusal Mekanik Kongresi, 86-96, Antalya, 1993.<\/li>\n<\/ul>\n","protected":false},"excerpt":{"rendered":"<p>D.E. Aktas, U. Akyuz, A. Turer, B. Erdil, and N.S. Guchan, \u201cBehavior of traditional timber frames under reverse-cyclic loading\u201d, Proceedings of the 10th Pacific Conference on Earthquake Engineering, Sydney, Australia, 2015. Ozdemir, and U. Akyuz, \u201cAmplification in the Response of LRB Isolated Structures under Bidirectional Excitations due to Lead Core Heating\u201d, Proceedings of the 10th [&hellip;]<\/p>\n","protected":false},"author":2158,"featured_media":0,"parent":178,"menu_order":2,"comment_status":"closed","ping_status":"closed","template":"","meta":{"footnotes":"","_links_to":"","_links_to_target":""},"class_list":["post-45","page","type-page","status-publish","hentry"],"_links":{"self":[{"href":"https:\/\/blog.metu.edu.tr\/han\/wp-json\/wp\/v2\/pages\/45","targetHints":{"allow":["GET"]}}],"collection":[{"href":"https:\/\/blog.metu.edu.tr\/han\/wp-json\/wp\/v2\/pages"}],"about":[{"href":"https:\/\/blog.metu.edu.tr\/han\/wp-json\/wp\/v2\/types\/page"}],"author":[{"embeddable":true,"href":"https:\/\/blog.metu.edu.tr\/han\/wp-json\/wp\/v2\/users\/2158"}],"replies":[{"embeddable":true,"href":"https:\/\/blog.metu.edu.tr\/han\/wp-json\/wp\/v2\/comments?post=45"}],"version-history":[{"count":0,"href":"https:\/\/blog.metu.edu.tr\/han\/wp-json\/wp\/v2\/pages\/45\/revisions"}],"up":[{"embeddable":true,"href":"https:\/\/blog.metu.edu.tr\/han\/wp-json\/wp\/v2\/pages\/178"}],"wp:attachment":[{"href":"https:\/\/blog.metu.edu.tr\/han\/wp-json\/wp\/v2\/media?parent=45"}],"curies":[{"name":"wp","href":"https:\/\/api.w.org\/{rel}","templated":true}]}}