{"id":44,"date":"2015-08-17T16:08:18","date_gmt":"2015-08-17T13:08:18","guid":{"rendered":"http:\/\/blog.metu.edu.tr\/e182042\/?page_id=44"},"modified":"2015-09-10T11:20:46","modified_gmt":"2015-09-10T08:20:46","slug":"journals","status":"publish","type":"page","link":"https:\/\/blog.metu.edu.tr\/han\/publications\/journals\/","title":{"rendered":"JOURNALS"},"content":{"rendered":"<ul>\n<li>O.C. Celik, H. Sucuoglu, <strong>U. Akyuz<\/strong>, \u201cForced Vibration Testing and Finite Element Modeling of a Nine\u2010Story Reinforced Concrete Flat Plate\u2010Wall Building\u201d, <em>Earthquake Spectra,<\/em> 31, 1069\u20131081, (2015).<\/li>\n<li>A. K. Naghshineh, <strong>U. Akyuz<\/strong>, and A. Caner, \u201cLateral response comparison of unbonded elastomeric bearings reinforced with carbon fiber mesh and steel\u201d, <em>Shock and Vibration, <\/em>Article ID\u00a0208045, (2015).<\/li>\n<li>A. K. Naghshineh, <strong>U. Akyuz<\/strong>, and A. Caner, \u201cComparison of Fundamental Properties of New Types of Fiber Mesh Reinforced Seismic Isolators with Conventional Isolators\u201d, <em>Earthquake Engineering and Structural Dynamics, <\/em> 43, 301-316, (2014).<\/li>\n<li>Y.D.A. Erdem, <strong>U. Akyuz<\/strong>, A. Turer, B. Erdil, and N.S. Guchan, \u201c<em><a href=\"http:\/\/earthquakespectra.org\/doi\/abs\/10.1193\/011412EQS011M\" target=\"_blank\">Seismic Resistance Evaluation of Traditional Ottoman Timber-Frame H\u0131m\u0131\u015f Houses: Frame Loadings and Material Tests<\/a><\/em>\u201d, Earthquake Spectra, 30, 1711-1732, (2014).<\/li>\n<li>B. Erdil, <strong>U. Akyuz<\/strong>, and I.O. Yaman, \u201cCFRP-Confined Concrete Columns Under Different Environmental Effects\u201d, <em>Magazine of Concrete Research,<\/em> 65, 731-743, (2013).<\/li>\n<li>G. Ozdemir, and <strong>U. Akyuz<\/strong>, \u201c<em><a href=\"http:\/\/www.hindawi.com\/journals\/sv\/2012\/382708\/abs\/\" target=\"_blank\">Dynamic Analyses of Isolated Structures under Bi-directional Excitations of Near-field Ground Motions<\/a><\/em>\u201d, Shock and Vibration, 19, 505-513, (2012).<\/li>\n<li>B. Erdil, <strong>U. Akyuz<\/strong>, and I.O. Yaman, \u201c<em><a href=\"http:\/\/www.researchgate.net\/publication\/238493426_Mechanical_behavior_of_CFRP_confined_low_strength_concretes_subjected_to_simultaneous_heatingcooling_cycles_and_sustained_loading\" target=\"_blank\">Mechanical Behavior of CFRP Confined Low and Medium Strength Concrete Subjected to Simultaneous Heating-Cooling Cycles and Sustained Loading<\/a><\/em>\u201d, Materials and Structures, 45, 223-233, (2012).<\/li>\n<li>C. Ozkaya, <strong>U. Akyuz<\/strong>, A. Caner, M. Dicleli, and S. P\u0131narbasi, \u201c<em><a href=\"http:\/\/onlinelibrary.wiley.com\/doi\/10.1002\/eqe.1091\/abstract\" target=\"_blank\">Development of a new rubber seismic isolator \u2018Ball Rubber Bearing<\/a><\/em>\u2019\u201d, Earthquake Engineering and Structural Dynamics, 40, 1337-1352, (2011).<\/li>\n<li>D.Y.A. Erdem, A. Turer, B. Erdil, <strong>U. Akyuz<\/strong>, and N.S. Guchan, \u201c<em><a href=\"http:\/\/www.scientific.net\/AMR.133-134.629\" target=\"_blank\">Testing and Seismic Capacity Evaluation of a Typical Traditional Ottoman Timber Frame<\/a><\/em>\u201d, Advanced Materials Research, 133-134, 629-634, (2010).<\/li>\n<li>I. Erdem, <strong>U. Akyuz<\/strong>, \u201c<em><a href=\"http:\/\/ascelibrary.aip.org\/getabs\/servlet\/GetabsServlet?prog=normal&amp;id=JPCFEV000024000004000302000001&amp;idtype=cvips&amp;gifs=Yes\">Analytical Investigation of Lateral Stregth of Masonry Iinfilled RC Frames Retrofitted with CFRP<\/a><\/em>\u201c, ASCE\u2019s Journal of Performance of Constructed Facilities, 24, 302-310, (2010).<\/li>\n<li><strong>U. Akyuz<\/strong>, \u2018<a href=\"http:\/\/www.gazikitabevi.com.tr\/TR\/belge\/1-17704\/binalar-icin-deprem-muhendisligi-temel-ilkeler.html\" target=\"_blank\"><em>Alternatif Tasar\u0131m Y\u00f6ntemi: Sismik Temel \u0130zolasyonu<\/em>\u201d, Binalar i\u00e7in Deprem M\u00fchendisli\u011fi Temel \u0130lkeler<\/a>, ed. E. Canbay, U. Ersoy, G. \u00d6zcebe, H. Sucuo\u011flu ve S.T. Wasti, (2008). (in Turkish)<\/li>\n<li>S. Pinarbasi, Y. Mengi, and <strong>U. Akyuz<\/strong>, , \u201c<em><a href=\"http:\/\/apps.isiknowledge.com\/full_record.do?product=WOS&amp;search_mode=GeneralSearch&amp;qid=2&amp;SID=P1ecfFhocnLbCc2kEIJ&amp;page=1&amp;doc=8\">Compression of solid and annular circular discs bonded to rigid surfaces<\/a><\/em>\u201c, International Journal Solids and Structures, 45, 4543-4561, (2008).<\/li>\n<li>C. Soyarslan, A. E. Tekkaya, and <strong>U. Akyuz<\/strong>, \u201c<em><a href=\"http:\/\/onlinelibrary.wiley.com\/doi\/10.1002\/zamm.200800013\/abstract\">Application of Continuum Damage Mechanics in discontinuous crack formation: Forward extrusion chevron predictions<\/a><\/em>\u201c, Journal of Applied Mathematics and Mechanics \/ Zeitschrift f\u00fcr Angewandte Mathematik und Mechanik, 88, 436-453, (2008).<\/li>\n<li><strong>U. Akyuz<\/strong>, \u201c<em>Strengthening of RC Beams with FRPs, Retrofitting of Concrete Structures by Externally Bonded FRP<\/em>\u201d, <a href=\"http:\/\/www.fib-international.org\/publications\/fib\/35\/\">fib Bulletin<\/a>, 35, 41-51, (2006).<\/li>\n<li>G. Ozdemir, and <strong>U. Akyuz<\/strong>, \u201c<em><a href=\"http:\/\/apps.isiknowledge.com\/full_record.do?product=WOS&amp;search_mode=GeneralSearch&amp;qid=2&amp;SID=P1ecfFhocnLbCc2kEIJ&amp;page=2&amp;doc=17\">Tensile Capacities of CFRP Anchors<\/a><\/em>\u201c, Advances in Earthquake Engineering for Urban Risk Reduction, ed. S.T. Wasti and G. Ozcebe, NATO Science Series IV Earth and Environmental Sciences, 66, 471-487, (2006).<\/li>\n<li>I. Erdem, <strong>U. Akyuz<\/strong>, U. Ersoy and G. Ozcebe, \u201c<em><a href=\"http:\/\/apps.isiknowledge.com\/full_record.do?product=WOS&amp;search_mode=GeneralSearch&amp;qid=2&amp;SID=P1ecfFhocnLbCc2kEIJ&amp;page=2&amp;doc=18\">An experimental study on two different strengthening techniques for RC frames<\/a><\/em>\u201c, Engineering Structures, 28, 1843-1851, (2006).<\/li>\n<li>S. Pinarbasi, <strong>U. Akyuz<\/strong>, and Y. Mengi, \u201c<em><a href=\"http:\/\/apps.isiknowledge.com\/full_record.do?product=WOS&amp;search_mode=GeneralSearch&amp;qid=2&amp;SID=P1ecfFhocnLbCc2kEIJ&amp;page=2&amp;doc=19\">A New Formulation for the Analysis of Elastic Layers Bonded to Rigid Surfaces<\/a><\/em>\u201c, International Journal Solids and Structures, 43, 4271-4296, (2006).<\/li>\n<li>S. Pinarbasi, and <strong>U. Akyuz<\/strong>, \u201c<em><a href=\"http:\/\/www.e-kutuphane.imo.org.tr\/pdf\/11899.pdf\" target=\"_blank\">Sismik \u0130zolasyon ve Elastomerik Yast\u0131k Deneyleri<\/a><\/em>\u201d, TMMOB \u0130n\u015faat M\u00fchendisleri Odas\u0131 Teknik Dergi, Cilt 16, Say\u0131 3, 3581-3598, (2005). (in Turkish)<\/li>\n<li><strong>U. Akyuz<\/strong>, \u201c<em><a href=\"http:\/\/www.sciencedirect.com\/science\/article\/pii\/S0020746203001483\" target=\"_blank\">Separation at the Interface of Nonlinearly Elastic Spinning Tube-Rigid Shaft Subjected to Circumferential Shear<\/a><\/em>\u201d, <a href=\"http:\/\/www.elsevier.com\/wps\/find\/journaldescription.cws_home\/299\/description#description\">International Journal of Non-Linear Mechanics<\/a>, 39, 1333-1341, (2004).<\/li>\n<li><strong>U. Ersoy<\/strong>, G. Ozcebe, T. Tankut, U. Akyuz, E. Erduran, and I. Erdem, \u201c<em><a href=\"http:\/\/apps.isiknowledge.com\/full_record.do?product=WOS&amp;search_mode=GeneralSearch&amp;qid=2&amp;SID=P1ecfFhocnLbCc2kEIJ&amp;page=3&amp;doc=22\">Strengthening of Infill Walls with CFRP Sheets<\/a><\/em>\u201c, Seismic Assessment and Rehabilitation of Existing Buildings, ed. S.T. Wasti and G. Ozcebe, NATO Science Series IV Earth and Environmental Sciences, 29, 305-334, (2003).<\/li>\n<li>I. Erdem, <strong>U. Akyuz<\/strong>, U. Ersoy, and G. Ozcebe, G., \u201c<em><a href=\"http:\/\/apps.isiknowledge.com\/full_record.do?product=WOS&amp;search_mode=GeneralSearch&amp;qid=2&amp;SID=P1ecfFhocnLbCc2kEIJ&amp;page=3&amp;doc=23\">A Comparative Study on the Strengthening of RC Frames<\/a><\/em>\u201c, Seismic Assessment and Rehabilitation of Existing Buildings, ed. S.T. Wasti and G. Ozcebe, NATO Science Series IV Earth and Environmental Sciences, 29, 407-432, (2003).<\/li>\n<li><strong>U. Akyuz<\/strong>, and A. Ertepinar, \u201c<em><a href=\"http:\/\/www.sciencedirect.com\/science\/article\/pii\/S0022460X01937307\" target=\"_blank\">Stability and Breathing Motions of Pressurized Compressible Hyperelastic Spherical Shells<\/a><\/em>\u201d, <a href=\"http:\/\/www.elsevier.com\/wps\/find\/journaldescription.cws_home\/622899\/description#description\">Journal of Sound and Vibration<\/a>, 247, 293-304, (2001).<\/li>\n<li>R.M. Pidaparti, <strong>U. Akyuz<\/strong>, P.A. Naick and D.B. Burr, \u201c<em><a href=\"http:\/\/www.ncbi.nlm.nih.gov\/pubmed\/10950206\" target=\"_blank\">Fatigue data analysis of canine femurs under four-point bending<\/a><\/em>\u201d, <a href=\"http:\/\/www.iospress.nl\/html\/09592989_ita.html\">Bio-Medical Materials and Engineering<\/a>, 10, 43-50, (2000).<\/li>\n<li><strong>U. Akyuz<\/strong>, and A. Ertepinar, \u201c<em><a href=\"http:\/\/www.sciencedirect.com\/science\/article\/pii\/S0020746298000158\" target=\"_blank\">Stability and Asymmetric Vibrations of Pressurized Compressible Hyperelastic Cylindrical Shells<\/a><\/em>\u201d, <a href=\"http:\/\/www.elsevier.com\/wps\/find\/journaldescription.cws_home\/299\/description#description\">International Journal of Non-Linear Mechanics<\/a>, 34, 391-404, (1999).<\/li>\n<li>J. Chen, <strong>U. Akyuz<\/strong>, L. Xu, and R.M.V. Pidaparti, \u201c<em><a href=\"http:\/\/www.sciencedirect.com\/science\/article\/pii\/S1350453398000708\" target=\"_blank\">Stress Analysis of the Human Temporomandibular Joint<\/a><\/em>\u201d, <a href=\"http:\/\/www.elsevier.com\/wps\/find\/journaldescription.cws_home\/30456\/description#description\">Medical Engineering and Physics<\/a>, 20, 565-572, (1998).<\/li>\n<li><strong>U. Akyuz<\/strong>, and A. Ertepinar, \u201c<em><a href=\"http:\/\/www.sciencedirect.com\/science\/article\/pii\/S0020722597000396\" target=\"_blank\">Breathing Motions and Loss of Stability of Pre-stressed Compressible Hyperelastic Cylindrical Shells<\/a><\/em>\u201d, <a href=\"http:\/\/www.elsevier.com\/wps\/find\/journaldescription.cws_home\/278\/description#description\">International Journal of Engineering Science<\/a>, 35, 1265-1275, (1997).<\/li>\n<\/ul>\n","protected":false},"excerpt":{"rendered":"<p>O.C. Celik, H. Sucuoglu, U. Akyuz, \u201cForced Vibration Testing and Finite Element Modeling of a Nine\u2010Story Reinforced Concrete Flat Plate\u2010Wall Building\u201d, Earthquake Spectra, 31, 1069\u20131081, (2015). A. K. Naghshineh, U. Akyuz, and A. Caner, \u201cLateral response comparison of unbonded elastomeric bearings reinforced with carbon fiber mesh and steel\u201d, Shock and Vibration, Article ID\u00a0208045, (2015). A. [&hellip;]<\/p>\n","protected":false},"author":2158,"featured_media":0,"parent":178,"menu_order":1,"comment_status":"closed","ping_status":"closed","template":"","meta":{"footnotes":"","_links_to":"","_links_to_target":""},"class_list":["post-44","page","type-page","status-publish","hentry"],"_links":{"self":[{"href":"https:\/\/blog.metu.edu.tr\/han\/wp-json\/wp\/v2\/pages\/44","targetHints":{"allow":["GET"]}}],"collection":[{"href":"https:\/\/blog.metu.edu.tr\/han\/wp-json\/wp\/v2\/pages"}],"about":[{"href":"https:\/\/blog.metu.edu.tr\/han\/wp-json\/wp\/v2\/types\/page"}],"author":[{"embeddable":true,"href":"https:\/\/blog.metu.edu.tr\/han\/wp-json\/wp\/v2\/users\/2158"}],"replies":[{"embeddable":true,"href":"https:\/\/blog.metu.edu.tr\/han\/wp-json\/wp\/v2\/comments?post=44"}],"version-history":[{"count":0,"href":"https:\/\/blog.metu.edu.tr\/han\/wp-json\/wp\/v2\/pages\/44\/revisions"}],"up":[{"embeddable":true,"href":"https:\/\/blog.metu.edu.tr\/han\/wp-json\/wp\/v2\/pages\/178"}],"wp:attachment":[{"href":"https:\/\/blog.metu.edu.tr\/han\/wp-json\/wp\/v2\/media?parent=44"}],"curies":[{"name":"wp","href":"https:\/\/api.w.org\/{rel}","templated":true}]}}