{"id":43,"date":"2015-08-17T16:06:48","date_gmt":"2015-08-17T13:06:48","guid":{"rendered":"http:\/\/blog.metu.edu.tr\/e182042\/?page_id=43"},"modified":"2015-09-10T11:16:30","modified_gmt":"2015-09-10T08:16:30","slug":"m-sc","status":"publish","type":"page","link":"https:\/\/blog.metu.edu.tr\/han\/theses\/m-sc\/","title":{"rendered":"M. SC."},"content":{"rendered":"<ul>\n<li><strong>Af\u015fin E. Demirta\u015f<\/strong>, \u201c<em><a href=\"https:\/\/etd.lib.metu.edu.tr\/upload\/12614723\/index.pdf\" target=\"_blank\">Comparative Study on Direct Analysis Method and Effective Length Method in One-Story Semi-Rigid Frames<\/a><\/em>\u201d, 2012.<\/li>\n<li><strong>Suat Y\u0131ld\u0131r\u0131m<\/strong>, \u201c<em><a href=\"http:\/\/library.metu.edu.tr\/search~S15?\/ay{u0131}ld{u0131}r{u0131}m\/ayildirim\/101,122,223,B\/l856~b1400535&amp;FF=ayildirim+suat&amp;1,1,,1,0\/indexsort=-\">Comparative Study of Commercial Structural Analysis Programs in View of Seismic Assessment Procedures in Turkish Earthquake Code 2007<\/a><\/em>\u201d, 2011.<\/li>\n<li><strong>N. Eser Reyhano\u011fullar\u0131<\/strong>, \u201c<em><a href=\"https:\/\/etd.lib.metu.edu.tr\/oai\/index.php\/record\/view\/32540\" target=\"_blank\">Vertical Ground Motion Influence On Seismically Isolated &amp; Unisolated Bridges<\/a><\/em>\u201d, 2010.<\/li>\n<li><strong>Emre Acar<\/strong>, \u201c<em><a href=\"https:\/\/etd.lib.metu.edu.tr\/upload\/12607015\/index.pdf\" target=\"_blank\">Comparison of Design Specifications for Seismically Isolated Buildings<\/a><\/em>\u201d, 2006.<\/li>\n<li><strong>Mehmet Selim \u00d6zt\u00fcrk<\/strong>, \u201c<em><a href=\"https:\/\/etd.lib.metu.edu.tr\/upload\/12606753\/index.pdf\" target=\"_blank\">Effects of Masonary Infill Walls on the Seismic Performance of Buildings<\/a><\/em>\u201d, 2005.<\/li>\n<li><strong>Gokhan \u00d6zdemir<\/strong>, \u201c<em><a href=\"https:\/\/etd.lib.metu.edu.tr\/upload\/12605890\/index.pdf\" target=\"_blank\">Mechanical Properties of CFRP Anchorages<\/a><\/em>\u201d, 2005.<\/li>\n<li><strong>\u0130smail Cem Bask\u0131n<\/strong>, \u201c<em><a href=\"http:\/\/library.metu.edu.tr\/search~S15?\/abask{u0131}n\/abaskin\/1,1,1,B\/l856~b1203967&amp;FF=abaskin&amp;1,1,,1,0\/indexsort=-\/startreferer\/\/search~S15\/abask{u0131}n\/abaskin\/1,1,1,B\/frameset&amp;FF=abaskin&amp;1,1,\/endreferer\/\">Analysis of Composite Laminated Rubber Bearings<\/a><\/em>\u201d, 2004.<\/li>\n<li><strong>\u0130brahim Erdem<\/strong>, \u201c<em><a href=\"http:\/\/library.metu.edu.tr\/search~S15?\/aerdem\/aerdem\/1%2C63%2C79%2CB\/frameset&amp;FF=aerdem+ibrahim&amp;1%2C1%2C\/indexsort=-\">Strengthening of Existing Reinforced Concrete Frames<\/a><\/em>\u201d, 2003.<\/li>\n<li><strong>Celal Soyarslan<\/strong>, \u201c<em><a href=\"http:\/\/library.metu.edu.tr\/search~S15?\/asoyarslan\/asoyarslan\/1%2C1%2C2%2CB\/frameset&amp;FF=asoyarslan+celal&amp;1%2C%2C2\/indexsort=-\">Implementation of a Generalized Finite Element Program for Hyper-elastic Materials<\/a><\/em>\u201d, 2002.<\/li>\n<li><strong>\u015e\u00fckr\u00fc G\u00fczey<\/strong>, \u201c<em><a href=\"http:\/\/library.metu.edu.tr\/search~S15?\/ag{u00FC}zey\/agu~azey\/1%2C2%2C2%2CB\/frameset&amp;FF=agu~azey+s~au~akru~a&amp;1%2C1%2C\/indexsort=-\">Numerical Investigation of the Elastic Behavior of Rubber Based Seismic Isolators<\/a><\/em>\u201d,\u00a0 2002.<\/li>\n<li><strong>Ozan Cem \u00c7elik<\/strong>, \u201c<em><a href=\"http:\/\/library.metu.edu.tr\/search~S15?\/a{u00E7}elik\/ac~aelik\/51%2C103%2C116%2CB\/frameset&amp;FF=ac~aelik+ozan+cem&amp;1%2C1%2C\/indexsort=-\">Forced Vibration Testing of Existing R\/C Buildings<\/a><\/em>\u201c,\u00a0 2002.<\/li>\n<li><strong>Fatih T\u00fcrkmen<\/strong>, \u201c<em><a href=\"http:\/\/library.metu.edu.tr\/search~S15?\/at{u00FC}rkmen\/atu~arkmen\/1%2C19%2C24%2CB\/frameset&amp;FF=atu~arkmen+fatih&amp;1%2C1%2C\">Comparative Study Base Isolated Systems<\/a><\/em>\u201c,\u00a0 2002.<\/li>\n<\/ul>\n","protected":false},"excerpt":{"rendered":"<p>Af\u015fin E. Demirta\u015f, \u201cComparative Study on Direct Analysis Method and Effective Length Method in One-Story Semi-Rigid Frames\u201d, 2012. Suat Y\u0131ld\u0131r\u0131m, \u201cComparative Study of Commercial Structural Analysis Programs in View of Seismic Assessment Procedures in Turkish Earthquake Code 2007\u201d, 2011. N. Eser Reyhano\u011fullar\u0131, \u201cVertical Ground Motion Influence On Seismically Isolated &amp; Unisolated Bridges\u201d, 2010. Emre Acar, [&hellip;]<\/p>\n","protected":false},"author":2158,"featured_media":0,"parent":12,"menu_order":1,"comment_status":"closed","ping_status":"closed","template":"","meta":{"footnotes":"","_links_to":"","_links_to_target":""},"class_list":["post-43","page","type-page","status-publish","hentry"],"_links":{"self":[{"href":"https:\/\/blog.metu.edu.tr\/han\/wp-json\/wp\/v2\/pages\/43","targetHints":{"allow":["GET"]}}],"collection":[{"href":"https:\/\/blog.metu.edu.tr\/han\/wp-json\/wp\/v2\/pages"}],"about":[{"href":"https:\/\/blog.metu.edu.tr\/han\/wp-json\/wp\/v2\/types\/page"}],"author":[{"embeddable":true,"href":"https:\/\/blog.metu.edu.tr\/han\/wp-json\/wp\/v2\/users\/2158"}],"replies":[{"embeddable":true,"href":"https:\/\/blog.metu.edu.tr\/han\/wp-json\/wp\/v2\/comments?post=43"}],"version-history":[{"count":0,"href":"https:\/\/blog.metu.edu.tr\/han\/wp-json\/wp\/v2\/pages\/43\/revisions"}],"up":[{"embeddable":true,"href":"https:\/\/blog.metu.edu.tr\/han\/wp-json\/wp\/v2\/pages\/12"}],"wp:attachment":[{"href":"https:\/\/blog.metu.edu.tr\/han\/wp-json\/wp\/v2\/media?parent=43"}],"curies":[{"name":"wp","href":"https:\/\/api.w.org\/{rel}","templated":true}]}}