{"id":37,"date":"2015-08-16T11:57:43","date_gmt":"2015-08-16T08:57:43","guid":{"rendered":"http:\/\/blog.metu.edu.tr\/e182042\/?page_id=37"},"modified":"2015-10-15T18:16:06","modified_gmt":"2015-10-15T15:16:06","slug":"dekanlik-projeleri","status":"publish","type":"page","link":"https:\/\/blog.metu.edu.tr\/han\/dekanlik-projeleri\/","title":{"rendered":"DEKANLIK PROJELERI"},"content":{"rendered":"<h3><\/h3>\n<p>A\u015fa\u011f\u0131daki linkte 2012 y\u0131l\u0131nda se\u00e7ime girmeden \u00f6nce yapmay\u0131 d\u00fc\u015f\u00fcnd\u00fcklerimle, 2012-2015 y\u0131llar\u0131 aras\u0131nda ne kadar\u0131n\u0131 yapabildi\u011fim ve yapamad\u0131\u011f\u0131m hakk\u0131nda bilgiler bulacaks\u0131n\u0131z. Yap\u0131labilenler, ba\u015fta sevgili Dekan Yard\u0131mc\u0131lar\u0131m Prof. Dr. Murat Ey\u00fcbo\u011flu ve Prof. Dr. \u0130pek \u0130mamo\u011flu&#8217;nun, Say\u0131n B\u00f6l\u00fcm Ba\u015fkanlar\u0131n\u0131n ve t\u00fcm akademik ve idari mesai arkada\u015flar\u0131m\u0131n sonsuz gayret ve \u00f6zverili \u00e7al\u0131\u015fmalar\u0131yla m\u00fcmk\u00fcn olabilmi\u015ftir. Katk\u0131lar\u0131ndan dolay\u0131 herkese sonsuz te\u015fekk\u00fcrlerimi sunar\u0131m. Yap\u0131lamayanlardaki t\u00fcm sorumluluk bana aittir.<\/p>\n<p>&nbsp;<\/p>\n<p><a href=\"\/han\/?page_id=184\">2012-2015<\/a><\/p>\n<p>&nbsp;<\/p>\n","protected":false},"excerpt":{"rendered":"<p>A\u015fa\u011f\u0131daki linkte 2012 y\u0131l\u0131nda se\u00e7ime girmeden \u00f6nce yapmay\u0131 d\u00fc\u015f\u00fcnd\u00fcklerimle, 2012-2015 y\u0131llar\u0131 aras\u0131nda ne kadar\u0131n\u0131 yapabildi\u011fim ve yapamad\u0131\u011f\u0131m hakk\u0131nda bilgiler bulacaks\u0131n\u0131z. Yap\u0131labilenler, ba\u015fta sevgili Dekan Yard\u0131mc\u0131lar\u0131m Prof. Dr. Murat Ey\u00fcbo\u011flu ve Prof. Dr. \u0130pek \u0130mamo\u011flu&#8217;nun, Say\u0131n B\u00f6l\u00fcm Ba\u015fkanlar\u0131n\u0131n ve t\u00fcm akademik ve idari mesai arkada\u015flar\u0131m\u0131n sonsuz gayret ve \u00f6zverili \u00e7al\u0131\u015fmalar\u0131yla m\u00fcmk\u00fcn olabilmi\u015ftir. Katk\u0131lar\u0131ndan dolay\u0131 herkese sonsuz [&hellip;]<\/p>\n","protected":false},"author":2158,"featured_media":0,"parent":0,"menu_order":7,"comment_status":"closed","ping_status":"closed","template":"","meta":{"footnotes":"","_links_to":"","_links_to_target":""},"class_list":["post-37","page","type-page","status-publish","hentry"],"_links":{"self":[{"href":"https:\/\/blog.metu.edu.tr\/han\/wp-json\/wp\/v2\/pages\/37","targetHints":{"allow":["GET"]}}],"collection":[{"href":"https:\/\/blog.metu.edu.tr\/han\/wp-json\/wp\/v2\/pages"}],"about":[{"href":"https:\/\/blog.metu.edu.tr\/han\/wp-json\/wp\/v2\/types\/page"}],"author":[{"embeddable":true,"href":"https:\/\/blog.metu.edu.tr\/han\/wp-json\/wp\/v2\/users\/2158"}],"replies":[{"embeddable":true,"href":"https:\/\/blog.metu.edu.tr\/han\/wp-json\/wp\/v2\/comments?post=37"}],"version-history":[{"count":0,"href":"https:\/\/blog.metu.edu.tr\/han\/wp-json\/wp\/v2\/pages\/37\/revisions"}],"wp:attachment":[{"href":"https:\/\/blog.metu.edu.tr\/han\/wp-json\/wp\/v2\/media?parent=37"}],"curies":[{"name":"wp","href":"https:\/\/api.w.org\/{rel}","templated":true}]}}