{"id":189,"date":"2015-08-27T10:49:47","date_gmt":"2015-08-27T07:49:47","guid":{"rendered":"http:\/\/blog.metu.edu.tr\/han\/?page_id=189"},"modified":"2015-09-16T17:54:19","modified_gmt":"2015-09-16T14:54:19","slug":"altyapi","status":"publish","type":"page","link":"https:\/\/blog.metu.edu.tr\/han\/dekanlik-projeleri\/2012-2015\/altyapi\/","title":{"rendered":"ALTYAPI"},"content":{"rendered":"<p>2012 y\u0131l\u0131nda Dekanl\u0131k adayl\u0131\u011f\u0131m s\u0131ras\u0131nda altyap\u0131yla\u00a0ilgili ger\u00e7ekle\u015ftirilmesinin faydal\u0131 olaca\u011f\u0131na inand\u0131\u011f\u0131m konular olarak yazd\u0131klar\u0131m ve yap\u0131labilenler hakk\u0131nda bilgiler \u015f\u00f6yledir:<\/p>\n<ul>\n<li><em>\u0130\u015f G\u00fcvenli\u011fi ve Sa\u011fl\u0131\u011f\u0131 konusunda \u00e7al\u0131\u015fmalar\u0131n en k\u0131sa zamanda ba\u015flat\u0131lmas\u0131 ve sonu\u00e7land\u0131r\u0131lmas\u0131<\/em> &#8211;&gt; 2013 y\u0131l\u0131 \u015eubat ay\u0131nda konuyla ilgili bir rapor haz\u0131rlanm\u0131\u015f ve i\u015f plan\u0131 olu\u015fturulmu\u015ftur. Ancak ilgili kanunun y\u00fcr\u00fcl\u00fc\u011fe girmesinin s\u00fcrekli ertelenmesiyle birlikte bu konun \u00e7\u00f6z\u00fcm\u00fc maalesef gecikmi\u015ftir. \u00dcniversitenin yapmas\u0131 gereken risk analizi 2015 y\u0131l\u0131 A\u011fustos ay\u0131nda ihale edilmi\u015ftir. Risk analiz raporu haz\u0131rland\u0131ktan sonra konuyla ilgili her t\u00fcrl\u00fc ihtiya\u00e7 en k\u0131sa zamanda kar\u015f\u0131lanmaya \u00e7al\u0131\u015f\u0131lacakt\u0131r<\/li>\n<li><em>Engelli \u00f6\u011frenciler i\u00e7in de B\u00f6l\u00fcmlerimizin daha ula\u015f\u0131labilir olmas\u0131 i\u00e7in daha fazla \u00e7aba harcanmas\u0131<\/em> &#8211;&gt; En az kar\u015f\u0131layabildi\u011fimiz konudur. \u00c7ok az B\u00f6l\u00fcm\u00fcm\u00fczde konuyla ilgili bir miktar \u00e7al\u0131\u015fma yap\u0131labilmi\u015ftir.<\/li>\n<li><em>Altyap\u0131 projelerinde teknik \u015fartnamelerin ilgili B\u00f6l\u00fcmle birlikte haz\u0131rlanmas\u0131 ve uygulama sonras\u0131 i\u015fin tam yap\u0131l\u0131p yap\u0131lmad\u0131\u011f\u0131n\u0131n yine ilgili B\u00f6l\u00fcmce kontrol edilmesi<\/em> &#8211;&gt; Sat\u0131nalma ofisimiz bu konuda her t\u00fcrl\u00fc deste\u011fi vermi\u015ftir. Kontroller 2015 y\u0131l\u0131nda Dekanl\u0131\u011f\u0131m\u0131z taraf\u0131ndan da yap\u0131lmaya ba\u015flanm\u0131\u015ft\u0131r.<\/li>\n<li><em>\u0130dari personelimizin kurumi\u00e7i e\u011fitimine \u00f6nem verilmesi, idari personelimizin yapt\u0131\u011f\u0131 i\u015fle ilgili mevzuat\u0131 do\u011fru ve etkili kullanabilece\u011fi bi\u00e7imde \u00f6\u011frenmesi, gerekti\u011finde bu konuda profesyonel \u015firketlerden destek al\u0131nmas\u0131<\/em> &#8211;&gt; Rekt\u00f6rl\u00fc\u011f\u00fcm\u00fcz\u00fcn ba\u015flatt\u0131\u011f\u0131 \u0130GEP program\u0131 sayesinde idari personelimize kurumi\u00e7i e\u011fitim verilmeye ba\u015flanm\u0131\u015ft\u0131r. \u00d6zellikle ingilizce e\u011fitimine idari personelimizin kat\u0131lmas\u0131 te\u015fvik edilmi\u015ftir.<\/li>\n<li><em>E\u011fitim kalitemizi de art\u0131racak \u015fekilde b\u00f6l\u00fcmlerimizdeki her t\u00fcrl\u00fc altyap\u0131 sorunlar\u0131n\u0131n bir \u00f6ncelik plan\u0131 i\u00e7inde giderilmesi<\/em> &#8211;&gt; Lisans ve lisans\u00fcst\u00fc laboratuvar desteklerine devam edilmi\u015f ve 3 y\u0131l i\u00e7erisinde yakla\u015f\u0131k 4.000.000,- TL mali kaynak sa\u011flanm\u0131\u015ft\u0131r.<\/li>\n<\/ul>\n","protected":false},"excerpt":{"rendered":"<p>2012 y\u0131l\u0131nda Dekanl\u0131k adayl\u0131\u011f\u0131m s\u0131ras\u0131nda altyap\u0131yla\u00a0ilgili ger\u00e7ekle\u015ftirilmesinin faydal\u0131 olaca\u011f\u0131na inand\u0131\u011f\u0131m konular olarak yazd\u0131klar\u0131m ve yap\u0131labilenler hakk\u0131nda bilgiler \u015f\u00f6yledir: \u0130\u015f G\u00fcvenli\u011fi ve Sa\u011fl\u0131\u011f\u0131 konusunda \u00e7al\u0131\u015fmalar\u0131n en k\u0131sa zamanda ba\u015flat\u0131lmas\u0131 ve sonu\u00e7land\u0131r\u0131lmas\u0131 &#8211;&gt; 2013 y\u0131l\u0131 \u015eubat ay\u0131nda konuyla ilgili bir rapor haz\u0131rlanm\u0131\u015f ve i\u015f plan\u0131 olu\u015fturulmu\u015ftur. Ancak ilgili kanunun y\u00fcr\u00fcl\u00fc\u011fe girmesinin s\u00fcrekli ertelenmesiyle birlikte bu konun \u00e7\u00f6z\u00fcm\u00fc [&hellip;]<\/p>\n","protected":false},"author":2158,"featured_media":0,"parent":184,"menu_order":0,"comment_status":"closed","ping_status":"closed","template":"","meta":{"footnotes":"","_links_to":"","_links_to_target":""},"class_list":["post-189","page","type-page","status-publish","hentry"],"_links":{"self":[{"href":"https:\/\/blog.metu.edu.tr\/han\/wp-json\/wp\/v2\/pages\/189","targetHints":{"allow":["GET"]}}],"collection":[{"href":"https:\/\/blog.metu.edu.tr\/han\/wp-json\/wp\/v2\/pages"}],"about":[{"href":"https:\/\/blog.metu.edu.tr\/han\/wp-json\/wp\/v2\/types\/page"}],"author":[{"embeddable":true,"href":"https:\/\/blog.metu.edu.tr\/han\/wp-json\/wp\/v2\/users\/2158"}],"replies":[{"embeddable":true,"href":"https:\/\/blog.metu.edu.tr\/han\/wp-json\/wp\/v2\/comments?post=189"}],"version-history":[{"count":0,"href":"https:\/\/blog.metu.edu.tr\/han\/wp-json\/wp\/v2\/pages\/189\/revisions"}],"up":[{"embeddable":true,"href":"https:\/\/blog.metu.edu.tr\/han\/wp-json\/wp\/v2\/pages\/184"}],"wp:attachment":[{"href":"https:\/\/blog.metu.edu.tr\/han\/wp-json\/wp\/v2\/media?parent=189"}],"curies":[{"name":"wp","href":"https:\/\/api.w.org\/{rel}","templated":true}]}}