{"id":2,"date":"2011-07-05T10:58:28","date_gmt":"2011-07-05T07:58:28","guid":{"rendered":"http:\/\/blog.metu.edu.tr\/gws\/hakkinda\/"},"modified":"2011-07-05T10:58:28","modified_gmt":"2011-07-05T07:58:28","slug":"hakkinda","status":"publish","type":"page","link":"https:\/\/blog.metu.edu.tr\/gws\/hakkinda\/","title":{"rendered":"Hakk\u0131nda"},"content":{"rendered":"<p>ODT\u00dc Kad\u0131n \u00c7al\u0131\u015fmalar\u0131 Blog&#8217;una ho\u015fgeldiniz!<\/p>\n<p>Bu blogun amac\u0131 Kad\u0131n \u00c7al\u0131\u015fmalar\u0131 Y\u00fcksek Lisans Program\u0131 \u00f6\u011frencileri olarak kad\u0131nlar, feminizm ve toplumsal cinsiyetle ilgili her \u015feyi (haberler, etkinlikler, yeni yay\u0131nlar, yaz\u0131lar, vs.) payla\u015fabilece\u011fimiz bir alana sahip olmakt\u0131r.<\/p>\n<p>L\u00fctfen yorum yap\u0131n ve fikirlerinizi payla\u015f\u0131n!<\/p>\n<p><img loading=\"lazy\" decoding=\"async\" class=\"alignnone size-full wp-image-6\" src=\"http:\/\/blog.metu.edu.tr\/gws\/files\/2011\/07\/gwslogo.png\" alt=\"gwslogo\" width=\"52\" height=\"81\" \/><\/p>\n<p>Welcome to the Blog for ODTU Gender and Women&#8217;s Studies!<\/p>\n<p>The purpose of this blog is to have a space where we, as the students of Gender and Women&#8217;s Studies, can share anything about women, feminism and gender (news, activities, new publications, articles etc.).<\/p>\n<p>Please add comments and share your ideas!<\/p>\n","protected":false},"excerpt":{"rendered":"<p>ODT\u00dc Kad\u0131n \u00c7al\u0131\u015fmalar\u0131 Blog&#8217;una ho\u015fgeldiniz! Bu blogun amac\u0131 Kad\u0131n \u00c7al\u0131\u015fmalar\u0131 Y\u00fcksek Lisans Program\u0131 \u00f6\u011frencileri olarak kad\u0131nlar, feminizm ve toplumsal cinsiyetle ilgili her \u015feyi (haberler, etkinlikler, yeni yay\u0131nlar, yaz\u0131lar, vs.) payla\u015fabilece\u011fimiz bir alana sahip olmakt\u0131r. L\u00fctfen yorum yap\u0131n ve fikirlerinizi payla\u015f\u0131n! Welcome to the Blog for ODTU Gender and Women&#8217;s Studies! The purpose of this blog [&hellip;]<\/p>\n","protected":false},"author":570,"featured_media":0,"parent":0,"menu_order":0,"comment_status":"open","ping_status":"open","template":"","meta":{"footnotes":"","_links_to":"","_links_to_target":""},"class_list":["post-2","page","type-page","status-publish","hentry"],"_links":{"self":[{"href":"https:\/\/blog.metu.edu.tr\/gws\/wp-json\/wp\/v2\/pages\/2","targetHints":{"allow":["GET"]}}],"collection":[{"href":"https:\/\/blog.metu.edu.tr\/gws\/wp-json\/wp\/v2\/pages"}],"about":[{"href":"https:\/\/blog.metu.edu.tr\/gws\/wp-json\/wp\/v2\/types\/page"}],"author":[{"embeddable":true,"href":"https:\/\/blog.metu.edu.tr\/gws\/wp-json\/wp\/v2\/users\/570"}],"replies":[{"embeddable":true,"href":"https:\/\/blog.metu.edu.tr\/gws\/wp-json\/wp\/v2\/comments?post=2"}],"version-history":[{"count":0,"href":"https:\/\/blog.metu.edu.tr\/gws\/wp-json\/wp\/v2\/pages\/2\/revisions"}],"wp:attachment":[{"href":"https:\/\/blog.metu.edu.tr\/gws\/wp-json\/wp\/v2\/media?parent=2"}],"curies":[{"name":"wp","href":"https:\/\/api.w.org\/{rel}","templated":true}]}}