{"id":95,"date":"2015-04-27T16:34:25","date_gmt":"2015-04-27T13:34:25","guid":{"rendered":"http:\/\/blog.metu.edu.tr\/gtsayan\/?page_id=95"},"modified":"2023-01-12T13:05:24","modified_gmt":"2023-01-12T10:05:24","slug":"projects","status":"publish","type":"page","link":"https:\/\/blog.metu.edu.tr\/gtsayan\/projects\/","title":{"rendered":"Projects"},"content":{"rendered":"<ul>\n<li><strong>Researcher, <\/strong>&#8220;Mikrodalga B\u00f6lgesi Dielektrik Rezonat\u00f6r Tasar\u0131mlar\u0131 i\u00e7in Sens\u00f6r, Zamana Ba\u011fl\u0131 Frekans Tepkisi ve Karma\u015f\u0131k Elektriksel Ge\u00e7irgenlik Tespit Uygulamalar\u0131&#8221;, T\u00dcB\u0130TAK 1001 Projesi (121R070), 1 Mart 2022-2024.<\/li>\n<li><\/li>\n<li><strong>Researcher , <\/strong>&#8220;MMTS-Modern May\u0131n Tespit Sistemleri-(Modern Sytems for Mine Detection) Projesi, ODT\u00dc DS\u0130M Ara\u015ft\u0131rma Projesi (M\u00fc\u015fteri: ASELSAN A.\u015e), Aral\u0131k 2019-A\u011fustos 2022.<\/li>\n<li><\/li>\n<li><strong>Researcher (<\/strong>Member representing Turkey<strong>), <\/strong><strong><em>NATO STO SCI-298 Task Group<\/em><\/strong>, \u201c<strong><em>Identification and Neutralization Methods and Technologies for C-IED (Counter-Improvised Explosive Devices)\u201d<\/em><\/strong>\u00a0<strong><em>, <\/em><\/strong>October 2017-November 2020.<\/li>\n<li><\/li>\n<li><strong>Y\u00fcr\u00fct\u00fcc\u00fc (Coordinator),<\/strong> &#8220;<em>G\u00f6m\u00fcl\u00fc May\u0131n Tespit Cihaz\u0131 (Buried Mine Detection Setup)<\/em>&#8221; 2016 Y\u0131l\u0131 ODT\u00dc Ara\u015ft\u0131rma Kapasitesi Geli\u015ftirme Projesi,&#8221;\u00a0 \u015eubat 2016-Aral\u0131k 2018.<\/li>\n<li><\/li>\n<li><strong>Y\u00fcr\u00fct\u00fcc\u00fc (Coordinator), T\u00dcB\u0130TAK ARDEB 1000 \u201c<\/strong><em>Orta Do\u011fu Teknik \u00dcniversitesi Ar-Ge Strateji Belgesi (Elektronik-Mems), Proje No.: 115R129<\/em><strong>\u201d (<\/strong>&#8220;T\u00dcB\u0130TAK ARDEB 1000-Universitelerin Arast\u0131rma ve Gelistirme Potansiyelinin Art\u0131r\u0131lmas\u0131na Y\u00f6nelik Destek Program\u0131\u201d \u00e7a\u011fr\u0131s\u0131 kapsam\u0131nda) 01.07.2016-01.04.2017.<\/li>\n<li><\/li>\n<li><strong>Y\u00fcr\u00fct\u00fcc\u00fc(Coordinator), \u201c<\/strong><em>Topraga G\u00f6m\u00fcl\u00fc veya Engel Arkas\u0131na Gizlenmis Hedeflerin Tespit ve Teshisi I\u00e7in Yeralt\u0131 Radar\u0131 (GPR) Sinyal Sim\u00fclasyonlar\u0131, \u00d6nisleme ve \u00d6znitelik \u00c7\u0131kar\u0131m Y\u00f6ntemleri (GPR Data Simulation, Preprocessing and Feature Extraction\u00a0to Detect and\u00a0Classify the\u00a0 Objects Buried in Ground or Hidden Behind\u00a0Obstacles),\u201d <\/em>ODT\u00dc-BAP-03-01-2016-005 Projesi, 01.01.2016-31.12.2017.<\/li>\n<li><\/li>\n<li><strong>Y\u00fcr\u00fct\u00fcc\u00fc (Coordinator)<\/strong>, &#8220;Development of Methods and Algorithms for Target Detection and Recognition by\u00a0Processing A-Scan GPR Signals\u00a0(Yere N\u00fcfuz Eden Radar Teknolojisi Kullanarak Hedef Tespiti ve Tan\u0131nmas\u0131 \u0130\u00e7in A-Tarama Tipi\u00a0Verileri \u0130\u015fleyerek Y\u00f6ntem ve Algoritma Geli\u015ftirilmesi),\u00a0\u0130PA Elektronik Bili\u015fim Teknolojisi Enerji ve Savunma San. D\u0131\u015f Tic. Ltd. \u015eti., 1\u00a0Nisan 2016 &#8211; 30\u00a0Eyl\u00fcl 2016. (\u0130PA taraf\u0131ndan y\u00fcr\u00fct\u00fclen 3150089 nolu\u00a0 1501-T\u00dcB\u0130TAK-TEYDEB\u00a0\u00a0projesi &#8220;YERE N\u00dcFUZ EDEN RADAR TEKNOLOJ\u0130S\u0130 KULLANARAK VER\u0130 F\u00dcZYON Y\u00d6NTEMLER\u0130N\u0130N UYGULANMASI \u0130LE HEDEFLER\u0130N TESP\u0130T\u0130 VE SINIFLANDIRILMASI<strong>&#8220;<\/strong>\u00a0kapsam\u0131nda)<\/li>\n<li><\/li>\n<li><strong>Y\u00fcr\u00fct\u00fcc\u00fc<\/strong>, \u201cDevelopment of Methods and Algorithms for GPR-based detection and Classification of Objects Buried in the Ground (<em>Topra\u011fa G\u00f6m\u00fcl\u00fc Cisimlerin GPR Y\u00f6ntemi \u0130le Tespit Edilmesi ve S\u0131n\u0131fland\u0131r\u0131lmas\u0131 Ama\u00e7l\u0131 Y\u00f6ntem ve Algoritma Geli\u015ftirilmesi)<\/em>\u201d, \u0130PA Elektronik Bili\u015fim Teknolojisi Enerji ve Savunma San. D\u0131\u015f Tic. Ltd. \u015eti., 1 Aral\u0131k 2014 &#8211; 31 Mayis 2016. (\u0130PA taraf\u0131ndan y\u00fcr\u00fct\u00fclen 3150089 nolu\u00a0 1501-T\u00dcB\u0130TAK-TEYDEB\u00a0\u00a0projesi &#8220;YERE N\u00dcFUZ EDEN RADAR TEKNOLOJ\u0130S\u0130 KULLANARAK VER\u0130 F\u00dcZYON Y\u00d6NTEMLER\u0130N\u0130N UYGULANMASI \u0130LE HEDEFLER\u0130N TESP\u0130T\u0130 VE SINIFLANDIRILMASI<strong>&#8220;<\/strong>\u00a0kapsam\u0131nda)<\/li>\n<\/ul>\n<ul>\n<li><strong>Y\u00fcr\u00fct\u00fcc\u00fc (Coordinator)<\/strong>, \u201c<em>EEMB Temiz Oda Tesisat Projesi (Clean Room Infrastructure Project)<\/em>\u201d, 2014 Y\u0131l\u0131<em> Ara\u015ft\u0131rma Altyap\u0131s\u0131 Geli\u015ftirme Projesi, Ocak <\/em>2014-Aral\u0131k 2016.<\/li>\n<\/ul>\n<ul>\n<li><strong>Researcher<\/strong>, \u201c<em>Air Defense Radar Design\u201d, <\/em>ASELSAN-TEKNOKENT Project, 2003-May 2004.<\/li>\n<\/ul>\n<ul>\n<li><strong>National Leader for Turkey<\/strong>, \u00a0\u201c<em>Aircraft and Missile Electro-Optic Signature Modelling<\/em>\u201d, NATO \u2013 RTO SET Panel, Task Group TG-17 Project, nationally sponsored by ASELSAN and ROKETSAN, April 1999 -August 2002.<\/li>\n<\/ul>\n<ul>\n<li><strong>Coordinator<\/strong>, \u201c<em>Do\u011fal Rezonans S\u00f6n\u00fcmlendirme Tekni\u011fi ile Radar Hedeflerinin S\u0131n\u0131fland\u0131r\u0131lmas\u0131: \u00c7\u00f6z\u00fcm\u00fcn Varl\u0131\u011f\u0131 ve Tekli\u011finin \u0130ncelenmesi (Classification of Radar Targets Using Natural Resonance Annihilation: Existence and Uniqueness of the Solution) <\/em>\u201d METU &#8211; AFP -2001-03-01-05 Research Foundation Project, June 1, 2001- May 31, 2002.<\/li>\n<\/ul>\n<ul>\n<li><strong>Coordinator<\/strong>, \u201c<em>Zaman-Frekans D\u00f6n\u00fc\u015f\u00fcmleri Kullanarak <\/em><em>Radar Hedefleri \u0130\u00e7in \u00d6znitelik \u00c7\u0131kar\u0131m\u0131 <\/em><em>(Feature Extraction for Radar Targets Using Time- Frequency Distributions)&#8221; <\/em>METU &#8211; AFP -99-03-01-01 Research Foundation Project, May 1999 &#8211; October 31, 2000.<\/li>\n<\/ul>\n<ul>\n<li><strong>Coordinator<\/strong>, \u201c<em>Uzaktan Alg\u0131lanan Verilerden Hedef \/ Nesne Tan\u0131ma<\/em> <em>(Target \/ Object Recognition from Remote Sensing Data)<\/em>\u201d supported by TUB\u0130TAK under Grant EEEAG-B\u0130LTEN-224 and performed at EEE Dept. at METU, September 1998 &#8211; February 2000.<\/li>\n<\/ul>\n<ul>\n<li><strong>Coordinator<\/strong>, \u201c<em>K-Darbe Tekni\u011fi \u0130le Hedef Tan\u0131ma (Target Identification Using the K-Pulse Technique) <\/em>\u201d, METU &#8211; AFP -96-03-01-03 Research Foundation Project, January 1997 \u2013 March 1998.<\/li>\n<\/ul>\n<ul>\n<li><strong>Researcher<\/strong>, \u201c<em>Ultra-High Capacity Optical Transmission Networks<\/em> \u201dCOST-239 Project partly performed at METU, Turkey, July 1994 \u2013 December 1994.<\/li>\n<\/ul>\n<ul>\n<li><strong>Researcher \/ Consultant<\/strong>, \u201c<em>Fiber Optic Distributed Temperature Sensor<\/em>\u201d, Project sponsered by EPRI (Electric Power Research Institute) under Contract 2487-02 and performed at BATTELLE, Columbus, Ohio,USA, Oct. 1988 \u2013 June 1992.<\/li>\n<\/ul>\n<ul>\n<li><strong>Researcher \/ Consultant<\/strong>, \u201c<em>Development of Optical Sensors for Medical Testing<\/em>\u201d, BATTELLE Electro-Optics Group, Columbus, Ohio, USA, June 1989 \u2013 Feb. 1990.<\/li>\n<\/ul>\n<ul>\n<li><strong>Researcher \/ Consultant<\/strong>, \u201c<em>Distributed Fiber Optic Leak Detection<\/em>\u201d sponsered by EPRI (Electric Power Research Institute) under Aggrement RP 7910-11 and performed at BATTELLE, Electro- Optics Group, Columbus, Ohio, USA, December 1990 \u2013 February 1991.<\/li>\n<\/ul>\n<ul>\n<li><strong>Researcher \/ Consultant<\/strong>, \u201c<em> Investigation of the Sensors for Biological and Chemical Warfare Agent Detection<\/em>\u201d BATTELLE, Electro-Optics Group, Columbus, Ohio, USA, July-August 1991.<\/li>\n<\/ul>\n<ul>\n<li><strong>Researcher \/ Consultant<\/strong>, \u201c<em>Tradeoff Analysis of Six Commercially Available All Metals<\/em><em> Locators<\/em>\u201d Sponsored by US Naval Explosive Ordnance Disposal Technology Center and performed by BATTELLE Electromagnetics Group, Columbus, Ohio, USA, November 1989 \u2013 August 1990.<\/li>\n<\/ul>\n<ul>\n<li><strong>Researcher \/ Consultant<\/strong>, \u201c<em>Technical Evaluation of the All Metal Locator Ex29mod0<\/em> Sponsored by US Naval Explosive Ordnance Disposal Technology Center and performed by BATTELLE Electromagnetics Group, Columbus, Ohio, USA, December 1990 \u2013 December 1991.<\/li>\n<\/ul>\n<ul>\n<li><strong>Researcher \/ Consultant<\/strong>, \u201c<em>Investigations of Selected Microwave Technologies for Food and Non-Food Packages<\/em>\u201d, Sponsored by Union Camp Corp., Princeton, N J, USA, and performed by BATTELLE Electromagnetics Group, May- July 1989.<\/li>\n<\/ul>\n<ul>\n<li><strong>Researcher<\/strong>, \u201c<em>Frequency Domain Mechanism Extraction<\/em>\u201d sponsored by NASA (National Aeronautics and Space Administration), Langley Research Center, Hampton, VA, USA under the Grant NSG 1613 and performed at The Ohio State University, ElectroScience Laboratory, Columbus, Ohio, USA, September \u2013 December 1988.<\/li>\n<\/ul>\n<ul>\n<li><strong>Researcher<\/strong>, \u201c<em>K-Pulse Estimation and Target Identification<\/em>\u201d sponsored by US Naval Research Laboratory, Washington, D.C., USA under Contract N00014-87-K-2011 and performed at The Ohio State University, ElectroScience Laboratory, Columbus, Ohio, USA, Final Report No. 719710-3, August 1988.<\/li>\n<\/ul>\n<ul>\n<li><strong>Researcher<\/strong>, \u201c<em>K-Pulse Estimation from Incomplete Multiple-Frequency Scattering Data and Target Identification<\/em>\u201d sponsored by US Department of Navy, Office of Naval Research (ONR) , Arligton, VA, USA under Contract N00014-86-K-0202 and performed at The Ohio State University, ElectroScience Laboratory, Columbus, Ohio, USA, Final Report No. 718048-5, September 1987.<\/li>\n<\/ul>\n","protected":false},"excerpt":{"rendered":"<p>Researcher, &#8220;Mikrodalga B\u00f6lgesi Dielektrik Rezonat\u00f6r Tasar\u0131mlar\u0131 i\u00e7in Sens\u00f6r, Zamana Ba\u011fl\u0131 Frekans Tepkisi ve Karma\u015f\u0131k Elektriksel Ge\u00e7irgenlik Tespit Uygulamalar\u0131&#8221;, T\u00dcB\u0130TAK 1001 Projesi (121R070), 1 Mart 2022-2024. Researcher , &#8220;MMTS-Modern May\u0131n Tespit &hellip; <a class=\"readmore\" href=\"https:\/\/blog.metu.edu.tr\/gtsayan\/projects\/\">Continue Reading &rarr;<\/a><\/p>\n","protected":false},"author":3383,"featured_media":0,"parent":0,"menu_order":0,"comment_status":"open","ping_status":"open","template":"","meta":{"footnotes":"","_links_to":"","_links_to_target":""},"class_list":["post-95","page","type-page","status-publish","hentry"],"_links":{"self":[{"href":"https:\/\/blog.metu.edu.tr\/gtsayan\/wp-json\/wp\/v2\/pages\/95","targetHints":{"allow":["GET"]}}],"collection":[{"href":"https:\/\/blog.metu.edu.tr\/gtsayan\/wp-json\/wp\/v2\/pages"}],"about":[{"href":"https:\/\/blog.metu.edu.tr\/gtsayan\/wp-json\/wp\/v2\/types\/page"}],"author":[{"embeddable":true,"href":"https:\/\/blog.metu.edu.tr\/gtsayan\/wp-json\/wp\/v2\/users\/3383"}],"replies":[{"embeddable":true,"href":"https:\/\/blog.metu.edu.tr\/gtsayan\/wp-json\/wp\/v2\/comments?post=95"}],"version-history":[{"count":0,"href":"https:\/\/blog.metu.edu.tr\/gtsayan\/wp-json\/wp\/v2\/pages\/95\/revisions"}],"wp:attachment":[{"href":"https:\/\/blog.metu.edu.tr\/gtsayan\/wp-json\/wp\/v2\/media?parent=95"}],"curies":[{"name":"wp","href":"https:\/\/api.w.org\/{rel}","templated":true}]}}