{"id":28,"date":"2015-04-19T18:46:25","date_gmt":"2015-04-19T15:46:25","guid":{"rendered":"http:\/\/blog.metu.edu.tr\/gtsayan\/?page_id=28"},"modified":"2024-07-10T11:17:26","modified_gmt":"2024-07-10T08:17:26","slug":"contact","status":"publish","type":"page","link":"https:\/\/blog.metu.edu.tr\/gtsayan\/","title":{"rendered":"Home"},"content":{"rendered":"<p><strong>Dr. <\/strong><strong>G\u00f6n\u00fcl TURHAN-SAYAN<\/strong><\/p>\n<p><strong>Professor Emeritus of Electrical and Electronics Engineering<\/strong><\/p>\n<p><strong>IEEE Life Senior Member<\/strong><\/p>\n<p><strong>Address:<\/strong> Middle East Technical University (METU),<\/p>\n<p>Department of Electrical and Electronics Engineering, D Blok-210,<\/p>\n<p>Dumlup\u0131nar Bulvar\u0131 06800 \u00c7ankaya, Ankara, TURKEY<\/p>\n<p><strong>Phone:<\/strong> +90 (312) 210-2371<\/p>\n<p><strong>Fax: <\/strong>+90 (312) 210-2304<\/p>\n<p><strong>e-mail:<\/strong><strong> <a href=\"mailto:gtsayan@metu.edu.tr\">gtsayan@metu.edu.tr<\/a><\/strong><\/p>\n","protected":false},"excerpt":{"rendered":"<p>Dr. G\u00f6n\u00fcl TURHAN-SAYAN Professor Emeritus of Electrical and Electronics Engineering IEEE Life Senior Member Address: Middle East Technical University (METU), Department of Electrical and Electronics Engineering, D Blok-210, Dumlup\u0131nar Bulvar\u0131 &hellip; <a class=\"readmore\" href=\"https:\/\/blog.metu.edu.tr\/gtsayan\/\">Continue Reading &rarr;<\/a><\/p>\n","protected":false},"author":2456,"featured_media":0,"parent":0,"menu_order":0,"comment_status":"closed","ping_status":"closed","template":"","meta":{"footnotes":"","_links_to":"","_links_to_target":""},"class_list":["post-28","page","type-page","status-publish","hentry"],"_links":{"self":[{"href":"https:\/\/blog.metu.edu.tr\/gtsayan\/wp-json\/wp\/v2\/pages\/28","targetHints":{"allow":["GET"]}}],"collection":[{"href":"https:\/\/blog.metu.edu.tr\/gtsayan\/wp-json\/wp\/v2\/pages"}],"about":[{"href":"https:\/\/blog.metu.edu.tr\/gtsayan\/wp-json\/wp\/v2\/types\/page"}],"author":[{"embeddable":true,"href":"https:\/\/blog.metu.edu.tr\/gtsayan\/wp-json\/wp\/v2\/users\/2456"}],"replies":[{"embeddable":true,"href":"https:\/\/blog.metu.edu.tr\/gtsayan\/wp-json\/wp\/v2\/comments?post=28"}],"version-history":[{"count":0,"href":"https:\/\/blog.metu.edu.tr\/gtsayan\/wp-json\/wp\/v2\/pages\/28\/revisions"}],"wp:attachment":[{"href":"https:\/\/blog.metu.edu.tr\/gtsayan\/wp-json\/wp\/v2\/media?parent=28"}],"curies":[{"name":"wp","href":"https:\/\/api.w.org\/{rel}","templated":true}]}}