{"id":22,"date":"2015-04-19T18:26:22","date_gmt":"2015-04-19T15:26:22","guid":{"rendered":"http:\/\/blog.metu.edu.tr\/gtsayan\/?page_id=22"},"modified":"2024-06-25T18:30:39","modified_gmt":"2024-06-25T15:30:39","slug":"supervision","status":"publish","type":"page","link":"https:\/\/blog.metu.edu.tr\/gtsayan\/supervision\/","title":{"rendered":"Supervision"},"content":{"rendered":"<h3><span style=\"color: #ff0000\">PhD Theses Supervised (Completed)<\/span><\/h3>\n<ol>\n<li><strong><em>Kadir \u00dcst\u00fcn, <\/em><\/strong><em>&#8220;Metamaterial Based Wideband\u00a0Infrared Absorbers,&#8221; August 2017 (sole supervisor).<\/em><\/li>\n<li><strong><em>\u00d6znur T\u00fcrkmen K\u00fc\u00e7\u00fcksar\u0131, <\/em><\/strong>\u201cNovel Multi-Band Metamaterials in Microwave Region with Applications in Antennas,\u201d July 2014 (sole supervisor).<\/li>\n<li><strong><em>Evren Ekmek\u00e7i<\/em><\/strong>, \u201cDesign, Fabrication and Characterization of Novel Metamaterials in Microwave and Terahertz Regions: Multi-Band, Frequency-Tunable and Miniaturized Structures,\u201d December, 2010 (sole supervisor).<\/li>\n<li><strong><em>Mustafa Se\u00e7men<\/em><\/strong>, \u201cA Novel MUSIC Algorithm Based Electromagnetic Target Recognition Method in Resonance Region for the Classification of Single and Multiple Targets,\u201d February, 2008 (principal supervisor, Co-advisor: Altunkan H\u0131zal).<\/li>\n<\/ol>\n<h3><span style=\"color: #ff0000\">Master Theses Supervised (Completed)<\/span><\/h3>\n<ol>\n<li><strong><em>Furkan \u015e\u0131k<\/em><\/strong><em>, &#8220;Detection and Classification of Multiple Shallow-Buried Targets by a Ground Penetrating Radar&#8221; July 2023.<\/em><\/li>\n<li><strong><em>Rutkay G\u00fcneri<\/em><\/strong><em>, &#8220;Automatic Target Recognition of Quadcopter Type Drones from Moderately-Wideband Electromagnetic Data Using Convolutional Neural Networks,<\/em>&#8221; December 2022.<\/li>\n<li><strong><em>Furkan \u00d6zdemircan<\/em><\/strong><em>,<em> &#8220;Theory and Applications of\u00a0<\/em><\/em> Surface Plasmon Resonance Sensors,&#8221; February 2021.<\/li>\n<li><em><strong>\u00d6mer Ye\u015filyurt<\/strong>,<\/em> &#8220;Design and Realization of a Broadband Antenna Loaded with a Metamaterial-Inspired Lens for Subsurface Microwave Imaging Applications,&#8221; February 2019.<\/li>\n<li><em><strong>\u0130mre \u00d6zbay, <\/strong>\u201c<\/em>Design, Fabrication and Characterization of an Ultra-Broadband Metamaterial Absorber Using Bismuth in the Near Infrared Region<em>,\u201d <\/em>September 2018<em>.<\/em><\/li>\n<li><strong><em>Galip Orkun Ar\u0131can, <\/em><\/strong>\u201cElectromagnetic Analysis and Design of Miniaturized Branchline Couplers,\u201d July 2014 (principal supervisor, Co-advisor: \u00d6zlem \u015een).<\/li>\n<li><strong><em>Ba\u015fak Barut, <\/em><\/strong>\u201cElectromagnetic Target Recognition for Lossy and Dispersive Dielectric Objects: Applications to Breast Tissue Classification and Tumor Detection Problem,\u201d July 2014 (sole supervisor).<\/li>\n<li><strong><em>Kubilay Sezgin,<\/em><\/strong> \u201cPumping Chamber Design in Diode-Pumped Solid-State Lasers for Maximum System Efficiency and Minimum Optical Distortion,\u201d January 2013 (principal supervisor, Co-advisor: Kuthan Yelen).<\/li>\n<li><strong><em>P\u0131nar Ya\u015far \u00d6rten<\/em><\/strong>, \u201cNumerical Analysis, Design and Two Port Equivalent Circuit Models for Split Ring Resonator Arrays,\u201d February 2010 (sole supervisor).<\/li>\n<li><strong><em>Tufan Taylan Kat\u0131lm\u0131\u015f<\/em><\/strong>, \u201cDesign of Self Organizing Map Type Electromagnetic Target Classifiers for Dielectric Spheres and Conducting Aircraft Targets with Investigations of Their Noise Performances,\u201d November 2009 (sole supervisor).<\/li>\n<li><strong><em>Emre Ergin<\/em><\/strong>, \u201cInvestigation of MUSIC Algorithm Based and WD-PCA Method Based Electromagnetic Target Classification Techniques for Their Noise Performances ,\u201d October 2009 (sole supervisor).<\/li>\n<li><strong><em>Levent \u015eahin<\/em><\/strong>, \u201cTransmission and Propagation Properties of Novel Metamaterials,\u201d January, 2009 (sole supervisor).<\/li>\n<li><strong><em>Kaz\u0131m Ozan Ate\u015f<\/em><\/strong>, \u201cTheoretical Investigation of Metamaterials: SRR Structures and Two Dimensional Periodic Arrays of Thin Conducting Wires,\u201d May, 2008 (sole supervisor).<\/li>\n<li><strong><em>Mehmet Akang\u00f6l<\/em><\/strong>, &#8221; Target Detection by the Ambiguity Function Technique and the Conventional Fourier Transform Technique in Frequency Coded Continuous Wave Radars,&#8221; December, 2005 (sole supervisor).<\/li>\n<li><strong><em>Erkan \u00c7ankaya<\/em><\/strong>, &#8221; Use of the Ambiguity Function Technique for Target Detection in Phase Coded Continuous Wave Radars,&#8221; December, 2005 (sole supervisor).<\/li>\n<li><strong><em>Mehmet Ayar<\/em><\/strong>, &#8220;Design of an Electromagnetic Classifier for Spherical Targets,&#8221; April, 2005 (sole supervisor).<\/li>\n<li><strong><em>Mehmet Okan Ersoy<\/em><\/strong>, &#8220;Application of a Natural-Resonance Based Feature Extraction Technique to Small-Scale Aircraft Modeled by Conducting Wires for Electromagnetic Target Classification,&#8221; September, 2004 (sole supervisor).<\/li>\n<li><strong><em>Mehmet Serol Do\u011faner<\/em><\/strong>, \u201cTarget Classification by Using SOM Type Neural Networks,\u201d December, 2000 (sole supervisor).<\/li>\n<li><strong><em>Mehmet Karaduman<\/em><\/strong>, \u201cUse of TFR Techniques and the PCA Technique in Electromagnetic Target Feature Extraction,\u201d December, 2000 (sole supervisor).<\/li>\n<li><strong><em>Alper U\u011fur<\/em><\/strong>, \u201cApplications of the Finite Difference Beam Propagation Method to Optical Structures,\u201d July, 1998 (sole supervisor).<\/li>\n<li><strong><em>T\u00fcrker \u0130nce<\/em><\/strong>, \u201cElectromagnetic Target Classification by Using Time-Frequency Analysis and Neural Networks,\u201d August, 1996 (principal supervisor, Co-advisor: Kemal Leblebicio\u011flu).<\/li>\n<li><strong><em>Serhat \u0130nan<\/em><\/strong>, \u201cA K-Pulse Synthesis Technique Using Genetic Algorithms and Target Classification,\u201d January, 1996 (sole supervisor).<\/li>\n<li><strong><em>Alpay Birer<\/em><\/strong>, \u201cRayleigh Backscattering Theory for Multimode Optical Fibers and Its Applications to Distributed Temperature Sensing,\u201d September, 1995 (sole supervisor).<\/li>\n<li><strong><em>\u015eahin Kaya \u00d6zdemir<\/em><\/strong>, \u201cSurface Plasmon Resonance Theory and Applications in Optical Sensing,\u201d August 1995 (sole supervisor).<\/li>\n<\/ol>\n","protected":false},"excerpt":{"rendered":"<p>PhD Theses Supervised (Completed) Kadir \u00dcst\u00fcn, &#8220;Metamaterial Based Wideband\u00a0Infrared Absorbers,&#8221; August 2017 (sole supervisor). \u00d6znur T\u00fcrkmen K\u00fc\u00e7\u00fcksar\u0131, \u201cNovel Multi-Band Metamaterials in Microwave Region with Applications in Antennas,\u201d July 2014 (sole &hellip; <a class=\"readmore\" href=\"https:\/\/blog.metu.edu.tr\/gtsayan\/supervision\/\">Continue Reading &rarr;<\/a><\/p>\n","protected":false},"author":2456,"featured_media":0,"parent":0,"menu_order":0,"comment_status":"closed","ping_status":"closed","template":"","meta":{"footnotes":"","_links_to":"","_links_to_target":""},"class_list":["post-22","page","type-page","status-publish","hentry"],"_links":{"self":[{"href":"https:\/\/blog.metu.edu.tr\/gtsayan\/wp-json\/wp\/v2\/pages\/22","targetHints":{"allow":["GET"]}}],"collection":[{"href":"https:\/\/blog.metu.edu.tr\/gtsayan\/wp-json\/wp\/v2\/pages"}],"about":[{"href":"https:\/\/blog.metu.edu.tr\/gtsayan\/wp-json\/wp\/v2\/types\/page"}],"author":[{"embeddable":true,"href":"https:\/\/blog.metu.edu.tr\/gtsayan\/wp-json\/wp\/v2\/users\/2456"}],"replies":[{"embeddable":true,"href":"https:\/\/blog.metu.edu.tr\/gtsayan\/wp-json\/wp\/v2\/comments?post=22"}],"version-history":[{"count":0,"href":"https:\/\/blog.metu.edu.tr\/gtsayan\/wp-json\/wp\/v2\/pages\/22\/revisions"}],"wp:attachment":[{"href":"https:\/\/blog.metu.edu.tr\/gtsayan\/wp-json\/wp\/v2\/media?parent=22"}],"curies":[{"name":"wp","href":"https:\/\/api.w.org\/{rel}","templated":true}]}}