{"id":18,"date":"2015-04-17T18:08:35","date_gmt":"2015-04-17T15:08:35","guid":{"rendered":"http:\/\/blog.metu.edu.tr\/gtsayan\/?page_id=18"},"modified":"2019-09-05T23:18:24","modified_gmt":"2019-09-05T20:18:24","slug":"administrative-academic-duties-and-services","status":"publish","type":"page","link":"https:\/\/blog.metu.edu.tr\/gtsayan\/administrative-academic-duties-and-services\/","title":{"rendered":"Duties"},"content":{"rendered":"<p>&nbsp;<\/p>\n<ul>\n<li><em><strong>Vice President, <\/strong>Middle East Technical University (METU), August 2, 2016-August 14, 2017.<\/em><\/li>\n<li><\/li>\n<li><strong>Chairperson of the Executive Board<\/strong>, ODTU-TEKNOKENT A.\u015e. (METU-Technopark), <em>August 2, 2016-August 14, 2017.<\/em><\/li>\n<li><\/li>\n<li><strong><em>Executive Board Member, <\/em><\/strong><em>T\u00dcB\u0130TAK UZAY<\/em>, April 2015-March 2019.<\/li>\n<li><\/li>\n<li><strong><em>Chairperson, <\/em><\/strong><em>Department of Electrical and Electronics Engineering, METU<\/em>, June 1, 2013-August 1, 2016.<\/li>\n<li><\/li>\n<li><em><strong>Executive Board Member, <\/strong>ODT\u00dc-\u00d6GEM<\/em>,\u00a0October 2015-October 2018.<\/li>\n<li><\/li>\n<li><strong><em>Member of the Board of Trustees, <\/em><\/strong><em>METU Prof. Dr. Mustafa N. Parlar Foundation of Education and Research, <\/em>June 2013-August 2016.<\/li>\n<li><\/li>\n<li><strong><em>Member<\/em><\/strong>, <em>Undergraduate Education Committee of the Faculty of Engineering, METU<\/em>, Sept. 2004-Sept. 2007.<\/li>\n<\/ul>\n<ul>\n<li><strong><em>Member<\/em><\/strong> of the <em>Undergraduate Curriculum Committee of the Department of Electrical and Electronics Engineering at METU<\/em>, Sept. 2001-Aug. 2004.<\/li>\n<\/ul>\n<ul>\n<li><strong><em>Executive Board Member<\/em><\/strong> of the <strong><em>URSI<\/em><\/strong><em> (Union Radio Science Internationale) -Turkish National Committee, Sept. 2001-Sept. 2006.<\/em><\/li>\n<\/ul>\n<ul>\n<li><strong><em>Director <\/em><\/strong><em>of the Commission D for Electronics and Optics of <strong>URSI<\/strong> &#8211; Turkish National Committee, Sep. 2001-2008.<\/em><\/li>\n<\/ul>\n<ul>\n<li><strong><em>Leader of the Turkish Delegation <\/em><\/strong>to the <strong><em>NATO-SET Panel TG-17 Task Group <\/em><\/strong>on the <em>Aircraft and Missile Electro-Optic Signature Modelling, 1999-2002.<\/em><\/li>\n<\/ul>\n","protected":false},"excerpt":{"rendered":"<p>&nbsp; Vice President, Middle East Technical University (METU), August 2, 2016-August 14, 2017. Chairperson of the Executive Board, ODTU-TEKNOKENT A.\u015e. (METU-Technopark), August 2, 2016-August 14, 2017. Executive Board Member, T\u00dcB\u0130TAK &hellip; <a class=\"readmore\" href=\"https:\/\/blog.metu.edu.tr\/gtsayan\/administrative-academic-duties-and-services\/\">Continue Reading &rarr;<\/a><\/p>\n","protected":false},"author":2456,"featured_media":0,"parent":0,"menu_order":0,"comment_status":"closed","ping_status":"closed","template":"","meta":{"footnotes":"","_links_to":"","_links_to_target":""},"class_list":["post-18","page","type-page","status-publish","hentry"],"_links":{"self":[{"href":"https:\/\/blog.metu.edu.tr\/gtsayan\/wp-json\/wp\/v2\/pages\/18","targetHints":{"allow":["GET"]}}],"collection":[{"href":"https:\/\/blog.metu.edu.tr\/gtsayan\/wp-json\/wp\/v2\/pages"}],"about":[{"href":"https:\/\/blog.metu.edu.tr\/gtsayan\/wp-json\/wp\/v2\/types\/page"}],"author":[{"embeddable":true,"href":"https:\/\/blog.metu.edu.tr\/gtsayan\/wp-json\/wp\/v2\/users\/2456"}],"replies":[{"embeddable":true,"href":"https:\/\/blog.metu.edu.tr\/gtsayan\/wp-json\/wp\/v2\/comments?post=18"}],"version-history":[{"count":0,"href":"https:\/\/blog.metu.edu.tr\/gtsayan\/wp-json\/wp\/v2\/pages\/18\/revisions"}],"wp:attachment":[{"href":"https:\/\/blog.metu.edu.tr\/gtsayan\/wp-json\/wp\/v2\/media?parent=18"}],"curies":[{"name":"wp","href":"https:\/\/api.w.org\/{rel}","templated":true}]}}