{"id":17,"date":"2015-04-17T18:06:52","date_gmt":"2015-04-17T15:06:52","guid":{"rendered":"http:\/\/blog.metu.edu.tr\/gtsayan\/?page_id=17"},"modified":"2024-06-27T17:21:42","modified_gmt":"2024-06-27T14:21:42","slug":"award-scholarships","status":"publish","type":"page","link":"https:\/\/blog.metu.edu.tr\/gtsayan\/award-scholarships\/","title":{"rendered":"Awards and Recognitions"},"content":{"rendered":"<ul>\n<li><strong><em>Life Member<\/em><\/strong><strong>, IEEE<\/strong> (Institute of Electrical and Electronics Eng.), 2023.<\/li>\n<li><\/li>\n<li><em><strong>NATO Science and Technology Organization-SCI Panel Excellence Award <\/strong><\/em>, &#8220;<em><strong>SCI-298 Task Group<\/strong>: Analysis of Identification and Neutralization Methods and Technologies for Countering Improvised Explosive Devices<\/em>, C-IED,&#8221; by Mark Cumo (Chair-USA), Kevin Hong (AUS), Simon Reindl (DEU), Eric Kroon (NLD), Ryszard Waclawik (POL), G\u00f6zde Akar (TUR), Fatih Do\u011frudur (TUR), G\u00f6n\u00fcl Turhan Sayan (TUR), Mike Pocratsky (USA), June 2022.<\/li>\n<li><\/li>\n<li><strong><em>Performance Award<\/em><\/strong> <strong><em>for the period 2015-2017 (top ten percent),<\/em><\/strong> Faculty of Engineering, METU, July 2018.<\/li>\n<li><\/li>\n<li><strong><em>\u00a0Advisor of the PhD Dissertation <\/em><\/strong><em>winning <\/em><em>the<\/em><strong><em> IEEE-2017 Best PhD Theses of Turkey Award <\/em><\/strong><em>in<\/em><strong><em> December 2017. <\/em><\/strong><em>The award was given for the dissertation <\/em><em>entitled \u201c<strong>Metamaterial Based Wideband Infrared Absorbers<\/strong>\u201d, August 2017 by <strong>Kadir \u00dcst\u00fcn<\/strong>.<\/em><\/li>\n<li><\/li>\n<li><strong><em>URSI <\/em><em>L. Felsen-Best Student Paper Award-3rd Place<\/em><\/strong> for the<strong>\u00a0<\/strong>paper: K\u0131z\u0131l\u00f6tesi Bantlarda \u0130nce Metamalzeme S\u00f6n\u00fcmleyici Tasar\u0131m\u0131 Kadir \u00dcst\u00fcn , G\u00f6n\u00fcl Turhan-Sayan (Dan\u0131\u015fman) <em>URSI-T\u00dcRK\u0130YE\u20192016 VIII. Bilimsel Kongresi<\/em>, Ankara,\u00a01-3\u00a0Eyl\u00fcl 2016.<strong>\u00a0<\/strong><\/li>\n<li><\/li>\n<li><strong><em>Performance Award<\/em><\/strong> <strong><em>for the period 2013-2015,<\/em><\/strong> Faculty of Engineering, METU, July 2016.<\/li>\n<li><\/li>\n<li><strong><em>Advisor of the Best PhD Dissertation, METU in 2013-2014 Academic Year<\/em><br \/>\n<em>METU Prof. Dr. Mustafa N. Parlar Foundation of Education and Research<\/em><br \/>\n<\/strong>(ODT\u00dc Prof. Dr. Mustafa N. Parlar E\u011fitim ve Ara\u015ft\u0131rma Vakf\u0131),<br \/>\nDecember 19, 2014 awarded for the dissertation: \u201c<em><strong>Novel Multi-Band Metamaterials in Microwave Region with Applications in Antennas<\/strong><\/em>,\u201d July, 2014 by <strong><em>\u00d6znur T\u00fcrkmen K\u00fc\u00e7\u00fcksar\u0131<\/em><\/strong><\/li>\n<li><\/li>\n<li><strong><em>Performance Award<\/em><\/strong> <strong><em>for the period 2011-2013,<\/em><\/strong> Faculty of Engineering, METU, June 2014.<\/li>\n<\/ul>\n<ul>\n<li><strong><em>Advisor of the Best PhD Dissertation, METU in 2010-2011 Academic Year<br \/>\n<\/em><\/strong><strong>METU Prof. Dr. Mustafa N. Parlar Foundation of Education and Research<\/strong><br \/>\n(ODT\u00dc Prof. Dr. Mustafa N. Parlar E\u011fitim ve Ara\u015ft\u0131rma Vakf\u0131),<br \/>\nDecember 19, 2011 awarded for the dissertation: \u201c<strong><em>Design, Fabrication and Characterization of Novel Metamaterials in Microwave and Terahertz Regions: Multi-Band, Frequency-Tunable and Miniaturized Structures<\/em><\/strong>,\u201d December, 2010 by <strong><em>Evren Ekmek\u00e7i<\/em><\/strong><\/li>\n<\/ul>\n<ul>\n<li><strong><em>Performance Award<\/em><\/strong> <strong><em>for the period 2008-2010,<\/em><\/strong> Faculty of Engineering, METU, June 2011.<\/li>\n<\/ul>\n<ul>\n<li><strong><em>Performance Award<\/em><\/strong> <strong><em>for the period 2002-2004,<\/em><\/strong> Faculty of Engineering, METU, June 2005.<\/li>\n<\/ul>\n<ul>\n<li><strong><em>Senior Member<\/em><\/strong><strong>, IEEE<\/strong> (Institute of Electrical and Electronics Eng.), <strong><em><span style=\"text-decoration: underline\">elected<\/span><\/em><\/strong> in 2004.<\/li>\n<\/ul>\n<ul>\n<li><strong><em>Outstanding Research Paper Award in Engineering<\/em><\/strong><em>, <\/em>for the paper<em> \u201c<strong>Target Identification Using the K-Pulse Technique<\/strong><\/em>\u201d, 1988 CGS Forum, The Ohio State University, April 16, 1988<\/li>\n<\/ul>\n<ul>\n<li><strong><em>FULBRIGHT Scholarship <\/em><\/strong>for Ph.D. studies (Sept., 1983 \u2013 May 1984)<\/li>\n<\/ul>\n<ul>\n<li><strong><em>TUB\u0130TAK Scholarship <\/em><\/strong>for studies at<\/li>\n<li>High school (1972 \u2013 1974)<\/li>\n<li>Undergraduate program (1974 \u2013 1979)<\/li>\n<li>Graduate program (1979 \u2013 1984)<\/li>\n<\/ul>\n<ul>\n<li><strong><em>High Honor Graduate, B.S<\/em><\/strong>. in Electrical Engineering at METU, 1979.<\/li>\n<\/ul>\n<ul>\n<li><strong><em>Valedictorian, <\/em><\/strong> Ankara K\u0131z Lisesi (high school), 1974.<\/li>\n<\/ul>\n","protected":false},"excerpt":{"rendered":"<p>Life Member, IEEE (Institute of Electrical and Electronics Eng.), 2023. NATO Science and Technology Organization-SCI Panel Excellence Award , &#8220;SCI-298 Task Group: Analysis of Identification and Neutralization Methods and Technologies &hellip; <a class=\"readmore\" href=\"https:\/\/blog.metu.edu.tr\/gtsayan\/award-scholarships\/\">Continue Reading &rarr;<\/a><\/p>\n","protected":false},"author":2456,"featured_media":0,"parent":0,"menu_order":0,"comment_status":"closed","ping_status":"closed","template":"","meta":{"footnotes":"","_links_to":"","_links_to_target":""},"class_list":["post-17","page","type-page","status-publish","hentry"],"_links":{"self":[{"href":"https:\/\/blog.metu.edu.tr\/gtsayan\/wp-json\/wp\/v2\/pages\/17","targetHints":{"allow":["GET"]}}],"collection":[{"href":"https:\/\/blog.metu.edu.tr\/gtsayan\/wp-json\/wp\/v2\/pages"}],"about":[{"href":"https:\/\/blog.metu.edu.tr\/gtsayan\/wp-json\/wp\/v2\/types\/page"}],"author":[{"embeddable":true,"href":"https:\/\/blog.metu.edu.tr\/gtsayan\/wp-json\/wp\/v2\/users\/2456"}],"replies":[{"embeddable":true,"href":"https:\/\/blog.metu.edu.tr\/gtsayan\/wp-json\/wp\/v2\/comments?post=17"}],"version-history":[{"count":0,"href":"https:\/\/blog.metu.edu.tr\/gtsayan\/wp-json\/wp\/v2\/pages\/17\/revisions"}],"wp:attachment":[{"href":"https:\/\/blog.metu.edu.tr\/gtsayan\/wp-json\/wp\/v2\/media?parent=17"}],"curies":[{"name":"wp","href":"https:\/\/api.w.org\/{rel}","templated":true}]}}