{"id":25,"date":"2025-02-13T10:08:30","date_gmt":"2025-02-13T07:08:30","guid":{"rendered":"https:\/\/blog.metu.edu.tr\/farinc\/?page_id=25"},"modified":"2025-02-24T16:42:47","modified_gmt":"2025-02-24T13:42:47","slug":"home","status":"publish","type":"page","link":"https:\/\/blog.metu.edu.tr\/farinc\/","title":{"rendered":"Home"},"content":{"rendered":"\n<div class=\"wp-block-columns is-layout-flex wp-container-core-columns-is-layout-9d6595d7 wp-block-columns-is-layout-flex\">\n<div class=\"wp-block-column is-layout-flow wp-block-column-is-layout-flow\">\n<div class=\"wp-block-columns is-layout-flex wp-container-core-columns-is-layout-9d6595d7 wp-block-columns-is-layout-flex\">\n<div class=\"wp-block-column is-layout-flow wp-block-column-is-layout-flow\">\n<figure class=\"wp-block-image size-large\"><img loading=\"lazy\" decoding=\"async\" width=\"1024\" height=\"189\" src=\"https:\/\/blog.metu.edu.tr\/farinc\/files\/2025\/02\/image-1024x189.png\" alt=\"\" class=\"wp-image-33\" srcset=\"https:\/\/blog.metu.edu.tr\/farinc\/files\/2025\/02\/image-1024x189.png 1024w, https:\/\/blog.metu.edu.tr\/farinc\/files\/2025\/02\/image-300x55.png 300w, https:\/\/blog.metu.edu.tr\/farinc\/files\/2025\/02\/image-768x142.png 768w, https:\/\/blog.metu.edu.tr\/farinc\/files\/2025\/02\/image.png 1156w\" sizes=\"auto, (max-width: 1024px) 100vw, 1024px\" \/><\/figure>\n<\/div>\n<\/div>\n\n\n\n<div class=\"wp-block-media-text is-stacked-on-mobile\"><figure class=\"wp-block-media-text__media\"><img loading=\"lazy\" decoding=\"async\" width=\"671\" height=\"591\" src=\"https:\/\/blog.metu.edu.tr\/farinc\/files\/2025\/02\/Faruk-1.jpg\" alt=\"\" class=\"wp-image-28 size-full\" srcset=\"https:\/\/blog.metu.edu.tr\/farinc\/files\/2025\/02\/Faruk-1.jpg 671w, https:\/\/blog.metu.edu.tr\/farinc\/files\/2025\/02\/Faruk-1-300x264.jpg 300w\" sizes=\"auto, (max-width: 671px) 100vw, 671px\" \/><\/figure><div class=\"wp-block-media-text__content\">\n<p><strong>Ret. Prof. Dr. \u015eerif Faruk Arin\u00e7<br><\/strong>Engineering Faculty<br>Mechanical Engineering Department<br><strong>Room:<\/strong> E-206<br><strong>Email: <\/strong>farinc@metu.edu.tr<\/p>\n\n\n\n<p><\/p>\n<\/div><\/div>\n<\/div>\n<\/div>\n\n\n\n<div class=\"wp-block-columns is-layout-flex wp-container-core-columns-is-layout-9d6595d7 wp-block-columns-is-layout-flex\">\n<div class=\"wp-block-column is-layout-flow wp-block-column-is-layout-flow\">\n<p><mark style=\"color:#ff8200\" class=\"has-inline-color\"><strong>EDUCATION<\/strong><br><\/mark><strong>Degree: <\/strong>B.Sc. <strong>Year:<\/strong> 1968 <strong>Discipline:<\/strong> Mechanical Engineering <strong>University: <\/strong>Middle East Technical University <strong>Country:<\/strong> Turkey<br><strong>Degree:<\/strong>M.Sc. <strong>Year:<\/strong>1970 <strong>Discipline:<\/strong> Mechanical Engineering <strong>University<\/strong>: Middle East Technical University Country: Turkey<br><strong>Degree: <\/strong>Ph.D. <strong>Year:<\/strong> 1976 <strong>Discipline:<\/strong> Nuclear Engineering <strong>University:<\/strong> North Carolina State University Country: U.S.A<\/p>\n<\/div>\n<\/div>\n\n\n\n<div class=\"wp-block-columns is-layout-flex wp-container-core-columns-is-layout-9d6595d7 wp-block-columns-is-layout-flex\">\n<div class=\"wp-block-column is-layout-flow wp-block-column-is-layout-flow\">\n<p><strong><mark style=\"color:#ff8200\" class=\"has-inline-color\">EMPLOYMENT RECORD<\/mark><\/strong><br><strong>Position:<\/strong> Assistant <strong>From:<\/strong> 1968 <strong>To: <\/strong>1970 <strong>Institution:<\/strong> Mechanical Engineering Department, Middle East Technical University <strong>Country <\/strong>: Turkey<br><strong>Position: <\/strong>Teaching Assistant <strong>From:<\/strong> 1968 <strong>To: <\/strong>1974 <strong>Institution:<\/strong> Nuclear Engineering Department, North Carolina State University Country : U.S.A<br><strong>Position:<\/strong> Research Assistant <strong>From:<\/strong> 1974 <strong>To:<\/strong> 1976 Institution: Nuclear Engineering Department, North Carolina State University Country : U.S.A<br><strong>Position:<\/strong> Instructor <strong>From:<\/strong> 1976 <strong>To:<\/strong> 1977 Institution: Mechanical Engineering Department, Middle East Technical University Country: Turkey<br><strong>Position: <\/strong>Assistant Professor <strong>From:<\/strong> 1977 <strong>To:<\/strong> 1980 Institution: Mechanical Engineering Department, Middle East Technical University <strong>Country:<\/strong> Turkey<br><strong>Position:<\/strong> Associate Professor <strong>From:<\/strong> 1980 <strong>To:<\/strong> 1988 <strong>Institution:<\/strong> Mechanical Engineering Department, Middle East Technical University <strong>Country:<\/strong> Turkey<br><strong>Position:<\/strong> Visiting Associate Professor <strong>From: <\/strong>1985 <strong>To: <\/strong>1986 <strong>Institution: <\/strong>Rensellear Polytechnic Institute, Hartford Graduate Center, <strong>Country:<\/strong> U.S.A<br><strong>Position:<\/strong> Visiting Associate Professor <strong>From:<\/strong> 1986 <strong>To:<\/strong> 1987 <strong>Institution:<\/strong> Mechanical Engineering Department, Connecticut State University <strong>Country: <\/strong>U.S.A.<br><strong>Position: <\/strong>Professor <strong>From:<\/strong> 1988 <strong>To:<\/strong> 2012 <strong>Institution: <\/strong>Mechanical Engineering Department, Middle East Technical University <strong>Country:<\/strong> Turkey<br><strong>Position:<\/strong> Director of Computer Center <strong>From:<\/strong> 1988 <strong>To: <\/strong>1993 Institution: Higher Educational Council of Turkey \u2013 Y\u00d6K, <strong>Country: <\/strong>Turkey<br><strong>Position:<\/strong> Secretary General <strong>From:<\/strong> 1994 <strong>To:<\/strong> Present Institution: International Centre for Heat and Mass Transfer &#8211; ICHMT<br><strong>Position:<\/strong> Head of Department of International Cooperation <strong>From:<\/strong> 2004 To: 2006 <strong>Institution:<\/strong> Scientific and Technological Research Council of Turkey \u2013 T\u00dcB\u0130TAK, <strong>Country:<\/strong> Turkey<br><strong>Position<\/strong>: Retired Professor of Mechanical Engineering<strong> From: <\/strong>2012 To: Present<br><strong>Position:<\/strong> Part-time Instructor <strong>From:<\/strong> 2013 <strong>To:<\/strong> 2023 <strong>Institution:<\/strong> Bilkent University, Mechanical Engineering Department<br><strong>Position:<\/strong> Part-time Instructor <strong>From: <\/strong>2013 <strong>To:<\/strong> Present<strong> Institution:<\/strong> Middle East Technical University, Mechanical Engineering Department<\/p>\n<\/div>\n<\/div>\n\n\n\n<div class=\"wp-block-columns is-layout-flex wp-container-core-columns-is-layout-9d6595d7 wp-block-columns-is-layout-flex\">\n<div class=\"wp-block-column is-layout-flow wp-block-column-is-layout-flow\">\n<p><strong><mark style=\"color:#ff8200\" class=\"has-inline-color\">SELECTED PUBLICATIONS<\/mark><\/strong><br><strong>Title:<\/strong> Simulation of Dissolution of Silicon in an Indium Solution by Spectral Methods <strong>Authors:<\/strong> A. \u00dcmit Co\u015fkun, Y. Yener, F. Ar\u0131n\u00e7 <strong>Journal:<\/strong> Modeling and Simulation in Materials Science and Engineering <strong>Vol <\/strong>:10<strong> Pages :<\/strong>539-550 <strong>Year<\/strong> :2002<br><strong>Title: <\/strong>Lateral Heating Effects on the PVT Growth Process of Hg2Cl2 Crystals <strong>Authors:<\/strong> A. \u00dcmit Co\u015fkun, Y. Yener, F. Ar\u0131n\u00e7 Journal: Modeling and Simulation in Materials Science and Engineering <strong>Vol :11<\/strong> <strong>Pages :<\/strong>233-249 <strong>Year :<\/strong>2003<br><strong>Title<\/strong>: An Iterative Algorithm for the Computation of Chebychev-Tau Coefficients in the So\u0131lution of 2D Advection-Diffusion Equations Authors: A. \u00dcmit Co\u015fkun, Y. Yener, F. Ar\u0131n\u00e7 Journal: Submitted for publication in Int. Journal for Numerical Methods in Fluids<br>Title: Comparison Between Performances of Monte Carlo Method and Method of Lines Solution of Discrete Ordinates Method <strong>Authors:<\/strong> G. Demirkaya, F. Ar\u0131n\u00e7, N. Sel\u00e7uk, I. Ayranc\u0131 Journal: Submitted to 4th Int. Symposium on Radiative Transfer (Istanbul, 2004) and for publication in Journal of Quantitative Spectroscopy and Radiative Transfer<br><strong>Title (Proceedings): <\/strong>Transient Convective Heat and Mass Transfer in Single and Two-Phase Flows, 17-22 August 2003, Cesme, Turkey, <strong>Editors<\/strong>: J. Padet and F. Ar\u0131n\u00e7 <strong>Publisher: <\/strong>Begell House Inc.<\/p>\n<\/div>\n<\/div>\n\n\n\n<div class=\"wp-block-columns is-layout-flex wp-container-core-columns-is-layout-9d6595d7 wp-block-columns-is-layout-flex\">\n<div class=\"wp-block-column is-layout-flow wp-block-column-is-layout-flow\">\n<p><strong><mark style=\"color:#ff8200\" class=\"has-inline-color\">RECENT PROFESSIONAL ACTIVITIES<\/mark><\/strong><br><strong>Position:<\/strong> Member of the Executive Committee of International Centre for Heat and Mass Transfer (ICHMT), <strong>From:<\/strong> 1994 <strong>To:<\/strong> Present<br><strong>Position:<\/strong> Member of the Executive Committee of International Centre for Heat and Mass Transfer (ICHMT), <strong>From: <\/strong>1994 <strong>To: <\/strong>2018<br><strong>Position: <\/strong>Member of the Executive Committee of ASME Turkish Division<strong> From:<\/strong> 2000 <strong>To<\/strong>: 2018<br><strong>Position: <\/strong>Honorary member of the Editorial Board of International Journal of Heat and Mass Transfer<strong> From:<\/strong> 1994 <strong>To:<\/strong> Present<br><strong>Position:<\/strong> Member of the Executive Committee, \u00d6SYM <strong>From: <\/strong>2002 <strong>To:<\/strong> 2006<br><strong>Position:<\/strong> Honorary member of the Executive Committee of Heat and Mass Transfer (ICHMT) <strong>From: <\/strong>2018 <strong>To:<\/strong> Present<\/p>\n<\/div>\n<\/div>\n\n\n\n<div class=\"wp-block-columns is-layout-flex wp-container-core-columns-is-layout-9d6595d7 wp-block-columns-is-layout-flex\">\n<div class=\"wp-block-column is-layout-flow wp-block-column-is-layout-flow\">\n<p><strong><mark style=\"color:#ff8200\" class=\"has-inline-color\">MEMBERSHIPS &amp; AWARDS<\/mark><\/strong><br><strong>Position:<\/strong> Member of the Executive Committee of ASME Turkish Division <strong>From:<\/strong> 2000 <strong>To:<\/strong> Present<br><strong>Position: <\/strong>Member of Honorary Board of Editors, International Journal of Heat and Mass Transfer<strong> From:<\/strong> 2000 <strong>To: <\/strong>Present<br><strong>Award:<\/strong> Fellowship Award, International Centre for Heat and Mass Transfer, 1997<br><strong>Position:<\/strong> Honorary Member of the Executive Committee of Heat and Mass Transfer (ICHMT) <strong>From: <\/strong>2018 <strong>To:<\/strong> Present<\/p>\n<\/div>\n<\/div>\n\n\n\n<div class=\"wp-block-columns is-layout-flex wp-container-core-columns-is-layout-9d6595d7 wp-block-columns-is-layout-flex\"><\/div>\n","protected":false},"excerpt":{"rendered":"<p>Ret. Prof. Dr. \u015eerif Faruk Arin\u00e7Engineering FacultyMechanical Engineering DepartmentRoom: E-206Email: farinc@metu.edu.tr EDUCATIONDegree: B.Sc. Year: 1968 Discipline: Mechanical Engineering University: Middle East Technical University Country: TurkeyDegree:M.Sc. Year:1970 Discipline: Mechanical Engineering University: Middle East Technical University Country: TurkeyDegree: Ph.D. Year: 1976 Discipline: <a class=\"more-link\" href=\"https:\/\/blog.metu.edu.tr\/farinc\/\">Read More &#8230;<\/a><\/p>\n","protected":false},"author":9111,"featured_media":0,"parent":0,"menu_order":0,"comment_status":"closed","ping_status":"closed","template":"","meta":{"footnotes":"","_links_to":"","_links_to_target":""},"class_list":["post-25","page","type-page","status-publish","hentry"],"_links":{"self":[{"href":"https:\/\/blog.metu.edu.tr\/farinc\/wp-json\/wp\/v2\/pages\/25","targetHints":{"allow":["GET"]}}],"collection":[{"href":"https:\/\/blog.metu.edu.tr\/farinc\/wp-json\/wp\/v2\/pages"}],"about":[{"href":"https:\/\/blog.metu.edu.tr\/farinc\/wp-json\/wp\/v2\/types\/page"}],"author":[{"embeddable":true,"href":"https:\/\/blog.metu.edu.tr\/farinc\/wp-json\/wp\/v2\/users\/9111"}],"replies":[{"embeddable":true,"href":"https:\/\/blog.metu.edu.tr\/farinc\/wp-json\/wp\/v2\/comments?post=25"}],"version-history":[{"count":0,"href":"https:\/\/blog.metu.edu.tr\/farinc\/wp-json\/wp\/v2\/pages\/25\/revisions"}],"wp:attachment":[{"href":"https:\/\/blog.metu.edu.tr\/farinc\/wp-json\/wp\/v2\/media?parent=25"}],"curies":[{"name":"wp","href":"https:\/\/api.w.org\/{rel}","templated":true}]}}