{"id":116,"date":"2025-02-18T16:45:02","date_gmt":"2025-02-18T13:45:02","guid":{"rendered":"https:\/\/blog.metu.edu.tr\/farinc\/?page_id=116"},"modified":"2025-02-19T07:43:33","modified_gmt":"2025-02-19T04:43:33","slug":"turk-sanat-muzigi","status":"publish","type":"page","link":"https:\/\/blog.metu.edu.tr\/farinc\/turk-sanat-muzigi\/","title":{"rendered":"T\u00fcrk Sanat Musikisi"},"content":{"rendered":"\n<p><\/p>\n\n\n\n<div class=\"wp-block-columns is-layout-flex wp-container-core-columns-is-layout-9d6595d7 wp-block-columns-is-layout-flex\">\n<div class=\"wp-block-column is-layout-flow wp-block-column-is-layout-flow\" style=\"flex-basis:33.33%\">\n<h2 class=\"wp-block-heading\">T\u00fcrk Sanat Musikisi<\/h2>\n<\/div>\n\n\n\n<div class=\"wp-block-column is-layout-flow wp-block-column-is-layout-flow\" style=\"flex-basis:66.66%\">\n<figure class=\"wp-block-table\"><table class=\"has-fixed-layout\"><tbody><tr><td>Makamlar \u015eark\u0131lar Usuller<\/td><\/tr><tr><td>Usuller ve \u015eark\u0131lar<\/td><\/tr><tr><td>Usuller<\/td><\/tr><tr><td>Nazariyat<\/td><\/tr><tr><td>Osmanl\u0131-T\u00fcrk Musiki Bi\u00e7imleri<\/td><\/tr><\/tbody><\/table><\/figure>\n<\/div>\n<\/div>\n\n\n\n<p><\/p>\n","protected":false},"excerpt":{"rendered":"<p>T\u00fcrk Sanat Musikisi Makamlar \u015eark\u0131lar Usuller Usuller ve \u015eark\u0131lar Usuller Nazariyat Osmanl\u0131-T\u00fcrk Musiki Bi\u00e7imleri<\/p>\n","protected":false},"author":9111,"featured_media":0,"parent":0,"menu_order":0,"comment_status":"closed","ping_status":"closed","template":"","meta":{"footnotes":"","_links_to":"","_links_to_target":""},"class_list":["post-116","page","type-page","status-publish","hentry"],"_links":{"self":[{"href":"https:\/\/blog.metu.edu.tr\/farinc\/wp-json\/wp\/v2\/pages\/116","targetHints":{"allow":["GET"]}}],"collection":[{"href":"https:\/\/blog.metu.edu.tr\/farinc\/wp-json\/wp\/v2\/pages"}],"about":[{"href":"https:\/\/blog.metu.edu.tr\/farinc\/wp-json\/wp\/v2\/types\/page"}],"author":[{"embeddable":true,"href":"https:\/\/blog.metu.edu.tr\/farinc\/wp-json\/wp\/v2\/users\/9111"}],"replies":[{"embeddable":true,"href":"https:\/\/blog.metu.edu.tr\/farinc\/wp-json\/wp\/v2\/comments?post=116"}],"version-history":[{"count":0,"href":"https:\/\/blog.metu.edu.tr\/farinc\/wp-json\/wp\/v2\/pages\/116\/revisions"}],"wp:attachment":[{"href":"https:\/\/blog.metu.edu.tr\/farinc\/wp-json\/wp\/v2\/media?parent=116"}],"curies":[{"name":"wp","href":"https:\/\/api.w.org\/{rel}","templated":true}]}}