{"id":16,"date":"2013-04-05T00:13:57","date_gmt":"2013-04-04T21:13:57","guid":{"rendered":"http:\/\/blog.metu.edu.tr\/etaymaz\/?page_id=16"},"modified":"2016-02-21T13:36:40","modified_gmt":"2016-02-21T11:36:40","slug":"cv","status":"publish","type":"page","link":"https:\/\/blog.metu.edu.tr\/etaymaz\/cv\/","title":{"rendered":"CV"},"content":{"rendered":"<h1 style=\"text-align: left\">Erol Taymaz<\/h1>\n<p>Department of Economics<br \/>\nMiddle East Technical University<br \/>\nAnkara 06531 Turkey<br \/>\nTel: (90 312) 210 3034<br \/>\nFax: (90 312) 210 1244<br \/>\nHome page: <a href=\"http:\/\/www.metu.edu.tr\/%7Eetaymaz\/\">http:\/\/www.metu.edu.tr\/~etaymaz\/<\/a><br \/>\ne-mail: <a href=\"mailto:%20etaymaz@metu.edu.tr\">etaymaz@metu.edu.tr<\/a><\/p>\n<h2>Research interests<\/h2>\n<ul type=\"disc\">\n<li>Technology, innovation and development<\/li>\n<li>Industrial policy, technology policy, enterprise policy<\/li>\n<li>Policy evaluation<\/li>\n<li>Industrial dynamics<\/li>\n<li>Entrepreneurship and small business economics<\/li>\n<li>Education and training<\/li>\n<li>Labor demand and flexibility<\/li>\n<li>Evolutionary economics<\/li>\n<li>Micro-simulation modeling<\/li>\n<\/ul>\n<h2>Education<\/h2>\n<ul type=\"disc\">\n<li>1989 Ph.D., Department of Economics, <a href=\"http:\/\/www.cwru.edu\">Case Western Reserve University<\/a>, Cleveland, USA<br \/>\nThesis: <i>Technological Capabilities and International Competitiveness: A Study on the Machine Tool Industry<\/i><\/li>\n<li>1985 M.S., Department of Economics, <a href=\"http:\/\/www.metu.edu.tr\">Middle East Technical University<\/a>, Ankara<br \/>\nThesis: <i>The Role of the Machine Tool Industry in Industrial Development with Special Reference to Turkey<\/i><\/li>\n<li>1982 B.S., Department of Mechanical Engineering, <a href=\"http:\/\/www.metu.edu.tr\">Middle East Technical University<\/a>, Ankara<\/li>\n<\/ul>\n<h2>Experience<\/h2>\n<ul type=\"disc\">\n<li>1998-Present: Professor, Department of Economics, Middle East Technical University, Ankara<\/li>\n<li>1993-1998: Associate Professor, Department of Economics, Middle East Technical University, Ankara<\/li>\n<li>1992-1993: Assistant Professor, Department of Economics, Middle East Technical University, Ankara<\/li>\n<\/ul>\n<ul>\n<li>1993-2016 (Winter): Visiting Professor, Department of Economics,Universit\u00e9 Panth\u00e9on-Assas (Paris II), Paris<\/li>\n<li>2013-2014 (Spring):\u00a0 Visiting Professor, Department of Economics, Universit\u00e9 Montesquieu Bordeaux IV, Bordeaux<\/li>\n<li>2005 (Summer): Visiting Scholar, Department of Economics, Universidad de Deusto, San Sebasti\u00e1n<\/li>\n<li>1996-1997 (Summer): Visiting Scholar, Department of Industrial Economics, Royal Institute of Technology, Stockholm<\/li>\n<\/ul>\n<ul>\n<li>2010-2014: Vice President, Middle East Technical University Northern Cyprus Campus<\/li>\n<li>2005-2006: Advisor, The Central Bank of Turkey<\/li>\n<li>2001-2004: Advisor, Scientific and Technical Research Council of Turkey (TUBITAK)<\/li>\n<li>1999-2000: Advisor, State Institute of Statistics, Turkey<\/li>\n<\/ul>\n<ul>\n<li>1989-1992: Research Fellow, Industrial Institute for Economic and Social Research (IUI), Stockholm<\/li>\n<li>1985-1989: Research Assistant, Department of Economics, Case Western Reserve University, Cleveland, USA<\/li>\n<li>1982-1985: Research Engineer, Aselsan Military Electronics Industries, Inc., Ankara<\/li>\n<\/ul>\n<h2>Awards and scholarships<\/h2>\n<ul type=\"disc\">\n<li>1998 Research and Encouragement Award, Turkish Academy of Sciences (T\u00dcBA)<\/li>\n<li>1994 Research and Encouragement Award, METU Mustafa Parlar Research and Education Foundation<\/li>\n<li>1989 Graduate Alumni Award, Case Western Reserve University<\/li>\n<li>1978 Young Scientist Scholarship, Scientific and Technical Research Council of Turkey<\/li>\n<li>1975 Young Scientist Scholarship, Scientific and Technical Research Council of Turkey<\/li>\n<\/ul>\n<h2>Courses taught<\/h2>\n<ul type=\"disc\">\n<li>ECO 280 Engineering Economics<\/li>\n<li>ECON 353 International Economics I<\/li>\n<li>ECON 411 Economics of Networks and the Internet<\/li>\n<li>ECON 444 Economics of Innovation<\/li>\n<li>ECON 448 Technology and Industrial Dynamics<\/li>\n<li>ECON 451 Industrial Economics<\/li>\n<li>ECON 498 Labor Economics<\/li>\n<li>ECON 651 Advanced Industrial Organization<\/li>\n<li>ECON 683 Applied Econometrics I<\/li>\n<li>ECON 691 Economics of Technology Policy<\/li>\n<li>ECON 692 Evolutionary Economics<\/li>\n<\/ul>\n<h2>Professional activities<\/h2>\n<ul type=\"disc\">\n<li>2011-Present: Associate Editor, <em>Journal of Productivity Analysis<\/em><\/li>\n<li>1997-Present: Research Associate, <em>Economic Research Forum<\/em>, Cairo<\/li>\n<li>2011-2015: Associate Editor, <em>\u0130ktisat, \u0130\u015fletme ve Finans<\/em><\/li>\n<li>2006-2010: Member of the Board of Management, International J.A.Schumpeter Society<\/li>\n<li>1993-2002: Member of the Editorial Board, <em>Toplum ve Bilim<\/em><\/li>\n<li>1993-1995: Editor, <em>METU Studies in Development<\/em><\/li>\n<\/ul>\n","protected":false},"excerpt":{"rendered":"<p>Erol Taymaz Department of Economics Middle East Technical University Ankara 06531 Turkey Tel: (90 312) 210 3034 Fax: (90 312) 210 1244 Home page: http:\/\/www.metu.edu.tr\/~etaymaz\/ e-mail: etaymaz@metu.edu.tr Research interests Technology, innovation and development Industrial policy, technology policy, enterprise policy Policy evaluation Industrial dynamics Entrepreneurship and small business economics Education and training Labor demand and flexibility [&hellip;]<\/p>\n","protected":false},"author":1276,"featured_media":0,"parent":0,"menu_order":0,"comment_status":"closed","ping_status":"open","template":"","meta":{"footnotes":"","_links_to":"","_links_to_target":""},"class_list":["post-16","page","type-page","status-publish","hentry"],"_links":{"self":[{"href":"https:\/\/blog.metu.edu.tr\/etaymaz\/wp-json\/wp\/v2\/pages\/16","targetHints":{"allow":["GET"]}}],"collection":[{"href":"https:\/\/blog.metu.edu.tr\/etaymaz\/wp-json\/wp\/v2\/pages"}],"about":[{"href":"https:\/\/blog.metu.edu.tr\/etaymaz\/wp-json\/wp\/v2\/types\/page"}],"author":[{"embeddable":true,"href":"https:\/\/blog.metu.edu.tr\/etaymaz\/wp-json\/wp\/v2\/users\/1276"}],"replies":[{"embeddable":true,"href":"https:\/\/blog.metu.edu.tr\/etaymaz\/wp-json\/wp\/v2\/comments?post=16"}],"version-history":[{"count":0,"href":"https:\/\/blog.metu.edu.tr\/etaymaz\/wp-json\/wp\/v2\/pages\/16\/revisions"}],"wp:attachment":[{"href":"https:\/\/blog.metu.edu.tr\/etaymaz\/wp-json\/wp\/v2\/media?parent=16"}],"curies":[{"name":"wp","href":"https:\/\/api.w.org\/{rel}","templated":true}]}}