{"id":14,"date":"2013-04-05T00:12:22","date_gmt":"2013-04-04T21:12:22","guid":{"rendered":"http:\/\/blog.metu.edu.tr\/etaymaz\/?page_id=14"},"modified":"2016-11-03T17:59:33","modified_gmt":"2016-11-03T14:59:33","slug":"publications","status":"publish","type":"page","link":"https:\/\/blog.metu.edu.tr\/etaymaz\/publications\/","title":{"rendered":"Publications"},"content":{"rendered":"<ul type=\"disc\">\n<li>2016, \u201cGlobalization, Technological Change and Labor Demand: A Firm-level Analysis for Turkey\u201d (with E. Meschi and M. Vivarelli), <i><a href=\"http:\/\/link.springer.com\/article\/10.1007\/s10290-016-0256-y\">Review of World Economics<\/a><\/i>, (152): 655\u2013680.<\/li>\n<li>2015, \u201cDemokrasiye Ge\u00e7i\u015f, Reel \u00dccretler ve Verimlilik: T\u00fcrkiye \u0130malat Sanayiinden Bulgular\u201d (with E. Voyvoda ve K. Y\u0131lmaz), in E. \u00d6z\u00e7elik and E. Taymaz (eds.), <i><a href=\"https:\/\/www.imge.com.tr\/product_info.php?products_id=148366\">T\u00fcrkiye Ekonomisinin D\u00fcn\u00fc Bug\u00fcn\u00fc Yar\u0131n\u0131: Yakup Kepenek\u2019e ve Oktar T\u00fcrel\u2019e Arma\u011fan<\/a><\/i>, Ankara: \u0130mge, pp. 141-161.<\/li>\n<li>2015, \u201cB\u00f6l\u00fc\u015f\u00fcm G\u00f6stergeleri ile 2008-2009 Krizi: T\u00fcrkiye \u00d6rne\u011fi\u201d (with Z. Ba\u015fak), in E. \u00d6z\u00e7elik and E. Taymaz (eds.), <i><a href=\"https:\/\/www.imge.com.tr\/product_info.php?products_id=148366\">T\u00fcrkiye Ekonomisinin D\u00fcn\u00fc Bug\u00fcn\u00fc Yar\u0131n\u0131: Yakup Kepenek\u2019e ve Oktar T\u00fcrel\u2019e Arma\u011fan<\/a><\/i>, Ankara: \u0130mge, pp. 91-120.<\/li>\n<li>2015, \u201cT\u00fcrkiye\u2019de Bilgi ve \u0130leti\u015fim Teknolojileri Sekt\u00f6r\u00fc: Yeri, \u00d6nemi ve Gelece\u011fi\u201d (with \u00dc. \u0130zmen, Y. K\u0131l\u0131\u00e7aslan and Y. \u00dc\u00e7do\u011fruk G\u00fcrel), in E. \u00d6z\u00e7elik and E. Taymaz (eds.), <i><a href=\"https:\/\/www.imge.com.tr\/product_info.php?products_id=148366\">T\u00fcrkiye Ekonomisinin D\u00fcn\u00fc Bug\u00fcn\u00fc Yar\u0131n\u0131: Yakup Kepenek\u2019e ve Oktar T\u00fcrel\u2019e Arma\u011fan<\/a><\/i>, Ankara: \u0130mge, pp. 57-70.<\/li>\n<li>2014, \u201cWhat have We Learned? Lessons for Enterprise Policy\u201d (with A. Ferragine and K.Y\u0131lmaz), in A. Ferragina, E. Taymaz and K. Y\u0131lmaz (eds.), <i><a href=\"http:\/\/www.routledge.com\/books\/details\/9780415836777\/\">Innovation, Globalization and Firm Dynamics: Lessons for Enterprise Policy<\/a><\/i>, Routledge, pp. 357-365.<\/li>\n<li>2014, \u201cForeign Ownership, Survival and Growth Dynamics in Turkish Manufacturing\u201c (with K. Yilmaz), in A. Ferragina, E. Taymaz and K. Yilmaz (eds.), <i><a href=\"http:\/\/www.routledge.com\/books\/details\/9780415836777\/\">Innovation, Globalization and Firm Dynamics: Lessons for Enterprise Policy<\/a><\/i>, Routledge, pp. 237-264.<\/li>\n<li>2014, <i><a href=\"http:\/\/www.routledge.com\/books\/details\/9780415836777\/\">Innovation, Globalization and Firm Dynamics: Lessons for Enterprise Policy<\/a><\/i> (edited by A. Ferragina, E. Taymaz and K. Yilmaz), Routledge, pp. 237-264.<\/li>\n<li>2013, \u201cThe Demand for Researchers: Does Public R&amp;D Support Make a Difference?\u201c (with Y. Ucdogruk), <i><a href=\"http:\/\/www.ebesweb.org\/Publications\/Eurasian-Business-Review\/Archive.aspx\">Eurasian Business Review<\/a><\/i> (3): 90-99.<\/li>\n<li>2012, \u201cMarching to the Beat of a Late Drummer: Turkey&#8217;s Experience of Neoliberal Industrialization since 1980\u201c (with E. Voyvoda), <i><a href=\"http:\/\/www.newperspectivesonturkey.net\/Journal\/Article\/119\">New Perspectives on Turkey<\/a><\/i>, No 47, pp. 83-113.<\/li>\n<li>2012, \u201cEmployment, Equality and Poverty\u201c, in M. Heper and S. Sayari (eds.), <i><a href=\"http:\/\/www.routledge.com\/books\/details\/9780415558174\/\">Handbook of Modern Turkey<\/a><\/i>, Routledge, 364-375.<\/li>\n<li>2012, \u201cKafkasya&#8217;da Ekonomik Donusum ve Kalkinma\u201c, in M. Aydin (ed.), <i><a href=\"http:\/\/www.nobelyayin.com\/detay.asp?u=3637\">Kafkaslar, Degisim, Donusum (Avrasya Uclemesi III)<\/a><\/i>, Ankara: Nobel Yayinevi, 315-348.<\/li>\n<li>2012, <i><a href=\"http:\/\/www.tubisad.org.tr\/Tr\/News\/Sayfalar\/RaporTanitimiBasinToplantisi.aspx\">Atilim icin Bilisim: Turkiye Ekonomisi icin Bilgi ve Iletisim Teknolojileri Sektoru Eliyle Atilim Stratejisi<\/a><\/i> (with U. Izmen, Y. Kilicaslan, Y. Ucdogruk and D. Sonmez), Istanbul: TUBISAD.<\/li>\n<li>2011, <i><a href=\"http:\/\/www.metu.edu.tr\/%7Eetaymaz\/uuz\">Uluslararasi Uretim Zincirlerinde Donusum ve Turkiye&#8217;nin Konumu<\/a><\/i> (with K. Yilmaz and E. Voyvoda), Istanbul: TUSIAD\/EAF.<\/li>\n<li>2011, \u201cTrade, Technology and Skills: Evidence from Turkish Microdata\u201c (with E. Meschi and M. Vivarelli), <i><a href=\"http:\/\/www.sciencedirect.com\/science\/journal\/09275371\/18\/supp\/S1\">Labour Economics<\/a><\/i> (18): S60-S70.<\/li>\n<li>2010, \u201cThe Effectiveness of Crisis Measures: The Case of Motor Vehicles Industry\u201c, in U. Efendioglu (ed.), <i><a href=\"http:\/\/www.ilo.org\/public\/libdoc\/ilo\/2010\/110B09_293_engl.pdf\">Crisis and Turkey: Impact Analysis of Crisis Response<\/a><\/i>, Ankara: ILO, pp. 41-72. [Turkish version, \u201cKriz Tedbirlerinin Etkinligi: Motorlu Kara Tasitlari Sanayii Ornegi\u201c, U. Efendioglu (der.), <i>Kriz ve Turkiye: Kriz Tedbirlerinin Etki Degerlendirmesi<\/i>, Ankara: ILO, ss. 43-74.]<\/li>\n<li>2009, \u201cIndustrial Restructuring and Technology Policy in Turkey\u201d (with E. Voyvoda), in Z. Onis and F. Senses (eds.), <a href=\"http:\/\/www.routledge.com\/books\/details\/9780415475617\/\"><i>Turkey and the Global Economy: Neo-Liberal Restructuring and Integration in the Post-Crisis Era<\/i><\/a>, Routledge, pp.145-172.<\/li>\n<li>2009, \u201cDevelopment Strategy and Evolution of Turkey&#8217;s Innovation System\u201d in J.H. Suh (ed.), <a href=\"http:\/\/www.metu.edu.tr\/%7Eetaymaz\/www.ttg.org.tr\/UserFiles\/File\/Yayinlar\/final%20report_Turkey%20KSP.pdf\"><i>Models for National Technology and Innovation Capacity Development in Turkey<\/i><\/a>, Seoul: Korea Development Institute, pp. 63-104. [Reprinted in Turkish in 2010.]<\/li>\n<li>2009, \u201cEntry, Exit and Productivity in Turkish Manufacturing Industries\u201d (with T. Pamuk\u00c3\u00a7u and K. Sekkat), in K.Sekkat (ed.), <a href=\"http:\/\/www.springer.com\/economics\/growth\/book\/978-1-4419-1036-3\"> <i>Market Dynamics and Productivity in Developing Countries: Economic Reforms in the Middle East and North Africa<\/i><\/a>, Springer, pp.109-143.<\/li>\n<li>2009, \u201cOvercoming the Double Hurdles to Investing in Technology: R&amp;D Activities of <i>Small<\/i> Firms in <i>Developing<\/i> Countries\u201d (with Y. Ucdogruk), <a href=\"http:\/\/www.kluweronline.com\/issn\/0921-898X\/contents\"><i>Small Business Economics<\/i><\/a> (33): 109-128.<\/li>\n<li>2009, \u201cHistory Matters for the Export Decision: Plant Level Evidence from Turkish Manufacturing Industry\u201d (with S. Ozler and K. Yilmaz), <a href=\"http:\/\/www.sciencedirect.com\/science\/journal\/0305750X\"><i>World Development<\/i><\/a> (37): 479-488.<i>B\u00fcy\u00fck<\/i><a href=\"http:\/\/www.metu.edu.tr\/%7Eetaymaz\/papers\/taymaz_kobi.pdf\"><i> Ba\u015far\u0131lar\u0131<\/i><\/a> (with A. Filiztekin, M. Fisuno\u011flu, Y. K\u0131l\u0131\u00c3\u00a7aslan and A. Lenger), \u0130stanbul: T\u00fcrkonfed.<\/li>\n<li>2008, \u201cLabor Market Institutions and Industrial Performance: An Evolutionary Study\u201d (with Y. Kilicaslan), <a href=\"http:\/\/link.springer.de\/link\/service\/journals\/00191\/\"><i>Journal of Evolutionary Economics<\/i><\/a> (18): 477-492.<\/li>\n<li>2008, \u201cThe Impact of Electricity Market Liberalization in Turkey: &#8216;Free Consumer&#8217; vs Distributional Monopoly Cases\u201d (with S. Bah\u00c3\u00a7e), <a href=\"http:\/\/www.sciencedirect.com\/science\/journal\/01409883\"><i>Energy Economics<\/i><\/a> (30): 1603-1624.<\/li>\n<li>2008, \u201cR&amp;D Support Programs in Developing Countries: The Turkish Experience\u201d (with E. Ozcelik), <a href=\"http:\/\/www.sciencedirect.com\/science\/journal\/00487333\"><i>Research Policy<\/i><\/a> (37): 258-275.<\/li>\n<li>2007, \u201cAssessing the Effectiveness of Incubators: The case of Turkey\u201d (with I.S. Akcomak), in Venkata Ramani, V. and Bala Krishna, A. V. (eds.), <a href=\"http:\/\/www.books.iupindia.org\/newarticle.asp?isbn=81-314-0843-4\"><i>Business Incubation: An Introduction<\/i><\/a>, Icfai Books, Icfai University Press: Hyderabad, pp. 234-265.<\/li>\n<li>2007, \u201cForeign Ownership, Competition, and Survival Dynamics\u201d (with S. Ozler), <a href=\"http:\/\/www.springerlink.com\/content\/100336\/\"><i>Review of Industrial Organization<\/i><\/a> (31): 23-42.<\/li>\n<li>2007, \u201cVision 2023: Turkey&#8217;s National Technology Foresight Program &#8211; A Contextualist Description and Analysis\u201d (with O. Saritas and T. Tumer), <a href=\"http:\/\/www.sciencedirect.com\/science\/journal\/00401625\"><i>Technological Forecasting and Social Change <\/i><\/a> (74): 1374-1393.<\/li>\n<li>2007, \u201cProductivity and Trade Orientation: Turkish Manufacturing Industry Before and After the Customs Union\u201d (with K. Yilmaz), <a href=\"http:\/\/www.dtm.gov.tr\/\"><i>Journal of International Trade and Diplomacy<\/i><\/a> (1): 127-154.<\/li>\n<li>2007, \u201cEl esp\u00c3\u00adritu emprendedor, el tama\u00c3\u00b1o de lanzamiento y la supervivencia de los peque\u00c3\u00b1os empresarios\u201d [Entrepreneurship, Start-up Size and Selection: Why do Small Entrepreneurs Fail?] (with M.Y. K\u00c3\u00b6ksal), <a href=\"http:\/\/www1.euskadi.net\/ekonomiaz\/indice_c.apl\"> <i>Ekonomiaz: Basque Economics Journal <\/i><\/a> (62\/2): 70-99.<\/li>\n<li>2006, \u201cSinai Yapi, Yapisal Degisim ve Uretkenlik\u201d (with A. Kilicaslan), <a href=\"http:\/\/www.isletme-finans.com\/\"> <i>Iktisat, Isletme ve Finans<\/i><\/a>, 247 (October): 5-23.<\/li>\n<li>2006, \u201cWho Benefits from Training and R&amp;D, the Firm or the Workers?\u201d (with G. Ballot and F. Fakhfakh), <a href=\"http:\/\/www.blackwellpublishing.com\/journal.asp?ref=0007-1080\"><i>British Journal of Industrial Relations <\/i><\/a> (44): 473-495.<\/li>\n<li>2006, \u201cTo Innovate or to Transfer? A Study on Spillovers and Foreign Firms in Turkey\u201d (with A. Lenger), <a href=\"http:\/\/link.springer.de\/link\/service\/journals\/00191\/\"><i>Journal of Evolutionary Economics<\/i><\/a> (16): 137-153. [Reprinted in F. Malerba and U. Cantner (eds.), <i>Innovation, Industrial Dynamics and Structural Transformation: Schumpeterian Legacies<\/i>, Springer, 2007, pp. 303-319.]<\/li>\n<li>2006, \u201cTransferring the Risks of Failure: Entrepreneurship and Firm Dynamics in Turkish Manufacturing\u201d (with A. G\u00fcne\u015f and K. Orhan), in E. Santarelli (ed.), <a href=\"http:\/\/www.springer.com\/west\/home\/business\/entrepreneurship?SGWID=4-40530-22-86705387-0\"><i>Entrepreneurship, Growth, and Innovation: The Dynamics of Firms and Industries<\/i><\/a>, International Studies in Entrepreneurship, Vol. 12, Springer, pp. 243-260.<\/li>\n<li>2005, <a href=\"http:\/\/www.metu.edu.tr\/%7Eetaymaz\/papers\/fmcg.pdf\"><i>Fast Moving Consumer Goods: Competitive Conditions and Policies<\/i><\/a>, (with A. Celen and T. Erdogan), Ankara: TEPAV.<\/li>\n<li>2005, \u201cAre Small Firms Really Less Productive?\u201d, <a href=\"http:\/\/www.kluweronline.com\/issn\/0921-898X\/contents\"><i>Small Business Economics <\/i><\/a>(25): 429-445.<\/li>\n<li>2005, \u201cDeterminants of Subcontracting and Regional Development : An Empirical Study on Turkish Textile and Engineering Industries\u201d (with Y. Kilicaslan), <a href=\"http:\/\/www.tandf.co.uk\/journals\/online\/0034-3404.asp\"><i>Regional Studies<\/i><\/a> (39): 633-645.<\/li>\n<li>2005, \u201cFirm Turnover and the Rate of Macro Economic Growth \u00c2\u2013 Simulating the Macroeconomic Effects of Schumpeterian Creative Destruction\u201d (with G. Eliasson and D. Johansson), in G. Eliasson (ed.), <a href=\"http:\/\/www.ratio.se\/pages\/Book.aspx?id=200\"><i>The Birth, the Life and the Death of Firms<\/i><\/a>, Stockholm: Ratio Institute, pp. 305-356.<\/li>\n<li>2005, \u201cDynamic Capability, Innovation Networks and Foreign Firms:The Turkish Case\u201d (with A. Lenger), in G. Santangelo (ed.), <a href=\"http:\/\/www.e-elgar.co.uk\/Bookentry_Main.lasso?id=3904\"><i>Technological Change and Economic Catch-up: The Role of Science and Multinationals<\/i><\/a>, Edward Elgar, pp. 125-150.<\/li>\n<li>2005, \u201cLabor Market Policies and EU Accession: Problems and Prospects for Turkey\u201d (with \u015e.\u00d6zler), in B. Hoekman and S. Togan (eds.), <a href=\"http:\/\/publications.worldbank.org\/ecommerce\/catalog\/product?item_id=4023827\"><i>Turkey: Towards EU Accession<\/i><\/a>, The World Bank and CEPR, pp.223-260.<\/li>\n<li>2005, <a href=\"http:\/\/www.mpm.org.tr\"><i>T\u00c3\u00bcrkiye&#8217;de Verimlilik, B\u00c3\u00bcy\u00c3\u00bcme ve Kriz <\/i><\/a>(with H. Sui\u00c3\u00a7mez), 4. Verimlilik Raporu, Ankara: MPM.<\/li>\n<li>2005, \u201cODT\u00dc Bilimsel Ara\u015ft\u0131rma Yetenekleri ve Potansiyeli\u201d [METU Scientific Research Capabilities and Potential] (with D. \u00dcner and T. T\u00fcmer), <a href=\"http:\/\/www.isletme-finans.com\/\"><i>\u0130ktisat, \u0130\u015fletme ve Finans<\/i><\/a>, 227 (February): 5-23.<\/li>\n<li>2004, \u201cSimulating the New Economy\u201d (with G. Eliasson and D. Johansson), <a href=\"http:\/\/www.sciencedirect.com\/science\/journal\/0954349X\"><i>Structural Change and Economic Dynamics<\/i><\/a> (15): 289-314.<\/li>\n<li>2004, \u201cDoes Innovativeness Matter for Competitiveness in Developing Countries? The Case of Turkish Manufacturing Industries\u201d (with E. \u00d6z\u00e7elik), <a href=\"http:\/\/www.sciencedirect.com\/science\/journal\/00487333\"><i>Research Policy<\/i><\/a> (33): 409-424.<\/li>\n<li>2004, \u201cTekstil ve Haz\u0131r Giyim Sanayiilerinde Uluslararas\u0131 Rekabet\u201d [International Competitiveness in Textile and Clothing Industries] (with O. Eruygur and E. \u00d6z\u00e7elik), <a href=\"http:\/\/www.isletme-finans.com\/\"><i>\u0130ktisat, \u0130\u015fletme ve Finans<\/i><\/a>, 217 (April): 5-23.<\/li>\n<li>2003, \u201cUnutulan Bir Toplumsal Ama\u00e7: Sanayile\u015fme Ne Oluyor? Ne Olmal\u0131? [A Forgotten Social Objective: Industrialization]\u201d (with F. \u015eenses), in A.H. K\u00f6se, F. \u015eenses and E. Yeldan (eds.), <a href=\"http:\/\/www.iletisim.com.tr\/iletisim\/kitap.aspx?kitap_id=1049\"><i>\u0130ktisadi Kalk\u0131nma Kriz ve \u0130stikrar<\/i><\/a>, \u0130stanbul: \u0130leti\u015fim.<\/li>\n<li>2002, \u201cKOB\u0130\u2019ler ve \u0130hracata Dayal\u0131 Sanayile\u015fme [SMEs and Export-led Industrialization]\u201d, <a href=\"http:\/\/www.tesis.org.tr\/tr\/dergiler.asp\"><i>Tes-\u0130\u015f Dergisi<\/i><\/a>, No 4, 41-45.<\/li>\n<li>2001, <a href=\"http:\/\/www.inovasyon.org\/html\/kitap.htm\"><i>Ulusal Yenilik Sistemi: T\u00fcrkiye \u0130malat Sanayiinde Teknolojik De\u011fi\u015fim ve Yenilik S\u00fcre\u00e7leri [National System of Innovation: Processes of Innovation and Technological Change in Turkish Manufacturing Industry]<\/i><\/a>, Ankara: TUBITAK\/TTGV\/SIS.<\/li>\n<li>2001, \u201cPrivatization, Ownership and Technical Efficiency: A Study on Turkish Cement Industry\u201d (with \u015e. Sayg\u0131l\u0131), <a href=\"http:\/\/www.blackwell-synergy.com\/servlet\/useragent?func=showIssues&amp;code=apce\"><i>Annals of Public and Cooperative Economics<\/i><\/a>, 72: 581-605.<\/li>\n<li>2001, \u201cFirms\u2019 Human Capital, R&amp;D and Performance: A Study on French and Swedish Firms\u201d (with G. Ballot and F. Fakhfakh), <a href=\"http:\/\/www.sciencedirect.com\/science\/journal\/09275371\"><i>Labour Economics<\/i><\/a>, 8: 443-462.<\/li>\n<li>2001, \u201cTraining Policies and Economic Growth in an Evolutionary World\u201d (with G. Ballot), <a href=\"http:\/\/www.sciencedirect.com\/science\/journal\/0954349X\"><i>Structural Change and Economic Dynamics<\/i><\/a>, 12: 311-329.<\/li>\n<li>2001, \u201cSmall and Medium-Size Enterprises in Turkish Manufacturing Industries\u201d, <a href=\"http:\/\/www.sesrtcic.org\/pubs\/jec\/default.shtml\"><i>Journal of Economic Cooperation<\/i><\/a> (22): 43-72.<\/li>\n<li>2000, \u201cCompetition, Training, Heterogeneity Persistence, and Aggregate Growth in a Multi-agent Evolutionary Model\u201d (with G. Ballot), <a href=\"http:\/\/www.lavoisier.fr\/fr\/livres\/index.asp?texte=1903398040&amp;select=isbn&amp;from=Hermes\"><i>Applications of Simulation to Social Sciences<\/i><\/a>, Paris: Hermes, pp.335-351.<\/li>\n<li>2000, \u201cInstitutions, Entrepreneurship, Economic Flexibility and Growth\u201d (with G. Eliasson), in S. Klepper, H. Hanusch and U. Cantner (eds.) <i>Economic Evolution, Learning, and Complexity<\/i>, Heidelberg: Springer\/Physica, pp.265-286.<\/li>\n<li>2000, \u201cTeknolojik Geli\u015fme ve Piyasa Yap\u0131s\u0131: \u0130malat Sanayii \u00dczerine Bir \u0130nceleme\u201d, <a href=\"http:\/\/www.rekabet.gov.tr\/persembekonf.html\"><i>Per\u015fembe Konferanslar\u0131 6<\/i><\/a>, Ankara: Rekabet Kurumu.<\/li>\n<li>2000, \u201cT\u00fcrkiye\u2019de AR-GE Destek Programlar\u0131: Bir De\u011ferlendirme\u201d, <i>III: Teknoloji Kongresi Bildirileri<\/i>, Ankara: T\u00dcB\u0130TAK, TTGV, T\u00dcS\u0130AD, pp. 165-174.<\/li>\n<li>1999, \u201cTechnological Change, Learning, and Macro-economic Coordination: An Evolutionary Model\u201d (with G. Ballot), <a href=\"http:\/\/jasss.soc.surrey.ac.uk\/JASSS.html\"><i>Journal of Artificial Societies and Social Simulation<\/i><\/a>, 4 (2).<\/li>\n<li>1999, \u201cYerel Geli\u015fme ve Teknik Etkinlik\u201d, <a href=\"http:\/\/www.mtso.org.tr\/raporlar\/1999_icel_sanayi_semp.htm\"><i>\u0130\u00e7el Sanayisini Geli\u015ftirme Sempozyumu<\/i><\/a>, Ankara: D\u0130E and Mersin Ticaret ve Sanayi Odas\u0131, pp. 277-292.<\/li>\n<li>1999, \u201cTrade Liberalization and Employment Generation: The Experience of Turkey in the 1980s\u201d, in Ana Revenga (ed.), <i>Turkey: Economic Reforms, Living Standards, and Social Welfare Study<\/i>, Vol II Technical Papers, Washington, D.C.: World Bank.<\/li>\n<li>1998, <i>K\u0130T Sisteminin \u0130ktisadi De\u011ferlendirilmesi: Nicel \u0130rdeleme, \u00d6zelle\u015ftirme Sorunlar\u0131 ve Politika Se\u00e7enekleri<\/i> (with K. Boratav, Y. Kepenek, T. Bali, M.A. Candan ve \u0130. Ertu\u011frul), Ankara: K\u0130GEM.<\/li>\n<li>1998, &#8220;Human Capital, Technological Lock-in and Evolutionary Dynamics&#8221; (with G.Ballot), in G.Eliasson and C.Green (eds.), <i>Microfoundations of Economic Growth: A Schumpeterian Perspective<\/i>, Ann Arbor: The University of Michigan Press, 301-330.<\/li>\n<li>1998, \u201cFormation Continue, Recherche et D\u00e9veloppement et Performance des Entreprises\u201d (with G.Ballot and F.Fakhfakh), <i>Formation Emploi<\/i>, n.64, 43-58.<\/li>\n<li>1998, &#8220;R\u00e8gles D&#8217;Allocation des Ressources aux Investissements Immat\u00e9riels par les Entreprises et Coordination Macro\u00e9conomique: Un Mod\u00e8le S&#8217;Apprentissage&#8221; (with G. Ballot), <a href=\"http:\/\/www.univ-tlse1.fr\/publications\/Presses\/Ouvrages\/Vincens.html\"><i>M\u00e9langes Vincens<\/i><\/a>, Toulouse: Presses de l&#8217;Universit\u00e9 des Sciences Sociales de Toulouse, 235-248.<\/li>\n<li>1998, &#8220;Kamu \u0130\u015fletmeleri ve \u00d6zelle\u015ftirme Deneyimi: Sorunlar ve Politika Se\u00e7enekleri&#8221; (with K. Boratav, Y. Kepenek, T. Bali, M.A. Candan ve \u0130. Ertu\u011frul), <a href=\"http:\/\/www.birikimdergisi.com\"><i>Toplum ve Bilim<\/i><\/a>, n.77, 100-134.<\/li>\n<li>1998, &#8220;T\u00fcrkiye \u0130malat Sanayiinde Teknolojik De\u011fi\u015fme ve \u0130stihdam&#8221;, in T.Bulutay (ed.), <i>Teknoloji ve \u0130stihdam<\/i>, Ankara: D\u0130E, pp. 179-217 (Also published as &#8220;Technological Change and Employment in Turkish Manufacturing Industries&#8221;, in T.Bulutay (ed.), <i>Technology and Employment<\/i>, Ankara: SIS, pp. 185-223).<\/li>\n<li>1997, <a href=\"http:\/\/www.metu.edu.tr\/%7Eetaymaz\/smeb.html\"><i>Small and Medium-sized Industry in Turkey<\/i><\/a>, Ankara: SIS.<\/li>\n<li>1997, &#8220;The Dynamics of Firms in a Micro-to-macro Model with Training, Learning, and Innovation&#8221; (with G.Ballot), <a href=\"http:\/\/link.springer.de\/link\/service\/journals\/00191\/\"><i>Journal of Evolutionary Economics<\/i><\/a> (7), 435-457.<\/li>\n<li>1997, &#8220;Technical Change and Efficiency in Turkish Manufacturing Industries&#8221; (with G.Saat\u00e7i), <a href=\"http:\/\/www.kluweronline.com\/issn\/0895-562X\/contents\"><i>Journal of Productivity Analysis<\/i><\/a> (8), 461-475.<\/li>\n<li>1997, &#8220;Micro-Macro Simulation of Technological Systems: Economic Effects of Spillovers&#8221; (with B.Carlsson and G.Eliasson), in B.Carlsson (ed.), <a href=\"http:\/\/www.springeronline.com\/sgw\/cda\/frontpage\/0,11855,5-165-72-33185654-0,00.html\"><i>Technological Systems and Industrial Dynamics<\/i><\/a>, Boston: Kluwer, 255-278.<\/li>\n<li>1997, &#8220;Esnek \u00dcretime Dayal\u0131 Bir Rekabet Stratejisi Geli\u015ftirilebilir mi? T\u00fcrkiye&#8217;de Fason \u00dcretim&#8221;, <i>Petrol \u0130\u015f Y\u0131ll\u0131\u011f\u0131, 1996<\/i>, \u0130stanbul: Petrol \u0130\u015f, 707-715.<\/li>\n<li>1996, &#8220;Firm Sponsored Training, Technical Progress and Aggregate Performance&#8221; (with G.Ballot), in A.Harding (ed.), <i>Microsimulation and Public Policy<\/i>, Amsterdam: North Holland, 421-451.<\/li>\n<li>1996, &#8220;T\u00fcrkiye M\u00fchendislik Sanayilerinde Teknolojik Yap\u0131&#8221;, <i>Cumhuriyet D\u00f6nemi T\u00fcrkiye Ansiklopedisi<\/i>, vol 15, \u0130stanbul: \u0130leti\u015fim, 374-378.<\/li>\n<li>1995, &#8220;T\u00fcrkiye \u00c7imento Sanayiinde \u00d6zelle\u015ftirme ve Teknik Etkinlik [Privatization and Technical Efficiency in Turkish Cement Industry]&#8221; (with \u015e.Sayg\u0131l\u0131), <a href=\"http:\/\/www.econ.metu.edu.tr\/metustd\/gelisme.htm\"><i>METU Studies in Development<\/i><\/a> (23): 405-426.<\/li>\n<li>1995, &#8220;Emek ve \u00dcretim S\u00fcrecindeki De\u011fi\u015fmeler [Labor and Changes in Production Systems]&#8221;, <i>De\u011fi\u015fim S\u00fcrecinde T\u00fcrkiye Sanayii Sempozyumu<\/i>, Ankara: TMMOB, 62-70.<\/li>\n<li>1995, &#8220;The Importance of Economic Competence in Economic Growth: A Micro-to-Macro Analysis&#8221; (with B.Carlsson), in B.Carlsson (ed.), <i>Technological Systems and Economic Performance: The Case of Factory Automation<\/i>, Dordrecht: Kluwer, 359-390.<\/li>\n<li>1994, &#8220;Factory Automation and Economic Performance: A Micro-to-macro Analysis&#8221; (with B.Carlsson and K.Tryggestad), in O.Granstrand (ed.), <i>Economics of Technology<\/i>, Amsterdam: Elsevier, 37-64.<\/li>\n<li>1994, &#8220;Flexible Technology and Industrial Structure in the US&#8221; (with B.Carlsson), <a href=\"http:\/\/www.kluweronline.com\/issn\/0921-898X\/contents\"><i>Small Business Economics<\/i><\/a> (6): 193-209.<\/li>\n<li>1993, &#8220;Technological Capabilities and International Competitiveness in the Engineering Industries&#8221; (with B.Carlsson), <a href=\"http:\/\/www.metu.edu.tr\/%7Eetaymaz\/www.kluweronline.com\/issn\/0889-938X\/contents%20\"><i>Review of Industrial Organization<\/i><\/a> (8): 293-313.<\/li>\n<li>1993, &#8220;Teknoloji ve Kriz [Technology and the Crisis]&#8221;, <a href=\"http:\/\/www.birikimdergisi.com\"><i>Toplum ve Bilim<\/i><\/a> (56): 5-41.<\/li>\n<li>1993, &#8220;Sanayi ve Teknoloji Politikalar\u0131 [Industrial and Technology Policies]&#8221;, <a href=\"http:\/\/www.econ.metu.edu.tr\/metustd\/gelisme.htm\"><i>METU Studies in Development<\/i><\/a> (20): 549-80.<\/li>\n<li>1992, &#8220;A Description of the Initial 1982 and the 1990 Databases&#8221;, in J.W.Albrecht et al., <i>MOSES Database<\/i>, Stockholm: IUI, 137-80.<\/li>\n<li>1992, &#8220;Initial State Dependency&#8221;, in J.W.Albrecht et al., <i>MOSES Database<\/i>, Stockholm: IUI, 325-41.<\/li>\n<li>1992, &#8220;The Minimum Data Requirements to Start and Run MOSES&#8221; (with J.Nielsen), in J.W.Albrecht et al., <i>MOSES Database<\/i>, Stockholm: IUI, 343-53.<\/li>\n<li>1991, <i>MOSES on PC &#8211; Manual, Initialization, and Calibration<\/i>, Stockholm: IUI.<\/li>\n<li>1991, &#8220;Flexible Automation in the US Engineering Industries&#8221;, <a href=\"http:\/\/www.sciencedirect.com\/science\/journal\/01677187\"><i>International Journal of Industrial Organization<\/i><\/a> (9): 557-72.<\/li>\n<li>1991, &#8220;The Impact of Trade Unions on the Diffusion of Technology: The Case of NC Machine Tools&#8221;, <a href=\"http:\/\/www.blackwellpublishing.com\/journal.asp?ref=0007-1080\"><i>British Journal of Industrial Relations<\/i><\/a>, (29): 305-311.<\/li>\n<li>1990, &#8220;A Micro-simulation Analysis of Manufacturing Firms&#8217; Demand for Telecommunication Services&#8221;, in G.Eliasson et al., <i>The Knowledge Based Information Economy<\/i>, Stockholm: IUI, 157-82.<\/li>\n<li>1989, &#8220;Types of Flexibility in a Single-machine Production System&#8221;, <a href=\"http:\/\/www.tandf.co.uk\/journals\/titles\/00207543.asp\"><i>International Journal of Production Research<\/i><\/a> (27): 1891-9.<\/li>\n<li>1989, &#8220;\u0130malat Teknolojisindeki Geli\u015fmeler ve M\u00fchendislik Sanayileri [New Manufacturing Technologies and the Engineering Industries]&#8221;, <i>1989 Sanayi Kongresi Bildirileri, 1989<\/i>, Cilt 1, Ankara: MMO, 72-76 [Reprinted in <i>End\u00fcstri M\u00fchendisligi<\/i> (1): 10-4].<\/li>\n<li>1986, &#8220;S\u0131nai Kalk\u0131nmada Tak\u0131m Tezgahlar\u0131 Sanayinin Rol\u00fc ve T\u00fcrkiye \u00d6rne\u011fi [The Role of the Machine Tool Industry in Industrial Development: The Turkish Case]&#8221;, (with E.\u00d6zmen), in <i>III. Teknoloji Kongresi Bildirileri<\/i>, Ankara: The Ministry of Technology and Industry.<\/li>\n<\/ul>\n","protected":false},"excerpt":{"rendered":"<p>2016, \u201cGlobalization, Technological Change and Labor Demand: A Firm-level Analysis for Turkey\u201d (with E. Meschi and M. Vivarelli), Review of World Economics, (152): 655\u2013680. 2015, \u201cDemokrasiye Ge\u00e7i\u015f, Reel \u00dccretler ve Verimlilik: T\u00fcrkiye \u0130malat Sanayiinden Bulgular\u201d (with E. Voyvoda ve K. Y\u0131lmaz), in E. \u00d6z\u00e7elik and E. Taymaz (eds.), T\u00fcrkiye Ekonomisinin D\u00fcn\u00fc Bug\u00fcn\u00fc Yar\u0131n\u0131: Yakup Kepenek\u2019e [&hellip;]<\/p>\n","protected":false},"author":1276,"featured_media":0,"parent":0,"menu_order":0,"comment_status":"closed","ping_status":"open","template":"","meta":{"footnotes":"","_links_to":"","_links_to_target":""},"class_list":["post-14","page","type-page","status-publish","hentry"],"_links":{"self":[{"href":"https:\/\/blog.metu.edu.tr\/etaymaz\/wp-json\/wp\/v2\/pages\/14","targetHints":{"allow":["GET"]}}],"collection":[{"href":"https:\/\/blog.metu.edu.tr\/etaymaz\/wp-json\/wp\/v2\/pages"}],"about":[{"href":"https:\/\/blog.metu.edu.tr\/etaymaz\/wp-json\/wp\/v2\/types\/page"}],"author":[{"embeddable":true,"href":"https:\/\/blog.metu.edu.tr\/etaymaz\/wp-json\/wp\/v2\/users\/1276"}],"replies":[{"embeddable":true,"href":"https:\/\/blog.metu.edu.tr\/etaymaz\/wp-json\/wp\/v2\/comments?post=14"}],"version-history":[{"count":0,"href":"https:\/\/blog.metu.edu.tr\/etaymaz\/wp-json\/wp\/v2\/pages\/14\/revisions"}],"wp:attachment":[{"href":"https:\/\/blog.metu.edu.tr\/etaymaz\/wp-json\/wp\/v2\/media?parent=14"}],"curies":[{"name":"wp","href":"https:\/\/api.w.org\/{rel}","templated":true}]}}