{"id":30,"date":"2020-10-07T11:40:45","date_gmt":"2020-10-07T11:40:45","guid":{"rendered":"http:\/\/blog.metu.edu.tr\/esoken\/?page_id=30"},"modified":"2022-10-13T20:16:39","modified_gmt":"2022-10-13T20:16:39","slug":"researchers","status":"publish","type":"page","link":"https:\/\/blog.metu.edu.tr\/esoken\/researchers\/","title":{"rendered":"Researchers"},"content":{"rendered":"\n<p><\/p>\n\n\n\n<div class=\"wp-block-media-text alignwide is-stacked-on-mobile\" style=\"grid-template-columns:37% auto\"><figure class=\"wp-block-media-text__media\"><img loading=\"lazy\" decoding=\"async\" width=\"360\" height=\"274\" src=\"https:\/\/blog.metu.edu.tr\/esoken\/files\/2020\/10\/fenman.jpg\" alt=\"\" class=\"wp-image-75 size-full\" srcset=\"https:\/\/blog.metu.edu.tr\/esoken\/files\/2020\/10\/fenman.jpg 360w, https:\/\/blog.metu.edu.tr\/esoken\/files\/2020\/10\/fenman-300x228.jpg 300w\" sizes=\"auto, (max-width: 360px) 100vw, 360px\" \/><\/figure><div class=\"wp-block-media-text__content\">\n<p class=\"has-text-align-center\">\u201cWe are at the very beginning of time for the human race. It is not unreasonable that we grapple with problems. But there are tens of thousands of years in the future. Our responsibility is to do what we can, learn what we can, improve the solutions, and pass them on\u201d.<\/p>\n\n\n\n<p class=\"has-text-align-right\">                   &nbsp;&nbsp;&nbsp;&nbsp;&nbsp;&nbsp;&nbsp;&nbsp;&nbsp;&nbsp;&nbsp;&nbsp;&nbsp;&nbsp;&nbsp;&nbsp;&nbsp;&nbsp;&nbsp;&nbsp;&nbsp; Richard Feynman<\/p>\n<\/div><\/div>\n\n\n\n<hr class=\"wp-block-separator has-text-color has-vivid-red-color has-css-opacity has-vivid-red-background-color has-background is-style-wide\" \/>\n\n\n\n<div style=\"height:72px\" aria-hidden=\"true\" class=\"wp-block-spacer\"><\/div>\n\n\n\n<h4 class=\"has-luminous-vivid-orange-color has-text-color wp-block-heading\"><strong>Doctor of Philosophy<\/strong><\/h4>\n\n\n\n<div style=\"height:20px\" aria-hidden=\"true\" class=\"wp-block-spacer\"><\/div>\n\n\n\n<h5 class=\"has-vivid-red-color has-text-color wp-block-heading\">Current PhD Students<\/h5>\n\n\n\n<div style=\"height:10px\" aria-hidden=\"true\" class=\"wp-block-spacer\"><\/div>\n\n\n\n<p>Abdurrahim Muratoglu (co-advised with Prof. Ozan Tekinalp) <\/p>\n\n\n\n<p>Safa Mesut Bostanc\u0131 <\/p>\n\n\n\n<h4 class=\"has-luminous-vivid-orange-color has-text-color wp-block-heading\">Master of Science<\/h4>\n\n\n\n<div style=\"height:20px\" aria-hidden=\"true\" class=\"wp-block-spacer\"><\/div>\n\n\n\n<h5 class=\"has-vivid-red-color has-text-color wp-block-heading\">Current MS Students<\/h5>\n\n\n\n<div style=\"height:10px\" aria-hidden=\"true\" class=\"wp-block-spacer\"><\/div>\n\n\n\n<p>Nur Sila Eroglu, <em>Adaptive Kalman Filtering for INS\/GNSS Integrated Navigation<\/em><\/p>\n\n\n\n<p>Sirin Yakupoglu (co-advised with Prof. Chingiz Hajiyev, ITU), <em>Fault-tolerant Attitude Estimation for Small Satellites<\/em><\/p>\n\n\n\n<p>Arif Can Basibuyuk, <em>Orbit Design for a Regional Navigation Satellite System<\/em><\/p>\n\n\n\n<p>Yagiz Kurt, <em>Multiple Model Adaptive Estimation for INS\/GNSS Integrated Navigation<\/em><\/p>\n\n\n\n<p>Semra Uzun, <em>Vision Aided Inertial Navigation in Unknown Environments<\/em><\/p>\n\n\n\n<p>Tahir Yan\u0131k, <em>Guidance Algorithms for Air-Lauch-to-Orbit<\/em><\/p>\n\n\n\n<p>Cansu Y\u0131ld\u0131r\u0131m,  <em><em>D<\/em>esign of a Hybrid ADC Architecture for Small Satellites<\/em><\/p>\n\n\n\n<p>Do\u011fukan Benli, <em>Designing Computationally Light Algorithms for Concurrent Real-time Attitude Estimation and Sencor Calibration<\/em><\/p>\n\n\n\n<p>Tuna Gun Aksu, <em>Design of Transfer Alignment Algorithms for Airborne Navigation Systems<\/em><\/p>\n\n\n\n<p>Ramazan K\u00fcr\u015fat Gedik, <em>Model Predictive Control for Quadrotor Flight with Obstacle Avoidance<\/em><\/p>\n\n\n\n<p>Atakan S\u00fcsl\u00fc<\/p>\n\n\n\n<p>Bet\u00fcl Rana Kuran<\/p>\n\n\n\n<p>Sena Turan<\/p>\n\n\n\n<p>Beyza Acar<em><em> <\/em><\/em> <\/p>\n\n\n\n<p>Ahmed Chawa<\/p>\n\n\n\n<p>Hazem Kholosi<\/p>\n\n\n\n<p>Volkan Paksoy<\/p>\n\n\n\n<p>Ekin G\u00f6zl\u00fckaya<\/p>\n\n\n\n<h5 class=\"has-vivid-red-color has-text-color wp-block-heading\">Completed MS Students<\/h5>\n\n\n\n<div style=\"height:10px\" aria-hidden=\"true\" class=\"wp-block-spacer\"><\/div>\n\n\n\n<p>Mehmet Esit (co-advised with Prof. Chingiz Hajiyev, ITU) 2022, <em>Attitude Estimation and Magnetic Attitude Control of a Leo Satellite<\/em><\/p>\n\n\n\n<p>Batu Candan, 2022, <em><a href=\"https:\/\/open.metu.edu.tr\/bitstream\/handle\/11511\/96739\/Design%20of%20Attitude%20Estimation%20Algorithms%20for%20Inertial%20Sensors%20only%20Measurement%20Scenarios.pdf\" target=\"_blank\" rel=\"noreferrer noopener\">Design of Attitude Estimation Algorithms for Inertial Sensor Only Measurement Scenarios<\/a><\/em><\/p>\n\n\n\n<p>Mustafa Efe Cetin (co-advised with Prof. Ozan Tekinalp), 2022<em>, <a href=\"https:\/\/open.metu.edu.tr\/bitstream\/handle\/11511\/96368\/Realtime_Magnetometer_Calibration_For_Spinning_Aerospace_Vehicle.pdf\" target=\"_blank\" rel=\"noreferrer noopener\">Real-time Magnetometer Calibration for Spinning Aerospace Vehicles<\/a><\/em><\/p>\n\n\n\n<p>Mehmet Burak Guzel (co-advised with Prof. Ozan Tekinalp), 2021, <em><a rel=\"noreferrer noopener\" href=\"https:\/\/drive.google.com\/file\/d\/10D5y00qvT8TiCjAjvHeXT0GG-mdy_wX_\/view?usp=sharing\" target=\"_blank\">Design of a Vision-based Three-axis Attitude Determination Algorithm for Small Satellites<\/a><\/em> <\/p>\n\n\n\n<p><\/p>\n\n\n\n<h4 class=\"has-luminous-vivid-orange-color has-text-color wp-block-heading\">Undergraduate<\/h4>\n\n\n\n<div style=\"height:20px\" aria-hidden=\"true\" class=\"wp-block-spacer\"><\/div>\n\n\n\n<h5 class=\"has-vivid-red-color has-text-color wp-block-heading\">Current BS Students<\/h5>\n\n\n\n<div style=\"height:10px\" aria-hidden=\"true\" class=\"wp-block-spacer\"><\/div>\n\n\n\n<p> <\/p>\n\n\n\n<h5 class=\"has-vivid-red-color has-text-color wp-block-heading\">Completed BS Students<\/h5>\n\n\n\n<div style=\"height:10px\" aria-hidden=\"true\" class=\"wp-block-spacer\"><\/div>\n\n\n\n<p>Adil Shaikh<em>, Design of a Visual Pose Estimation Algorithm for Earth-Moon Navigation<\/em> (Tubitak 2209a &amp; Ad\u0131mODT\u00dc Project)<\/p>\n\n\n\n<p>Atakan S\u00fcsl\u00fc, <em><em>Design of a <\/em>Visual Pose Estimation Algorithm for Moon Landing<\/em><\/p>\n\n\n\n<p>Bet\u00fcl Rana Kuran, <em><em><em><em>Design of a <\/em>Visual Pose Estimation Algorithm for Moon Landing<\/em> <\/em><\/em><\/p>\n\n\n\n<p>Yusuf Devranl\u0131, <em> <em><em>Design of a <\/em>Relative Pose Estimation Algorithm <\/em><\/em><\/p>\n\n\n\n<p>\u00d6zg\u00fcr Ak\u00e7a,  <em><em>Gyro Calibration Algorithm Design<\/em> <\/em>(TUSA\u015e Lift-up Project) <\/p>\n\n\n\n<p>Kaan Ege T\u0131rman,  <em><em>Gyro Calibration Algorithm <em><em>Design<\/em> <\/em><\/em><\/em>(TUSA\u015e Lift-up Project)<em><em> <\/em><\/em><\/p>\n\n\n\n<p>Ahmet Emre Acikgoz, 2021<em>, Star ID and tracking algorithms<\/em><\/p>\n\n\n\n<p>Emre Oksal, 2021, <em><em>Star ID and tracking algorithms<\/em><\/em><\/p>\n\n\n\n<p>Esra Kaplan, 2021, <em><em>Star ID and tracking algorithms<\/em><\/em><\/p>\n\n\n\n<p>Ozlem Deniz Ozturk, 2021, <em>Visualization of Satellite Orbit and Attitude on MATLAB<\/em><\/p>\n","protected":false},"excerpt":{"rendered":"<p>\u201cWe are at the very beginning of time for the human race. It is not unreasonable that we grapple with problems. But there are tens of thousands of years in the future. Our responsibility is to do what we can, learn what we can, improve the solutions, and pass them on\u201d. &nbsp;&nbsp;&nbsp;&nbsp;&nbsp;&nbsp;&nbsp;&nbsp;&nbsp;&nbsp;&nbsp;&nbsp;&nbsp;&nbsp;&nbsp;&nbsp;&nbsp;&nbsp;&nbsp;&nbsp;&nbsp; Richard Feynman Doctor<\/p>\n<div class=\"readmore\"><a class=\"btn slider-btn1\" href=\"https:\/\/blog.metu.edu.tr\/esoken\/researchers\/\">Read More&#8230;<\/a><\/div>\n","protected":false},"author":7106,"featured_media":0,"parent":0,"menu_order":0,"comment_status":"closed","ping_status":"closed","template":"","meta":{"footnotes":"","_links_to":"","_links_to_target":""},"class_list":["post-30","page","type-page","status-publish","hentry"],"_links":{"self":[{"href":"https:\/\/blog.metu.edu.tr\/esoken\/wp-json\/wp\/v2\/pages\/30","targetHints":{"allow":["GET"]}}],"collection":[{"href":"https:\/\/blog.metu.edu.tr\/esoken\/wp-json\/wp\/v2\/pages"}],"about":[{"href":"https:\/\/blog.metu.edu.tr\/esoken\/wp-json\/wp\/v2\/types\/page"}],"author":[{"embeddable":true,"href":"https:\/\/blog.metu.edu.tr\/esoken\/wp-json\/wp\/v2\/users\/7106"}],"replies":[{"embeddable":true,"href":"https:\/\/blog.metu.edu.tr\/esoken\/wp-json\/wp\/v2\/comments?post=30"}],"version-history":[{"count":0,"href":"https:\/\/blog.metu.edu.tr\/esoken\/wp-json\/wp\/v2\/pages\/30\/revisions"}],"wp:attachment":[{"href":"https:\/\/blog.metu.edu.tr\/esoken\/wp-json\/wp\/v2\/media?parent=30"}],"curies":[{"name":"wp","href":"https:\/\/api.w.org\/{rel}","templated":true}]}}