{"id":179,"date":"2022-01-15T12:04:20","date_gmt":"2022-01-15T12:04:20","guid":{"rendered":"https:\/\/blog.metu.edu.tr\/esoken\/?page_id=179"},"modified":"2022-01-15T12:04:21","modified_gmt":"2022-01-15T12:04:21","slug":"media","status":"publish","type":"page","link":"https:\/\/blog.metu.edu.tr\/esoken\/media\/","title":{"rendered":"Media"},"content":{"rendered":"<h4><span style=\"color: #800000\">Sarka\u00e7<\/span><\/h4>\n<p class=\"entry-title\"><a href=\"https:\/\/sarkac.org\/2022\/01\/ucak-ve-uzay-muhendisligi-nedir\/\">U\u00e7ak ve uzay m\u00fchendisli\u011fi nedir?<\/a> 11\/01\/2022<\/p>\n<h4><span style=\"color: #800000\">News from METU<br \/>\n<\/span><\/h4>\n<p><a href=\"https:\/\/basinda.metu.edu.tr\/icerik\/odtuden\/215\">METU Team Received the 1st Prize at International Space Mission Idea Contest<\/a><\/p>\n<h4><span style=\"color: #800000\">TRT Radyo-1<\/span><\/h4>\n<p>We were hosted by TRT Radyo-1 (major radio network of Turkish Radio and Television Corporation) for joining &#8220;E\u011fitim Rotas\u0131 (Education Route)&#8221; Program to discuss about our winning idea for the 7th Mission Idea Contest (see: <a href=\"https:\/\/blog.metu.edu.tr\/esoken\/2021\/11\/14\/our-team-won-the-7th-mission-idea-contest\">Our Team Received the First Prize at International Space Mission Idea Contest<\/a>). The program was broadcasted live on 4th January 2022 and the record can be accessed below:<\/p>\n<p><a href=\"https:\/\/drive.google.com\/file\/d\/1BDJRriACLwNkANsk0aq0GeNKJhd0YJzw\/view?usp=sharing\">E\u011fitim Rotas\u0131 &#8211; Radyo 1 &#8211; 14 Ocak 2022<\/a><\/p>\n<h4><span style=\"color: #800000\">T\u00dcB\u0130TAK bilim gen\u00e7<\/span><\/h4>\n<p><a href=\"https:\/\/bilimgenc.tubitak.gov.tr\/makale\/havacilik-ve-uzay-muhendisleri-ne-yapar\">Havac\u0131l\u0131k ve Uzay M\u00fchendisleri Ne Yapar?<\/a> 13\/10\/2021<\/p>\n<div class=\"lyte-wrapper fourthree\" style=\"width:420px;max-width:100%;margin:5px;\"><div class=\"lyMe\" id=\"WYL_lJt_rQ1nk4s\"><div id=\"lyte_lJt_rQ1nk4s\" data-src=\"\/\/i.ytimg.com\/vi\/lJt_rQ1nk4s\/hqdefault.jpg\" class=\"pL\"><div class=\"tC\"><div class=\"tT\"><\/div><\/div><div class=\"play\"><\/div><div class=\"ctrl\"><div class=\"Lctrl\"><\/div><div class=\"Rctrl\"><\/div><\/div><\/div><noscript><a href=\"https:\/\/youtu.be\/lJt_rQ1nk4s\" rel=\"nofollow\"><img loading=\"lazy\" decoding=\"async\" src=\"https:\/\/i.ytimg.com\/vi\/lJt_rQ1nk4s\/0.jpg\" alt=\"YouTube video thumbnail\" width=\"420\" height=\"295\" \/><br \/>Watch this video on YouTube<\/a><\/noscript><\/div><\/div><div class=\"lL\" style=\"max-width:100%;width:420px;margin:5px;\"><\/div><\/p>\n","protected":false},"excerpt":{"rendered":"<p>Sarka\u00e7 U\u00e7ak ve uzay m\u00fchendisli\u011fi nedir? 11\/01\/2022 News from METU METU Team Received the 1st Prize at International Space Mission Idea Contest TRT Radyo-1 We were hosted by TRT Radyo-1 (major radio network of Turkish Radio and Television Corporation) for joining &#8220;E\u011fitim Rotas\u0131 (Education Route)&#8221; Program to discuss about our winning idea for the 7th<\/p>\n<div class=\"readmore\"><a class=\"btn slider-btn1\" href=\"https:\/\/blog.metu.edu.tr\/esoken\/media\/\">Read More&#8230;<\/a><\/div>\n","protected":false},"author":7106,"featured_media":0,"parent":0,"menu_order":0,"comment_status":"closed","ping_status":"closed","template":"","meta":{"footnotes":"","_links_to":"","_links_to_target":""},"class_list":["post-179","page","type-page","status-publish","hentry"],"_links":{"self":[{"href":"https:\/\/blog.metu.edu.tr\/esoken\/wp-json\/wp\/v2\/pages\/179","targetHints":{"allow":["GET"]}}],"collection":[{"href":"https:\/\/blog.metu.edu.tr\/esoken\/wp-json\/wp\/v2\/pages"}],"about":[{"href":"https:\/\/blog.metu.edu.tr\/esoken\/wp-json\/wp\/v2\/types\/page"}],"author":[{"embeddable":true,"href":"https:\/\/blog.metu.edu.tr\/esoken\/wp-json\/wp\/v2\/users\/7106"}],"replies":[{"embeddable":true,"href":"https:\/\/blog.metu.edu.tr\/esoken\/wp-json\/wp\/v2\/comments?post=179"}],"version-history":[{"count":0,"href":"https:\/\/blog.metu.edu.tr\/esoken\/wp-json\/wp\/v2\/pages\/179\/revisions"}],"wp:attachment":[{"href":"https:\/\/blog.metu.edu.tr\/esoken\/wp-json\/wp\/v2\/media?parent=179"}],"curies":[{"name":"wp","href":"https:\/\/api.w.org\/{rel}","templated":true}]}}