{"id":72,"date":"2013-03-31T04:41:31","date_gmt":"2013-03-31T01:41:31","guid":{"rendered":"http:\/\/blog.metu.edu.tr\/esenturk\/?page_id=72"},"modified":"2024-11-04T15:22:58","modified_gmt":"2024-11-04T12:22:58","slug":"hakkimda","status":"publish","type":"page","link":"https:\/\/blog.metu.edu.tr\/esenturk\/hakkimda\/","title":{"rendered":"Hakk\u0131mda"},"content":{"rendered":"<p>Views: 20816<\/p><p style=\"text-align: justify\">Orta Do\u011fu Teknik \u00dcniversitesi, Toplum ve Bilim Uygulama ve Ara\u015ft\u0131rma Merkezi\u2019nde \u00d6\u011fretim Eleman\u0131 olarak \u00e7al\u0131\u015fan Eray \u015eent\u00fcrk, ayn\u0131 \u00fcniversitenin Orta \u00d6\u011fretim Fen ve Matematik Alanlar\u0131 E\u011fitimi Anabilim Dal\u0131, Fizik E\u011fitimi b\u00f6l\u00fcm\u00fcnde 1 Eyl\u00fcl 2015 tarihinde doktora e\u011fitimini tamamlam\u0131\u015ft\u0131r. Doktora \u00e7al\u0131\u015fmas\u0131 kapsam\u0131nda Tez Dan\u0131\u015fman\u0131 Do\u00e7. Dr. \u00d6mer Faruk \u00d6ZDEM\u0130R ile birlikte \u201c\u00d6\u011fretmenlerin G\u00f6z\u00fcnden S\u0131n\u0131f Gezileri: Bak\u0131\u015f A\u00e7\u0131lar\u0131, Rolleri ve De\u011ferlendirme Bi\u00e7imleri\u201d ba\u015fl\u0131kl\u0131 \u00e7al\u0131\u015fmay\u0131 y\u00fcr\u00fctm\u00fc\u015ft\u00fcr. Doktora tezine eri\u015fim adresi:\u00a0<a href=\"http:\/\/etd.lib.metu.edu.tr\/upload\/12619277\/index.pdf\">http:\/\/etd.lib.metu.edu.tr\/upload\/12619277\/index.pdf\u00a0<\/a><\/p>\n<hr \/>\n<p style=\"text-align: justify\">Y\u00fcksek Lisans \u00e7al\u0131\u015fmas\u0131 kapsam\u0131nda Tez Dan\u0131\u015fman\u0131 Yrd. Do\u00e7. Dr. \u00d6mer Faruk \u00d6ZDEM\u0130R ile birlikte &#8220;Bilim Merkezlerinin \u00d6\u011frencilerin Bilime Y\u00f6nelik Tutumlar\u0131na Etkisi&#8221; adl\u0131 \u00e7al\u0131\u015fmay\u0131 y\u00fcr\u00fctm\u00fc\u015f ve \u00e7al\u0131\u015fman\u0131n sonucunu &#8220;International Journal of Science Education, Part B: Communication and Public Engagement&#8221; dergisinde\u00a0yay\u0131mlam\u0131\u015ft\u0131r. \u00c7al\u0131\u015fman\u0131n sonu\u00e7lar\u0131n\u0131 i\u00e7eren makaleye eri\u015fim adresi:\u00a0<a href=\"http:\/\/www.tandfonline.com\/doi\/abs\/10.1080\/21548455.2012.726754\">http:\/\/www.tandfonline.com\/doi\/abs\/10.1080\/21548455.2012.726754<\/a><\/p>\n<hr \/>\n<p style=\"text-align: justify\">Y\u00fcr\u00fctt\u00fc\u011f\u00fc, dahil oldu\u011fu \u00e7e\u015fitli projeler ve faaliyetlerle, toplumdaki t\u00fcm bireylerde belirli konularda fark\u0131ndal\u0131k ve daha fazla \u00f6\u011frenme iste\u011fi yaratmaya \u00e7al\u0131\u015fan Eray \u015eent\u00fcrk, bireylerin k\u00f6y\/il\u00e7e\/il\/\u00fclke vatanda\u015f\u0131 de\u011fil, d\u00fcnya vatanda\u015f\u0131 olabilmeleri i\u00e7in t\u00fcm gayretiyle \u00e7al\u0131\u015fmalar\u0131na devam etmektedir. \u00d6\u011frenci sevmeyen \u00f6\u011fretmene, ameliyat s\u0131ras\u0131nda y\u00fcz\u00fc\u011f\u00fcn\u00fc, makas\u0131n\u0131 hasta v\u00fccudunda unutan doktora, malzeme \u00e7alan m\u00fchendise, temizli\u011fi sevmeyen \u00e7\u00f6p\u00e7\u00fcye &#8230; ihtiyac\u0131m\u0131z olmad\u0131\u011f\u0131n\u0131, \u00e7ocuklar\u0131m\u0131z\u0131n ilgilerini \u00e7eken, becerilerine uygun ve severek yapabilecekleri bir mesle\u011fe y\u00f6nlendirilmesi gerekti\u011fini vurgulayan \u015eent\u00fcrk, \u00e7ocuklar\u0131m\u0131za \u00f6ncelikle \u00f6\u011fretimden \u00f6nce e\u011fitim vermemiz gerekti\u011fini b\u00f6ylelikle \u00e7ocuklar\u0131m\u0131z\u0131n sa\u011fl\u0131kl\u0131, huzurlu, mutlu, \u00e7evreye\/do\u011faya\/birbirine sayg\u0131l\u0131 bireyler olabileceklerini d\u00fc\u015f\u00fcnmektedir. Bu yakla\u015f\u0131m\u0131 ya\u015fam felsefesi olarak benimseyen \u015eent\u00fcrk, her zaman oldu\u011fu gibi herkesi sevmekte, kar\u015f\u0131la\u015ft\u0131\u011f\u0131 problemlerle m\u00fccadele etmekte ve ya\u015fam\u0131nda X\u00a0yerine Y\u00a0yakla\u015f\u0131m\u0131n\u0131 benimsemektedir.<\/p>\n<ul>\n<li><span style=\"color: #800000\"><strong>Y Yakla\u015f\u0131m\u0131:<\/strong><\/span><\/li>\n<li>&#8220;E\u011fer biri yapabiliyorsa, ben de yapabilirim. E\u011fer hi\u00e7 kimse yapam\u0131yorsa, onu yapmak zorunday\u0131m.&#8221;.<\/li>\n<li><span style=\"color: #800000\"><strong>X Yakla\u015f\u0131m\u0131:<\/strong><\/span><\/li>\n<li>&#8220;E\u011fer biri yapabiliyorsa, b\u0131rak o yaps\u0131n. E\u011fer hi\u00e7 kimse yapam\u0131yorsa, ben nas\u0131l yapay\u0131m?&#8221;<\/li>\n<\/ul>\n<hr \/>\n<p style=\"text-align: justify\">Sevgi ve sayg\u0131lar\u0131mla.<\/p>\n<p style=\"text-align: justify\"><a href=\"https:\/\/blog.metu.edu.tr\/esenturk\/files\/2024\/11\/Eray_Senturk_CV_for_BLOG.pdf\">Eray_Senturk_CV<\/a><\/p>\n","protected":false},"excerpt":{"rendered":"<p>Views: 20816Orta Do\u011fu Teknik \u00dcniversitesi, Toplum ve Bilim Uygulama ve Ara\u015ft\u0131rma Merkezi\u2019nde \u00d6\u011fretim Eleman\u0131 olarak \u00e7al\u0131\u015fan Eray \u015eent\u00fcrk, ayn\u0131 \u00fcniversitenin Orta \u00d6\u011fretim Fen ve Matematik Alanlar\u0131 E\u011fitimi Anabilim Dal\u0131, Fizik E\u011fitimi b\u00f6l\u00fcm\u00fcnde 1 Eyl\u00fcl 2015 tarihinde doktora e\u011fitimini tamamlam\u0131\u015ft\u0131r. Doktora \u00e7al\u0131\u015fmas\u0131 kapsam\u0131nda Tez Dan\u0131\u015fman\u0131 Do\u00e7. Dr. \u00d6mer Faruk \u00d6ZDEM\u0130R ile birlikte \u201c\u00d6\u011fretmenlerin G\u00f6z\u00fcnden S\u0131n\u0131f Gezileri: [&hellip;]<\/p>\n","protected":false},"author":1394,"featured_media":0,"parent":0,"menu_order":0,"comment_status":"closed","ping_status":"open","template":"","meta":{"footnotes":"","_links_to":"","_links_to_target":""},"class_list":["post-72","page","type-page","status-publish","hentry"],"_links":{"self":[{"href":"https:\/\/blog.metu.edu.tr\/esenturk\/wp-json\/wp\/v2\/pages\/72","targetHints":{"allow":["GET"]}}],"collection":[{"href":"https:\/\/blog.metu.edu.tr\/esenturk\/wp-json\/wp\/v2\/pages"}],"about":[{"href":"https:\/\/blog.metu.edu.tr\/esenturk\/wp-json\/wp\/v2\/types\/page"}],"author":[{"embeddable":true,"href":"https:\/\/blog.metu.edu.tr\/esenturk\/wp-json\/wp\/v2\/users\/1394"}],"replies":[{"embeddable":true,"href":"https:\/\/blog.metu.edu.tr\/esenturk\/wp-json\/wp\/v2\/comments?post=72"}],"version-history":[{"count":0,"href":"https:\/\/blog.metu.edu.tr\/esenturk\/wp-json\/wp\/v2\/pages\/72\/revisions"}],"wp:attachment":[{"href":"https:\/\/blog.metu.edu.tr\/esenturk\/wp-json\/wp\/v2\/media?parent=72"}],"curies":[{"name":"wp","href":"https:\/\/api.w.org\/{rel}","templated":true}]}}