{"id":172,"date":"2017-04-26T19:59:22","date_gmt":"2017-04-26T16:59:22","guid":{"rendered":"http:\/\/blog.metu.edu.tr\/esenturk\/?page_id=172"},"modified":"2017-05-02T20:50:47","modified_gmt":"2017-05-02T17:50:47","slug":"blog","status":"publish","type":"page","link":"https:\/\/blog.metu.edu.tr\/esenturk\/blog\/","title":{"rendered":"BLOG"},"content":{"rendered":"<p>Views: 2507<\/p><ol>\n<li>L\u00fctfen BLOG butonun \u00fczerine farenizin imlecini getiriniz.<\/li>\n<li>BLOG butonu alt\u0131nda a\u00e7\u0131lan pencereden herhangi bir kategoriyi (Biliyor muydunuz? vb.) se\u00e7erek, merak etti\u011finiz bir yaz\u0131y\u0131 okuyabilirsiniz.<\/li>\n<\/ol>\n<p>&nbsp;<\/p>\n","protected":false},"excerpt":{"rendered":"<p>Views: 2507 L\u00fctfen BLOG butonun \u00fczerine farenizin imlecini getiriniz. BLOG butonu alt\u0131nda a\u00e7\u0131lan pencereden herhangi bir kategoriyi (Biliyor muydunuz? vb.) se\u00e7erek, merak etti\u011finiz bir yaz\u0131y\u0131 okuyabilirsiniz. &nbsp;<\/p>\n","protected":false},"author":1394,"featured_media":0,"parent":0,"menu_order":0,"comment_status":"closed","ping_status":"closed","template":"","meta":{"footnotes":"","_links_to":"","_links_to_target":""},"class_list":["post-172","page","type-page","status-publish","hentry"],"_links":{"self":[{"href":"https:\/\/blog.metu.edu.tr\/esenturk\/wp-json\/wp\/v2\/pages\/172","targetHints":{"allow":["GET"]}}],"collection":[{"href":"https:\/\/blog.metu.edu.tr\/esenturk\/wp-json\/wp\/v2\/pages"}],"about":[{"href":"https:\/\/blog.metu.edu.tr\/esenturk\/wp-json\/wp\/v2\/types\/page"}],"author":[{"embeddable":true,"href":"https:\/\/blog.metu.edu.tr\/esenturk\/wp-json\/wp\/v2\/users\/1394"}],"replies":[{"embeddable":true,"href":"https:\/\/blog.metu.edu.tr\/esenturk\/wp-json\/wp\/v2\/comments?post=172"}],"version-history":[{"count":0,"href":"https:\/\/blog.metu.edu.tr\/esenturk\/wp-json\/wp\/v2\/pages\/172\/revisions"}],"wp:attachment":[{"href":"https:\/\/blog.metu.edu.tr\/esenturk\/wp-json\/wp\/v2\/media?parent=172"}],"curies":[{"name":"wp","href":"https:\/\/api.w.org\/{rel}","templated":true}]}}