{"id":92,"date":"2021-04-18T17:44:51","date_gmt":"2021-04-18T17:44:51","guid":{"rendered":"https:\/\/blog.metu.edu.tr\/eresmech\/?page_id=92"},"modified":"2021-10-15T07:54:24","modified_gmt":"2021-10-15T07:54:24","slug":"1-2-1","status":"publish","type":"page","link":"https:\/\/blog.metu.edu.tr\/eresmech\/mekanizma-teknigi\/ch1\/1-2-1\/","title":{"rendered":"1-2-1"},"content":{"rendered":"<div id=\"pl-gb92-69db98e2c8893\"  class=\"panel-layout\" ><div id=\"pg-gb92-69db98e2c8893-0\"  class=\"panel-grid panel-no-style\" ><div id=\"pgc-gb92-69db98e2c8893-0-0\"  class=\"panel-grid-cell\" ><div id=\"panel-gb92-69db98e2c8893-0-0-0\" class=\"so-panel widget widget_sow-editor panel-first-child panel-last-child widgetopts-SO\" data-index=\"0\" ><div\n\t\t\t\n\t\t\tclass=\"so-widget-sow-editor so-widget-sow-editor-base\"\n\t\t\t\n\t\t>\n<div class=\"siteorigin-widget-tinymce textwidget\">\n\t<p><\/p>\n<h1 class=\"has-text-color\"><strong>1.2<\/strong>\u00a0<strong>Mekanizma Uygulamalar\u0131na \u00d6rnekler-I:<\/strong><\/h1>\n<p> <\/p>\n<h3><strong><u>\u00d6n y\u00fckleyici ve Kaz\u0131c\u0131 (H\u0130DROMEK)<\/u><\/strong><\/h3>\n<p> <\/p>\n<p>\u015eekilde g\u00f6r\u00fclen makina, \u00e7o\u011fu in\u015faat alan\u0131nda, yol yap\u0131m\u0131nda g\u00f6rd\u00fc\u011f\u00fcm\u00fcz \u00f6n y\u00fckleyici ve kaz\u0131c\u0131 makinas\u0131d\u0131r. D \u00f6n Kep\u00e7esi kullan\u0131larak yerden kald\u0131r\u0131lan toprak veya ta\u015f bir kamyona y\u00fcklenebilir. A da g\u00f6r\u00fclen kep\u00e7e ise kanal a\u00e7mak, \u00e7ukur kazmak i\u00e7in kullan\u0131labilir.<\/p>\n<p> <\/p>\n<div class=\"wp-block-image\">\n<figure class=\"aligncenter size-large\"><img loading=\"lazy\" decoding=\"async\" width=\"701\" height=\"227\" class=\"wp-image-94 aligncenter\" src=\"https:\/\/blog.metu.edu.tr\/eresmech\/files\/2021\/04\/LOADER1.gif\" alt=\"\" \/><\/figure>\n<hr \/>\n<\/div>\n<p> <\/p>\n<h3><span style=\"text-decoration: underline\">\u0130\u00e7ten yanmal\u0131 Motorlar<\/span><\/h3>\n<p><\/p>\n<\/div>\n<\/div><\/div><\/div><\/div><div id=\"pg-gb92-69db98e2c8893-1\"  class=\"panel-grid panel-no-style\" ><div id=\"pgc-gb92-69db98e2c8893-1-0\"  class=\"panel-grid-cell\" ><div id=\"panel-gb92-69db98e2c8893-1-0-0\" class=\"so-panel widget widget_sow-editor panel-first-child panel-last-child widgetopts-SO\" data-index=\"1\" ><div\n\t\t\t\n\t\t\tclass=\"so-widget-sow-editor so-widget-sow-editor-base\"\n\t\t\t\n\t\t>\n<div class=\"siteorigin-widget-tinymce textwidget\">\n\t<div class=\"su-image-carousel  su-image-carousel-has-spacing su-image-carousel-has-lightbox su-image-carousel-has-outline su-image-carousel-adaptive su-image-carousel-slides-style-default su-image-carousel-controls-style-dark su-image-carousel-align-center\" style=\"max-width:300px\" data-flickity-options='{\"groupCells\":true,\"cellSelector\":\".su-image-carousel-item\",\"adaptiveHeight\":true,\"cellAlign\":\"left\",\"prevNextButtons\":true,\"pageDots\":false,\"autoPlay\":false,\"imagesLoaded\":true,\"contain\":false,\"selectedAttraction\":1,\"friction\":1}' id=\"su_image_carousel_69db98e2c9c6d\"><div class=\"su-image-carousel-item\"><div class=\"su-image-carousel-item-content\"><a href=\"https:\/\/blog.metu.edu.tr\/eresmech\/files\/2021\/09\/motor2_1.gif\" target=\"_blank\" rel=\"noopener noreferrer\" data-caption=\"\"><img loading=\"lazy\" decoding=\"async\" width=\"300\" height=\"400\" src=\"https:\/\/blog.metu.edu.tr\/eresmech\/files\/2021\/09\/motor2_1.gif\" class=\"\" alt=\"\" \/><\/a><\/div><\/div><div class=\"su-image-carousel-item\"><div class=\"su-image-carousel-item-content\"><a href=\"https:\/\/blog.metu.edu.tr\/eresmech\/files\/2021\/10\/motor2.gif\" target=\"_blank\" rel=\"noopener noreferrer\" data-caption=\"\"><img loading=\"lazy\" decoding=\"async\" width=\"300\" height=\"400\" src=\"https:\/\/blog.metu.edu.tr\/eresmech\/files\/2021\/10\/motor2.gif\" class=\"\" alt=\"\" \/><\/a><\/div><\/div><\/div><script id=\"su_image_carousel_69db98e2c9c6d_script\">if(window.SUImageCarousel){setTimeout(function() {window.SUImageCarousel.initGallery(document.getElementById(\"su_image_carousel_69db98e2c9c6d\"))}, 0);}var su_image_carousel_69db98e2c9c6d_script=document.getElementById(\"su_image_carousel_69db98e2c9c6d_script\");if(su_image_carousel_69db98e2c9c6d_script){su_image_carousel_69db98e2c9c6d_script.parentNode.removeChild(su_image_carousel_69db98e2c9c6d_script);}<\/script>\n<\/div>\n<\/div><\/div><\/div><div id=\"pgc-gb92-69db98e2c8893-1-1\"  class=\"panel-grid-cell\" ><div id=\"panel-gb92-69db98e2c8893-1-1-0\" class=\"so-panel widget widget_sow-editor panel-first-child panel-last-child widgetopts-SO\" data-index=\"2\" ><div\n\t\t\t\n\t\t\tclass=\"so-widget-sow-editor so-widget-sow-editor-base\"\n\t\t\t\n\t\t>\n<div class=\"siteorigin-widget-tinymce textwidget\">\n\t<p>\u0130nsano\u011flunun hareket etme \u00f6zg\u00fcrl\u00fc\u011f\u00fcn\u00fc \u00f6nemli derecede art\u0131ran i\u00e7ten yanmal\u0131 motorlard\u0131r. Yakla\u015f\u0131k bir as\u0131rl\u0131k ge\u00e7mi\u015fi olan bu motor ya\u015fam \u015feklimizi tamamen de\u011fi\u015ftirmi\u015ftir. Motor i\u00e7in ba\u015flang\u0131\u00e7tan g\u00fcn\u00fcm\u00fcze kadar kullan\u0131lan basit, g\u00fcvenilir mekanizma ise santrik krank-biyel mekanizmas\u0131d\u0131r. Genellikle bir motorda krank a\u00e7\u0131lar\u0131 farkl\u0131 olacak \u015fekilde d\u00f6rt silindir bulunur. G\u00fcn\u00fcm\u00fcze kadar \u00e7ok de\u011fi\u015fik mekanizma i\u00e7ten yanmal\u0131 motorlarda kullan\u0131lmaya \u00e7al\u0131\u015f\u0131ld\u0131 ise de pek \u00e7o\u011fu \u00e7e\u015fitli nedenlerle uygulamada yer bulamam\u0131\u015ft\u0131r. Sa\u011fda g\u00f6rd\u00fc\u011f\u00fcn\u00fcz Wankel motoru, d\u00fc\u015f\u00fck hacim ve a\u011f\u0131rl\u0131ktan dolay\u0131 belirli alanlarda kullan\u0131labilmektedir. Motorlara ilginiz var ise,\u00a0<a href=\"http:\/\/www.keveney.com\/Engines.html\">buray\u0131 t\u0131klarsan\u0131z\u00a0<\/a>baz\u0131 ilgin\u00e7 motorlar\u0131n animasyonunu g\u00f6rebilirsiniz.<\/p>\n<\/div>\n<\/div><\/div><\/div><div id=\"pgc-gb92-69db98e2c8893-1-2\"  class=\"panel-grid-cell\" ><div id=\"panel-gb92-69db98e2c8893-1-2-0\" class=\"so-panel widget widget_sow-editor panel-first-child panel-last-child widgetopts-SO\" data-index=\"3\" ><div\n\t\t\t\n\t\t\tclass=\"so-widget-sow-editor so-widget-sow-editor-base\"\n\t\t\t\n\t\t>\n<div class=\"siteorigin-widget-tinymce textwidget\">\n\t<div class=\"su-image-carousel  su-image-carousel-has-spacing su-image-carousel-has-lightbox su-image-carousel-has-outline su-image-carousel-adaptive su-image-carousel-slides-style-default su-image-carousel-controls-style-dark su-image-carousel-align-center\" style=\"max-width:300px\" data-flickity-options='{\"groupCells\":true,\"cellSelector\":\".su-image-carousel-item\",\"adaptiveHeight\":true,\"cellAlign\":\"left\",\"prevNextButtons\":true,\"pageDots\":false,\"autoPlay\":false,\"imagesLoaded\":true,\"contain\":false,\"selectedAttraction\":1,\"friction\":1}' id=\"su_image_carousel_69db98e2ca7b2\"><div class=\"su-image-carousel-item\"><div class=\"su-image-carousel-item-content\"><a href=\"https:\/\/blog.metu.edu.tr\/eresmech\/files\/2021\/09\/wankel3_1.gif\" target=\"_blank\" rel=\"noopener noreferrer\" data-caption=\"\"><img loading=\"lazy\" decoding=\"async\" width=\"250\" height=\"300\" src=\"https:\/\/blog.metu.edu.tr\/eresmech\/files\/2021\/09\/wankel3_1.gif\" class=\"\" alt=\"\" \/><\/a><\/div><\/div><div class=\"su-image-carousel-item\"><div class=\"su-image-carousel-item-content\"><a href=\"https:\/\/blog.metu.edu.tr\/eresmech\/files\/2021\/09\/wankel3.gif\" target=\"_blank\" rel=\"noopener noreferrer\" data-caption=\"\"><img loading=\"lazy\" decoding=\"async\" width=\"250\" height=\"300\" src=\"https:\/\/blog.metu.edu.tr\/eresmech\/files\/2021\/09\/wankel3.gif\" class=\"\" alt=\"\" \/><\/a><\/div><\/div><\/div><script id=\"su_image_carousel_69db98e2ca7b2_script\">if(window.SUImageCarousel){setTimeout(function() {window.SUImageCarousel.initGallery(document.getElementById(\"su_image_carousel_69db98e2ca7b2\"))}, 0);}var su_image_carousel_69db98e2ca7b2_script=document.getElementById(\"su_image_carousel_69db98e2ca7b2_script\");if(su_image_carousel_69db98e2ca7b2_script){su_image_carousel_69db98e2ca7b2_script.parentNode.removeChild(su_image_carousel_69db98e2ca7b2_script);}<\/script>\n<\/div>\n<\/div><\/div><\/div><\/div><div id=\"pg-gb92-69db98e2c8893-2\"  class=\"panel-grid panel-no-style\" ><div id=\"pgc-gb92-69db98e2c8893-2-0\"  class=\"panel-grid-cell\" ><div id=\"panel-gb92-69db98e2c8893-2-0-0\" class=\"so-panel widget widget_sow-editor panel-first-child panel-last-child widgetopts-SO\" data-index=\"4\" ><div\n\t\t\t\n\t\t\tclass=\"so-widget-sow-editor so-widget-sow-editor-base\"\n\t\t\t\n\t\t>\n<div class=\"siteorigin-widget-tinymce textwidget\">\n\t<hr \/>\n<h3><span style=\"text-decoration: underline\">Film Projekt\u00f6rleri i\u00e7in kesik hareket tahrik mekanizmas\u0131<\/span><\/h3>\n<\/div>\n<\/div><\/div><\/div><\/div><div id=\"pg-gb92-69db98e2c8893-3\"  class=\"panel-grid panel-no-style\" ><div id=\"pgc-gb92-69db98e2c8893-3-0\"  class=\"panel-grid-cell\" ><div id=\"panel-gb92-69db98e2c8893-3-0-0\" class=\"so-panel widget widget_sow-editor panel-first-child panel-last-child widgetopts-SO\" data-index=\"5\" ><div\n\t\t\t\n\t\t\tclass=\"so-widget-sow-editor so-widget-sow-editor-base\"\n\t\t\t\n\t\t>\n<div class=\"siteorigin-widget-tinymce textwidget\">\n\t<p style=\"text-align: center\"><div class=\"su-image-carousel  su-image-carousel-has-spacing su-image-carousel-has-lightbox su-image-carousel-has-outline su-image-carousel-adaptive su-image-carousel-slides-style-default su-image-carousel-controls-style-dark su-image-carousel-align-center\" style=\"max-width:400px\" data-flickity-options='{\"groupCells\":true,\"cellSelector\":\".su-image-carousel-item\",\"adaptiveHeight\":true,\"cellAlign\":\"left\",\"prevNextButtons\":true,\"pageDots\":false,\"autoPlay\":false,\"imagesLoaded\":true,\"contain\":false,\"selectedAttraction\":1,\"friction\":1}' id=\"su_image_carousel_69db98e2cb384\"><div class=\"su-image-carousel-item\"><div class=\"su-image-carousel-item-content\"><a href=\"https:\/\/blog.metu.edu.tr\/eresmech\/files\/2021\/09\/filmdrive.png\" target=\"_blank\" rel=\"noopener noreferrer\" data-caption=\"\"><img loading=\"lazy\" decoding=\"async\" width=\"336\" height=\"584\" src=\"https:\/\/blog.metu.edu.tr\/eresmech\/files\/2021\/09\/filmdrive.png\" class=\"\" alt=\"\" srcset=\"https:\/\/blog.metu.edu.tr\/eresmech\/files\/2021\/09\/filmdrive.png 336w, https:\/\/blog.metu.edu.tr\/eresmech\/files\/2021\/09\/filmdrive-173x300.png 173w, https:\/\/blog.metu.edu.tr\/eresmech\/files\/2021\/09\/filmdrive-100x174.png 100w, https:\/\/blog.metu.edu.tr\/eresmech\/files\/2021\/09\/filmdrive-150x261.png 150w, https:\/\/blog.metu.edu.tr\/eresmech\/files\/2021\/09\/filmdrive-200x348.png 200w, https:\/\/blog.metu.edu.tr\/eresmech\/files\/2021\/09\/filmdrive-300x521.png 300w\" sizes=\"auto, (max-width: 336px) 100vw, 336px\" \/><\/a><\/div><\/div><div class=\"su-image-carousel-item\"><div class=\"su-image-carousel-item-content\"><a href=\"https:\/\/blog.metu.edu.tr\/eresmech\/files\/2021\/09\/filmdrive_1.gif\" target=\"_blank\" rel=\"noopener noreferrer\" data-caption=\"\"><img loading=\"lazy\" decoding=\"async\" width=\"336\" height=\"584\" src=\"https:\/\/blog.metu.edu.tr\/eresmech\/files\/2021\/09\/filmdrive_1.gif\" class=\"\" alt=\"\" \/><\/a><\/div><\/div><\/div><script id=\"su_image_carousel_69db98e2cb384_script\">if(window.SUImageCarousel){setTimeout(function() {window.SUImageCarousel.initGallery(document.getElementById(\"su_image_carousel_69db98e2cb384\"))}, 0);}var su_image_carousel_69db98e2cb384_script=document.getElementById(\"su_image_carousel_69db98e2cb384_script\");if(su_image_carousel_69db98e2cb384_script){su_image_carousel_69db98e2cb384_script.parentNode.removeChild(su_image_carousel_69db98e2cb384_script);}<\/script><\/p>\n<\/div>\n<\/div><\/div><\/div><div id=\"pgc-gb92-69db98e2c8893-3-1\"  class=\"panel-grid-cell\" ><div id=\"panel-gb92-69db98e2c8893-3-1-0\" class=\"so-panel widget widget_sow-editor panel-first-child panel-last-child widgetopts-SO\" data-index=\"6\" ><div\n\t\t\t\n\t\t\tclass=\"so-widget-sow-editor so-widget-sow-editor-base\"\n\t\t\t\n\t\t>\n<div class=\"siteorigin-widget-tinymce textwidget\">\n\t<p>Film projekt\u00f6rlerinde film \u015feridinin hareketi kesik olmal\u0131d\u0131r. \u015eerit \u00fczerinde bulunan bir kare, mercek \u00f6n\u00fcnde sabit olarak durmal\u0131 ve bu s\u0131rada arkadan yans\u0131t\u0131lan \u0131\u015f\u0131kla g\u00f6r\u00fcnt\u00fc ekrana aksettirilmeli, bundan sonra \u0131\u015f\u0131k kesilmeli ve yeni bir film karesi s\u00fcratle merce\u011fin \u00f6n\u00fcne getirilerek i\u015flem tekrarlanmal\u0131d\u0131r. Bu \u015fekilde ekrana saniyede en az 24 kare aksettirilebilir ise, insan g\u00f6z\u00fc g\u00f6r\u00fcnt\u00fcy\u00fc duran kareler olarak g\u00f6rmeyecek, ekranda s\u00fcrekli hareket eden cisimleri g\u00f6recektir. \u015eekilde g\u00f6sterilmekte olan mekanizmada, mavi uzvun u\u00e7 noktas\u0131 filmin iki yan\u0131nda bulunan kare deliklere girer, hareket ederken kareyi a\u015fa\u011f\u0131ya do\u011fru \u00e7eker,daha sonra geriye \u00e7ekilerek kareyi terk eder ve yukar\u0131ya do\u011fru filmden uzakta kalarak hareketini tamamlar.Harekete ba\u015flad\u0131\u011f\u0131 noktaya geldi\u011finde, film \u00fczerinde bir \u00f6nceki deli\u011fe g\u00f6re bir film karesi kadar daha ileride, yeni bir karenin deli\u011fine girerek filmi a\u015fa\u011f\u0131ya yeniden \u00e7eker. Uzvun filmden uzakta kald\u0131\u011f\u0131 s\u00fcre i\u00e7inde, film karesi mercek \u00f6n\u00fcnde sabit durur ve g\u00f6r\u00fcnt\u00fc ekrana yans\u0131r.<\/p>\n<\/div>\n<\/div><\/div><\/div><\/div><div id=\"pg-gb92-69db98e2c8893-4\"  class=\"panel-grid panel-no-style\" ><div id=\"pgc-gb92-69db98e2c8893-4-0\"  class=\"panel-grid-cell\" ><div id=\"panel-gb92-69db98e2c8893-4-0-0\" class=\"so-panel widget widget_sow-editor panel-first-child panel-last-child widgetopts-SO\" data-index=\"7\" ><div\n\t\t\t\n\t\t\tclass=\"so-widget-sow-editor so-widget-sow-editor-base\"\n\t\t\t\n\t\t>\n<div class=\"siteorigin-widget-tinymce textwidget\">\n\t<hr \/>\n<h3><span style=\"text-decoration: underline\">Ta\u015f K\u0131rma Mekanizmas\u0131<\/span><\/h3>\n<\/div>\n<\/div><\/div><\/div><\/div><div id=\"pg-gb92-69db98e2c8893-5\"  class=\"panel-grid panel-no-style\" ><div id=\"pgc-gb92-69db98e2c8893-5-0\"  class=\"panel-grid-cell\" ><div id=\"panel-gb92-69db98e2c8893-5-0-0\" class=\"so-panel widget widget_sow-editor panel-first-child panel-last-child widgetopts-SO\" data-index=\"8\" ><div\n\t\t\t\n\t\t\tclass=\"so-widget-sow-editor so-widget-sow-editor-base\"\n\t\t\t\n\t\t>\n<div class=\"siteorigin-widget-tinymce textwidget\">\n\t<div class=\"su-image-carousel  su-image-carousel-has-spacing su-image-carousel-has-lightbox su-image-carousel-has-outline su-image-carousel-adaptive su-image-carousel-slides-style-default su-image-carousel-controls-style-dark su-image-carousel-align-center\" style=\"\" data-flickity-options='{\"groupCells\":true,\"cellSelector\":\".su-image-carousel-item\",\"adaptiveHeight\":true,\"cellAlign\":\"left\",\"prevNextButtons\":true,\"pageDots\":false,\"autoPlay\":false,\"imagesLoaded\":true,\"contain\":false,\"selectedAttraction\":1,\"friction\":1}' id=\"su_image_carousel_69db98e2cbf39\"><div class=\"su-image-carousel-item\"><div class=\"su-image-carousel-item-content\"><a href=\"https:\/\/blog.metu.edu.tr\/eresmech\/files\/2021\/09\/CHRUSHER_1.gif\" target=\"_blank\" rel=\"noopener noreferrer\" data-caption=\"\"><img loading=\"lazy\" decoding=\"async\" width=\"550\" height=\"400\" src=\"https:\/\/blog.metu.edu.tr\/eresmech\/files\/2021\/09\/CHRUSHER_1.gif\" class=\"\" alt=\"\" \/><\/a><\/div><\/div><div class=\"su-image-carousel-item\"><div class=\"su-image-carousel-item-content\"><a href=\"https:\/\/blog.metu.edu.tr\/eresmech\/files\/2021\/09\/CHRUSHER_2.gif\" target=\"_blank\" rel=\"noopener noreferrer\" data-caption=\"\"><img loading=\"lazy\" decoding=\"async\" width=\"550\" height=\"400\" src=\"https:\/\/blog.metu.edu.tr\/eresmech\/files\/2021\/09\/CHRUSHER_2.gif\" class=\"\" alt=\"\" \/><\/a><\/div><\/div><\/div><script id=\"su_image_carousel_69db98e2cbf39_script\">if(window.SUImageCarousel){setTimeout(function() {window.SUImageCarousel.initGallery(document.getElementById(\"su_image_carousel_69db98e2cbf39\"))}, 0);}var su_image_carousel_69db98e2cbf39_script=document.getElementById(\"su_image_carousel_69db98e2cbf39_script\");if(su_image_carousel_69db98e2cbf39_script){su_image_carousel_69db98e2cbf39_script.parentNode.removeChild(su_image_carousel_69db98e2cbf39_script);}<\/script>\n<\/div>\n<\/div><\/div><\/div><div id=\"pgc-gb92-69db98e2c8893-5-1\"  class=\"panel-grid-cell\" ><div id=\"panel-gb92-69db98e2c8893-5-1-0\" class=\"so-panel widget widget_sow-editor panel-first-child panel-last-child widgetopts-SO\" data-index=\"9\" ><div\n\t\t\t\n\t\t\tclass=\"so-widget-sow-editor so-widget-sow-editor-base\"\n\t\t\t\n\t\t>\n<div class=\"siteorigin-widget-tinymce textwidget\">\n\t<p>Bu t\u00fcr mekanizmalar basit manivelalara nazaran daha k\u00fc\u00e7\u00fck alanda b\u00fcy\u00fck kuvvetlerin olu\u015fturulabilmesi i\u00e7in kullan\u0131labilirler. Preslerde, k\u0131r\u0131c\u0131larda bu tip mekanizmalar\u0131n kullan\u0131m\u0131 \u00e7ok yayg\u0131nd\u0131r. \u015eekilde bir ta\u015f k\u0131rma makinas\u0131nda kullan\u0131lan mekanizma g\u00f6sterilmektedir. Giri\u015f momentinin \u00e7enelerde olu\u015fturdu\u011fu kuvvet b\u00fcy\u00fck ve sert kayalar\u0131 bile k\u0131rabilecek de\u011ferlerdedir.<\/p>\n<\/div>\n<\/div><\/div><\/div><\/div><\/div>\n\n\n<p><a href=\"https:\/\/blog.metu.edu.tr\/eresmech\/mekanizma-teknigi\/ch1\/1-1\/\" data-type=\"page\" data-id=\"70\"><img loading=\"lazy\" decoding=\"async\" width=\"38\" height=\"38\" class=\"wp-image-16\" style=\"width: 38px\" src=\"https:\/\/blog.metu.edu.tr\/eresmech\/files\/2021\/04\/back_button.gif\" alt=\"\" \/><\/a><a href=\"https:\/\/blog.metu.edu.tr\/eresmech\/mekanizma-teknigi\/ch1\/\" data-type=\"page\" data-id=\"52\"><img loading=\"lazy\" decoding=\"async\" width=\"38\" height=\"38\" class=\"wp-image-17\" style=\"width: 38px\" src=\"https:\/\/blog.metu.edu.tr\/eresmech\/files\/2021\/04\/contents_button.gif\" alt=\"\" \/><\/a><a href=\"https:\/\/blog.metu.edu.tr\/eresmech\/mekanizma-teknigi\/\" data-type=\"page\" data-id=\"47\"><img loading=\"lazy\" decoding=\"async\" width=\"38\" height=\"38\" class=\"wp-image-18\" style=\"width: 38px\" src=\"https:\/\/blog.metu.edu.tr\/eresmech\/files\/2021\/04\/home_button.gif\" alt=\"\" \/><\/a><a href=\"https:\/\/blog.metu.edu.tr\/eresmech\/mekanizma-teknigi\/ch1\/1-2-2\/\" data-type=\"page\" data-id=\"111\"><img loading=\"lazy\" decoding=\"async\" width=\"38\" height=\"38\" class=\"wp-image-20\" style=\"width: 38px\" src=\"https:\/\/blog.metu.edu.tr\/eresmech\/files\/2021\/04\/next_button.gif\" alt=\"\" \/><\/a><img loading=\"lazy\" decoding=\"async\" width=\"119\" height=\"40\" class=\"wp-image-15\" style=\"width: 119px\" src=\"https:\/\/blog.metu.edu.tr\/eresmech\/files\/2021\/04\/ceres.gif\" alt=\"\" \/><\/p>\n","protected":false},"excerpt":{"rendered":"<p>1.2\u00a0Mekanizma Uygulamalar\u0131na \u00d6rnekler-I: \u00d6n y\u00fckleyici ve Kaz\u0131c\u0131 (H\u0130DROMEK) \u015eekilde g\u00f6r\u00fclen makina, \u00e7o\u011fu in\u015faat alan\u0131nda, yol yap\u0131m\u0131nda g\u00f6rd\u00fc\u011f\u00fcm\u00fcz \u00f6n y\u00fckleyici ve kaz\u0131c\u0131 makinas\u0131d\u0131r. D \u00f6n Kep\u00e7esi kullan\u0131larak yerden kald\u0131r\u0131lan toprak veya ta\u015f bir kamyona y\u00fcklenebilir. A da g\u00f6r\u00fclen kep\u00e7e ise kanal &hellip;<\/p>\n<p class=\"read-more\"> <a class=\"more-link\" href=\"https:\/\/blog.metu.edu.tr\/eresmech\/mekanizma-teknigi\/ch1\/1-2-1\/\"> <span class=\"screen-reader-text\">1-2-1<\/span> Devam\u0131n\u0131 Oku &raquo;<\/a><\/p>\n","protected":false},"author":7747,"featured_media":0,"parent":52,"menu_order":0,"comment_status":"closed","ping_status":"closed","template":"","meta":{"footnotes":"","_links_to":"","_links_to_target":""},"class_list":["post-92","page","type-page","status-publish","hentry"],"_links":{"self":[{"href":"https:\/\/blog.metu.edu.tr\/eresmech\/wp-json\/wp\/v2\/pages\/92","targetHints":{"allow":["GET"]}}],"collection":[{"href":"https:\/\/blog.metu.edu.tr\/eresmech\/wp-json\/wp\/v2\/pages"}],"about":[{"href":"https:\/\/blog.metu.edu.tr\/eresmech\/wp-json\/wp\/v2\/types\/page"}],"author":[{"embeddable":true,"href":"https:\/\/blog.metu.edu.tr\/eresmech\/wp-json\/wp\/v2\/users\/7747"}],"replies":[{"embeddable":true,"href":"https:\/\/blog.metu.edu.tr\/eresmech\/wp-json\/wp\/v2\/comments?post=92"}],"version-history":[{"count":0,"href":"https:\/\/blog.metu.edu.tr\/eresmech\/wp-json\/wp\/v2\/pages\/92\/revisions"}],"up":[{"embeddable":true,"href":"https:\/\/blog.metu.edu.tr\/eresmech\/wp-json\/wp\/v2\/pages\/52"}],"wp:attachment":[{"href":"https:\/\/blog.metu.edu.tr\/eresmech\/wp-json\/wp\/v2\/media?parent=92"}],"curies":[{"name":"wp","href":"https:\/\/api.w.org\/{rel}","templated":true}]}}