{"id":860,"date":"2021-09-09T09:18:16","date_gmt":"2021-09-09T09:18:16","guid":{"rendered":"https:\/\/blog.metu.edu.tr\/eresmech\/?page_id=860"},"modified":"2021-09-29T20:34:10","modified_gmt":"2021-09-29T20:34:10","slug":"7-0","status":"publish","type":"page","link":"https:\/\/blog.metu.edu.tr\/eresmech\/mekanizma-teknigi\/ch7\/7-0\/","title":{"rendered":"7-0"},"content":{"rendered":"<div id=\"pl-gb860-69d718826ba10\"  class=\"panel-layout\" ><div id=\"pg-gb860-69d718826ba10-0\"  class=\"panel-grid panel-no-style\" ><div id=\"pgc-gb860-69d718826ba10-0-0\"  class=\"panel-grid-cell\" ><div id=\"panel-gb860-69d718826ba10-0-0-0\" class=\"so-panel widget widget_sow-editor panel-first-child panel-last-child widgetopts-SO\" data-index=\"0\" ><div\n\t\t\t\n\t\t\tclass=\"so-widget-sow-editor so-widget-sow-editor-base\"\n\t\t\t\n\t\t>\n<div class=\"siteorigin-widget-tinymce textwidget\">\n\t<h4 class=\"has-text-color\"><span style=\"color: #ff0000\"><strong>&#8220;Exempla Non Minus doceunt quom Precaepta&#8221;<\/strong><\/span><\/h4>\n<h4 class=\"has-text-color\"><span style=\"color: #ff0000\"><strong>(&#8220;\u00d6rneksiz bir teori, bo\u015ftur&#8221;)<\/strong><\/span><\/h4>\n<h4 class=\"has-text-color\" style=\"text-align: right\"><span style=\"color: #ff0000\"><strong>Isaac Newton<\/strong><\/span><\/h4>\n<h1><strong data-rich-text-format-boundary=\"true\">D\u00f6rt Uzuvlu D\u00fczlemsel Mekanizmalar<\/strong><\/h1>\n<ul>\n<li>Bir\u00e7ok makinada kullan\u0131lan mekanizmalar bu yap\u0131dad\u0131r (uygulamada en fazla kullan\u0131lan mekanizmalard\u0131r)<\/li>\n<li>Daha karma\u015f\u0131k mekanizmalar genellikle analizde g\u00f6rd\u00fc\u011f\u00fcm\u00fcz gibi d\u00f6rt uzuvlu mekanizmalar\u0131n birle\u015fmesi ile olu\u015fturulmaktad\u0131r.<\/li>\n<\/ul>\n<p>Bu k\u0131s\u0131mda d\u00f6rt uzuvlu mekanizmalar\u0131n genel yap\u0131s\u0131 daha detayl\u0131 olarak incelenecektir. Bu mekanizmalar\u0131n konum, h\u0131z ve ivme analizleri \u00f6nceden a\u00e7\u0131kland\u0131\u011f\u0131 gibi yap\u0131l\u0131r.<\/p>\n<p style=\"text-align: center\"><img loading=\"lazy\" decoding=\"async\" class=\"aligncenter wp-image-862\" src=\"https:\/\/blog.metu.edu.tr\/eresmech\/files\/2021\/09\/img1-8.gif\" alt=\"\" width=\"745\" height=\"690\" \/><\/p>\n<h4><span style=\"color: #cc0000\">D\u00f6rt uzuvlu mekanizmalarda d\u00f6ner veya kayar mafsallar bulunabilir. Bu mafsallar\u0131n mekanizma i\u00e7inde da\u011f\u0131l\u0131m\u0131 ve bu mafsallara g\u00f6re sabit uzvun yeri yedi de\u011fi\u015fik tipte d\u00f6rt uzuvlu mekanizmay\u0131 verir. (Yukar\u0131da farkl\u0131 baz\u0131 d\u00f6rt uzuvlu mekanizmalar farkl\u0131 isimlerle an\u0131lsalarda ayn\u0131 tipte mekanizmalard\u0131r. Fark uzuv boyutlar\u0131 ile ilgilidir).<\/span><\/h4>\n<\/div>\n<\/div><\/div><\/div><\/div><div id=\"pg-gb860-69d718826ba10-1\"  class=\"panel-grid panel-no-style\" ><div id=\"pgc-gb860-69d718826ba10-1-0\"  class=\"panel-grid-cell panel-grid-cell-empty\" ><\/div><\/div><\/div>\n\n\n<p><a href=\"https:\/\/blog.metu.edu.tr\/eresmech\/mekanizma-teknigi\/ch7\/\"><img loading=\"lazy\" decoding=\"async\" width=\"38\" height=\"38\" class=\"wp-image-16\" style=\"width: 38px\" src=\"https:\/\/blog.metu.edu.tr\/eresmech\/files\/2021\/04\/back_button.gif\" alt=\"\" \/><img loading=\"lazy\" decoding=\"async\" width=\"38\" height=\"38\" class=\"wp-image-17\" style=\"width: 38px\" src=\"https:\/\/blog.metu.edu.tr\/eresmech\/files\/2021\/04\/contents_button.gif\" alt=\"\" \/><\/a><a href=\"https:\/\/blog.metu.edu.tr\/eresmech\/mekanizma-teknigi\/\" data-type=\"page\"><img loading=\"lazy\" decoding=\"async\" width=\"38\" height=\"38\" class=\"wp-image-18\" style=\"width: 38px\" src=\"https:\/\/blog.metu.edu.tr\/eresmech\/files\/2021\/04\/home_button.gif\" alt=\"\" \/><\/a><a href=\"https:\/\/blog.metu.edu.tr\/eresmech\/mekanizma-teknigi\/ch7\/7-1\/\"><img loading=\"lazy\" decoding=\"async\" width=\"38\" height=\"38\" class=\"wp-image-20\" style=\"width: 38px\" src=\"https:\/\/blog.metu.edu.tr\/eresmech\/files\/2021\/04\/next_button.gif\" alt=\"\" \/><\/a><img loading=\"lazy\" decoding=\"async\" width=\"119\" height=\"40\" class=\"wp-image-15\" style=\"width: 119px\" src=\"https:\/\/blog.metu.edu.tr\/eresmech\/files\/2021\/04\/ceres.gif\" alt=\"\" \/><\/p>\n","protected":false},"excerpt":{"rendered":"<p>&#8220;Exempla Non Minus doceunt quom Precaepta&#8221; (&#8220;\u00d6rneksiz bir teori, bo\u015ftur&#8221;) Isaac Newton D\u00f6rt Uzuvlu D\u00fczlemsel Mekanizmalar Bir\u00e7ok makinada kullan\u0131lan mekanizmalar bu yap\u0131dad\u0131r (uygulamada en fazla kullan\u0131lan mekanizmalard\u0131r) Daha karma\u015f\u0131k mekanizmalar genellikle analizde g\u00f6rd\u00fc\u011f\u00fcm\u00fcz gibi d\u00f6rt uzuvlu mekanizmalar\u0131n birle\u015fmesi ile olu\u015fturulmaktad\u0131r. &hellip;<\/p>\n<p class=\"read-more\"> <a class=\"more-link\" href=\"https:\/\/blog.metu.edu.tr\/eresmech\/mekanizma-teknigi\/ch7\/7-0\/\"> <span class=\"screen-reader-text\">7-0<\/span> Devam\u0131n\u0131 Oku &raquo;<\/a><\/p>\n","protected":false},"author":7747,"featured_media":0,"parent":853,"menu_order":0,"comment_status":"closed","ping_status":"closed","template":"","meta":{"footnotes":"","_links_to":"","_links_to_target":""},"class_list":["post-860","page","type-page","status-publish","hentry"],"_links":{"self":[{"href":"https:\/\/blog.metu.edu.tr\/eresmech\/wp-json\/wp\/v2\/pages\/860","targetHints":{"allow":["GET"]}}],"collection":[{"href":"https:\/\/blog.metu.edu.tr\/eresmech\/wp-json\/wp\/v2\/pages"}],"about":[{"href":"https:\/\/blog.metu.edu.tr\/eresmech\/wp-json\/wp\/v2\/types\/page"}],"author":[{"embeddable":true,"href":"https:\/\/blog.metu.edu.tr\/eresmech\/wp-json\/wp\/v2\/users\/7747"}],"replies":[{"embeddable":true,"href":"https:\/\/blog.metu.edu.tr\/eresmech\/wp-json\/wp\/v2\/comments?post=860"}],"version-history":[{"count":0,"href":"https:\/\/blog.metu.edu.tr\/eresmech\/wp-json\/wp\/v2\/pages\/860\/revisions"}],"up":[{"embeddable":true,"href":"https:\/\/blog.metu.edu.tr\/eresmech\/wp-json\/wp\/v2\/pages\/853"}],"wp:attachment":[{"href":"https:\/\/blog.metu.edu.tr\/eresmech\/wp-json\/wp\/v2\/media?parent=860"}],"curies":[{"name":"wp","href":"https:\/\/api.w.org\/{rel}","templated":true}]}}