{"id":853,"date":"2021-09-09T08:42:49","date_gmt":"2021-09-09T08:42:49","guid":{"rendered":"https:\/\/blog.metu.edu.tr\/eresmech\/?page_id=853"},"modified":"2021-09-26T18:05:28","modified_gmt":"2021-09-26T18:05:28","slug":"ch7","status":"publish","type":"page","link":"https:\/\/blog.metu.edu.tr\/eresmech\/mekanizma-teknigi\/ch7\/","title":{"rendered":"Chapter 7"},"content":{"rendered":"<div\n\t\t\t\n\t\t\tclass=\"so-widget-sow-editor so-widget-sow-editor-base\"\n\t\t\t\n\t\t>\n<div class=\"siteorigin-widget-tinymce textwidget\">\n\t<h1>VII. D\u00d6RT UZUVLU MEKAN\u0130ZMALAR<\/h1>\n<h3>\u00a0 \u00a0\u00a0 \u00a0\u00a0 \u00a0<span style=\"text-decoration: underline\"><a href=\"https:\/\/blog.metu.edu.tr\/eresmech\/mekanizma-teknigi\/ch7\/7-0\/\">Giri\u015f<\/a><\/span><\/h3>\n<h3>\u00a0 <span style=\"color: #000099\">7.1\u00a0 <\/span><span style=\"text-decoration: underline\"><a href=\"https:\/\/blog.metu.edu.tr\/eresmech\/mekanizma-teknigi\/ch7\/7-1\/\">D\u00f6rt-\u00c7ubuk Mekanizmas\u0131<\/a><\/span><\/h3>\n<h3>\u00a0 <span style=\"color: #000099\">7.2\u00a0 <\/span><span style=\"text-decoration: underline\"><a href=\"https:\/\/blog.metu.edu.tr\/eresmech\/mekanizma-teknigi\/ch7\/7-2\/\">Krank-Biyel Mekanizmas\u0131<\/a><\/span><\/h3>\n<h3>\u00a0 <span style=\"color: #000099\">7.3\u00a0 <\/span><span style=\"text-decoration: underline\"><a href=\"https:\/\/blog.metu.edu.tr\/eresmech\/mekanizma-teknigi\/ch7\/7-3\/\">Kol-K\u0131zak Mekanizmas\u0131<\/a><\/span><\/h3>\n<h3>\u00a0 <span style=\"color: #000099\">7.4\u00a0 <\/span><span style=\"text-decoration: underline\"><a href=\"https:\/\/blog.metu.edu.tr\/eresmech\/mekanizma-teknigi\/ch7\/7-4\/\">Biyel E\u011frileri<\/a><\/span><\/h3>\n<h3>\u00a0 <span style=\"color: #000099\">7.5<\/span>\u00a0\u00a0<span style=\"text-decoration: underline\"><a href=\"https:\/\/blog.metu.edu.tr\/eresmech\/mekanizma-teknigi\/ch7\/7-5\/\">D\u00f6rt-\u00c7ubuk ve Krank-Biyel Mekanizmalar\u0131 E\u015flenikleri<\/a><\/span><\/h3>\n<\/div>\n<\/div>\n\n\n<p>  <a href=\"https:\/\/blog.metu.edu.tr\/eresmech\/mekanizma-teknigi\/\" data-type=\"page\"><img loading=\"lazy\" decoding=\"async\" width=\"38\" height=\"38\" class=\"wp-image-17\" style=\"width: 38px\" src=\"https:\/\/blog.metu.edu.tr\/eresmech\/files\/2021\/04\/contents_button.gif\" alt=\"\" \/><\/a><a href=\"https:\/\/blog.metu.edu.tr\/eresmech\/mekanizma-teknigi\/\" data-type=\"page\" data-id=\"47\"><img loading=\"lazy\" decoding=\"async\" width=\"38\" height=\"38\" class=\"wp-image-18\" style=\"width: 38px\" src=\"https:\/\/blog.metu.edu.tr\/eresmech\/files\/2021\/04\/home_button.gif\" alt=\"\" \/><\/a><a href=\"https:\/\/blog.metu.edu.tr\/eresmech\/mekanizma-teknigi\/ch7\/7-0\/\"><img loading=\"lazy\" decoding=\"async\" width=\"38\" height=\"38\" class=\"wp-image-20\" style=\"width: 38px\" src=\"https:\/\/blog.metu.edu.tr\/eresmech\/files\/2021\/04\/next_button.gif\" alt=\"\" \/><\/a><img loading=\"lazy\" decoding=\"async\" width=\"119\" height=\"40\" class=\"wp-image-15\" style=\"width: 119px\" src=\"https:\/\/blog.metu.edu.tr\/eresmech\/files\/2021\/04\/ceres.gif\" alt=\"\" \/>   <\/p>\n","protected":false},"excerpt":{"rendered":"","protected":false},"author":7747,"featured_media":0,"parent":47,"menu_order":0,"comment_status":"closed","ping_status":"closed","template":"","meta":{"footnotes":"","_links_to":"","_links_to_target":""},"class_list":["post-853","page","type-page","status-publish","hentry"],"_links":{"self":[{"href":"https:\/\/blog.metu.edu.tr\/eresmech\/wp-json\/wp\/v2\/pages\/853","targetHints":{"allow":["GET"]}}],"collection":[{"href":"https:\/\/blog.metu.edu.tr\/eresmech\/wp-json\/wp\/v2\/pages"}],"about":[{"href":"https:\/\/blog.metu.edu.tr\/eresmech\/wp-json\/wp\/v2\/types\/page"}],"author":[{"embeddable":true,"href":"https:\/\/blog.metu.edu.tr\/eresmech\/wp-json\/wp\/v2\/users\/7747"}],"replies":[{"embeddable":true,"href":"https:\/\/blog.metu.edu.tr\/eresmech\/wp-json\/wp\/v2\/comments?post=853"}],"version-history":[{"count":0,"href":"https:\/\/blog.metu.edu.tr\/eresmech\/wp-json\/wp\/v2\/pages\/853\/revisions"}],"up":[{"embeddable":true,"href":"https:\/\/blog.metu.edu.tr\/eresmech\/wp-json\/wp\/v2\/pages\/47"}],"wp:attachment":[{"href":"https:\/\/blog.metu.edu.tr\/eresmech\/wp-json\/wp\/v2\/media?parent=853"}],"curies":[{"name":"wp","href":"https:\/\/api.w.org\/{rel}","templated":true}]}}