{"id":793,"date":"2021-09-08T20:24:47","date_gmt":"2021-09-08T20:24:47","guid":{"rendered":"https:\/\/blog.metu.edu.tr\/eresmech\/?page_id=793"},"modified":"2021-09-29T22:20:07","modified_gmt":"2021-09-29T22:20:07","slug":"2-7","status":"publish","type":"page","link":"https:\/\/blog.metu.edu.tr\/eresmech\/mekanizma-teknigi\/ch2\/2-7\/","title":{"rendered":"2-7"},"content":{"rendered":"<div id=\"pl-gb793-69d5e6f805946\"  class=\"panel-layout\" ><div id=\"pg-gb793-69d5e6f805946-0\"  class=\"panel-grid panel-no-style\" ><div id=\"pgc-gb793-69d5e6f805946-0-0\"  class=\"panel-grid-cell\" ><div id=\"panel-gb793-69d5e6f805946-0-0-0\" class=\"so-panel widget widget_sow-editor panel-first-child panel-last-child widgetopts-SO\" data-index=\"0\" ><div\n\t\t\t\n\t\t\tclass=\"so-widget-sow-editor so-widget-sow-editor-base\"\n\t\t\t\n\t\t>\n<div class=\"siteorigin-widget-tinymce textwidget\">\n\t<h1><b>2.7<\/b> Mekanizmalar\u0131n S\u0131n\u0131fland\u0131r\u0131lmas\u0131<\/h1>\n<p>Mekanizma tekni\u011fi konular\u0131n\u0131 bir bilim dal\u0131 olarak ele alan Reuleaux&#8217;ya g\u00f6re mekanizmalar 6 temel gurupta s\u0131n\u0131fland\u0131r\u0131labilirler :<\/p>\n<ol>\n<li>Vida Mekanizmalar\u0131<\/li>\n<li>\u00c7ark mekanizmalar\u0131 (di\u015fli \u00e7arklar, s\u00fcrt\u00fcnme \u00e7arklar\u0131)<\/li>\n<li>Kam mekanizmalar\u0131<\/li>\n<li>Kol mekanizmalar\u0131<\/li>\n<li>Kay\u0131\u015f-kasnak mekanizmalar\u0131<\/li>\n<li>C\u0131rc\u0131r veya mandal mekanizmalar\u0131 (Malta Ha\u00e7\u0131 mekanizmas\u0131 dahil)<\/li>\n<\/ol>\n<p>Bu s\u0131n\u0131fland\u0131rma basit mekanizmalar i\u00e7in uygulanabilir ise de g\u00fcn\u00fcm\u00fczde kullan\u0131lan karma\u015f\u0131k bir mekanizma bu s\u0131n\u0131fland\u0131rmada yerini bulam\u0131yacakt\u0131r (\u00f6rne\u011fin mekanizmada kam \u00e7ifti olabildi\u011fi gibi di\u015fli \u00e7iftide olabilir ve kayar ve d\u00f6ner mafsallar bulunabilir. Bu mekanizman\u0131n s\u0131n\u0131fland\u0131r\u0131lmas\u0131nda kam mekanizmas\u0131, kol mekanizmas\u0131 veya \u00e7ark mekanizmas\u0131 demek zordur).<\/p>\n<p>Mekanizmalar\u0131 s\u0131n\u0131fland\u0131rmaktansa bir mekanizman\u0131n tipini belirleyen t\u00fcm \u00f6zelliklerin s\u0131ralanmas\u0131 daha \u00f6nemli olmaktad\u0131r. Bu topolojik \u00f6zellikler:<\/p>\n<ol>\n<li>Mekanizman\u0131n \u00e7al\u0131\u015ft\u0131\u011f\u0131 uzay serbestlik derecesi (d\u00fczlemsel, k\u00fcresel, genel uzay)<\/li>\n<li>Mekanizma serbestlik derecesi (genel serbestlik derecesine g\u00f6re veya kritik boyutlara g\u00f6re)<\/li>\n<li>Mekanizma uzuv say\u0131s\u0131<\/li>\n<li>Mekanizmada mafsal say\u0131s\u0131<\/li>\n<li>Mekanizmada bulunan mafsal tipleri<\/li>\n<\/ol>\n<p>Bir mekanizman\u0131n tan\u0131m\u0131 i\u00e7in yukar\u0131da verilen t\u00fcm parametreler ge\u00e7erlidir ve mekanizmalar\u0131 s\u0131n\u0131fland\u0131rmak i\u00e7in kullan\u0131labilir. Reuleaux&#8217;nun s\u0131n\u0131fland\u0131rmas\u0131 k\u0131smen mafsal tipine g\u00f6re yap\u0131lan bir s\u0131n\u0131fland\u0131rmad\u0131r.<\/p>\n<p align=\"center\"><img loading=\"lazy\" decoding=\"async\" class=\"alignnone wp-image-796 aligncenter\" src=\"https:\/\/blog.metu.edu.tr\/eresmech\/files\/2021\/09\/image1-1.gif\" alt=\"\" width=\"605\" height=\"246\" \/><\/p>\n<p align=\"center\"><img loading=\"lazy\" decoding=\"async\" class=\"alignnone wp-image-797 aligncenter\" src=\"https:\/\/blog.metu.edu.tr\/eresmech\/files\/2021\/09\/image2-1.gif\" alt=\"\" width=\"347\" height=\"249\" \/><\/p>\n<p align=\"center\">\n<p align=\"center\">\n<\/div>\n<\/div><\/div><\/div><\/div><div id=\"pg-gb793-69d5e6f805946-1\"  class=\"panel-grid panel-no-style\" ><div id=\"pgc-gb793-69d5e6f805946-1-0\"  class=\"panel-grid-cell\" ><div id=\"panel-gb793-69d5e6f805946-1-0-0\" class=\"so-panel widget widget_sow-editor panel-first-child panel-last-child widgetopts-SO\" data-index=\"1\" ><div\n\t\t\t\n\t\t\tclass=\"so-widget-sow-editor so-widget-sow-editor-base\"\n\t\t\t\n\t\t>\n<div class=\"siteorigin-widget-tinymce textwidget\">\n\t<div class=\"su-image-carousel  su-image-carousel-has-spacing su-image-carousel-has-lightbox su-image-carousel-has-outline su-image-carousel-adaptive su-image-carousel-slides-style-default su-image-carousel-controls-style-dark su-image-carousel-align-center\" style=\"max-width:250px\" data-flickity-options='{\"groupCells\":true,\"cellSelector\":\".su-image-carousel-item\",\"adaptiveHeight\":true,\"cellAlign\":\"left\",\"prevNextButtons\":true,\"pageDots\":false,\"autoPlay\":false,\"imagesLoaded\":true,\"contain\":false,\"selectedAttraction\":1,\"friction\":1}' id=\"su_image_carousel_69d5e6f806d72\"><div class=\"su-image-carousel-item\"><div class=\"su-image-carousel-item-content\"><a href=\"https:\/\/blog.metu.edu.tr\/eresmech\/files\/2021\/09\/variety_1.gif\" target=\"_blank\" rel=\"noopener noreferrer\" data-caption=\"\"><img loading=\"lazy\" decoding=\"async\" width=\"240\" height=\"211\" src=\"https:\/\/blog.metu.edu.tr\/eresmech\/files\/2021\/09\/variety_1.gif\" class=\"\" alt=\"\" \/><\/a><\/div><\/div><div class=\"su-image-carousel-item\"><div class=\"su-image-carousel-item-content\"><a href=\"https:\/\/blog.metu.edu.tr\/eresmech\/files\/2021\/09\/variety_2.gif\" target=\"_blank\" rel=\"noopener noreferrer\" data-caption=\"\"><img loading=\"lazy\" decoding=\"async\" width=\"195\" height=\"172\" src=\"https:\/\/blog.metu.edu.tr\/eresmech\/files\/2021\/09\/variety_2.gif\" class=\"\" alt=\"\" \/><\/a><\/div><\/div><\/div><script id=\"su_image_carousel_69d5e6f806d72_script\">if(window.SUImageCarousel){setTimeout(function() {window.SUImageCarousel.initGallery(document.getElementById(\"su_image_carousel_69d5e6f806d72\"))}, 0);}var su_image_carousel_69d5e6f806d72_script=document.getElementById(\"su_image_carousel_69d5e6f806d72_script\");if(su_image_carousel_69d5e6f806d72_script){su_image_carousel_69d5e6f806d72_script.parentNode.removeChild(su_image_carousel_69d5e6f806d72_script);}<\/script>\n<\/div>\n<\/div><\/div><\/div><div id=\"pgc-gb793-69d5e6f805946-1-1\"  class=\"panel-grid-cell\" ><div id=\"panel-gb793-69d5e6f805946-1-1-0\" class=\"so-panel widget widget_sow-editor panel-first-child panel-last-child widgetopts-SO\" data-index=\"2\" ><div\n\t\t\t\n\t\t\tclass=\"so-widget-sow-editor so-widget-sow-editor-base\"\n\t\t\t\n\t\t>\n<div class=\"siteorigin-widget-tinymce textwidget\">\n\t<div class=\"su-image-carousel  su-image-carousel-has-spacing su-image-carousel-has-lightbox su-image-carousel-has-outline su-image-carousel-adaptive su-image-carousel-slides-style-default su-image-carousel-controls-style-dark su-image-carousel-align-center\" style=\"max-width:250px\" data-flickity-options='{\"groupCells\":true,\"cellSelector\":\".su-image-carousel-item\",\"adaptiveHeight\":true,\"cellAlign\":\"left\",\"prevNextButtons\":true,\"pageDots\":false,\"autoPlay\":false,\"imagesLoaded\":true,\"contain\":false,\"selectedAttraction\":1,\"friction\":1}' id=\"su_image_carousel_69d5e6f807768\"><div class=\"su-image-carousel-item\"><div class=\"su-image-carousel-item-content\"><a href=\"https:\/\/blog.metu.edu.tr\/eresmech\/files\/2021\/09\/variety_3.gif\" target=\"_blank\" rel=\"noopener noreferrer\" data-caption=\"\"><img loading=\"lazy\" decoding=\"async\" width=\"228\" height=\"196\" src=\"https:\/\/blog.metu.edu.tr\/eresmech\/files\/2021\/09\/variety_3.gif\" class=\"\" alt=\"\" \/><\/a><\/div><\/div><div class=\"su-image-carousel-item\"><div class=\"su-image-carousel-item-content\"><a href=\"https:\/\/blog.metu.edu.tr\/eresmech\/files\/2021\/09\/variety_4.gif\" target=\"_blank\" rel=\"noopener noreferrer\" data-caption=\"\"><img loading=\"lazy\" decoding=\"async\" width=\"176\" height=\"150\" src=\"https:\/\/blog.metu.edu.tr\/eresmech\/files\/2021\/09\/variety_4.gif\" class=\"\" alt=\"\" \/><\/a><\/div><\/div><\/div><script id=\"su_image_carousel_69d5e6f807768_script\">if(window.SUImageCarousel){setTimeout(function() {window.SUImageCarousel.initGallery(document.getElementById(\"su_image_carousel_69d5e6f807768\"))}, 0);}var su_image_carousel_69d5e6f807768_script=document.getElementById(\"su_image_carousel_69d5e6f807768_script\");if(su_image_carousel_69d5e6f807768_script){su_image_carousel_69d5e6f807768_script.parentNode.removeChild(su_image_carousel_69d5e6f807768_script);}<\/script>\n<\/div>\n<\/div><\/div><\/div><div id=\"pgc-gb793-69d5e6f805946-1-2\"  class=\"panel-grid-cell\" ><div id=\"panel-gb793-69d5e6f805946-1-2-0\" class=\"so-panel widget widget_sow-editor panel-first-child panel-last-child widgetopts-SO\" data-index=\"3\" ><div\n\t\t\t\n\t\t\tclass=\"so-widget-sow-editor so-widget-sow-editor-base\"\n\t\t\t\n\t\t>\n<div class=\"siteorigin-widget-tinymce textwidget\">\n\t<div class=\"su-image-carousel  su-image-carousel-has-spacing su-image-carousel-has-lightbox su-image-carousel-has-outline su-image-carousel-adaptive su-image-carousel-slides-style-default su-image-carousel-controls-style-dark su-image-carousel-align-center\" style=\"max-width:318px\" data-flickity-options='{\"groupCells\":true,\"cellSelector\":\".su-image-carousel-item\",\"adaptiveHeight\":true,\"cellAlign\":\"left\",\"prevNextButtons\":true,\"pageDots\":false,\"autoPlay\":false,\"imagesLoaded\":true,\"contain\":false,\"selectedAttraction\":1,\"friction\":1}' id=\"su_image_carousel_69d5e6f808100\"><div class=\"su-image-carousel-item\"><div class=\"su-image-carousel-item-content\"><a href=\"https:\/\/blog.metu.edu.tr\/eresmech\/files\/2021\/09\/variety2_1.gif\" target=\"_blank\" rel=\"noopener noreferrer\" data-caption=\"\"><img loading=\"lazy\" decoding=\"async\" width=\"327\" height=\"263\" src=\"https:\/\/blog.metu.edu.tr\/eresmech\/files\/2021\/09\/variety2_1.gif\" class=\"\" alt=\"\" \/><\/a><\/div><\/div><div class=\"su-image-carousel-item\"><div class=\"su-image-carousel-item-content\"><a href=\"https:\/\/blog.metu.edu.tr\/eresmech\/files\/2021\/09\/variety2_2.gif\" target=\"_blank\" rel=\"noopener noreferrer\" data-caption=\"\"><img loading=\"lazy\" decoding=\"async\" width=\"318\" height=\"263\" src=\"https:\/\/blog.metu.edu.tr\/eresmech\/files\/2021\/09\/variety2_2.gif\" class=\"\" alt=\"\" \/><\/a><\/div><\/div><\/div><script id=\"su_image_carousel_69d5e6f808100_script\">if(window.SUImageCarousel){setTimeout(function() {window.SUImageCarousel.initGallery(document.getElementById(\"su_image_carousel_69d5e6f808100\"))}, 0);}var su_image_carousel_69d5e6f808100_script=document.getElementById(\"su_image_carousel_69d5e6f808100_script\");if(su_image_carousel_69d5e6f808100_script){su_image_carousel_69d5e6f808100_script.parentNode.removeChild(su_image_carousel_69d5e6f808100_script);}<\/script>\n<\/div>\n<\/div><\/div><\/div><\/div><\/div>\n\n\n<p> <a href=\"https:\/\/blog.metu.edu.tr\/eresmech\/mekanizma-teknigi\/ch2\/2-6\/\" data-type=\"page\"><img loading=\"lazy\" decoding=\"async\" width=\"38\" height=\"38\" class=\"wp-image-16\" style=\"width: 38px\" src=\"https:\/\/blog.metu.edu.tr\/eresmech\/files\/2021\/04\/back_button.gif\" alt=\"\" \/><\/a><a href=\"https:\/\/blog.metu.edu.tr\/eresmech\/mekanizma-teknigi\/ch2\/\" data-type=\"page\" data-id=\"52\"><img loading=\"lazy\" decoding=\"async\" width=\"38\" height=\"38\" class=\"wp-image-17\" style=\"width: 38px\" src=\"https:\/\/blog.metu.edu.tr\/eresmech\/files\/2021\/04\/contents_button.gif\" alt=\"\" \/><\/a><a href=\"https:\/\/blog.metu.edu.tr\/eresmech\/mekanizma-teknigi\/\" data-type=\"page\" data-id=\"47\"><img loading=\"lazy\" decoding=\"async\" width=\"38\" height=\"38\" class=\"wp-image-18\" style=\"width: 38px\" src=\"https:\/\/blog.metu.edu.tr\/eresmech\/files\/2021\/04\/home_button.gif\" alt=\"\" \/><\/a><a href=\"https:\/\/blog.metu.edu.tr\/eresmech\/mekanizma-teknigi\/ch3\/\" data-type=\"page\" data-id=\"92\"><img loading=\"lazy\" decoding=\"async\" width=\"38\" height=\"38\" class=\"wp-image-20\" style=\"width: 38px\" src=\"https:\/\/blog.metu.edu.tr\/eresmech\/files\/2021\/04\/next_button.gif\" alt=\"\" \/><\/a><img loading=\"lazy\" decoding=\"async\" width=\"119\" height=\"40\" class=\"wp-image-15\" style=\"width: 119px\" src=\"https:\/\/blog.metu.edu.tr\/eresmech\/files\/2021\/04\/ceres.gif\" alt=\"\" \/>      <\/p>\n","protected":false},"excerpt":{"rendered":"<p>2.7 Mekanizmalar\u0131n S\u0131n\u0131fland\u0131r\u0131lmas\u0131 Mekanizma tekni\u011fi konular\u0131n\u0131 bir bilim dal\u0131 olarak ele alan Reuleaux&#8217;ya g\u00f6re mekanizmalar 6 temel gurupta s\u0131n\u0131fland\u0131r\u0131labilirler : Vida Mekanizmalar\u0131 \u00c7ark mekanizmalar\u0131 (di\u015fli \u00e7arklar, s\u00fcrt\u00fcnme \u00e7arklar\u0131) Kam mekanizmalar\u0131 Kol mekanizmalar\u0131 Kay\u0131\u015f-kasnak mekanizmalar\u0131 C\u0131rc\u0131r veya mandal mekanizmalar\u0131 (Malta Ha\u00e7\u0131 &hellip;<\/p>\n<p class=\"read-more\"> <a class=\"more-link\" href=\"https:\/\/blog.metu.edu.tr\/eresmech\/mekanizma-teknigi\/ch2\/2-7\/\"> <span class=\"screen-reader-text\">2-7<\/span> Devam\u0131n\u0131 Oku &raquo;<\/a><\/p>\n","protected":false},"author":7747,"featured_media":0,"parent":304,"menu_order":0,"comment_status":"closed","ping_status":"closed","template":"","meta":{"footnotes":"","_links_to":"","_links_to_target":""},"class_list":["post-793","page","type-page","status-publish","hentry"],"_links":{"self":[{"href":"https:\/\/blog.metu.edu.tr\/eresmech\/wp-json\/wp\/v2\/pages\/793","targetHints":{"allow":["GET"]}}],"collection":[{"href":"https:\/\/blog.metu.edu.tr\/eresmech\/wp-json\/wp\/v2\/pages"}],"about":[{"href":"https:\/\/blog.metu.edu.tr\/eresmech\/wp-json\/wp\/v2\/types\/page"}],"author":[{"embeddable":true,"href":"https:\/\/blog.metu.edu.tr\/eresmech\/wp-json\/wp\/v2\/users\/7747"}],"replies":[{"embeddable":true,"href":"https:\/\/blog.metu.edu.tr\/eresmech\/wp-json\/wp\/v2\/comments?post=793"}],"version-history":[{"count":0,"href":"https:\/\/blog.metu.edu.tr\/eresmech\/wp-json\/wp\/v2\/pages\/793\/revisions"}],"up":[{"embeddable":true,"href":"https:\/\/blog.metu.edu.tr\/eresmech\/wp-json\/wp\/v2\/pages\/304"}],"wp:attachment":[{"href":"https:\/\/blog.metu.edu.tr\/eresmech\/wp-json\/wp\/v2\/media?parent=793"}],"curies":[{"name":"wp","href":"https:\/\/api.w.org\/{rel}","templated":true}]}}