{"id":789,"date":"2021-09-08T20:21:28","date_gmt":"2021-09-08T20:21:28","guid":{"rendered":"https:\/\/blog.metu.edu.tr\/eresmech\/?page_id=789"},"modified":"2021-09-29T22:02:40","modified_gmt":"2021-09-29T22:02:40","slug":"2-6","status":"publish","type":"page","link":"https:\/\/blog.metu.edu.tr\/eresmech\/mekanizma-teknigi\/ch2\/2-6\/","title":{"rendered":"2-6"},"content":{"rendered":"<div id=\"pl-gb789-69d7910beaf07\"  class=\"panel-layout\" ><div id=\"pg-gb789-69d7910beaf07-0\"  class=\"panel-grid panel-no-style\" ><div id=\"pgc-gb789-69d7910beaf07-0-0\"  class=\"panel-grid-cell\" ><div id=\"panel-gb789-69d7910beaf07-0-0-0\" class=\"so-panel widget widget_sow-editor panel-first-child panel-last-child widgetopts-SO\" data-index=\"0\" ><div\n\t\t\t\n\t\t\tclass=\"so-widget-sow-editor so-widget-sow-editor-base\"\n\t\t\t\n\t\t>\n<div class=\"siteorigin-widget-tinymce textwidget\">\n\t<h1><b>2.6<\/b> K\u00fcresel ve \u0130ki Boyutlu Uzay<\/h1>\n<p>Genel serbestlik derecesi denklemi sadece bir uzay i\u00e7in elde edilmedi\u011fi, her boyutlu uzay i\u00e7in kullan\u0131labilece\u011fi a\u00e7\u0131kt\u0131r. \u015eu ana kadar verilmi\u015f \u00f6rneklerde d\u00fczlemsel (\u03bb = 3) ve genel uzay (\u03bb = 6) ele al\u0131nm\u0131\u015ft\u0131r. Bunun d\u0131\u015f\u0131nda e\u011fer uzayda t\u00fcm d\u00f6nme eksenleri bir noktada kesi\u015fiyor ise bu k\u00fcresel uzay olacakt\u0131r ve serbestlik derecesi 3 t\u00fcr (\u03bb = 3). K\u00fcresel uzay mekanizmas\u0131na en yayg\u0131n \u00f6rnek ara\u00e7 transmisyonlar\u0131nda kullan\u0131lan kardan kavramas\u0131d\u0131r.<\/p>\n<p>K\u00fcresel uzay (\u03bb = 3)<\/p>\n<p align=\"center\">\n<p style=\"text-align: center\" align=\"center\">\n<\/div>\n<\/div><\/div><\/div><\/div><div id=\"pg-gb789-69d7910beaf07-1\"  class=\"panel-grid panel-no-style\" ><div id=\"pgc-gb789-69d7910beaf07-1-0\"  class=\"panel-grid-cell\" ><div id=\"panel-gb789-69d7910beaf07-1-0-0\" class=\"so-panel widget widget_sow-editor panel-first-child panel-last-child widgetopts-SO\" data-index=\"1\" ><div\n\t\t\t\n\t\t\tclass=\"so-widget-sow-editor so-widget-sow-editor-base\"\n\t\t\t\n\t\t>\n<div class=\"siteorigin-widget-tinymce textwidget\">\n\t<p>Kardan Kavramas\u0131-1 (a\u011f\u0131r y\u00fck alt\u0131nda \u00e7al\u0131\u015fma i\u00e7in &#8211; \u00f6rne\u011fin ara\u00e7larda)<\/p>\n<\/div>\n<\/div><\/div><\/div><div id=\"pgc-gb789-69d7910beaf07-1-1\"  class=\"panel-grid-cell\" ><div id=\"panel-gb789-69d7910beaf07-1-1-0\" class=\"so-panel widget widget_sow-editor panel-first-child panel-last-child widgetopts-SO\" data-index=\"2\" ><div\n\t\t\t\n\t\t\tclass=\"so-widget-sow-editor so-widget-sow-editor-base\"\n\t\t\t\n\t\t>\n<div class=\"siteorigin-widget-tinymce textwidget\">\n\t<div class=\"su-image-carousel  su-image-carousel-has-spacing su-image-carousel-has-lightbox su-image-carousel-has-outline su-image-carousel-adaptive su-image-carousel-slides-style-default su-image-carousel-controls-style-dark su-image-carousel-align-center\" style=\"max-width:256px\" data-flickity-options='{\"groupCells\":true,\"cellSelector\":\".su-image-carousel-item\",\"adaptiveHeight\":true,\"cellAlign\":\"left\",\"prevNextButtons\":true,\"pageDots\":false,\"autoPlay\":false,\"imagesLoaded\":true,\"contain\":false,\"selectedAttraction\":1,\"friction\":1}' id=\"su_image_carousel_69d7910bec128\"><div class=\"su-image-carousel-item\"><div class=\"su-image-carousel-item-content\"><a href=\"https:\/\/blog.metu.edu.tr\/eresmech\/files\/2021\/09\/hooke3.gif\" target=\"_blank\" rel=\"noopener noreferrer\" data-caption=\"\"><img loading=\"lazy\" decoding=\"async\" width=\"256\" height=\"256\" src=\"https:\/\/blog.metu.edu.tr\/eresmech\/files\/2021\/09\/hooke3.gif\" class=\"\" alt=\"\" \/><\/a><\/div><\/div><div class=\"su-image-carousel-item\"><div class=\"su-image-carousel-item-content\"><a href=\"https:\/\/blog.metu.edu.tr\/eresmech\/files\/2021\/09\/hooke3-1.gif\" target=\"_blank\" rel=\"noopener noreferrer\" data-caption=\"\"><img loading=\"lazy\" decoding=\"async\" width=\"256\" height=\"256\" src=\"https:\/\/blog.metu.edu.tr\/eresmech\/files\/2021\/09\/hooke3-1.gif\" class=\"\" alt=\"\" \/><\/a><\/div><\/div><\/div><script id=\"su_image_carousel_69d7910bec128_script\">if(window.SUImageCarousel){setTimeout(function() {window.SUImageCarousel.initGallery(document.getElementById(\"su_image_carousel_69d7910bec128\"))}, 0);}var su_image_carousel_69d7910bec128_script=document.getElementById(\"su_image_carousel_69d7910bec128_script\");if(su_image_carousel_69d7910bec128_script){su_image_carousel_69d7910bec128_script.parentNode.removeChild(su_image_carousel_69d7910bec128_script);}<\/script>\n<\/div>\n<\/div><\/div><\/div><\/div><div id=\"pg-gb789-69d7910beaf07-2\"  class=\"panel-grid panel-no-style\" ><div id=\"pgc-gb789-69d7910beaf07-2-0\"  class=\"panel-grid-cell\" ><div id=\"panel-gb789-69d7910beaf07-2-0-0\" class=\"so-panel widget widget_sow-editor panel-first-child panel-last-child widgetopts-SO\" data-index=\"3\" ><div\n\t\t\t\n\t\t\tclass=\"so-widget-sow-editor so-widget-sow-editor-base\"\n\t\t\t\n\t\t>\n<div class=\"siteorigin-widget-tinymce textwidget\">\n\t<p>Kardan Kavramas\u0131-2 (tak\u0131m tezgahlar\u0131nda, kolay monte edilme olana\u011f\u0131 olan)<\/p>\n<\/div>\n<\/div><\/div><\/div><div id=\"pgc-gb789-69d7910beaf07-2-1\"  class=\"panel-grid-cell\" ><div id=\"panel-gb789-69d7910beaf07-2-1-0\" class=\"so-panel widget widget_sow-editor panel-first-child panel-last-child widgetopts-SO\" data-index=\"4\" ><div\n\t\t\t\n\t\t\tclass=\"so-widget-sow-editor so-widget-sow-editor-base\"\n\t\t\t\n\t\t>\n<div class=\"siteorigin-widget-tinymce textwidget\">\n\t<div class=\"su-image-carousel  su-image-carousel-has-spacing su-image-carousel-has-lightbox su-image-carousel-has-outline su-image-carousel-adaptive su-image-carousel-slides-style-default su-image-carousel-controls-style-dark su-image-carousel-align-center\" style=\"max-width:256px\" data-flickity-options='{\"groupCells\":true,\"cellSelector\":\".su-image-carousel-item\",\"adaptiveHeight\":true,\"cellAlign\":\"left\",\"prevNextButtons\":true,\"pageDots\":false,\"autoPlay\":false,\"imagesLoaded\":true,\"contain\":false,\"selectedAttraction\":1,\"friction\":1}' id=\"su_image_carousel_69d7910becc63\"><div class=\"su-image-carousel-item\"><div class=\"su-image-carousel-item-content\"><a href=\"https:\/\/blog.metu.edu.tr\/eresmech\/files\/2021\/09\/hooke1.gif\" target=\"_blank\" rel=\"noopener noreferrer\" data-caption=\"\"><img loading=\"lazy\" decoding=\"async\" width=\"211\" height=\"210\" src=\"https:\/\/blog.metu.edu.tr\/eresmech\/files\/2021\/09\/hooke1.gif\" class=\"\" alt=\"\" \/><\/a><\/div><\/div><div class=\"su-image-carousel-item\"><div class=\"su-image-carousel-item-content\"><a href=\"https:\/\/blog.metu.edu.tr\/eresmech\/files\/2021\/09\/hooke1-1.gif\" target=\"_blank\" rel=\"noopener noreferrer\" data-caption=\"\"><img loading=\"lazy\" decoding=\"async\" width=\"256\" height=\"256\" src=\"https:\/\/blog.metu.edu.tr\/eresmech\/files\/2021\/09\/hooke1-1.gif\" class=\"\" alt=\"\" \/><\/a><\/div><\/div><\/div><script id=\"su_image_carousel_69d7910becc63_script\">if(window.SUImageCarousel){setTimeout(function() {window.SUImageCarousel.initGallery(document.getElementById(\"su_image_carousel_69d7910becc63\"))}, 0);}var su_image_carousel_69d7910becc63_script=document.getElementById(\"su_image_carousel_69d7910becc63_script\");if(su_image_carousel_69d7910becc63_script){su_image_carousel_69d7910becc63_script.parentNode.removeChild(su_image_carousel_69d7910becc63_script);}<\/script>\n<\/div>\n<\/div><\/div><\/div><\/div><div id=\"pg-gb789-69d7910beaf07-3\"  class=\"panel-grid panel-no-style\" ><div id=\"pgc-gb789-69d7910beaf07-3-0\"  class=\"panel-grid-cell\" ><div id=\"panel-gb789-69d7910beaf07-3-0-0\" class=\"so-panel widget widget_sow-editor panel-first-child panel-last-child widgetopts-SO\" data-index=\"5\" ><div\n\t\t\t\n\t\t\tclass=\"so-widget-sow-editor so-widget-sow-editor-base\"\n\t\t\t\n\t\t>\n<div class=\"siteorigin-widget-tinymce textwidget\">\n\t<p>Kardan Kavramas\u0131-3 (\u00e7atal ve ortada ha\u00e7 \u015feklinde)<\/p>\n<\/div>\n<\/div><\/div><\/div><div id=\"pgc-gb789-69d7910beaf07-3-1\"  class=\"panel-grid-cell\" ><div id=\"panel-gb789-69d7910beaf07-3-1-0\" class=\"so-panel widget widget_sow-editor panel-first-child panel-last-child widgetopts-SO\" data-index=\"6\" ><div\n\t\t\t\n\t\t\tclass=\"so-widget-sow-editor so-widget-sow-editor-base\"\n\t\t\t\n\t\t>\n<div class=\"siteorigin-widget-tinymce textwidget\">\n\t<div class=\"su-image-carousel  su-image-carousel-has-spacing su-image-carousel-has-lightbox su-image-carousel-has-outline su-image-carousel-adaptive su-image-carousel-slides-style-default su-image-carousel-controls-style-dark su-image-carousel-align-center\" style=\"max-width:206px\" data-flickity-options='{\"groupCells\":true,\"cellSelector\":\".su-image-carousel-item\",\"adaptiveHeight\":true,\"cellAlign\":\"left\",\"prevNextButtons\":true,\"pageDots\":false,\"autoPlay\":false,\"imagesLoaded\":true,\"contain\":false,\"selectedAttraction\":1,\"friction\":1}' id=\"su_image_carousel_69d7910bed787\"><div class=\"su-image-carousel-item\"><div class=\"su-image-carousel-item-content\"><a href=\"https:\/\/blog.metu.edu.tr\/eresmech\/files\/2021\/09\/hooke2.gif\" target=\"_blank\" rel=\"noopener noreferrer\" data-caption=\"\"><img loading=\"lazy\" decoding=\"async\" width=\"209\" height=\"220\" src=\"https:\/\/blog.metu.edu.tr\/eresmech\/files\/2021\/09\/hooke2.gif\" class=\"\" alt=\"\" \/><\/a><\/div><\/div><div class=\"su-image-carousel-item\"><div class=\"su-image-carousel-item-content\"><a href=\"https:\/\/blog.metu.edu.tr\/eresmech\/files\/2021\/09\/hooke2-1.gif\" target=\"_blank\" rel=\"noopener noreferrer\" data-caption=\"\"><img loading=\"lazy\" decoding=\"async\" width=\"256\" height=\"256\" src=\"https:\/\/blog.metu.edu.tr\/eresmech\/files\/2021\/09\/hooke2-1.gif\" class=\"\" alt=\"\" \/><\/a><\/div><\/div><\/div><script id=\"su_image_carousel_69d7910bed787_script\">if(window.SUImageCarousel){setTimeout(function() {window.SUImageCarousel.initGallery(document.getElementById(\"su_image_carousel_69d7910bed787\"))}, 0);}var su_image_carousel_69d7910bed787_script=document.getElementById(\"su_image_carousel_69d7910bed787_script\");if(su_image_carousel_69d7910bed787_script){su_image_carousel_69d7910bed787_script.parentNode.removeChild(su_image_carousel_69d7910bed787_script);}<\/script>\n<\/div>\n<\/div><\/div><\/div><\/div><div id=\"pg-gb789-69d7910beaf07-4\"  class=\"panel-grid panel-no-style\" ><div id=\"pgc-gb789-69d7910beaf07-4-0\"  class=\"panel-grid-cell\" ><div id=\"panel-gb789-69d7910beaf07-4-0-0\" class=\"so-panel widget widget_sow-editor panel-first-child panel-last-child widgetopts-SO\" data-index=\"7\" ><div\n\t\t\t\n\t\t\tclass=\"so-widget-sow-editor so-widget-sow-editor-base\"\n\t\t\t\n\t\t>\n<div class=\"siteorigin-widget-tinymce textwidget\">\n\t<p align=\"center\">\u00a0\u0130ki Boyutlu Uzaylar (\u03bb = 2)<\/p>\n<p style=\"text-align: center\" align=\"center\">\u00a0<img loading=\"lazy\" decoding=\"async\" class=\"alignnone size-full wp-image-792\" src=\"https:\/\/blog.metu.edu.tr\/eresmech\/files\/2021\/09\/image3a.gif\" alt=\"\" width=\"505\" height=\"228\" \/><\/p>\n<p>\u00dc\u00e7 kayar mafsal ve \u00fc\u00e7 uzuvdan olu\u015fan d\u00fczlemsel mekanizmada d\u00f6nme hareketi olamayaca\u011f\u0131ndan, uzay serbestlik derecesi 2 al\u0131nmal\u0131d\u0131r (\u03bb = 2). Benzer bir \u015fekilde, vida mekanizmalar\u0131nda uzuvlar sadece ayn\u0131 eksen etraf\u0131nda d\u00f6nerler veya \u00f6teleme yapabilirler. Bu t\u00fcr mekanizmalar i\u00e7inde uzay serbestlik derecesi 2 dir (\u03bb = 2).Vida mekanizmalar\u0131 i\u00e7in en uygun \u00f6rnek at\u00f6lyede kullan\u0131lan mikrometredir.<\/p>\n<\/div>\n<\/div><\/div><\/div><\/div><\/div>\n\n\n<p> <a href=\"https:\/\/blog.metu.edu.tr\/eresmech\/mekanizma-teknigi\/ch2\/2-5\/\" data-type=\"page\"><img loading=\"lazy\" decoding=\"async\" width=\"38\" height=\"38\" class=\"wp-image-16\" style=\"width: 38px\" src=\"https:\/\/blog.metu.edu.tr\/eresmech\/files\/2021\/04\/back_button.gif\" alt=\"\" \/><\/a><a href=\"https:\/\/blog.metu.edu.tr\/eresmech\/mekanizma-teknigi\/ch2\/\" data-type=\"page\" data-id=\"52\"><img loading=\"lazy\" decoding=\"async\" width=\"38\" height=\"38\" class=\"wp-image-17\" style=\"width: 38px\" src=\"https:\/\/blog.metu.edu.tr\/eresmech\/files\/2021\/04\/contents_button.gif\" alt=\"\" \/><\/a><a href=\"https:\/\/blog.metu.edu.tr\/eresmech\/mekanizma-teknigi\/\" data-type=\"page\" data-id=\"47\"><img loading=\"lazy\" decoding=\"async\" width=\"38\" height=\"38\" class=\"wp-image-18\" style=\"width: 38px\" src=\"https:\/\/blog.metu.edu.tr\/eresmech\/files\/2021\/04\/home_button.gif\" alt=\"\" \/><\/a><a href=\"https:\/\/blog.metu.edu.tr\/eresmech\/mekanizma-teknigi\/ch2\/2-7\/\" data-type=\"page\" data-id=\"92\"><img loading=\"lazy\" decoding=\"async\" width=\"38\" height=\"38\" class=\"wp-image-20\" style=\"width: 38px\" src=\"https:\/\/blog.metu.edu.tr\/eresmech\/files\/2021\/04\/next_button.gif\" alt=\"\" \/><\/a><img loading=\"lazy\" decoding=\"async\" width=\"119\" height=\"40\" class=\"wp-image-15\" style=\"width: 119px\" src=\"https:\/\/blog.metu.edu.tr\/eresmech\/files\/2021\/04\/ceres.gif\" alt=\"\" \/>      <\/p>\n","protected":false},"excerpt":{"rendered":"<p>2.6 K\u00fcresel ve \u0130ki Boyutlu Uzay Genel serbestlik derecesi denklemi sadece bir uzay i\u00e7in elde edilmedi\u011fi, her boyutlu uzay i\u00e7in kullan\u0131labilece\u011fi a\u00e7\u0131kt\u0131r. \u015eu ana kadar verilmi\u015f \u00f6rneklerde d\u00fczlemsel (\u03bb = 3) ve genel uzay (\u03bb = 6) ele al\u0131nm\u0131\u015ft\u0131r. Bunun &hellip;<\/p>\n<p class=\"read-more\"> <a class=\"more-link\" href=\"https:\/\/blog.metu.edu.tr\/eresmech\/mekanizma-teknigi\/ch2\/2-6\/\"> <span class=\"screen-reader-text\">2-6<\/span> Devam\u0131n\u0131 Oku &raquo;<\/a><\/p>\n","protected":false},"author":7747,"featured_media":0,"parent":304,"menu_order":0,"comment_status":"closed","ping_status":"closed","template":"","meta":{"footnotes":"","_links_to":"","_links_to_target":""},"class_list":["post-789","page","type-page","status-publish","hentry"],"_links":{"self":[{"href":"https:\/\/blog.metu.edu.tr\/eresmech\/wp-json\/wp\/v2\/pages\/789","targetHints":{"allow":["GET"]}}],"collection":[{"href":"https:\/\/blog.metu.edu.tr\/eresmech\/wp-json\/wp\/v2\/pages"}],"about":[{"href":"https:\/\/blog.metu.edu.tr\/eresmech\/wp-json\/wp\/v2\/types\/page"}],"author":[{"embeddable":true,"href":"https:\/\/blog.metu.edu.tr\/eresmech\/wp-json\/wp\/v2\/users\/7747"}],"replies":[{"embeddable":true,"href":"https:\/\/blog.metu.edu.tr\/eresmech\/wp-json\/wp\/v2\/comments?post=789"}],"version-history":[{"count":0,"href":"https:\/\/blog.metu.edu.tr\/eresmech\/wp-json\/wp\/v2\/pages\/789\/revisions"}],"up":[{"embeddable":true,"href":"https:\/\/blog.metu.edu.tr\/eresmech\/wp-json\/wp\/v2\/pages\/304"}],"wp:attachment":[{"href":"https:\/\/blog.metu.edu.tr\/eresmech\/wp-json\/wp\/v2\/media?parent=789"}],"curies":[{"name":"wp","href":"https:\/\/api.w.org\/{rel}","templated":true}]}}