{"id":776,"date":"2021-09-08T20:14:27","date_gmt":"2021-09-08T20:14:27","guid":{"rendered":"https:\/\/blog.metu.edu.tr\/eresmech\/?page_id=776"},"modified":"2021-10-05T22:21:10","modified_gmt":"2021-10-05T22:21:10","slug":"2-4","status":"publish","type":"page","link":"https:\/\/blog.metu.edu.tr\/eresmech\/mekanizma-teknigi\/ch2\/2-4\/","title":{"rendered":"2-4"},"content":{"rendered":"<div id=\"pl-gb776-69d840ff13b2a\"  class=\"panel-layout\" ><div id=\"pg-gb776-69d840ff13b2a-0\"  class=\"panel-grid panel-no-style\" ><div id=\"pgc-gb776-69d840ff13b2a-0-0\"  class=\"panel-grid-cell\" ><div id=\"panel-gb776-69d840ff13b2a-0-0-0\" class=\"so-panel widget widget_sow-editor panel-first-child panel-last-child widgetopts-SO\" data-index=\"0\" ><div\n\t\t\t\n\t\t\tclass=\"so-widget-sow-editor so-widget-sow-editor-base\"\n\t\t\t\n\t\t>\n<div class=\"siteorigin-widget-tinymce textwidget\">\n\t<h1><strong data-rich-text-format-boundary=\"true\">2.4 Gr\u00fcbler Denklemi<\/strong><\/h1>\n<p>Genel serbestlik derecesi denklemi \u00f6zel durumlar i\u00e7in daha basit hale getirilebilir. Bu \u015fekilde \u00f6zel durumlar i\u00e7in ge\u00e7erli olan belirli baz\u0131 kurallar\u0131n elde edilmesi m\u00fcmk\u00fcn olacakt\u0131r. \u0130lk olarak ele alaca\u011f\u0131m\u0131z durum, uygulamada en s\u0131k rastlan\u0131lan: bir serbestlik dereceli (F = 1), d\u00fczlemsel (\u03bb = 3) ve sadece d\u00f6ner veya kayar mafsal (f<sub>i<\/sub>\u00a0= 1, \u2211f<sub>i<\/sub> = j) kullanan mekanizmalar olacakt\u0131r. Bu de\u011ferler genel serbestlik derecesi denkleminde kullan\u0131ld\u0131\u011f\u0131nda:<\/p>\n<table border=\"0\" width=\"100%\">\n<tbody>\n<tr>\n<td style=\"vertical-align: middle;text-align: center\" width=\"90%\">3<em>l<\/em>\u00a0\u2212 2j \u2212 4 = 0<\/td>\n<td style=\"vertical-align: middle;text-align: right\" width=\"10%\">(1)<\/td>\n<\/tr>\n<\/tbody>\n<\/table>\n<p>Bu denkleme\u00a0<span style=\"color: cc0000\">Gr\u00fcbler Denklemi\u00a0<\/span>diyece\u011fiz (Gr\u00fcbler denklemi genel serbestlik derecesi denkleminden \u00f6nce bulunmu\u015ftur).<\/p>\n<p>Gr\u00fcbler denklemini inceleyerek bu tip mekanizmalar ile ilgili \u00e7e\u015fitli \u00f6zellikleri belirleyebiliriz:<\/p>\n<ol>\n<li style=\"text-align: justify\"><span style=\"color: cc0000\">Gr\u00fcbler denklemini sa\u011flayan mekanizmalarda uzuv say\u0131s\u0131 \u00e7ifttir.<\/span><br \/>\n<em>l<\/em> ve j uzuv ve mafsal say\u0131s\u0131n\u0131 g\u00f6sterdi\u011finden, tam say\u0131 olmalar\u0131 \u015fartt\u0131r. Mafsal say\u0131s\u0131 j ne olursa olsun 2j daima \u00e7ift say\u0131d\u0131r. Ayn\u0131 \u015fekilde, (2j + 4) \u00e7ift say\u0131 olacakt\u0131r. 3<em>l<\/em> = 2j + 4 oldu\u011fundan, bu denklemin sa\u011flanabilmesi 3<em>l<\/em> in \u00e7ift say\u0131 olmas\u0131 ile m\u00fcmk\u00fcnd\u00fcr. 3 ile \u00e7arp\u0131lan bir say\u0131n\u0131n sonu\u00e7ta \u00e7ift say\u0131 olabilmesi sadece say\u0131n\u0131n \u00e7ift say\u0131 olmas\u0131 ile m\u00fcmk\u00fcnd\u00fcr. Bu durumda mekanizmada bulunan uzuv say\u0131s\u0131 (<em>l<\/em>), \u00e7ifttir.<\/li>\n<\/ol>\n<p><span style=\"color: cc0000\">Mekanizmada bulunan iki elemanl\u0131 uzuv say\u0131s\u0131 d\u00f6rt veya d\u00f6rtten fazla olmal\u0131d\u0131r.<\/span><br \/>\nKinematik eleman say\u0131s\u0131 k olan uzuvlar\u0131n say\u0131s\u0131 <em>l<\/em><sub>k<\/sub> olsun. Bir elemanl\u0131 uzuv olamayacakt\u0131r (<em>l<\/em><sub>1<\/sub>\u00a0= 0) \u00e7\u00fcnk\u00fc uzuv tan\u0131m\u0131nda, uzvun en az iki elemanl\u0131 oldu\u011fu belirtilmi\u015ftir. Toplam uzuv say\u0131s\u0131 bu uzuv say\u0131lar\u0131n\u0131n toplam\u0131d\u0131r:<\/p>\n<table border=\"0\" width=\"100%\">\n<tbody>\n<tr>\n<td style=\"vertical-align: middle;text-align: center\" width=\"90%\"><em>l<\/em> = <em>l<\/em><sub>2<\/sub> + <em>l<\/em><sub>3<\/sub> + <em>l<\/em><sub>4<\/sub> + <em>l<\/em><sub>5<\/sub> + &#8230; + <em>l<\/em><sub>n<\/sub><\/td>\n<td style=\"vertical-align: middle;text-align: right\" width=\"10%\">(2)<\/td>\n<\/tr>\n<\/tbody>\n<\/table>\n<p>veya<\/p>\n<table border=\"0\" width=\"100%\">\n<tbody>\n<tr>\n<td style=\"vertical-align: middle;text-align: center\" width=\"90%\">3<em>l<\/em> = 3<em>l<\/em><sub>2<\/sub>\u00a0+ 3l<sub>3<\/sub>\u00a0+ 3l<sub>4<\/sub>\u00a0+ 3l<sub>5<\/sub> + &#8230; + 3<em>l<\/em><sub>n<\/sub><\/td>\n<td style=\"vertical-align: middle;text-align: right\" width=\"10%\">(3)<\/td>\n<\/tr>\n<\/tbody>\n<\/table>\n<p>(bu denklemlerde <em>l<\/em><sub>2<\/sub>\u00a0mekanizmada iki elemanl\u0131 uzuvlar\u0131n say\u0131s\u0131n\u0131, <em>l<\/em><sub>3<\/sub> \u00fc\u00e7 elemanl\u0131 uzuvlar\u0131n say\u0131s\u0131n\u0131, v.s. belirtmektedir). Mekanizmada bulunan kinematik eleman say\u0131s\u0131 ise:<\/p>\n<table border=\"0\" width=\"100%\">\n<tbody>\n<tr>\n<td style=\"vertical-align: middle;text-align: center\" width=\"90%\">2<em>l<\/em><sub>2<\/sub>\u00a0+ 3<em>l<\/em><sub>3<\/sub>\u00a0+ 4<em>l<\/em><sub>4<\/sub>\u00a0+ &#8230; + n<em>l<\/em><sub>n<\/sub><i>\u00a0= <\/i>kinematik eleman say\u0131s\u0131<\/td>\n<td style=\"vertical-align: middle;text-align: right\" width=\"10%\">(4)<\/td>\n<\/tr>\n<\/tbody>\n<\/table>\n<p>\u0130ki kinematik eleman bir kinematik \u00e7ift olu\u015fturdu\u011funa g\u00f6re, kinematik eleman say\u0131s\u0131 mafsal say\u0131s\u0131n\u0131n iki kat\u0131 olacakt\u0131r:<\/p>\n<table border=\"0\" width=\"100%\">\n<tbody>\n<tr>\n<td style=\"vertical-align: middle;text-align: center\" width=\"90%\">2j = 2<em>l<\/em><sub>2<\/sub>\u00a0+ 3<em>l<\/em><sub>3<\/sub>\u00a0+ 4<em>l<\/em><sub>4<\/sub> + &#8230; + n<em>l<\/em><sub>n<\/sub><\/td>\n<td style=\"vertical-align: middle;text-align: right\" width=\"10%\">(5)<\/td>\n<\/tr>\n<\/tbody>\n<\/table>\n<p>(3) ve (5) denklemlerini Gr\u00fcbler denklemine (1) yerle\u015ftirdi\u011fimizde<\/p>\n<p style=\"text-align: center\"><em>l<\/em><sub>2<\/sub>\u00a0\u2212 (<em>l<\/em><sub>4<\/sub>\u00a0+ 2<em>l<\/em><sub>5<\/sub>\u00a0+ 3<em>l<\/em><sub>6<\/sub> + &#8230; + (n \u2212 3)<em>l<\/em><sub>n<\/sub>) = 4<\/p>\n<p>veya<\/p>\n<p style=\"text-align: center\"><em>l<\/em><sub>2<\/sub> = 4 + P<\/p>\n<p>olur. Burada<\/p>\n<p style=\"text-align: center\">P = <em>l<\/em><sub>4<\/sub>\u00a0+ 2<em>l<\/em><sub>5<\/sub>\u00a0+ 3<em>l<\/em><sub>6<\/sub> + &#8230; + (n \u2212 3)<em>l<\/em><sub>n<\/sub><\/p>\n<p>dir. Mekanizmada bulunan bir uzuvda kinematik eleman say\u0131s\u0131 mekanizmada bulunan uzuv say\u0131s\u0131n\u0131n yar\u0131s\u0131ndan fazla olamaz. P daima pozitif bir de\u011fer alacakt\u0131r ve en k\u00fc\u00e7\u00fck de\u011feri, mekanizmada bulunan uzuvlar iki veya \u00fc\u00e7 elemanl\u0131 ise, s\u0131f\u0131rd\u0131r (uzuv say\u0131s\u0131 de\u011ferleri eksi olamaz). Bu durumda iki elamanl\u0131 uzuvlar\u0131n say\u0131s\u0131 P = 0 oldu\u011funda <em>l<\/em><sub>2<\/sub> = 4 t\u00fcr. Bunun d\u0131\u015f\u0131nda durumlarda ise iki elemanl\u0131 uzuv say\u0131s\u0131 mutlaka 4 ten fazla olacakt\u0131r.<\/p>\n<p align=\"center\"><img loading=\"lazy\" decoding=\"async\" class=\"aligncenter wp-image-779\" src=\"https:\/\/blog.metu.edu.tr\/eresmech\/files\/2021\/09\/resim3.gif\" alt=\"\" width=\"567\" height=\"204\" \/><\/p>\n<p>Yukar\u0131daki \u015fekilde g\u00f6sterildi\u011fi gibi, (a) gibi kinematik eleman say\u0131s\u0131 maksimum olacak bir uzuv d\u00fc\u015f\u00fcnelim. Maksimum eleman say\u0131s\u0131 i olsun. Bu uzvun her bir eleman\u0131 bir kinematik \u00e7ift olu\u015fturaca\u011f\u0131ndan, i kadar (b) tipte uzuv (a) uzvuna ba\u011flanacakt\u0131r. Mevcut uzuv say\u0131s\u0131 (i + 1) olmu\u015ftur ancak hen\u00fcz kapal\u0131 bir zincir yok-tur. Eklenecek bir uzuv (a) uzvunun kinematik eleman say\u0131s\u0131n\u0131 art\u0131rmaz. \u00d6yle ise minimum say\u0131da (c) tipinde uzuv kullanarak kapal\u0131 bir zincir elde edilir ise, (a) uzvunda kinematik eleman say\u0131s\u0131 maksimum olur. Bu d\u00fc\u015f\u00fcn\u00fcld\u00fc\u011f\u00fcnde, (i \u2212 1) kadar (c) tipinde uzuv kapal\u0131 zincir olu\u015fturmak i\u00e7in yeterlidir. Bu mekanizmada uzuv say\u0131s\u0131:<\/p>\n<p style=\"text-align: center\"><em>l<\/em> = 1 + i + (i \u2212 1)<\/p>\n<p>veya<\/p>\n<p style=\"text-align: center\">i =\u00a0<em>l<\/em>\u00a0\/ 2<\/p>\n<p style=\"text-align: left\">olur.<\/p>\n<\/div>\n<\/div><\/div><\/div><\/div><\/div>\n\n\n<p> <a href=\"https:\/\/blog.metu.edu.tr\/eresmech\/mekanizma-teknigi\/ch2\/2-3\/\" data-type=\"page\"><img loading=\"lazy\" decoding=\"async\" width=\"38\" height=\"38\" class=\"wp-image-16\" style=\"width: 38px\" src=\"https:\/\/blog.metu.edu.tr\/eresmech\/files\/2021\/04\/back_button.gif\" alt=\"\" \/><\/a><a href=\"https:\/\/blog.metu.edu.tr\/eresmech\/mekanizma-teknigi\/ch2\/\" data-type=\"page\" data-id=\"52\"><img loading=\"lazy\" decoding=\"async\" width=\"38\" height=\"38\" class=\"wp-image-17\" style=\"width: 38px\" src=\"https:\/\/blog.metu.edu.tr\/eresmech\/files\/2021\/04\/contents_button.gif\" alt=\"\" \/><\/a><a href=\"https:\/\/blog.metu.edu.tr\/eresmech\/mekanizma-teknigi\/\" data-type=\"page\" data-id=\"47\"><img loading=\"lazy\" decoding=\"async\" width=\"38\" height=\"38\" class=\"wp-image-18\" style=\"width: 38px\" src=\"https:\/\/blog.metu.edu.tr\/eresmech\/files\/2021\/04\/home_button.gif\" alt=\"\" \/><\/a><a href=\"https:\/\/blog.metu.edu.tr\/eresmech\/mekanizma-teknigi\/ch2\/2-5\/\" data-type=\"page\" data-id=\"92\"><img loading=\"lazy\" decoding=\"async\" width=\"38\" height=\"38\" class=\"wp-image-20\" style=\"width: 38px\" src=\"https:\/\/blog.metu.edu.tr\/eresmech\/files\/2021\/04\/next_button.gif\" alt=\"\" \/><\/a><img loading=\"lazy\" decoding=\"async\" width=\"119\" height=\"40\" class=\"wp-image-15\" style=\"width: 119px\" src=\"https:\/\/blog.metu.edu.tr\/eresmech\/files\/2021\/04\/ceres.gif\" alt=\"\" \/>      <\/p>\n","protected":false},"excerpt":{"rendered":"<p>2.4 Gr\u00fcbler Denklemi Genel serbestlik derecesi denklemi \u00f6zel durumlar i\u00e7in daha basit hale getirilebilir. Bu \u015fekilde \u00f6zel durumlar i\u00e7in ge\u00e7erli olan belirli baz\u0131 kurallar\u0131n elde edilmesi m\u00fcmk\u00fcn olacakt\u0131r. \u0130lk olarak ele alaca\u011f\u0131m\u0131z durum, uygulamada en s\u0131k rastlan\u0131lan: bir serbestlik dereceli &hellip;<\/p>\n<p class=\"read-more\"> <a class=\"more-link\" href=\"https:\/\/blog.metu.edu.tr\/eresmech\/mekanizma-teknigi\/ch2\/2-4\/\"> <span class=\"screen-reader-text\">2-4<\/span> Devam\u0131n\u0131 Oku &raquo;<\/a><\/p>\n","protected":false},"author":7747,"featured_media":0,"parent":304,"menu_order":0,"comment_status":"closed","ping_status":"closed","template":"","meta":{"footnotes":"","_links_to":"","_links_to_target":""},"class_list":["post-776","page","type-page","status-publish","hentry"],"_links":{"self":[{"href":"https:\/\/blog.metu.edu.tr\/eresmech\/wp-json\/wp\/v2\/pages\/776","targetHints":{"allow":["GET"]}}],"collection":[{"href":"https:\/\/blog.metu.edu.tr\/eresmech\/wp-json\/wp\/v2\/pages"}],"about":[{"href":"https:\/\/blog.metu.edu.tr\/eresmech\/wp-json\/wp\/v2\/types\/page"}],"author":[{"embeddable":true,"href":"https:\/\/blog.metu.edu.tr\/eresmech\/wp-json\/wp\/v2\/users\/7747"}],"replies":[{"embeddable":true,"href":"https:\/\/blog.metu.edu.tr\/eresmech\/wp-json\/wp\/v2\/comments?post=776"}],"version-history":[{"count":0,"href":"https:\/\/blog.metu.edu.tr\/eresmech\/wp-json\/wp\/v2\/pages\/776\/revisions"}],"up":[{"embeddable":true,"href":"https:\/\/blog.metu.edu.tr\/eresmech\/wp-json\/wp\/v2\/pages\/304"}],"wp:attachment":[{"href":"https:\/\/blog.metu.edu.tr\/eresmech\/wp-json\/wp\/v2\/media?parent=776"}],"curies":[{"name":"wp","href":"https:\/\/api.w.org\/{rel}","templated":true}]}}