{"id":739,"date":"2021-09-08T17:57:29","date_gmt":"2021-09-08T17:57:29","guid":{"rendered":"https:\/\/blog.metu.edu.tr\/eresmech\/?page_id=739"},"modified":"2021-09-29T20:53:46","modified_gmt":"2021-09-29T20:53:46","slug":"ornek-2","status":"publish","type":"page","link":"https:\/\/blog.metu.edu.tr\/eresmech\/mekanizma-teknigi\/ch2\/ornek-2\/","title":{"rendered":"\u00d6rnek 2"},"content":{"rendered":"<div id=\"pl-gb739-69d60bf34fc19\"  class=\"panel-layout\" ><div id=\"pg-gb739-69d60bf34fc19-0\"  class=\"panel-grid panel-no-style\" ><div id=\"pgc-gb739-69d60bf34fc19-0-0\"  class=\"panel-grid-cell\" ><div id=\"panel-gb739-69d60bf34fc19-0-0-0\" class=\"so-panel widget widget_sow-editor panel-first-child panel-last-child widgetopts-SO\" data-index=\"0\" ><div\n\t\t\t\n\t\t\tclass=\"so-widget-sow-editor so-widget-sow-editor-base\"\n\t\t\t\n\t\t>\n<div class=\"siteorigin-widget-tinymce textwidget\">\n\t<h1><strong data-rich-text-format-boundary=\"true\">Serbestlik Derecesi Denklemi<\/strong><\/h1>\n<h2>Mekanizma \u00d6rnekleri<\/h2>\n<h3><strong>\u0130nteraktif \u00d6rnekler:<\/strong><\/h3>\n<p>Burada verilen mekanizmalar m\u00fcmk\u00fcn oldu\u011funca ger\u00e7ek kullan\u0131mlar\u0131ndaki g\u00f6r\u00fcn\u00fcmleriyle verilip, daha sonra mekanizmalar\u0131n\u0131n daha \u00f6zel g\u00f6sterimlerine ge\u00e7ilecek ve bu g\u00f6sterimlerin yard\u0131m\u0131yla serbestlik dereceleri bulunacakt\u0131r.<\/p>\n<ul>\n<li>\u00a0\u00a0<a href=\"https:\/\/blog.metu.edu.tr\/eresmech\/mekanizma-teknigi\/ch2\/ornek-2\/beko-yukleyici\/\" target=\"_blank\" rel=\"noopener\">Beko Y\u00fckleyici<\/a><\/li>\n<li>\u00a0\u00a0<a href=\"https:\/\/blog.metu.edu.tr\/eresmech\/mekanizma-teknigi\/ch2\/ornek-2\/beko-kepce\/\" target=\"_blank\" rel=\"noopener\">Beko Kep\u00e7e<\/a><\/li>\n<li>\u00a0\u00a0<a href=\"https:\/\/blog.metu.edu.tr\/eresmech\/mekanizma-teknigi\/ch2\/ornek-2\/ayarli-pompa\/\" target=\"_blank\" rel=\"noopener\">Ayarl\u0131 Pompa 1<\/a><\/li>\n<li>\u00a0\u00a0<a href=\"https:\/\/blog.metu.edu.tr\/eresmech\/mekanizma-teknigi\/ch2\/ornek-2\/tutucu\/\" target=\"_blank\" rel=\"noopener\">Tutucu<\/a><\/li>\n<li>\u00a0\u00a0<a href=\"https:\/\/blog.metu.edu.tr\/eresmech\/mekanizma-teknigi\/ch2\/ornek-2\/dikis-makinasi\/\" target=\"_blank\" rel=\"noopener\">Nak\u0131\u015f makinas\u0131 i\u011fne tahrik mekanizmas\u0131<\/a><br \/>\n<a href=\"https:\/\/blog.metu.edu.tr\/eresmech\/mekanizma-teknigi\/ch2\/ornek-2\/dikis-makinasi-animasyon\/\" target=\"_blank\" rel=\"noopener\">&#8211; nak\u0131\u015f makinas\u0131 animasyonu<\/a><\/li>\n<\/ul>\n<\/div>\n<\/div><\/div><\/div><\/div><\/div>\n\n\n<p> <a href=\"https:\/\/blog.metu.edu.tr\/eresmech\/mekanizma-teknigi\/ch2\/ornek-1\/\" data-type=\"page\"><img loading=\"lazy\" decoding=\"async\" width=\"38\" height=\"38\" class=\"wp-image-16\" style=\"width: 38px\" src=\"https:\/\/blog.metu.edu.tr\/eresmech\/files\/2021\/04\/back_button.gif\" alt=\"\" \/><\/a><a href=\"https:\/\/blog.metu.edu.tr\/eresmech\/mekanizma-teknigi\/ch1\/\" data-type=\"page\" data-id=\"52\"><img loading=\"lazy\" decoding=\"async\" width=\"38\" height=\"38\" class=\"wp-image-17\" style=\"width: 38px\" src=\"https:\/\/blog.metu.edu.tr\/eresmech\/files\/2021\/04\/contents_button.gif\" alt=\"\" \/><\/a><a href=\"https:\/\/blog.metu.edu.tr\/eresmech\/mekanizma-teknigi\/\" data-type=\"page\" data-id=\"47\"><img loading=\"lazy\" decoding=\"async\" width=\"38\" height=\"38\" class=\"wp-image-18\" style=\"width: 38px\" src=\"https:\/\/blog.metu.edu.tr\/eresmech\/files\/2021\/04\/home_button.gif\" alt=\"\" \/><\/a><a href=\"https:\/\/blog.metu.edu.tr\/eresmech\/mekanizma-teknigi\/ch2\/2-1-3\/\" data-type=\"page\" data-id=\"92\"><img loading=\"lazy\" decoding=\"async\" width=\"38\" height=\"38\" class=\"wp-image-20\" style=\"width: 38px\" src=\"https:\/\/blog.metu.edu.tr\/eresmech\/files\/2021\/04\/next_button.gif\" alt=\"\" \/><\/a><img loading=\"lazy\" decoding=\"async\" width=\"119\" height=\"40\" class=\"wp-image-15\" style=\"width: 119px\" src=\"https:\/\/blog.metu.edu.tr\/eresmech\/files\/2021\/04\/ceres.gif\" alt=\"\" \/>    <\/p>\n","protected":false},"excerpt":{"rendered":"<p>Serbestlik Derecesi Denklemi Mekanizma \u00d6rnekleri \u0130nteraktif \u00d6rnekler: Burada verilen mekanizmalar m\u00fcmk\u00fcn oldu\u011funca ger\u00e7ek kullan\u0131mlar\u0131ndaki g\u00f6r\u00fcn\u00fcmleriyle verilip, daha sonra mekanizmalar\u0131n\u0131n daha \u00f6zel g\u00f6sterimlerine ge\u00e7ilecek ve bu g\u00f6sterimlerin yard\u0131m\u0131yla serbestlik dereceleri bulunacakt\u0131r. \u00a0\u00a0Beko Y\u00fckleyici \u00a0\u00a0Beko Kep\u00e7e \u00a0\u00a0Ayarl\u0131 Pompa 1 \u00a0\u00a0Tutucu \u00a0\u00a0Nak\u0131\u015f makinas\u0131 &hellip;<\/p>\n<p class=\"read-more\"> <a class=\"more-link\" href=\"https:\/\/blog.metu.edu.tr\/eresmech\/mekanizma-teknigi\/ch2\/ornek-2\/\"> <span class=\"screen-reader-text\">\u00d6rnek 2<\/span> Devam\u0131n\u0131 Oku &raquo;<\/a><\/p>\n","protected":false},"author":7747,"featured_media":0,"parent":304,"menu_order":0,"comment_status":"closed","ping_status":"closed","template":"","meta":{"footnotes":"","_links_to":"","_links_to_target":""},"class_list":["post-739","page","type-page","status-publish","hentry"],"_links":{"self":[{"href":"https:\/\/blog.metu.edu.tr\/eresmech\/wp-json\/wp\/v2\/pages\/739","targetHints":{"allow":["GET"]}}],"collection":[{"href":"https:\/\/blog.metu.edu.tr\/eresmech\/wp-json\/wp\/v2\/pages"}],"about":[{"href":"https:\/\/blog.metu.edu.tr\/eresmech\/wp-json\/wp\/v2\/types\/page"}],"author":[{"embeddable":true,"href":"https:\/\/blog.metu.edu.tr\/eresmech\/wp-json\/wp\/v2\/users\/7747"}],"replies":[{"embeddable":true,"href":"https:\/\/blog.metu.edu.tr\/eresmech\/wp-json\/wp\/v2\/comments?post=739"}],"version-history":[{"count":0,"href":"https:\/\/blog.metu.edu.tr\/eresmech\/wp-json\/wp\/v2\/pages\/739\/revisions"}],"up":[{"embeddable":true,"href":"https:\/\/blog.metu.edu.tr\/eresmech\/wp-json\/wp\/v2\/pages\/304"}],"wp:attachment":[{"href":"https:\/\/blog.metu.edu.tr\/eresmech\/wp-json\/wp\/v2\/media?parent=739"}],"curies":[{"name":"wp","href":"https:\/\/api.w.org\/{rel}","templated":true}]}}