{"id":722,"date":"2021-09-08T17:47:28","date_gmt":"2021-09-08T17:47:28","guid":{"rendered":"https:\/\/blog.metu.edu.tr\/eresmech\/?page_id=722"},"modified":"2021-09-29T20:29:14","modified_gmt":"2021-09-29T20:29:14","slug":"ornek-1","status":"publish","type":"page","link":"https:\/\/blog.metu.edu.tr\/eresmech\/mekanizma-teknigi\/ch2\/ornek-1\/","title":{"rendered":"\u00d6rnek 1"},"content":{"rendered":"<div id=\"pl-gb722-69d743316da02\"  class=\"panel-layout\" ><div id=\"pg-gb722-69d743316da02-0\"  class=\"panel-grid panel-no-style\" ><div id=\"pgc-gb722-69d743316da02-0-0\"  class=\"panel-grid-cell\" ><div id=\"panel-gb722-69d743316da02-0-0-0\" class=\"so-panel widget widget_sow-editor panel-first-child panel-last-child widgetopts-SO\" data-index=\"0\" ><div\n\t\t\t\n\t\t\tclass=\"so-widget-sow-editor so-widget-sow-editor-base\"\n\t\t\t\n\t\t>\n<div class=\"siteorigin-widget-tinymce textwidget\">\n\t<h1><strong data-rich-text-format-boundary=\"true\">Serbestlik Derecesi Denklemi<\/strong><\/h1>\n<h2>Mekanizma \u00d6rnekleri<\/h2>\n<p><b>Basit \u00d6rnekler:<\/b><\/p>\n<table border=\"4\" width=\"100%\">\n<tbody>\n<tr>\n<td>MEKAN\u0130ZMA<\/td>\n<td>\u015eEK\u0130L<\/td>\n<td>Serbestlik Derecesi Hesaplamas\u0131<\/td>\n<\/tr>\n<tr>\n<td><b>Krank-Biyel Mekanizmas\u0131<\/b><\/td>\n<td><div class=\"su-image-carousel  su-image-carousel-has-spacing su-image-carousel-has-lightbox su-image-carousel-has-outline su-image-carousel-adaptive su-image-carousel-slides-style-default su-image-carousel-controls-style-dark su-image-carousel-align-center\" style=\"max-width:550px\" data-flickity-options='{\"groupCells\":true,\"cellSelector\":\".su-image-carousel-item\",\"adaptiveHeight\":true,\"cellAlign\":\"left\",\"prevNextButtons\":true,\"pageDots\":false,\"autoPlay\":false,\"imagesLoaded\":true,\"contain\":false,\"selectedAttraction\":1,\"friction\":1}' id=\"su_image_carousel_69d743316f25f\"><div class=\"su-image-carousel-item\"><div class=\"su-image-carousel-item-content\"><a href=\"https:\/\/blog.metu.edu.tr\/eresmech\/files\/2021\/09\/slidercrank2_1.gif\" target=\"_blank\" rel=\"noopener noreferrer\" data-caption=\"\"><img loading=\"lazy\" decoding=\"async\" width=\"600\" height=\"400\" src=\"https:\/\/blog.metu.edu.tr\/eresmech\/files\/2021\/09\/slidercrank2_1.gif\" class=\"\" alt=\"\" \/><\/a><\/div><\/div><div class=\"su-image-carousel-item\"><div class=\"su-image-carousel-item-content\"><a href=\"https:\/\/blog.metu.edu.tr\/eresmech\/files\/2021\/09\/slidercrank2_2.gif\" target=\"_blank\" rel=\"noopener noreferrer\" data-caption=\"\"><img loading=\"lazy\" decoding=\"async\" width=\"600\" height=\"400\" src=\"https:\/\/blog.metu.edu.tr\/eresmech\/files\/2021\/09\/slidercrank2_2.gif\" class=\"\" alt=\"\" \/><\/a><\/div><\/div><\/div><script id=\"su_image_carousel_69d743316f25f_script\">if(window.SUImageCarousel){setTimeout(function() {window.SUImageCarousel.initGallery(document.getElementById(\"su_image_carousel_69d743316f25f\"))}, 0);}var su_image_carousel_69d743316f25f_script=document.getElementById(\"su_image_carousel_69d743316f25f_script\");if(su_image_carousel_69d743316f25f_script){su_image_carousel_69d743316f25f_script.parentNode.removeChild(su_image_carousel_69d743316f25f_script);}<\/script><\/td>\n<td><img loading=\"lazy\" decoding=\"async\" class=\"alignnone size-full wp-image-725\" src=\"https:\/\/blog.metu.edu.tr\/eresmech\/files\/2021\/09\/krankbiyel1_eqn.gif\" alt=\"\" width=\"265\" height=\"205\" \/><\/td>\n<\/tr>\n<tr>\n<td><b>D\u00f6rt-\u00c7ubuk Mekanizmas\u0131<\/b><\/td>\n<td><img loading=\"lazy\" decoding=\"async\" class=\"alignnone size-full wp-image-727\" src=\"https:\/\/blog.metu.edu.tr\/eresmech\/files\/2021\/09\/4_bar2.gif\" alt=\"\" width=\"213\" height=\"146\" \/><\/td>\n<td><img loading=\"lazy\" decoding=\"async\" class=\"alignnone size-full wp-image-728\" src=\"https:\/\/blog.metu.edu.tr\/eresmech\/files\/2021\/09\/4_bar2_eqn.gif\" alt=\"\" width=\"265\" height=\"205\" \/><\/td>\n<\/tr>\n<tr>\n<td><b>Planet di\u015fli-Kamal\u0131 kol<\/b><\/td>\n<td><img loading=\"lazy\" decoding=\"async\" class=\"alignnone size-full wp-image-729\" src=\"https:\/\/blog.metu.edu.tr\/eresmech\/files\/2021\/09\/planet1.gif\" alt=\"\" width=\"217\" height=\"241\" \/><\/td>\n<td><img loading=\"lazy\" decoding=\"async\" class=\"alignnone size-full wp-image-730\" src=\"https:\/\/blog.metu.edu.tr\/eresmech\/files\/2021\/09\/planet1_eqn.gif\" alt=\"\" width=\"284\" height=\"266\" \/><\/td>\n<\/tr>\n<tr>\n<td><b>Vargel Mekanizmas\u0131<\/b><\/td>\n<td><img loading=\"lazy\" decoding=\"async\" class=\"alignnone size-full wp-image-731\" src=\"https:\/\/blog.metu.edu.tr\/eresmech\/files\/2021\/09\/vargel1.gif\" alt=\"\" width=\"233\" height=\"264\" \/><\/td>\n<td><img loading=\"lazy\" decoding=\"async\" class=\"alignnone size-full wp-image-732\" src=\"https:\/\/blog.metu.edu.tr\/eresmech\/files\/2021\/09\/vargel1_eqn.gif\" alt=\"\" width=\"283\" height=\"205\" \/><\/td>\n<\/tr>\n<tr>\n<td><b>Uzaysal D\u00f6rt-\u00c7ubuk<\/b><\/td>\n<td><img loading=\"lazy\" decoding=\"async\" class=\"alignnone size-full wp-image-733\" src=\"https:\/\/blog.metu.edu.tr\/eresmech\/files\/2021\/09\/4_bar3.gif\" alt=\"\" width=\"241\" height=\"146\" \/><\/td>\n<td><img loading=\"lazy\" decoding=\"async\" class=\"alignnone size-full wp-image-734\" src=\"https:\/\/blog.metu.edu.tr\/eresmech\/files\/2021\/09\/4_bar3_eqn.gif\" alt=\"\" width=\"294\" height=\"234\" \/><\/td>\n<\/tr>\n<tr>\n<td><b>Ayarl\u0131 Tahrik Mekanizmas\u0131<\/b><\/td>\n<td><img loading=\"lazy\" decoding=\"async\" class=\"alignnone size-full wp-image-737\" src=\"https:\/\/blog.metu.edu.tr\/eresmech\/files\/2021\/09\/Tahrik1.gif\" alt=\"\" width=\"272\" height=\"186\" \/><\/td>\n<td><img loading=\"lazy\" decoding=\"async\" class=\"alignnone size-full wp-image-738\" src=\"https:\/\/blog.metu.edu.tr\/eresmech\/files\/2021\/09\/Tahrik1_eqn.gif\" alt=\"\" width=\"207\" height=\"205\" \/><\/td>\n<\/tr>\n<tr>\n<td><b>Kep\u00e7e Mekanizmas\u0131<\/b><\/td>\n<td><img loading=\"lazy\" decoding=\"async\" class=\"alignnone size-full wp-image-735\" src=\"https:\/\/blog.metu.edu.tr\/eresmech\/files\/2021\/09\/grabber1.gif\" alt=\"\" width=\"340\" height=\"240\" \/><\/td>\n<td><img loading=\"lazy\" decoding=\"async\" class=\"alignnone size-full wp-image-736\" src=\"https:\/\/blog.metu.edu.tr\/eresmech\/files\/2021\/09\/grabber1_eqn.gif\" alt=\"\" width=\"306\" height=\"205\" \/><\/td>\n<\/tr>\n<\/tbody>\n<\/table>\n<\/div>\n<\/div><\/div><\/div><\/div><\/div>\n\n\n<p> <a href=\"https:\/\/blog.metu.edu.tr\/eresmech\/mekanizma-teknigi\/ch2\/2-1-2\/\" data-type=\"page\"><img loading=\"lazy\" decoding=\"async\" width=\"38\" height=\"38\" class=\"wp-image-16\" style=\"width: 38px\" src=\"https:\/\/blog.metu.edu.tr\/eresmech\/files\/2021\/04\/back_button.gif\" alt=\"\" \/><\/a><a href=\"https:\/\/blog.metu.edu.tr\/eresmech\/mekanizma-teknigi\/ch1\/\" data-type=\"page\" data-id=\"52\"><img loading=\"lazy\" decoding=\"async\" width=\"38\" height=\"38\" class=\"wp-image-17\" style=\"width: 38px\" src=\"https:\/\/blog.metu.edu.tr\/eresmech\/files\/2021\/04\/contents_button.gif\" alt=\"\" \/><\/a><a href=\"https:\/\/blog.metu.edu.tr\/eresmech\/mekanizma-teknigi\/\" data-type=\"page\" data-id=\"47\"><img loading=\"lazy\" decoding=\"async\" width=\"38\" height=\"38\" class=\"wp-image-18\" style=\"width: 38px\" src=\"https:\/\/blog.metu.edu.tr\/eresmech\/files\/2021\/04\/home_button.gif\" alt=\"\" \/><\/a><a href=\"https:\/\/blog.metu.edu.tr\/eresmech\/mekanizma-teknigi\/ch2\/ornek-2\/\" data-type=\"page\" data-id=\"92\"><img loading=\"lazy\" decoding=\"async\" width=\"38\" height=\"38\" class=\"wp-image-20\" style=\"width: 38px\" src=\"https:\/\/blog.metu.edu.tr\/eresmech\/files\/2021\/04\/next_button.gif\" alt=\"\" \/><\/a><img loading=\"lazy\" decoding=\"async\" width=\"119\" height=\"40\" class=\"wp-image-15\" style=\"width: 119px\" src=\"https:\/\/blog.metu.edu.tr\/eresmech\/files\/2021\/04\/ceres.gif\" alt=\"\" \/>   <\/p>\n","protected":false},"excerpt":{"rendered":"<p>Serbestlik Derecesi Denklemi Mekanizma \u00d6rnekleri Basit \u00d6rnekler: MEKAN\u0130ZMA \u015eEK\u0130L Serbestlik Derecesi Hesaplamas\u0131 Krank-Biyel Mekanizmas\u0131 D\u00f6rt-\u00c7ubuk Mekanizmas\u0131 Planet di\u015fli-Kamal\u0131 kol Vargel Mekanizmas\u0131 Uzaysal D\u00f6rt-\u00c7ubuk Ayarl\u0131 Tahrik Mekanizmas\u0131 Kep\u00e7e Mekanizmas\u0131<\/p>\n","protected":false},"author":7747,"featured_media":0,"parent":304,"menu_order":0,"comment_status":"closed","ping_status":"closed","template":"","meta":{"footnotes":"","_links_to":"","_links_to_target":""},"class_list":["post-722","page","type-page","status-publish","hentry"],"_links":{"self":[{"href":"https:\/\/blog.metu.edu.tr\/eresmech\/wp-json\/wp\/v2\/pages\/722","targetHints":{"allow":["GET"]}}],"collection":[{"href":"https:\/\/blog.metu.edu.tr\/eresmech\/wp-json\/wp\/v2\/pages"}],"about":[{"href":"https:\/\/blog.metu.edu.tr\/eresmech\/wp-json\/wp\/v2\/types\/page"}],"author":[{"embeddable":true,"href":"https:\/\/blog.metu.edu.tr\/eresmech\/wp-json\/wp\/v2\/users\/7747"}],"replies":[{"embeddable":true,"href":"https:\/\/blog.metu.edu.tr\/eresmech\/wp-json\/wp\/v2\/comments?post=722"}],"version-history":[{"count":0,"href":"https:\/\/blog.metu.edu.tr\/eresmech\/wp-json\/wp\/v2\/pages\/722\/revisions"}],"up":[{"embeddable":true,"href":"https:\/\/blog.metu.edu.tr\/eresmech\/wp-json\/wp\/v2\/pages\/304"}],"wp:attachment":[{"href":"https:\/\/blog.metu.edu.tr\/eresmech\/wp-json\/wp\/v2\/media?parent=722"}],"curies":[{"name":"wp","href":"https:\/\/api.w.org\/{rel}","templated":true}]}}