{"id":70,"date":"2021-04-18T13:53:47","date_gmt":"2021-04-18T13:53:47","guid":{"rendered":"https:\/\/blog.metu.edu.tr\/eresmech\/?page_id=70"},"modified":"2021-10-29T21:49:34","modified_gmt":"2021-10-29T21:49:34","slug":"1-1","status":"publish","type":"page","link":"https:\/\/blog.metu.edu.tr\/eresmech\/mekanizma-teknigi\/ch1\/1-1\/","title":{"rendered":"1-1"},"content":{"rendered":"<div\n\t\t\t\n\t\t\tclass=\"so-widget-sow-editor so-widget-sow-editor-base\"\n\t\t\t\n\t\t>\n<div class=\"siteorigin-widget-tinymce textwidget\">\n\t<p><!-- wp:paragraph {\"style\":{\"typography\":{\"fontSize\":20}}} --><\/p>\n<p><!-- wp:paragraph {\"style\":{\"typography\":{\"fontSize\":30},\"color\":{\"text\":\"#cc0000\"}}} --><\/p>\n<h1 class=\"has-text-color\"><strong>BU KISIMDA AMA\u00c7:<\/strong><\/h1>\n<p><!-- \/wp:paragraph --> <!-- wp:paragraph {\"style\":{\"color\":{\"text\":\"#cc0000\"},\"typography\":{\"fontSize\":24}}} --><\/p>\n<h2 class=\"has-text-color\"><strong>&#8211;\u00a0Mekanizma tekni\u011fi alan\u0131nda kullan\u0131lan temel kavramlar\u0131 anlamak,<\/strong><br \/><strong>&#8211; Uzay, mafsal ve mekanizma serbestlik derecelerini anlamak ve\u00a0 uygulamak,<\/strong><br \/><strong>&#8211; Verilen bir mekanizman\u0131n serbestlik derecesini bulmakd\u0131r.<\/strong><\/h2>\n<p><!-- \/wp:paragraph --><\/p>\n<h1><strong data-rich-text-format-boundary=\"true\">1.1\u00a0\u00c7al\u0131\u015fma Alan\u0131<\/strong><\/h1>\n<p><strong>Mekanizma tekni\u011fi e\u011fitiminde ama\u00e7:<\/strong>\u00a0makinalarda bulunan cisimlerin hareketlerinin incelenmesinde kullan\u0131labilecek gerekli temel kurallar\u0131 g\u00f6stermek ve bu kurallardan faydalanarak makinalar\u0131n gerek hareket analizi ve gerek hareket sentezinin yap\u0131labilmesi i\u00e7in gereken bilgileri ortaya koymakt\u0131r.<\/p>\n<p><!-- \/wp:paragraph --> <!-- wp:paragraph {\"style\":{\"typography\":{\"fontSize\":20}}} --><\/p>\n<p><strong>Makina<\/strong>,\u00a0<em>Reuleaux<\/em>&#8216;ya g\u00f6re, tabiatta mevcut mekanik kuvvetlerin belirli bir hareket ile birlikte i\u015f yapmas\u0131n\u0131 sa\u011flayabilen, kuvvete kar\u015f\u0131 diren\u00e7 g\u00f6sterebilen cisimlerin birle\u015ftirilmesi ile olu\u015fturulan bir sistemdir. Makinan\u0131n bu tan\u0131m\u0131 sadece mekanik makinalar\u0131 i\u00e7erir. Bu tan\u0131mlama \u0131s\u0131 makinalar\u0131n\u0131 veya bir bilgi i\u015flem makinas\u0131n\u0131 makina olarak kabul etmeyen bir tan\u0131md\u0131r.<\/p>\n<p><!-- \/wp:paragraph --> <!-- wp:paragraph {\"style\":{\"typography\":{\"fontSize\":20}}} --><\/p>\n<p>Di\u011fer yandan;<\/p>\n<p><!-- \/wp:paragraph --> <!-- wp:paragraph {\"style\":{\"typography\":{\"fontSize\":20}}} --><\/p>\n<p><strong>Mekanizma<\/strong>, kuvvet ve hareket iletimi i\u00e7in kullan\u0131labilen rijit cisimlerin rijit mafsallarla birle\u015ftirildi\u011fi sistem olarak tan\u0131mlanabilir.<\/p>\n<p><!-- \/wp:paragraph --> <!-- wp:paragraph {\"style\":{\"typography\":{\"fontSize\":20}}} --><\/p>\n<p><strong>\u00a0\u00a0<\/strong><img loading=\"lazy\" decoding=\"async\" width=\"28\" height=\"27\" class=\"wp-image-19\" src=\"https:\/\/blog.metu.edu.tr\/eresmech\/files\/2021\/04\/important.gif\" alt=\"\" \/><strong>\u00a0\u00a0\u00a0Bu tan\u0131mlar\u0131 da g\u00f6z \u00f6n\u00fcne al\u0131rsak, \u015fu \u00f6nemli ve \u00f6zet sonu\u00e7lar \u00e7\u0131kar\u0131labilir:<\/strong><\/p>\n<p><!-- \/wp:paragraph --> <!-- wp:paragraph {\"style\":{\"typography\":{\"fontSize\":20}}} --><\/p>\n<p style=\"padding-left: 40px\">Mekanizma ve makina aras\u0131nda en \u00f6nemli fark bir makinan\u0131n belirli bir ama\u00e7 i\u00e7in \u00fcretilmi\u015f olmas\u0131d\u0131r. Buna kar\u015f\u0131n mekanizma daha geneldir ve \u00e7ok farkl\u0131 makinalarda kullan\u0131l\u0131yor olabilir. Makinalar temel olarak yapt\u0131klar\u0131 i\u015f i\u00e7in incelenirken, mekanizmalar kullan\u0131m alan\u0131na bak\u0131lmadan incelenerek farkl\u0131 uygulamalarda benzer mekanizmalar i\u00e7in de ge\u00e7erli olabilecek sonu\u00e7lar \u00e7\u0131kar\u0131lmaya \u00e7al\u0131\u015f\u0131l\u0131r.<\/p>\n<p><!-- \/wp:paragraph --> <!-- wp:paragraph {\"style\":{\"typography\":{\"fontSize\":20}}} --><\/p>\n<p style=\"padding-left: 40px\">Mekanizma, kendisini inceleyerek makina yap\u0131s\u0131n\u0131 analiz ve sentez edebilece\u011fimiz bir idealle\u015ftirilmi\u015f sistemdir. Oysa makina ger\u00e7ek (reel) bir sistemi ifade eder.<\/p>\n<p><!-- \/wp:paragraph --> <!-- wp:paragraph {\"style\":{\"typography\":{\"fontSize\":20}}} --><\/p>\n<p style=\"padding-left: 40px\">Makinalarda ayr\u0131ca hidrolik kuvvet iletim k\u0131s\u0131mlar\u0131, yay gibi rijit olmayan elemanlar ve bilhassa son y\u0131llarda \u00e7ok g\u00f6r\u00fclen elektronik kontrol elemanlar\u0131 bulunabilir. Bu tip rijit olmayan k\u0131s\u0131mlar, mekanizma i\u00e7in verilmi\u015f olan tan\u0131ma g\u00f6re mekanizma tekni\u011fi \u00e7al\u0131\u015fmalar\u0131nda ihmal edilecektir.<\/p>\n<p><!-- \/wp:paragraph --> <!-- wp:paragraph {\"style\":{\"typography\":{\"fontSize\":20}}} --><\/p>\n<p>Pratikte kullan\u0131lan baz\u0131 mekanizma \u00f6rnekleri bir sonraki b\u00f6l\u00fcmde incelenecektir.<\/p>\n<p><!-- \/wp:paragraph --><\/p>\n<\/div>\n<\/div>\n\n\n<p><a href=\"https:\/\/blog.metu.edu.tr\/eresmech\/mekanizma-teknigi\/ch1\/\" data-type=\"page\" data-id=\"52\"><img loading=\"lazy\" decoding=\"async\" width=\"38\" height=\"38\" class=\"wp-image-16\" style=\"width: 38px\" src=\"https:\/\/blog.metu.edu.tr\/eresmech\/files\/2021\/04\/back_button.gif\" alt=\"\" \/><img loading=\"lazy\" decoding=\"async\" width=\"38\" height=\"38\" class=\"wp-image-17\" style=\"width: 38px\" src=\"https:\/\/blog.metu.edu.tr\/eresmech\/files\/2021\/04\/contents_button.gif\" alt=\"\" \/><\/a><a href=\"https:\/\/blog.metu.edu.tr\/eresmech\/mekanizma-teknigi\/\" data-type=\"page\" data-id=\"47\"><img loading=\"lazy\" decoding=\"async\" width=\"38\" height=\"38\" class=\"wp-image-18\" style=\"width: 38px\" src=\"https:\/\/blog.metu.edu.tr\/eresmech\/files\/2021\/04\/home_button.gif\" alt=\"\" \/><\/a><a href=\"https:\/\/blog.metu.edu.tr\/eresmech\/mekanizma-teknigi\/ch1\/1-2-1\/\" data-type=\"page\" data-id=\"92\"><img loading=\"lazy\" decoding=\"async\" width=\"38\" height=\"38\" class=\"wp-image-20\" style=\"width: 38px\" src=\"https:\/\/blog.metu.edu.tr\/eresmech\/files\/2021\/04\/next_button.gif\" alt=\"\" \/><\/a><img loading=\"lazy\" decoding=\"async\" width=\"119\" height=\"40\" class=\"wp-image-15\" style=\"width: 119px\" src=\"https:\/\/blog.metu.edu.tr\/eresmech\/files\/2021\/04\/ceres.gif\" alt=\"\" \/><\/p>\n","protected":false},"excerpt":{"rendered":"","protected":false},"author":7747,"featured_media":0,"parent":52,"menu_order":0,"comment_status":"closed","ping_status":"closed","template":"full-width-page.php","meta":{"footnotes":"","_links_to":"","_links_to_target":""},"class_list":["post-70","page","type-page","status-publish","hentry"],"_links":{"self":[{"href":"https:\/\/blog.metu.edu.tr\/eresmech\/wp-json\/wp\/v2\/pages\/70","targetHints":{"allow":["GET"]}}],"collection":[{"href":"https:\/\/blog.metu.edu.tr\/eresmech\/wp-json\/wp\/v2\/pages"}],"about":[{"href":"https:\/\/blog.metu.edu.tr\/eresmech\/wp-json\/wp\/v2\/types\/page"}],"author":[{"embeddable":true,"href":"https:\/\/blog.metu.edu.tr\/eresmech\/wp-json\/wp\/v2\/users\/7747"}],"replies":[{"embeddable":true,"href":"https:\/\/blog.metu.edu.tr\/eresmech\/wp-json\/wp\/v2\/comments?post=70"}],"version-history":[{"count":0,"href":"https:\/\/blog.metu.edu.tr\/eresmech\/wp-json\/wp\/v2\/pages\/70\/revisions"}],"up":[{"embeddable":true,"href":"https:\/\/blog.metu.edu.tr\/eresmech\/wp-json\/wp\/v2\/pages\/52"}],"wp:attachment":[{"href":"https:\/\/blog.metu.edu.tr\/eresmech\/wp-json\/wp\/v2\/media?parent=70"}],"curies":[{"name":"wp","href":"https:\/\/api.w.org\/{rel}","templated":true}]}}