{"id":536,"date":"2021-09-04T18:38:00","date_gmt":"2021-09-04T18:38:00","guid":{"rendered":"https:\/\/blog.metu.edu.tr\/eresmech\/?page_id=536"},"modified":"2021-10-05T21:40:02","modified_gmt":"2021-10-05T21:40:02","slug":"duz","status":"publish","type":"page","link":"https:\/\/blog.metu.edu.tr\/eresmech\/mekanizma-teknigi\/ch8\/8-5\/duz\/","title":{"rendered":"duz"},"content":{"rendered":"<div id=\"pl-gb536-69d840ff2dc48\"  class=\"panel-layout\" ><div id=\"pg-gb536-69d840ff2dc48-0\"  class=\"panel-grid panel-no-style\" ><div id=\"pgc-gb536-69d840ff2dc48-0-0\"  class=\"panel-grid-cell\" ><div id=\"panel-gb536-69d840ff2dc48-0-0-0\" class=\"so-panel widget widget_sow-editor panel-first-child panel-last-child widgetopts-SO\" data-index=\"0\" ><div\n\t\t\t\n\t\t\tclass=\"so-widget-sow-editor so-widget-sow-editor-base\"\n\t\t\t\n\t\t>\n<div class=\"siteorigin-widget-tinymce textwidget\">\n\t<h1><strong data-rich-text-format-boundary=\"true\">D\u00fcz y\u00fczeyli \u00f6teleme yapan izleyicili radyal kam profilinin elde edilmesi:<\/strong><\/h1>\n<p style=\"text-align: center\"><img loading=\"lazy\" decoding=\"async\" class=\"aligncenter wp-image-538\" src=\"https:\/\/blog.metu.edu.tr\/eresmech\/files\/2021\/09\/img1-5.gif\" alt=\"\" width=\"800\" height=\"609\" \/><\/p>\n<p>\u015eimdi zarf teorisini d\u00fcz y\u00fczeyli \u00f6teleme yapan radyal kam i\u00e7in uygulayal\u0131m. Hareket e\u011frisi s(\u03b8) ve ve t\u00fcrevleri kam\u0131n tam bir devri i\u00e7in bilinmektedir. Her hangi bir \u03b8 a\u00e7\u0131s\u0131 ve buna kar\u015f\u0131 gelen s y\u00fckselme uzunlu\u011funda izleyicinin kama g\u00f6re ba\u011f\u0131l konumu yukar\u0131da g\u00f6r\u00fclmektedir.<\/p>\n<div class=\"su-image-carousel  su-image-carousel-has-spacing su-image-carousel-has-lightbox su-image-carousel-has-outline su-image-carousel-adaptive su-image-carousel-slides-style-default su-image-carousel-controls-style-dark su-image-carousel-align-center\" style=\"max-width:700px\" data-flickity-options='{\"groupCells\":true,\"cellSelector\":\".su-image-carousel-item\",\"adaptiveHeight\":true,\"cellAlign\":\"left\",\"prevNextButtons\":true,\"pageDots\":false,\"autoPlay\":false,\"imagesLoaded\":true,\"contain\":false,\"selectedAttraction\":1,\"friction\":1}' id=\"su_image_carousel_69d840ff2fe6a\"><div class=\"su-image-carousel-item\"><div class=\"su-image-carousel-item-content\"><a href=\"https:\/\/blog.metu.edu.tr\/eresmech\/files\/2021\/09\/kammotion2_1.gif\" target=\"_blank\" rel=\"noopener noreferrer\" data-caption=\"\"><img loading=\"lazy\" decoding=\"async\" width=\"550\" height=\"400\" src=\"https:\/\/blog.metu.edu.tr\/eresmech\/files\/2021\/09\/kammotion2_1.gif\" class=\"\" alt=\"\" \/><\/a><\/div><\/div><div class=\"su-image-carousel-item\"><div class=\"su-image-carousel-item-content\"><a href=\"https:\/\/blog.metu.edu.tr\/eresmech\/files\/2021\/09\/kammotion2_2.gif\" target=\"_blank\" rel=\"noopener noreferrer\" data-caption=\"\"><img loading=\"lazy\" decoding=\"async\" width=\"550\" height=\"400\" src=\"https:\/\/blog.metu.edu.tr\/eresmech\/files\/2021\/09\/kammotion2_2.gif\" class=\"\" alt=\"\" \/><\/a><\/div><\/div><div class=\"su-image-carousel-item\"><div class=\"su-image-carousel-item-content\"><a href=\"https:\/\/blog.metu.edu.tr\/eresmech\/files\/2021\/09\/kammotion2_3.gif\" target=\"_blank\" rel=\"noopener noreferrer\" data-caption=\"\"><img loading=\"lazy\" decoding=\"async\" width=\"550\" height=\"400\" src=\"https:\/\/blog.metu.edu.tr\/eresmech\/files\/2021\/09\/kammotion2_3.gif\" class=\"\" alt=\"\" \/><\/a><\/div><\/div><div class=\"su-image-carousel-item\"><div class=\"su-image-carousel-item-content\"><a href=\"https:\/\/blog.metu.edu.tr\/eresmech\/files\/2021\/09\/kammotion2_4.gif\" target=\"_blank\" rel=\"noopener noreferrer\" data-caption=\"\"><img loading=\"lazy\" decoding=\"async\" width=\"550\" height=\"400\" src=\"https:\/\/blog.metu.edu.tr\/eresmech\/files\/2021\/09\/kammotion2_4.gif\" class=\"\" alt=\"\" \/><\/a><\/div><\/div><div class=\"su-image-carousel-item\"><div class=\"su-image-carousel-item-content\"><a href=\"https:\/\/blog.metu.edu.tr\/eresmech\/files\/2021\/09\/kammotion2_5.gif\" target=\"_blank\" rel=\"noopener noreferrer\" data-caption=\"\"><img loading=\"lazy\" decoding=\"async\" width=\"550\" height=\"400\" src=\"https:\/\/blog.metu.edu.tr\/eresmech\/files\/2021\/09\/kammotion2_5.gif\" class=\"\" alt=\"\" \/><\/a><\/div><\/div><div class=\"su-image-carousel-item\"><div class=\"su-image-carousel-item-content\"><a href=\"https:\/\/blog.metu.edu.tr\/eresmech\/files\/2021\/09\/kammotion2_6.gif\" target=\"_blank\" rel=\"noopener noreferrer\" data-caption=\"\"><img loading=\"lazy\" decoding=\"async\" width=\"550\" height=\"400\" src=\"https:\/\/blog.metu.edu.tr\/eresmech\/files\/2021\/09\/kammotion2_6.gif\" class=\"\" alt=\"\" \/><\/a><\/div><\/div><div class=\"su-image-carousel-item\"><div class=\"su-image-carousel-item-content\"><a href=\"https:\/\/blog.metu.edu.tr\/eresmech\/files\/2021\/09\/kammotion2_7.gif\" target=\"_blank\" rel=\"noopener noreferrer\" data-caption=\"\"><img loading=\"lazy\" decoding=\"async\" width=\"453\" height=\"411\" src=\"https:\/\/blog.metu.edu.tr\/eresmech\/files\/2021\/09\/kammotion2_7.gif\" class=\"\" alt=\"\" \/><\/a><\/div><\/div><\/div><script id=\"su_image_carousel_69d840ff2fe6a_script\">if(window.SUImageCarousel){setTimeout(function() {window.SUImageCarousel.initGallery(document.getElementById(\"su_image_carousel_69d840ff2fe6a\"))}, 0);}var su_image_carousel_69d840ff2fe6a_script=document.getElementById(\"su_image_carousel_69d840ff2fe6a_script\");if(su_image_carousel_69d840ff2fe6a_script){su_image_carousel_69d840ff2fe6a_script.parentNode.removeChild(su_image_carousel_69d840ff2fe6a_script);}<\/script>\n<p>\u015eekilde g\u00f6r\u00fcld\u00fc\u011f\u00fc gibi, d\u00fcz y\u00fczeyli bir izleyicinin kama g\u00f6re ba\u011f\u0131l konumlar\u0131, do\u011frulardan olu\u015fan bir e\u011fri demetini olu\u015fturur. Bu do\u011fru:<\/p>\n<p style=\"padding-left: 40px\">y = mx + b<\/p>\n<p>\u015feklinde yaz\u0131labilir. Burada:<\/p>\n<p style=\"padding-left: 40px\">m = \u2212tan\u03b8 : do\u011frunun e\u011fimi<\/p>\n<p style=\"padding-left: 40px\">b = (r<sub>t<\/sub> + s)\/cos\u03b8 : y ekseni kesim noktas\u0131<\/p>\n<p>d\u0131r. Bu durumda e\u011fri demeti:<\/p>\n<p style=\"padding-left: 40px\">f(x, y, \u03b8) = y cos\u03b8 + x sin\u03b8 \u2212 (r<sub>t<\/sub> + s)\u00a0= 0<\/p>\n<p>d\u0131r. Denklemin \u03b8 parametresine g\u00f6re t\u00fcrevi:<\/p>\n<p style=\"padding-left: 40px\">f<sub>\u03b8<\/sub>(x, y, \u03b8) = \u2212y sin\u03b8 + x cos\u03b8 \u2212 \u2202s\/\u2202\u03b8\u00a0= 0<\/p>\n<p>Bu iki denklemden x ve y koordinatlar\u0131 i\u00e7in \u00e7\u00f6z\u00fcm yap\u0131ld\u0131\u011f\u0131nda<\/p>\n<p style=\"padding-left: 40px\">x = (r<sub>t<\/sub>\u00a0+ s) sin\u03b8 + cos\u03b8<\/p>\n<p style=\"padding-left: 40px\">y = (r<sub>t<\/sub> + s) cos\u03b8 \u2212 sin\u03b8<\/p>\n<p>Dikkat edilir ise, toparlakl\u0131 izleyicinin aksine, d\u00fcz y\u00fczeyli izleyici i\u00e7in tek bir kam y\u00fczeyi (zarf e\u011frisi) elde edilmistir.<\/p>\n<p style=\"text-align: center\"><img loading=\"lazy\" decoding=\"async\" class=\"aligncenter wp-image-540\" src=\"https:\/\/blog.metu.edu.tr\/eresmech\/files\/2021\/09\/img2-5.gif\" alt=\"\" width=\"525\" height=\"597\" \/><\/p>\n<p>Bu kam profilini r<sub>k<\/sub>\u00a0yar\u0131\u00e7apl\u0131 bir kesici \u00e7ak\u0131s\u0131 ile i\u015flememiz gerekti\u011finde, kesici ekseni koordinatlar\u0131 gerekecektir. Kesici dairesi kam profiline de\u011fdi\u011fi noktada profile te\u011fet olmal\u0131d\u0131r. \u015eekilden:<\/p>\n<p style=\"padding-left: 40px\">x<sub>k<\/sub> = x + r<sub>k<\/sub>\u00a0cos\u03b8<\/p>\n<p style=\"padding-left: 40px\">y<sub>k<\/sub> = y + r<sub>k<\/sub> sin\u03b8<\/p>\n<p>olacakt\u0131r. Burada \u03b8 kam d\u00f6nme a\u00e7\u0131s\u0131d\u0131r.<\/p>\n<p style=\"text-align: center\"><img loading=\"lazy\" decoding=\"async\" class=\"aligncenter wp-image-541\" src=\"https:\/\/blog.metu.edu.tr\/eresmech\/files\/2021\/09\/img3-4.gif\" alt=\"\" width=\"760\" height=\"629\" \/><\/p>\n<p>Siz de, benzer denklemleri d\u00fcz izleyici y\u00fczeyinin \u00f6teleme ekseni ile \u03b1 a\u00e7\u0131s\u0131 yapt\u0131\u011f\u0131 durum i\u00e7in elde edin ve \u03b1 = 90\u00b0 i\u00e7in yukar\u0131da verilmi\u015f olan denklemleri elde edin.<\/p>\n<p><strong>\u00d6rnek 8:<\/strong><\/p>\n<p>Temel daire yar\u0131\u00e7ap\u0131 50 mm olacak \u015fekilde d\u00fcz y\u00fczeyli izleyici kullan\u0131ld\u0131\u011f\u0131nda, \u00d6rnek 5 te istenilen hareket e\u011frisini elde etmek i\u00e7in gereken kam profilini bulal\u0131m. \u00d6rnek 5 te verilen hareket e\u011frisi ve t\u00fcrevi aynen kullan\u0131lacakt\u0131r. Kam profili koordinatlar\u0131:<\/p>\n<p style=\"padding-left: 40px\"><img loading=\"lazy\" decoding=\"async\" class=\"alignnone wp-image-542\" src=\"https:\/\/blog.metu.edu.tr\/eresmech\/files\/2021\/09\/eqn3-3.gif\" alt=\"\" width=\"324\" height=\"102\" \/><\/p>\n<p>olacakt\u0131r. Polar koordinat tak\u0131m\u0131na g\u00f6re:<\/p>\n<p style=\"padding-left: 40px\"><img loading=\"lazy\" decoding=\"async\" class=\"alignnone wp-image-543\" src=\"https:\/\/blog.metu.edu.tr\/eresmech\/files\/2021\/09\/eqn4-2.gif\" alt=\"\" width=\"515\" height=\"66\" \/><\/p>\n<p style=\"text-align: center\"><img loading=\"lazy\" decoding=\"async\" class=\"aligncenter wp-image-544\" src=\"https:\/\/blog.metu.edu.tr\/eresmech\/files\/2021\/09\/img4-4.gif\" alt=\"\" width=\"739\" height=\"730\" \/><\/p>\n<p>Kam profili ve kesici eksen tak\u0131m\u0131 y\u00f6r\u00fcngesi (kesik \u00e7izgi) \u015fekilde g\u00f6sterilmektedir. Dikkat edilir ise, belirli bir toparlak \u00e7ap\u0131 i\u00e7in imal edilmi\u015f kam mekanizmasinda farkl\u0131 \u00e7apta bir toparlak kullan\u0131l\u0131r ise, istenilen ve tasarlanan hassas hareket e\u011frisinin elde edilmesi s\u00f6z konusu de\u011fildir.<\/p>\n<\/div>\n<\/div><\/div><\/div><\/div><\/div>\n\n\n<p><a href=\"https:\/\/blog.metu.edu.tr\/eresmech\/mekanizma-teknigi\/ch8\/8-5\/\" data-type=\"page\"><img loading=\"lazy\" decoding=\"async\" width=\"38\" height=\"38\" class=\"wp-image-16\" style=\"width: 38px\" src=\"https:\/\/blog.metu.edu.tr\/eresmech\/files\/2021\/04\/back_button.gif\" alt=\"\" \/><\/a><a href=\"https:\/\/blog.metu.edu.tr\/eresmech\/mekanizma-teknigi\/ch8\/\" data-type=\"page\"><img loading=\"lazy\" decoding=\"async\" width=\"38\" height=\"38\" class=\"wp-image-17\" style=\"width: 38px\" src=\"https:\/\/blog.metu.edu.tr\/eresmech\/files\/2021\/04\/contents_button.gif\" alt=\"\" \/><\/a><a href=\"https:\/\/blog.metu.edu.tr\/eresmech\/mekanizma-teknigi\/\" data-type=\"page\" data-id=\"47\"><img loading=\"lazy\" decoding=\"async\" width=\"38\" height=\"38\" class=\"wp-image-18\" style=\"width: 38px\" src=\"https:\/\/blog.metu.edu.tr\/eresmech\/files\/2021\/04\/home_button.gif\" alt=\"\" \/><\/a><img loading=\"lazy\" decoding=\"async\" width=\"119\" height=\"40\" class=\"wp-image-15\" style=\"width: 119px\" src=\"https:\/\/blog.metu.edu.tr\/eresmech\/files\/2021\/04\/ceres.gif\" alt=\"\" \/><\/p>\n","protected":false},"excerpt":{"rendered":"<p>D\u00fcz y\u00fczeyli \u00f6teleme yapan izleyicili radyal kam profilinin elde edilmesi: \u015eimdi zarf teorisini d\u00fcz y\u00fczeyli \u00f6teleme yapan radyal kam i\u00e7in uygulayal\u0131m. Hareket e\u011frisi s(\u03b8) ve ve t\u00fcrevleri kam\u0131n tam bir devri i\u00e7in bilinmektedir. Her hangi bir \u03b8 a\u00e7\u0131s\u0131 ve buna &hellip;<\/p>\n<p class=\"read-more\"> <a class=\"more-link\" href=\"https:\/\/blog.metu.edu.tr\/eresmech\/mekanizma-teknigi\/ch8\/8-5\/duz\/\"> <span class=\"screen-reader-text\">duz<\/span> Devam\u0131n\u0131 Oku &raquo;<\/a><\/p>\n","protected":false},"author":7747,"featured_media":0,"parent":479,"menu_order":0,"comment_status":"closed","ping_status":"closed","template":"","meta":{"footnotes":"","_links_to":"","_links_to_target":""},"class_list":["post-536","page","type-page","status-publish","hentry"],"_links":{"self":[{"href":"https:\/\/blog.metu.edu.tr\/eresmech\/wp-json\/wp\/v2\/pages\/536","targetHints":{"allow":["GET"]}}],"collection":[{"href":"https:\/\/blog.metu.edu.tr\/eresmech\/wp-json\/wp\/v2\/pages"}],"about":[{"href":"https:\/\/blog.metu.edu.tr\/eresmech\/wp-json\/wp\/v2\/types\/page"}],"author":[{"embeddable":true,"href":"https:\/\/blog.metu.edu.tr\/eresmech\/wp-json\/wp\/v2\/users\/7747"}],"replies":[{"embeddable":true,"href":"https:\/\/blog.metu.edu.tr\/eresmech\/wp-json\/wp\/v2\/comments?post=536"}],"version-history":[{"count":0,"href":"https:\/\/blog.metu.edu.tr\/eresmech\/wp-json\/wp\/v2\/pages\/536\/revisions"}],"up":[{"embeddable":true,"href":"https:\/\/blog.metu.edu.tr\/eresmech\/wp-json\/wp\/v2\/pages\/479"}],"wp:attachment":[{"href":"https:\/\/blog.metu.edu.tr\/eresmech\/wp-json\/wp\/v2\/media?parent=536"}],"curies":[{"name":"wp","href":"https:\/\/api.w.org\/{rel}","templated":true}]}}