{"id":458,"date":"2021-09-04T15:55:50","date_gmt":"2021-09-04T15:55:50","guid":{"rendered":"https:\/\/blog.metu.edu.tr\/eresmech\/?page_id=458"},"modified":"2021-10-05T19:48:51","modified_gmt":"2021-10-05T19:48:51","slug":"haregnor","status":"publish","type":"page","link":"https:\/\/blog.metu.edu.tr\/eresmech\/mekanizma-teknigi\/ch8\/8-3\/haregnor\/","title":{"rendered":"harEgNor"},"content":{"rendered":"<div id=\"pl-gb458-69d8410027627\"  class=\"panel-layout\" ><div id=\"pg-gb458-69d8410027627-0\"  class=\"panel-grid panel-no-style\" ><div id=\"pgc-gb458-69d8410027627-0-0\"  class=\"panel-grid-cell\" ><div id=\"panel-gb458-69d8410027627-0-0-0\" class=\"so-panel widget widget_sow-editor panel-first-child panel-last-child widgetopts-SO\" data-index=\"0\" ><div\n\t\t\t\n\t\t\tclass=\"so-widget-sow-editor so-widget-sow-editor-base\"\n\t\t\t\n\t\t>\n<div class=\"siteorigin-widget-tinymce textwidget\">\n\t<h1><strong data-rich-text-format-boundary=\"true\">Hareket e\u011frilerinin &#8220;Normalizasyonu&#8221;<\/strong><\/h1>\n<p>Yukar\u0131da verilen e\u011frileri birbirleri ile kar\u015f\u0131la\u015ft\u0131rmak i\u00e7in bu e\u011frilerin &#8220;normalize&#8221; edilmesi gerekmektedir. Normalizasyon hareket denklemlerinde H, \u03c9 ve \u03b2 de\u011ferlerinin<\/p>\n<p style=\"padding-left: 40px\">\u03c9 = 1 rad\/s<\/p>\n<p style=\"padding-left: 40px\">H = 1 birim<\/p>\n<p style=\"padding-left: 40px\">\u03b2 = 1 radyan<\/p>\n<p>olarak al\u0131nmas\u0131 ile yap\u0131l\u0131r. Kar\u015f\u0131la\u015ft\u0131rmak i\u00e7in \u015fekilde \u00e7e\u015fitli e\u011frilerin h\u0131z, ivme ve ivme de\u011fi\u015fim diyagramlar\u0131 g\u00f6sterilmi\u015ftir. C<sub>v<\/sub>, C<sub>a<\/sub>\u00a0ve C<sub>j<\/sub>, normalize edilmi\u015f hareket e\u011frilerinin maksimum h\u0131z, ivme ve ivme de\u011fi\u015fim de\u011ferleridir. Her hangi H, \u03c9 ve \u03b2\u00a0de\u011feri i\u00e7in maximum h\u0131z, ivme ve ivme de\u011fi\u015fim de\u011feri (sadme) bulunmak istendi\u011finde:<\/p>\n<p style=\"padding-left: 40px\">v<sub>max<\/sub> = C<sub>v<\/sub>H\u03c9\/\u03b2<\/p>\n<p style=\"padding-left: 40px\">a<sub>max<\/sub> = C<sub>a<\/sub>H\u03c9<sup>2<\/sup>\/\u03b2<sup>2<\/sup><\/p>\n<p style=\"padding-left: 40px\">j<sub>max<\/sub> = C<sub>j<\/sub>H\u03c9<sup>3<\/sup>\/\u03b2<sup>3<\/sup><\/p>\n<p>olarak elde edilir. Her hangi bir H y\u00fckselme ve b kam d\u00f6nme hareketi i\u00e7in yazmak istedi\u011fimizde, normalize edilmi\u015f e\u011fri denklemini H ile \u00e7arpmak ve \u03b8 a\u00e7\u0131s\u0131 yerine \u03b8\/\u03b2 yerle\u015ftirmek yeterlidir. \u00d6rne\u011fin normalize edilmi\u015f \u00fc\u00e7\u00fcnc\u00fc derece hareket e\u011frisi (#2):<\/p>\n<p style=\"padding-left: 40px\">s = 3\u03b8<sup>2<\/sup> + 2\u03b8<sup>2<\/sup><\/p>\n<p>olarak verildi\u011finden, denklemi H ile \u00e7arpar \u03b8 a\u00e7\u0131s\u0131 yerine \u03b8\/\u03b2 yerle\u015ftirir isek:<\/p>\n<p style=\"padding-left: 40px\">s = H[3(\u03b8\/\u03b2)<sup>2<\/sup> \u2212 2(\u03b8\/\u03b2)<sup>3<\/sup>]\n<p>veya<\/p>\n<p style=\"padding-left: 40px\">s = H(\u03b8\/\u03b2)<sup>2<\/sup>(3 \u2212 2\u03b8\/\u03b2)<\/p>\n<p>olacakt\u0131r. Bu e\u011frinin maksimum h\u0131z ve ivme de\u011ferleri: v<sub>max<\/sub> = 1.5H\u03c9\/\u03b2, a<sub>max<\/sub> = 6H(\u03c9\/\u03b2)<sup>2<\/sup> dir.<\/p>\n<p style=\"text-align: center\"><img loading=\"lazy\" decoding=\"async\" class=\"aligncenter wp-image-463\" src=\"https:\/\/blog.metu.edu.tr\/eresmech\/files\/2021\/09\/img1-3.gif\" alt=\"\" width=\"967\" height=\"1300\" \/><\/p>\n<p>\u03b8 = 0 dan ba\u015flayan ve \u03b8 = \u03b2 da s = H kadar y\u00fckselen bu e\u011friler, merkez de\u011fi\u015ftirme ve H y\u00fcksekli\u011finden \u00e7\u0131karma yap\u0131larak geri d\u00f6n\u00fc\u015f e\u011frisi olarak da kullan\u0131labilir. Bu i\u015flemler \u015fekilde g\u00f6sterilmektedir. \u00d6rne\u011fin e\u011frinin \u03b8 = \u03b3 a\u00e7\u0131s\u0131nda y\u00fckselmeye ba\u015flamas\u0131 i\u00e7in e\u011fri denkleminde her q terimi yerine (\u03b8 \u2212 \u03b3) terimi yerle\u015ftirebilir, bu e\u011friyi geri d\u00f6n\u00fc\u015f e\u011frisi yapmak i\u00e7in ise, bu y\u00fckseli\u015f e\u011frisi denklemini (s(\u03b8)), H de\u011ferinden \u00e7\u0131karmak gereklidir. f(\u03b8) = H \u2212 s(\u03b8) denklemi \u03b8 = 0 da ba\u015flayan geri d\u00f6n\u00fc\u015f denklemidir. f(\u03b8) = H \u2212 s(\u03b8 \u2212 \u03b3) ise \u03b8 = \u03b3 da ba\u015flayan geri d\u00f6n\u00fc\u015f denklemi olur ). \u00c7ift harmonik d\u0131\u015f\u0131nda t\u00fcm e\u011friler simetrik oldu\u011fundan elde edilen e\u011friler yine istenilen \u00f6zelliklere sahip olacakt\u0131r.<\/p>\n<p style=\"text-align: center\"><img loading=\"lazy\" decoding=\"async\" class=\"aligncenter wp-image-464\" src=\"https:\/\/blog.metu.edu.tr\/eresmech\/files\/2021\/09\/img2-3.gif\" alt=\"\" width=\"826\" height=\"295\" \/><\/p>\n<h2><img decoding=\"async\" src=\"https:\/\/blog.metu.edu.tr\/eresmech\/files\/2021\/04\/ceres.gif\" title=\"\" alt=\"\" \/><\/h2>\n<\/div>\n<\/div><\/div><\/div><\/div><\/div>\n\n\n<p><a href=\"https:\/\/blog.metu.edu.tr\/eresmech\/mekanizma-teknigi\/ch8\/8-3\/\" data-type=\"page\"><img loading=\"lazy\" decoding=\"async\" width=\"38\" height=\"38\" class=\"wp-image-16\" style=\"width: 38px\" src=\"https:\/\/blog.metu.edu.tr\/eresmech\/files\/2021\/04\/back_button.gif\" alt=\"\" \/><\/a><a href=\"https:\/\/blog.metu.edu.tr\/eresmech\/mekanizma-teknigi\/ch8\/\" data-type=\"page\"><img loading=\"lazy\" decoding=\"async\" width=\"38\" height=\"38\" class=\"wp-image-17\" style=\"width: 38px\" src=\"https:\/\/blog.metu.edu.tr\/eresmech\/files\/2021\/04\/contents_button.gif\" alt=\"\" \/><\/a><a href=\"https:\/\/blog.metu.edu.tr\/eresmech\/mekanizma-teknigi\/\" data-type=\"page\" data-id=\"47\"><img loading=\"lazy\" decoding=\"async\" width=\"38\" height=\"38\" class=\"wp-image-18\" style=\"width: 38px\" src=\"https:\/\/blog.metu.edu.tr\/eresmech\/files\/2021\/04\/home_button.gif\" alt=\"\" \/><\/a><img loading=\"lazy\" decoding=\"async\" width=\"119\" height=\"40\" class=\"wp-image-15\" style=\"width: 119px\" src=\"https:\/\/blog.metu.edu.tr\/eresmech\/files\/2021\/04\/ceres.gif\" alt=\"\" \/><\/p>\n","protected":false},"excerpt":{"rendered":"<p>Hareket e\u011frilerinin &#8220;Normalizasyonu&#8221; Yukar\u0131da verilen e\u011frileri birbirleri ile kar\u015f\u0131la\u015ft\u0131rmak i\u00e7in bu e\u011frilerin &#8220;normalize&#8221; edilmesi gerekmektedir. Normalizasyon hareket denklemlerinde H, \u03c9 ve \u03b2 de\u011ferlerinin \u03c9 = 1 rad\/s H = 1 birim \u03b2 = 1 radyan olarak al\u0131nmas\u0131 ile yap\u0131l\u0131r. Kar\u015f\u0131la\u015ft\u0131rmak &hellip;<\/p>\n<p class=\"read-more\"> <a class=\"more-link\" href=\"https:\/\/blog.metu.edu.tr\/eresmech\/mekanizma-teknigi\/ch8\/8-3\/haregnor\/\"> <span class=\"screen-reader-text\">harEgNor<\/span> Devam\u0131n\u0131 Oku &raquo;<\/a><\/p>\n","protected":false},"author":7747,"featured_media":0,"parent":405,"menu_order":0,"comment_status":"closed","ping_status":"closed","template":"","meta":{"footnotes":"","_links_to":"","_links_to_target":""},"class_list":["post-458","page","type-page","status-publish","hentry"],"_links":{"self":[{"href":"https:\/\/blog.metu.edu.tr\/eresmech\/wp-json\/wp\/v2\/pages\/458","targetHints":{"allow":["GET"]}}],"collection":[{"href":"https:\/\/blog.metu.edu.tr\/eresmech\/wp-json\/wp\/v2\/pages"}],"about":[{"href":"https:\/\/blog.metu.edu.tr\/eresmech\/wp-json\/wp\/v2\/types\/page"}],"author":[{"embeddable":true,"href":"https:\/\/blog.metu.edu.tr\/eresmech\/wp-json\/wp\/v2\/users\/7747"}],"replies":[{"embeddable":true,"href":"https:\/\/blog.metu.edu.tr\/eresmech\/wp-json\/wp\/v2\/comments?post=458"}],"version-history":[{"count":0,"href":"https:\/\/blog.metu.edu.tr\/eresmech\/wp-json\/wp\/v2\/pages\/458\/revisions"}],"up":[{"embeddable":true,"href":"https:\/\/blog.metu.edu.tr\/eresmech\/wp-json\/wp\/v2\/pages\/405"}],"wp:attachment":[{"href":"https:\/\/blog.metu.edu.tr\/eresmech\/wp-json\/wp\/v2\/media?parent=458"}],"curies":[{"name":"wp","href":"https:\/\/api.w.org\/{rel}","templated":true}]}}