{"id":395,"date":"2021-09-04T10:50:53","date_gmt":"2021-09-04T10:50:53","guid":{"rendered":"https:\/\/blog.metu.edu.tr\/eresmech\/?page_id=395"},"modified":"2023-05-31T08:31:32","modified_gmt":"2023-05-31T08:31:32","slug":"8-1","status":"publish","type":"page","link":"https:\/\/blog.metu.edu.tr\/eresmech\/mekanizma-teknigi\/ch8\/8-1\/","title":{"rendered":"8-1"},"content":{"rendered":"<div id=\"pl-gb395-69d5faa1f0c76\"  class=\"panel-layout\" ><div id=\"pg-gb395-69d5faa1f0c76-0\"  class=\"panel-grid panel-no-style\" ><div id=\"pgc-gb395-69d5faa1f0c76-0-0\"  class=\"panel-grid-cell\" ><div id=\"panel-gb395-69d5faa1f0c76-0-0-0\" class=\"so-panel widget widget_sow-editor panel-first-child panel-last-child widgetopts-SO\" data-index=\"0\" ><div\n\t\t\t\n\t\t\tclass=\"so-widget-sow-editor so-widget-sow-editor-base\"\n\t\t\t\n\t\t>\n<div class=\"siteorigin-widget-tinymce textwidget\">\n\t<h1><strong data-rich-text-format-boundary=\"true\">8.1 \u00c7al\u0131\u015fma Alan\u0131<\/strong><\/h1>\n<p><img loading=\"lazy\" decoding=\"async\" class=\"aligncenter wp-image-397\" src=\"https:\/\/blog.metu.edu.tr\/eresmech\/files\/2021\/09\/img1.gif\" alt=\"\" width=\"612\" height=\"464\" \/><\/p>\n<p>En basit yap\u0131 olarak bir serbestlik dereceli kam mekanizmalar\u0131 \u00fc\u00e7 uzuvlu bir kinematik zincirden olu\u015fur. Mekanizma serbestlik derecesi bir olmas\u0131 i\u00e7in zincirde kam \u00e7iftinin d\u0131\u015f\u0131nda bulunan di\u011fer kinematik \u00e7iftlerin serbestlik derecesi bir olmas\u0131 gerekir. Bu durumda, di\u011fer kinematik \u00e7iftler kayar veya d\u00f6ner mafsal olabilirler. Yukar\u0131da g\u00f6sterildi\u011fi gibi, 3 de\u011fi\u015fik zincir ve bu zincirlerden elde edilebilen yedi de\u011fi\u015fik mekanizma m\u00fcmk\u00fcnd\u00fcr. Genel olarak kam \u00e7iftini olu\u015fturan her iki y\u00fczeyde farkl\u0131 bir e\u011fri olabilir isede, imalat kolayl\u0131\u011f\u0131ndan dolay\u0131 y\u00fczeylerden biri bir do\u011fru veya dairedir. Daire olarak kendi ekseni etraf\u0131nda d\u00f6nebilen bir toparlak yerle\u015ftirilerek kayma s\u00fcrt\u00fcnmesi d\u00f6nme s\u00fcrt\u00fcnmesine d\u00f6n\u00fc\u015ft\u00fcr\u00fcl\u00fcr.<\/p>\n<p>Kam mekanizmalar\u0131n\u0131n yukar\u0131da de g\u00f6sterildi\u011fi \u015fekilde s\u0131n\u0131fland\u0131r\u0131lmas\u0131 yeterli olmam\u0131\u015ft\u0131r. Bu nedenle uygulamada kam mekanizmalar\u0131n\u0131n s\u0131n\u0131fland\u0131r\u0131lmas\u0131nda \u00fc\u00e7 de\u011fi\u015fik kriter kullan\u0131l\u0131r.<\/p>\n<p style=\"text-align: center\"><img loading=\"lazy\" decoding=\"async\" class=\"aligncenter wp-image-398\" src=\"https:\/\/blog.metu.edu.tr\/eresmech\/files\/2021\/09\/img2.gif\" alt=\"\" width=\"737\" height=\"432\" \/><\/p>\n<p>Kam\u0131n \u015fekline g\u00f6re, radyal, y\u00fczeysel, silindirik, kama, konik, k\u00fcresel veya \u00fc\u00e7 boyutlu olarak kamlar\u0131n s\u0131n\u0131fland\u0131r\u0131lmalar\u0131 m\u00fcmk\u00fcnd\u00fcr.<\/p>\n<p style=\"text-align: center\"><img loading=\"lazy\" decoding=\"async\" class=\"aligncenter wp-image-399\" src=\"https:\/\/blog.metu.edu.tr\/eresmech\/files\/2021\/09\/img3.gif\" alt=\"\" width=\"510\" height=\"533\" \/><\/p>\n<p>Kam ile izleyicinin temas \u015fekline g\u00f6re kam \u00e7iftleri <strong>kuvvet kapal\u0131<\/strong>\u00a0veya\u00a0<strong>\u015fekil kapal\u0131<\/strong>\u00a0olarak s\u0131n\u0131fland\u0131r\u0131labilir. Kuvvet kapal\u0131 kam \u00e7iftleri daha yayg\u0131n olup kam \u00e7ifti y\u00fczeyine etkiyen normal kuvvetin ne \u015fekilde olu\u015ftu\u011funa g\u00f6re s\u0131n\u0131fland\u0131r\u0131labilir (yay, a\u011f\u0131rl\u0131k, pn\u00f6matik, santrif\u00fcj, vb).<\/p>\n<p style=\"text-align: center\"><img loading=\"lazy\" decoding=\"async\" class=\"alignnone size-full wp-image-400\" src=\"https:\/\/blog.metu.edu.tr\/eresmech\/files\/2021\/09\/img4.gif\" alt=\"\" width=\"281\" height=\"214\" \/><\/p>\n<p>\u015eekil kapal\u0131 kamlarda uzuvlar iki noktadan temas ederler ve kinematik \u00e7iftlerin temas\u0131 i\u00e7in ek bir kuvvete ihtiya\u00e7 yoktur.<\/p>\n<p>\u0130zleyici uzuv olarak adland\u0131raca\u011f\u0131m\u0131z, genellikle basit geometrik yap\u0131ya sahip kinematik eleman\u0131 olan uzuv ise iki de\u011fi\u015fik \u015fekilde s\u0131n\u0131fland\u0131r\u0131l\u0131r:<\/p>\n<ol>\n<li>\u00a0 \u00a0 \u00a0 Kinematik eleman\u0131n geometrik \u015fekline g\u00f6re, d\u00fcz y\u00fczeyli, toparlakl\u0131, k\u00fcresel izleyiciler,<\/li>\n<li>\u00a0 \u00a0 \u00a0 \u0130zleyici uzvun hareket \u015fekline ba\u011fl\u0131 olarak, \u00f6teleyen veya sal\u0131nan izleyicilerdir.<\/li>\n<\/ol>\n<p>Ayr\u0131ca, \u00f6teleme yapan izleyiciler ka\u00e7\u0131k veya eksenel olarakda ayr\u0131l\u0131rlar.<\/p>\n<p style=\"text-align: center\"><img loading=\"lazy\" decoding=\"async\" class=\"alignnone wp-image-3134 size-full\" src=\"https:\/\/blog.metu.edu.tr\/eresmech\/files\/2023\/05\/img5_updated.gif\" alt=\"\" width=\"635\" height=\"365\" \/><\/p>\n<p>Bir Kam mekanizmas\u0131n\u0131 tan\u0131mlarken yukar\u0131da verilmi\u015f olan s\u0131n\u0131fland\u0131rmalardan m\u00fcmk\u00fcn oldu\u011funca fazlas\u0131 verilmeye \u00e7al\u0131\u015f\u0131l\u0131r: eksenel \u00f6teleme yapan, d\u00fcz-y\u00fczeyli izleyicili, kuvvet kapal\u0131 radyal kam (\u015eekil a), toparlakl\u0131 \u00f6teleme yapan izleyicili, \u015fekil kapal\u0131, kamal\u0131 kam (\u015eekil b) veya \u00f6teleme yapan silindirik izleyicili silindirik kam (\u015eekil c) gibi.<\/p>\n<p style=\"text-align: center\"><img loading=\"lazy\" decoding=\"async\" class=\"aligncenter wp-image-402\" src=\"https:\/\/blog.metu.edu.tr\/eresmech\/files\/2021\/09\/img6.gif\" alt=\"\" width=\"746\" height=\"250\" \/><\/p>\n<\/div>\n<\/div><\/div><\/div><\/div><\/div>\n\n\n<p><a href=\"https:\/\/blog.metu.edu.tr\/eresmech\/mekanizma-teknigi\/ch8\/8-0\/\" data-type=\"page\"><img loading=\"lazy\" decoding=\"async\" width=\"38\" height=\"38\" class=\"wp-image-16\" style=\"width: 38px\" src=\"https:\/\/blog.metu.edu.tr\/eresmech\/files\/2021\/04\/back_button.gif\" alt=\"\" \/><\/a><a href=\"https:\/\/blog.metu.edu.tr\/eresmech\/mekanizma-teknigi\/ch8\/\" data-type=\"page\"><img loading=\"lazy\" decoding=\"async\" width=\"38\" height=\"38\" class=\"wp-image-17\" style=\"width: 38px\" src=\"https:\/\/blog.metu.edu.tr\/eresmech\/files\/2021\/04\/contents_button.gif\" alt=\"\" \/><\/a><a href=\"https:\/\/blog.metu.edu.tr\/eresmech\/mekanizma-teknigi\/\" data-type=\"page\" data-id=\"47\"><img loading=\"lazy\" decoding=\"async\" width=\"38\" height=\"38\" class=\"wp-image-18\" style=\"width: 38px\" src=\"https:\/\/blog.metu.edu.tr\/eresmech\/files\/2021\/04\/home_button.gif\" alt=\"\" \/><\/a><a href=\"https:\/\/blog.metu.edu.tr\/eresmech\/mekanizma-teknigi\/ch8\/8-2\/\"><img loading=\"lazy\" decoding=\"async\" width=\"38\" height=\"38\" class=\"wp-image-20\" style=\"width: 38px\" src=\"https:\/\/blog.metu.edu.tr\/eresmech\/files\/2021\/04\/next_button.gif\" alt=\"\" \/><\/a><img loading=\"lazy\" decoding=\"async\" width=\"119\" height=\"40\" class=\"wp-image-15\" style=\"width: 119px\" src=\"https:\/\/blog.metu.edu.tr\/eresmech\/files\/2021\/04\/ceres.gif\" alt=\"\" \/><\/p>\n","protected":false},"excerpt":{"rendered":"<p>8.1 \u00c7al\u0131\u015fma Alan\u0131 En basit yap\u0131 olarak bir serbestlik dereceli kam mekanizmalar\u0131 \u00fc\u00e7 uzuvlu bir kinematik zincirden olu\u015fur. Mekanizma serbestlik derecesi bir olmas\u0131 i\u00e7in zincirde kam \u00e7iftinin d\u0131\u015f\u0131nda bulunan di\u011fer kinematik \u00e7iftlerin serbestlik derecesi bir olmas\u0131 gerekir. Bu durumda, di\u011fer &hellip;<\/p>\n<p class=\"read-more\"> <a class=\"more-link\" href=\"https:\/\/blog.metu.edu.tr\/eresmech\/mekanizma-teknigi\/ch8\/8-1\/\"> <span class=\"screen-reader-text\">8-1<\/span> Devam\u0131n\u0131 Oku &raquo;<\/a><\/p>\n","protected":false},"author":7747,"featured_media":0,"parent":371,"menu_order":0,"comment_status":"closed","ping_status":"closed","template":"","meta":{"footnotes":"","_links_to":"","_links_to_target":""},"class_list":["post-395","page","type-page","status-publish","hentry"],"_links":{"self":[{"href":"https:\/\/blog.metu.edu.tr\/eresmech\/wp-json\/wp\/v2\/pages\/395","targetHints":{"allow":["GET"]}}],"collection":[{"href":"https:\/\/blog.metu.edu.tr\/eresmech\/wp-json\/wp\/v2\/pages"}],"about":[{"href":"https:\/\/blog.metu.edu.tr\/eresmech\/wp-json\/wp\/v2\/types\/page"}],"author":[{"embeddable":true,"href":"https:\/\/blog.metu.edu.tr\/eresmech\/wp-json\/wp\/v2\/users\/7747"}],"replies":[{"embeddable":true,"href":"https:\/\/blog.metu.edu.tr\/eresmech\/wp-json\/wp\/v2\/comments?post=395"}],"version-history":[{"count":0,"href":"https:\/\/blog.metu.edu.tr\/eresmech\/wp-json\/wp\/v2\/pages\/395\/revisions"}],"up":[{"embeddable":true,"href":"https:\/\/blog.metu.edu.tr\/eresmech\/wp-json\/wp\/v2\/pages\/371"}],"wp:attachment":[{"href":"https:\/\/blog.metu.edu.tr\/eresmech\/wp-json\/wp\/v2\/media?parent=395"}],"curies":[{"name":"wp","href":"https:\/\/api.w.org\/{rel}","templated":true}]}}