{"id":393,"date":"2021-09-04T09:16:07","date_gmt":"2021-09-04T09:16:07","guid":{"rendered":"https:\/\/blog.metu.edu.tr\/eresmech\/?page_id=393"},"modified":"2021-09-30T21:16:07","modified_gmt":"2021-09-30T21:16:07","slug":"8-0","status":"publish","type":"page","link":"https:\/\/blog.metu.edu.tr\/eresmech\/mekanizma-teknigi\/ch8\/8-0\/","title":{"rendered":"8-0"},"content":{"rendered":"<div id=\"pl-gb393-69d7dade64b57\"  class=\"panel-layout\" ><div id=\"pg-gb393-69d7dade64b57-0\"  class=\"panel-grid panel-no-style\" ><div id=\"pgc-gb393-69d7dade64b57-0-0\"  class=\"panel-grid-cell\" ><div id=\"panel-gb393-69d7dade64b57-0-0-0\" class=\"so-panel widget widget_sow-editor panel-first-child panel-last-child widgetopts-SO\" data-index=\"0\" ><div\n\t\t\t\n\t\t\tclass=\"so-widget-sow-editor so-widget-sow-editor-base\"\n\t\t\t\n\t\t>\n<div class=\"siteorigin-widget-tinymce textwidget\">\n\t<h4 class=\"has-text-color\"><span style=\"color: #ff0000\"><strong>&#8220;Bir ki\u015finin bir olay\u0131 de\u011ferlendirmesi, bu de\u011ferlendirmeye esas olan bilgiden daha iyi olamaz. Ona ger\u00e7e\u011fi verdi\u011finizde do\u011fru karara varma \u015fans\u0131 olsa bile yanl\u0131\u015f yapabilir. Ancak ona bilgi vermez, yanl\u0131\u015f, sapt\u0131r\u0131lm\u0131\u015f veya yetersiz bilgiyi tarafl\u0131, mesuliyetsiz yay\u0131nc\u0131l\u0131k ahlak\u0131 ile veya bilerek hatal\u0131 verirseniz o insan\u0131n t\u00fcm de\u011fer yarg\u0131lar\u0131n\u0131 alt \u00fcst eder onu insandan daha alt seviyelere indirirsiniz.&#8221;<\/strong><\/span><\/h4>\n<h4 class=\"has-text-color\" style=\"text-align: right\"><span style=\"color: #ff0000\"><strong>Arthur Hays Sulzberger<\/strong><\/span><\/h4>\n<h1><strong data-rich-text-format-boundary=\"true\">Kam Mekanizmalar\u0131<\/strong><\/h1>\n<\/div>\n<\/div><\/div><\/div><\/div><div id=\"pg-gb393-69d7dade64b57-1\"  class=\"panel-grid panel-no-style\" ><div id=\"pgc-gb393-69d7dade64b57-1-0\"  class=\"panel-grid-cell\" ><div id=\"panel-gb393-69d7dade64b57-1-0-0\" class=\"so-panel widget widget_sow-editor panel-first-child panel-last-child widgetopts-SO\" data-index=\"1\" ><div\n\t\t\t\n\t\t\tclass=\"so-widget-sow-editor so-widget-sow-editor-base\"\n\t\t\t\n\t\t>\n<div class=\"siteorigin-widget-tinymce textwidget\">\n\t<div class=\"su-image-carousel  su-image-carousel-has-spacing su-image-carousel-has-lightbox su-image-carousel-has-outline su-image-carousel-adaptive su-image-carousel-slides-style-default su-image-carousel-controls-style-dark su-image-carousel-align-center\" style=\"\" data-flickity-options='{\"groupCells\":true,\"cellSelector\":\".su-image-carousel-item\",\"adaptiveHeight\":true,\"cellAlign\":\"left\",\"prevNextButtons\":true,\"pageDots\":false,\"autoPlay\":false,\"imagesLoaded\":true,\"contain\":false,\"selectedAttraction\":1,\"friction\":1}' id=\"su_image_carousel_69d7dade65be8\"><div class=\"su-image-carousel-item\"><div class=\"su-image-carousel-item-content\"><a href=\"https:\/\/blog.metu.edu.tr\/eresmech\/files\/2021\/09\/cam1.gif\" target=\"_blank\" rel=\"noopener noreferrer\" data-caption=\"\"><img loading=\"lazy\" decoding=\"async\" width=\"550\" height=\"400\" src=\"https:\/\/blog.metu.edu.tr\/eresmech\/files\/2021\/09\/cam1.gif\" class=\"\" alt=\"\" \/><\/a><\/div><\/div><div class=\"su-image-carousel-item\"><div class=\"su-image-carousel-item-content\"><a href=\"https:\/\/blog.metu.edu.tr\/eresmech\/files\/2021\/09\/cam1_1.gif\" target=\"_blank\" rel=\"noopener noreferrer\" data-caption=\"\"><img loading=\"lazy\" decoding=\"async\" width=\"550\" height=\"400\" src=\"https:\/\/blog.metu.edu.tr\/eresmech\/files\/2021\/09\/cam1_1.gif\" class=\"\" alt=\"\" \/><\/a><\/div><\/div><\/div><script id=\"su_image_carousel_69d7dade65be8_script\">if(window.SUImageCarousel){setTimeout(function() {window.SUImageCarousel.initGallery(document.getElementById(\"su_image_carousel_69d7dade65be8\"))}, 0);}var su_image_carousel_69d7dade65be8_script=document.getElementById(\"su_image_carousel_69d7dade65be8_script\");if(su_image_carousel_69d7dade65be8_script){su_image_carousel_69d7dade65be8_script.parentNode.removeChild(su_image_carousel_69d7dade65be8_script);}<\/script>\n<\/div>\n<\/div><\/div><\/div><div id=\"pgc-gb393-69d7dade64b57-1-1\"  class=\"panel-grid-cell\" ><div id=\"panel-gb393-69d7dade64b57-1-1-0\" class=\"so-panel widget widget_sow-editor panel-first-child panel-last-child widgetopts-SO\" data-index=\"2\" ><div\n\t\t\t\n\t\t\tclass=\"so-widget-sow-editor so-widget-sow-editor-base\"\n\t\t\t\n\t\t>\n<div class=\"siteorigin-widget-tinymce textwidget\">\n\t<div class=\"su-image-carousel  su-image-carousel-has-spacing su-image-carousel-has-lightbox su-image-carousel-has-outline su-image-carousel-adaptive su-image-carousel-slides-style-default su-image-carousel-controls-style-dark su-image-carousel-align-center\" style=\"\" data-flickity-options='{\"groupCells\":true,\"cellSelector\":\".su-image-carousel-item\",\"adaptiveHeight\":true,\"cellAlign\":\"left\",\"prevNextButtons\":true,\"pageDots\":false,\"autoPlay\":false,\"imagesLoaded\":true,\"contain\":false,\"selectedAttraction\":1,\"friction\":1}' id=\"su_image_carousel_69d7dade66630\"><div class=\"su-image-carousel-item\"><div class=\"su-image-carousel-item-content\"><a href=\"https:\/\/blog.metu.edu.tr\/eresmech\/files\/2021\/09\/cam2.gif\" target=\"_blank\" rel=\"noopener noreferrer\" data-caption=\"\"><img loading=\"lazy\" decoding=\"async\" width=\"550\" height=\"400\" src=\"https:\/\/blog.metu.edu.tr\/eresmech\/files\/2021\/09\/cam2.gif\" class=\"\" alt=\"\" \/><\/a><\/div><\/div><div class=\"su-image-carousel-item\"><div class=\"su-image-carousel-item-content\"><a href=\"https:\/\/blog.metu.edu.tr\/eresmech\/files\/2021\/09\/cam2_1.gif\" target=\"_blank\" rel=\"noopener noreferrer\" data-caption=\"\"><img loading=\"lazy\" decoding=\"async\" width=\"550\" height=\"400\" src=\"https:\/\/blog.metu.edu.tr\/eresmech\/files\/2021\/09\/cam2_1.gif\" class=\"\" alt=\"\" \/><\/a><\/div><\/div><\/div><script id=\"su_image_carousel_69d7dade66630_script\">if(window.SUImageCarousel){setTimeout(function() {window.SUImageCarousel.initGallery(document.getElementById(\"su_image_carousel_69d7dade66630\"))}, 0);}var su_image_carousel_69d7dade66630_script=document.getElementById(\"su_image_carousel_69d7dade66630_script\");if(su_image_carousel_69d7dade66630_script){su_image_carousel_69d7dade66630_script.parentNode.removeChild(su_image_carousel_69d7dade66630_script);}<\/script>\n<\/div>\n<\/div><\/div><\/div><div id=\"pgc-gb393-69d7dade64b57-1-2\"  class=\"panel-grid-cell\" ><div id=\"panel-gb393-69d7dade64b57-1-2-0\" class=\"so-panel widget widget_sow-editor panel-first-child panel-last-child widgetopts-SO\" data-index=\"3\" ><div\n\t\t\t\n\t\t\tclass=\"so-widget-sow-editor so-widget-sow-editor-base\"\n\t\t\t\n\t\t>\n<div class=\"siteorigin-widget-tinymce textwidget\">\n\t<div class=\"su-image-carousel  su-image-carousel-has-spacing su-image-carousel-has-lightbox su-image-carousel-has-outline su-image-carousel-adaptive su-image-carousel-slides-style-default su-image-carousel-controls-style-dark su-image-carousel-align-center\" style=\"\" data-flickity-options='{\"groupCells\":true,\"cellSelector\":\".su-image-carousel-item\",\"adaptiveHeight\":true,\"cellAlign\":\"left\",\"prevNextButtons\":true,\"pageDots\":false,\"autoPlay\":false,\"imagesLoaded\":true,\"contain\":false,\"selectedAttraction\":1,\"friction\":1}' id=\"su_image_carousel_69d7dade67045\"><div class=\"su-image-carousel-item\"><div class=\"su-image-carousel-item-content\"><a href=\"https:\/\/blog.metu.edu.tr\/eresmech\/files\/2021\/09\/cam3.gif\" target=\"_blank\" rel=\"noopener noreferrer\" data-caption=\"\"><img loading=\"lazy\" decoding=\"async\" width=\"550\" height=\"400\" src=\"https:\/\/blog.metu.edu.tr\/eresmech\/files\/2021\/09\/cam3.gif\" class=\"\" alt=\"\" \/><\/a><\/div><\/div><div class=\"su-image-carousel-item\"><div class=\"su-image-carousel-item-content\"><a href=\"https:\/\/blog.metu.edu.tr\/eresmech\/files\/2021\/09\/cam3_1.gif\" target=\"_blank\" rel=\"noopener noreferrer\" data-caption=\"\"><img loading=\"lazy\" decoding=\"async\" width=\"550\" height=\"400\" src=\"https:\/\/blog.metu.edu.tr\/eresmech\/files\/2021\/09\/cam3_1.gif\" class=\"\" alt=\"\" \/><\/a><\/div><\/div><\/div><script id=\"su_image_carousel_69d7dade67045_script\">if(window.SUImageCarousel){setTimeout(function() {window.SUImageCarousel.initGallery(document.getElementById(\"su_image_carousel_69d7dade67045\"))}, 0);}var su_image_carousel_69d7dade67045_script=document.getElementById(\"su_image_carousel_69d7dade67045_script\");if(su_image_carousel_69d7dade67045_script){su_image_carousel_69d7dade67045_script.parentNode.removeChild(su_image_carousel_69d7dade67045_script);}<\/script>\n<\/div>\n<\/div><\/div><\/div><\/div><div id=\"pg-gb393-69d7dade64b57-2\"  class=\"panel-grid panel-no-style\" ><div id=\"pgc-gb393-69d7dade64b57-2-0\"  class=\"panel-grid-cell\" ><div id=\"panel-gb393-69d7dade64b57-2-0-0\" class=\"so-panel widget widget_sow-editor panel-first-child panel-last-child widgetopts-SO\" data-index=\"4\" ><div\n\t\t\t\n\t\t\tclass=\"so-widget-sow-editor so-widget-sow-editor-base\"\n\t\t\t\n\t\t>\n<div class=\"siteorigin-widget-tinymce textwidget\">\n\t<p>Kam \u00e7ifti iki serbestlik derecesine sahip ve kinematik elemanlar aras\u0131nda nokta veya \u00e7izgi temas\u0131 olan y\u00fcksek kinematik \u00e7ifttir. G\u00fcnl\u00fck kullan\u0131mda ise kam genellikle e\u011fri bir profile sahip bir uzvun bu y\u00fczeyi ile basit bir \u015fekle sahip bir di\u011fer uzuvla temas eden cisimdir.<\/p>\n<p><span style=\"color: #cc0000\"><strong>Kam mekanizmas\u0131<\/strong>\u00a0ise, yap\u0131s\u0131nda en az bir kam \u00e7ifti olan mekanizmad\u0131r.<\/span><\/p>\n<p>Her t\u00fcrl\u00fc haraketin elde edilebilmesi m\u00fcmk\u00fcn oldu\u011fundan ve tasar\u0131m\u0131 di\u011fer mekanizmalarla kar\u015f\u0131la\u015ft\u0131r\u0131ld\u0131\u011f\u0131nda nisbeten kolay olmas\u0131 nedeni ile kam mekanizmalar\u0131 uygulamada en fazla kullan\u0131lan mekanizmalard\u0131r. Kamlar ayarl\u0131 olabilir veya kolayca de\u011fi\u015ftirebilir \u015fekilde tasarlanabilir (modern diki\u015f makinalar\u0131nda oldu\u011fu gibi). Di\u011fer mekanizmalarla elde edilmesi kolay olmayan hareketler kam mekanizmalar\u0131 ile kolayca elde edilebilir (beklemeli hareket gibi). Ancak hassas kamlar\u0131n maliyetleri oldukca y\u00fcksek olup, kamlarda s\u00fcrt\u00fcnme ve a\u015f\u0131nma \u00f6nemle dikkate al\u0131nmas\u0131 gereken hususlard\u0131r. Y\u00fcksek h\u0131zlarda ve\/veya y\u00fcksek y\u00fckler alt\u0131nda kam mekanizmalar\u0131n\u0131n d\u00fczg\u00fcn \u00e7al\u0131\u015fabilmeleri \u00e7ok dikkatli tasar\u0131m\u0131 ve \u00e7ok hassas imalat\u0131 gerektirir. Bu nedenle bilhassa y\u00fcksek h\u0131zda \u00e7al\u0131\u015fmas\u0131 istenilen makinalar\u0131n tasar\u0131m\u0131 s\u0131ras\u0131nda m\u00fcmk\u00fcn oldu\u011funca az kam kullan\u0131lmas\u0131na dikkat edilmesi \u00f6nemlidir.<\/p>\n<\/div>\n<\/div><\/div><\/div><\/div><\/div>\n\n\n<p><a href=\"https:\/\/blog.metu.edu.tr\/eresmech\/mekanizma-teknigi\/ch8\/\" data-type=\"page\"><img loading=\"lazy\" decoding=\"async\" width=\"38\" height=\"38\" class=\"wp-image-16\" style=\"width: 38px\" src=\"https:\/\/blog.metu.edu.tr\/eresmech\/files\/2021\/04\/back_button.gif\" alt=\"\" \/><img loading=\"lazy\" decoding=\"async\" width=\"38\" height=\"38\" class=\"wp-image-17\" style=\"width: 38px\" src=\"https:\/\/blog.metu.edu.tr\/eresmech\/files\/2021\/04\/contents_button.gif\" alt=\"\" \/><\/a><a href=\"https:\/\/blog.metu.edu.tr\/eresmech\/mekanizma-teknigi\/\" data-type=\"page\" data-id=\"47\"><img loading=\"lazy\" decoding=\"async\" width=\"38\" height=\"38\" class=\"wp-image-18\" style=\"width: 38px\" src=\"https:\/\/blog.metu.edu.tr\/eresmech\/files\/2021\/04\/home_button.gif\" alt=\"\" \/><\/a><a href=\"https:\/\/blog.metu.edu.tr\/eresmech\/mekanizma-teknigi\/ch8\/8-1\"><img loading=\"lazy\" decoding=\"async\" width=\"38\" height=\"38\" class=\"wp-image-20\" style=\"width: 38px\" src=\"https:\/\/blog.metu.edu.tr\/eresmech\/files\/2021\/04\/next_button.gif\" alt=\"\" \/><\/a><img loading=\"lazy\" decoding=\"async\" width=\"119\" height=\"40\" class=\"wp-image-15\" style=\"width: 119px\" src=\"https:\/\/blog.metu.edu.tr\/eresmech\/files\/2021\/04\/ceres.gif\" alt=\"\" \/><\/p>\n","protected":false},"excerpt":{"rendered":"<p>&#8220;Bir ki\u015finin bir olay\u0131 de\u011ferlendirmesi, bu de\u011ferlendirmeye esas olan bilgiden daha iyi olamaz. Ona ger\u00e7e\u011fi verdi\u011finizde do\u011fru karara varma \u015fans\u0131 olsa bile yanl\u0131\u015f yapabilir. Ancak ona bilgi vermez, yanl\u0131\u015f, sapt\u0131r\u0131lm\u0131\u015f veya yetersiz bilgiyi tarafl\u0131, mesuliyetsiz yay\u0131nc\u0131l\u0131k ahlak\u0131 ile veya bilerek &hellip;<\/p>\n<p class=\"read-more\"> <a class=\"more-link\" href=\"https:\/\/blog.metu.edu.tr\/eresmech\/mekanizma-teknigi\/ch8\/8-0\/\"> <span class=\"screen-reader-text\">8-0<\/span> Devam\u0131n\u0131 Oku &raquo;<\/a><\/p>\n","protected":false},"author":7747,"featured_media":0,"parent":371,"menu_order":0,"comment_status":"closed","ping_status":"closed","template":"","meta":{"footnotes":"","_links_to":"","_links_to_target":""},"class_list":["post-393","page","type-page","status-publish","hentry"],"_links":{"self":[{"href":"https:\/\/blog.metu.edu.tr\/eresmech\/wp-json\/wp\/v2\/pages\/393","targetHints":{"allow":["GET"]}}],"collection":[{"href":"https:\/\/blog.metu.edu.tr\/eresmech\/wp-json\/wp\/v2\/pages"}],"about":[{"href":"https:\/\/blog.metu.edu.tr\/eresmech\/wp-json\/wp\/v2\/types\/page"}],"author":[{"embeddable":true,"href":"https:\/\/blog.metu.edu.tr\/eresmech\/wp-json\/wp\/v2\/users\/7747"}],"replies":[{"embeddable":true,"href":"https:\/\/blog.metu.edu.tr\/eresmech\/wp-json\/wp\/v2\/comments?post=393"}],"version-history":[{"count":0,"href":"https:\/\/blog.metu.edu.tr\/eresmech\/wp-json\/wp\/v2\/pages\/393\/revisions"}],"up":[{"embeddable":true,"href":"https:\/\/blog.metu.edu.tr\/eresmech\/wp-json\/wp\/v2\/pages\/371"}],"wp:attachment":[{"href":"https:\/\/blog.metu.edu.tr\/eresmech\/wp-json\/wp\/v2\/media?parent=393"}],"curies":[{"name":"wp","href":"https:\/\/api.w.org\/{rel}","templated":true}]}}