{"id":371,"date":"2021-09-02T12:13:47","date_gmt":"2021-09-02T12:13:47","guid":{"rendered":"https:\/\/blog.metu.edu.tr\/eresmech\/?page_id=371"},"modified":"2021-09-11T08:56:12","modified_gmt":"2021-09-11T08:56:12","slug":"ch8","status":"publish","type":"page","link":"https:\/\/blog.metu.edu.tr\/eresmech\/mekanizma-teknigi\/ch8\/","title":{"rendered":"Chapter 8"},"content":{"rendered":"<div\n\t\t\t\n\t\t\tclass=\"so-widget-sow-editor so-widget-sow-editor-base\"\n\t\t\t\n\t\t>\n<div class=\"siteorigin-widget-tinymce textwidget\">\n\t<h1>VIII. KAM MEKAN\u0130ZMALARI<\/h1>\n<h3>\u00a0 \u00a0\u00a0 \u00a0\u00a0 \u00a0 <a href=\"https:\/\/blog.metu.edu.tr\/eresmech\/mekanizma-teknigi\/ch8\/8-0\/\">Giri\u015f<\/a><\/h3>\n<h3>\u00a0 <span style=\"color: #000099\">8.1<\/span> \u00a0<span style=\"text-decoration: underline\"><a href=\"https:\/\/blog.metu.edu.tr\/eresmech\/mekanizma-teknigi\/ch8\/8-1\/\">Kam Mekanizmas\u0131 \u00c7e\u015fitleri ve S\u0131n\u0131fland\u0131r\u0131lmas\u0131<\/a><\/span><\/h3>\n<h3>\u00a0 <span style=\"color: #000099\">8.2\u00a0\u00a0<\/span><span style=\"text-decoration: underline\"><a href=\"https:\/\/blog.metu.edu.tr\/eresmech\/mekanizma-teknigi\/ch8\/8-2\/\">Kam Tasar\u0131m\u0131<\/a><\/span><\/h3>\n<h3>\u00a0 <span style=\"color: #000099\">8.3<\/span> \u00a0<span style=\"text-decoration: underline\"><a href=\"https:\/\/blog.metu.edu.tr\/eresmech\/mekanizma-teknigi\/ch8\/8-3\/\">Hareket E\u011frileri<\/a><\/span><\/h3>\n<h3>\u00a0 <span style=\"color: #000099\">8.4<\/span> \u00a0<span style=\"text-decoration: underline\"><a href=\"https:\/\/blog.metu.edu.tr\/eresmech\/mekanizma-teknigi\/ch8\/8-4\/\">Kam Boyutu Belirleme<\/a><\/span><\/h3>\n<h3>\u00a0 <span style=\"color: #000099\">8.5<\/span>\u00a0\u00a0<span style=\"text-decoration: underline\"><a href=\"https:\/\/blog.metu.edu.tr\/eresmech\/mekanizma-teknigi\/ch8\/8-5\/\">Kam Profilinin Elde Edilmesi<\/a><\/span><\/h3>\n<\/div>\n<\/div>\n\n\n<p>  <a href=\"https:\/\/blog.metu.edu.tr\/eresmech\/mekanizma-teknigi\/ch8\/\" data-type=\"page\"><img loading=\"lazy\" decoding=\"async\" width=\"38\" height=\"38\" class=\"wp-image-17\" style=\"width: 38px\" src=\"https:\/\/blog.metu.edu.tr\/eresmech\/files\/2021\/04\/contents_button.gif\" alt=\"\" \/><\/a><a href=\"https:\/\/blog.metu.edu.tr\/eresmech\/mekanizma-teknigi\/\" data-type=\"page\" data-id=\"47\"><img loading=\"lazy\" decoding=\"async\" width=\"38\" height=\"38\" class=\"wp-image-18\" style=\"width: 38px\" src=\"https:\/\/blog.metu.edu.tr\/eresmech\/files\/2021\/04\/home_button.gif\" alt=\"\" \/><\/a><a href=\"https:\/\/blog.metu.edu.tr\/eresmech\/mekanizma-teknigi\/ch8\/8-0\/\"><img loading=\"lazy\" decoding=\"async\" width=\"38\" height=\"38\" class=\"wp-image-20\" style=\"width: 38px\" src=\"https:\/\/blog.metu.edu.tr\/eresmech\/files\/2021\/04\/next_button.gif\" alt=\"\" \/><\/a><img loading=\"lazy\" decoding=\"async\" width=\"119\" height=\"40\" class=\"wp-image-15\" style=\"width: 119px\" src=\"https:\/\/blog.metu.edu.tr\/eresmech\/files\/2021\/04\/ceres.gif\" alt=\"\" \/>   <\/p>\n","protected":false},"excerpt":{"rendered":"","protected":false},"author":7747,"featured_media":0,"parent":47,"menu_order":0,"comment_status":"closed","ping_status":"closed","template":"","meta":{"footnotes":"","_links_to":"","_links_to_target":""},"class_list":["post-371","page","type-page","status-publish","hentry"],"_links":{"self":[{"href":"https:\/\/blog.metu.edu.tr\/eresmech\/wp-json\/wp\/v2\/pages\/371","targetHints":{"allow":["GET"]}}],"collection":[{"href":"https:\/\/blog.metu.edu.tr\/eresmech\/wp-json\/wp\/v2\/pages"}],"about":[{"href":"https:\/\/blog.metu.edu.tr\/eresmech\/wp-json\/wp\/v2\/types\/page"}],"author":[{"embeddable":true,"href":"https:\/\/blog.metu.edu.tr\/eresmech\/wp-json\/wp\/v2\/users\/7747"}],"replies":[{"embeddable":true,"href":"https:\/\/blog.metu.edu.tr\/eresmech\/wp-json\/wp\/v2\/comments?post=371"}],"version-history":[{"count":0,"href":"https:\/\/blog.metu.edu.tr\/eresmech\/wp-json\/wp\/v2\/pages\/371\/revisions"}],"up":[{"embeddable":true,"href":"https:\/\/blog.metu.edu.tr\/eresmech\/wp-json\/wp\/v2\/pages\/47"}],"wp:attachment":[{"href":"https:\/\/blog.metu.edu.tr\/eresmech\/wp-json\/wp\/v2\/media?parent=371"}],"curies":[{"name":"wp","href":"https:\/\/api.w.org\/{rel}","templated":true}]}}