{"id":370,"date":"2021-09-02T12:13:49","date_gmt":"2021-09-02T12:13:49","guid":{"rendered":"https:\/\/blog.metu.edu.tr\/eresmech\/?page_id=370"},"modified":"2021-09-13T20:24:54","modified_gmt":"2021-09-13T20:24:54","slug":"ch3","status":"publish","type":"page","link":"https:\/\/blog.metu.edu.tr\/eresmech\/mekanizma-teknigi\/ch3\/","title":{"rendered":"Chapter 3"},"content":{"rendered":"<div\n\t\t\t\n\t\t\tclass=\"so-widget-sow-editor so-widget-sow-editor-base\"\n\t\t\t\n\t\t>\n<div class=\"siteorigin-widget-tinymce textwidget\">\n\t<p><!-- wp:paragraph --><\/p>\n<p><!-- wp:paragraph {\"style\":{\"typography\":{\"fontSize\":24},\"color\":{\"text\":\"#000099\"}}} --><\/p>\n<p><!-- wp:paragraph {\"style\":{\"typography\":{\"fontSize\":30},\"color\":{\"text\":\"#cc0000\"}}} --><\/p>\n<h1 class=\"has-text-color\">III. MEKAN\u0130ZMALARDA KONUM ANAL\u0130Z\u0130<\/h1>\n<h3 class=\"has-text-color\" style=\"padding-left: 40px\">\u00a0<a href=\"https:\/\/blog.metu.edu.tr\/eresmech\/mekanizma-teknigi\/ch3\/3-0\/\"><span style=\"text-decoration: underline\">Giri\u015f<\/span><\/a><\/h3>\n<h3><span style=\"color: #000099\">\u00a0 3.1<\/span>\u00a0 <a href=\"https:\/\/blog.metu.edu.tr\/eresmech\/mekanizma-teknigi\/ch3\/3-1\/\"><span style=\"text-decoration: underline\">Bir Noktan\u0131n Kinemati\u011fi<\/span><\/a><\/h3>\n<h3>\u00a0 <span style=\"color: #000099\">3.2<\/span>\u00a0 <a href=\"https:\/\/blog.metu.edu.tr\/eresmech\/mekanizma-teknigi\/ch3\/3-2\/\"><span style=\"text-decoration: underline\">Bir Rijit Cismin Kinemati\u011fi<\/span><\/a><\/h3>\n<h3>\u00a0 <span style=\"color: #000099\">3.3<\/span>\u00a0 <a href=\"https:\/\/blog.metu.edu.tr\/eresmech\/mekanizma-teknigi\/ch3\/3-3\/\"><span style=\"text-decoration: underline\">\u00c7ak\u0131\u015fan Noktalar<\/span><\/a><\/h3>\n<h3>\u00a0 <span style=\"color: #000099\">3.4<\/span>\u00a0 <a href=\"https:\/\/blog.metu.edu.tr\/eresmech\/mekanizma-teknigi\/ch3\/3-4\/\"><span style=\"text-decoration: underline\">Mekanizmalarda Vekt\u00f6r Devreleri<\/span><\/a><\/h3>\n<h3>\u00a0 <span style=\"color: #000099\">3.5<\/span>\u00a0 <a href=\"https:\/\/blog.metu.edu.tr\/eresmech\/mekanizma-teknigi\/ch3\/3-5\/\"><span style=\"text-decoration: underline\">Vekt\u00f6r Devre Denklemlerinin Grafik \u00c7\u00f6z\u00fcm\u00fc<\/span><\/a><\/h3>\n<h3>\u00a0 <span style=\"color: #000099\">3.6<\/span>\u00a0 <a href=\"https:\/\/blog.metu.edu.tr\/eresmech\/mekanizma-teknigi\/ch3\/3-6\/\"><span style=\"text-decoration: underline\">Devre Kapal\u0131l\u0131k Denklemlerinin Konum De\u011fi\u015fkenleri \u0130\u00e7in \u00c7\u00f6z\u00fcm\u00fc<\/span><\/a><\/h3>\n<h3>\u00a0 <span style=\"color: #000099\">3.7<\/span>\u00a0 <a href=\"https:\/\/blog.metu.edu.tr\/eresmech\/mekanizma-teknigi\/ch3\/3-7\/\"><span style=\"text-decoration: underline\">Karma\u015f\u0131k Say\u0131lar Kullan\u0131larak Konum Analizi<\/span><\/a><\/h3>\n<h3>\u00a0 <span style=\"color: #000099\">3.8<\/span>\u00a0\u00a0<a href=\"https:\/\/blog.metu.edu.tr\/eresmech\/mekanizma-teknigi\/ch3\/3-8\/\"><span style=\"text-decoration: underline\">Devre Kapal\u0131l\u0131k Denklemlerinin Say\u0131sal \u00c7\u00f6z\u00fcm\u00fc<\/span><\/a><\/h3>\n<h3>\u00a0 <span style=\"color: #000099\">3.9<\/span>\u00a0 <a href=\"https:\/\/blog.metu.edu.tr\/eresmech\/mekanizma-teknigi\/ch3\/3-9\/\"><span style=\"text-decoration: underline\">Devre Kapal\u0131l\u0131k Denklemlerinin \u0130teratif Y\u00f6ntemle \u00c7\u00f6z\u00fcm\u00fc<\/span><\/a><\/h3>\n<p><!-- \/wp:paragraph --><\/p>\n<p><!-- \/wp:paragraph --><\/p>\n<p><!-- \/wp:paragraph --><\/p>\n<\/div>\n<\/div>\n\n\n<p> <a href=\"https:\/\/blog.metu.edu.tr\/eresmech\/mekanizma-teknigi\/ch3\/\" data-type=\"page\"><img loading=\"lazy\" decoding=\"async\" width=\"38\" height=\"38\" class=\"wp-image-17\" style=\"width: 38px\" src=\"https:\/\/blog.metu.edu.tr\/eresmech\/files\/2021\/04\/contents_button.gif\" alt=\"\" \/><\/a><a href=\"https:\/\/blog.metu.edu.tr\/eresmech\/mekanizma-teknigi\/\" data-type=\"page\" data-id=\"47\"><img loading=\"lazy\" decoding=\"async\" width=\"38\" height=\"38\" class=\"wp-image-18\" style=\"width: 38px\" src=\"https:\/\/blog.metu.edu.tr\/eresmech\/files\/2021\/04\/home_button.gif\" alt=\"\" \/><\/a><a href=\"https:\/\/blog.metu.edu.tr\/eresmech\/mekanizma-teknigi\/ch3\/3-0\/\"><img loading=\"lazy\" decoding=\"async\" width=\"38\" height=\"38\" class=\"wp-image-20\" style=\"width: 38px\" src=\"https:\/\/blog.metu.edu.tr\/eresmech\/files\/2021\/04\/next_button.gif\" alt=\"\" \/><\/a><img loading=\"lazy\" decoding=\"async\" width=\"119\" height=\"40\" class=\"wp-image-15\" style=\"width: 119px\" src=\"https:\/\/blog.metu.edu.tr\/eresmech\/files\/2021\/04\/ceres.gif\" alt=\"\" \/> <\/p>\n","protected":false},"excerpt":{"rendered":"","protected":false},"author":7747,"featured_media":0,"parent":47,"menu_order":0,"comment_status":"closed","ping_status":"closed","template":"","meta":{"footnotes":"","_links_to":"","_links_to_target":""},"class_list":["post-370","page","type-page","status-publish","hentry"],"_links":{"self":[{"href":"https:\/\/blog.metu.edu.tr\/eresmech\/wp-json\/wp\/v2\/pages\/370","targetHints":{"allow":["GET"]}}],"collection":[{"href":"https:\/\/blog.metu.edu.tr\/eresmech\/wp-json\/wp\/v2\/pages"}],"about":[{"href":"https:\/\/blog.metu.edu.tr\/eresmech\/wp-json\/wp\/v2\/types\/page"}],"author":[{"embeddable":true,"href":"https:\/\/blog.metu.edu.tr\/eresmech\/wp-json\/wp\/v2\/users\/7747"}],"replies":[{"embeddable":true,"href":"https:\/\/blog.metu.edu.tr\/eresmech\/wp-json\/wp\/v2\/comments?post=370"}],"version-history":[{"count":0,"href":"https:\/\/blog.metu.edu.tr\/eresmech\/wp-json\/wp\/v2\/pages\/370\/revisions"}],"up":[{"embeddable":true,"href":"https:\/\/blog.metu.edu.tr\/eresmech\/wp-json\/wp\/v2\/pages\/47"}],"wp:attachment":[{"href":"https:\/\/blog.metu.edu.tr\/eresmech\/wp-json\/wp\/v2\/media?parent=370"}],"curies":[{"name":"wp","href":"https:\/\/api.w.org\/{rel}","templated":true}]}}