{"id":304,"date":"2021-04-20T19:09:12","date_gmt":"2021-04-20T19:09:12","guid":{"rendered":"https:\/\/blog.metu.edu.tr\/eresmech\/?page_id=304"},"modified":"2021-09-07T23:18:01","modified_gmt":"2021-09-07T23:18:01","slug":"ch2","status":"publish","type":"page","link":"https:\/\/blog.metu.edu.tr\/eresmech\/mekanizma-teknigi\/ch2\/","title":{"rendered":"Chapter 2"},"content":{"rendered":"<div\n\t\t\t\n\t\t\tclass=\"so-widget-sow-editor so-widget-sow-editor-base\"\n\t\t\t\n\t\t>\n<div class=\"siteorigin-widget-tinymce textwidget\">\n\t<p><!-- wp:paragraph --><\/p>\n<p><!-- wp:paragraph {\"style\":{\"typography\":{\"fontSize\":24},\"color\":{\"text\":\"#000099\"}}} --><\/p>\n<p><!-- wp:paragraph {\"style\":{\"typography\":{\"fontSize\":30},\"color\":{\"text\":\"#cc0000\"}}} --><\/p>\n<h1 class=\"has-text-color\">II. MEKAN\u0130ZMA SERBESTL\u0130K DERECES\u0130 VE MEKAN\u0130ZMALARIN SINIFLANDIRILMASI<\/h1>\n<p><!-- \/wp:paragraph --> <!-- wp:paragraph {\"style\":{\"typography\":{\"fontSize\":24},\"color\":{\"text\":\"#000099\"}}} --><\/p>\n<h3>\u00a0 <span style=\"color: #000099\">2.1<\/span>\u00a0\u00a0 <a href=\"https:\/\/blog.metu.edu.tr\/eresmech\/mekanizma-teknigi\/ch2\/2-1-1\/\"><span style=\"text-decoration: underline\">Mekanizma Serbestlik Derecesi<\/span><\/a><\/h3>\n<h3 style=\"padding-left: 80px\"><a href=\"https:\/\/blog.metu.edu.tr\/eresmech\/mekanizma-teknigi\/ch2\/ornek-1\/\"><span style=\"text-decoration: underline\">-\u00d6rnek mekanizmalar<\/span><\/a><\/h3>\n<h3>\u00a0 <span style=\"color: #000099\">2.2<\/span>\u00a0 <a href=\"https:\/\/blog.metu.edu.tr\/eresmech\/mekanizma-teknigi\/ch2\/2-2\/\"><span style=\"text-decoration: underline\">Kinematik A\u00e7\u0131dan Hareketi Belirli Mekanizmalar<\/span><\/a><\/h3>\n<h3>\u00a0 <span style=\"color: #000099\">2.3<\/span>\u00a0 <a href=\"https:\/\/blog.metu.edu.tr\/eresmech\/mekanizma-teknigi\/ch2\/2-3\/\"><span style=\"text-decoration: underline\">Kinematik Yer De\u011fi\u015fim<\/span><\/a><\/h3>\n<h3>\u00a0 <span style=\"color: #000099\">2.4<\/span>\u00a0 <a href=\"https:\/\/blog.metu.edu.tr\/eresmech\/mekanizma-teknigi\/ch2\/2-4\/\"><span style=\"text-decoration: underline\">Gr\u00fcbler Denklemi<\/span><\/a><\/h3>\n<h3>\u00a0 <span style=\"color: #000099\">2.5<\/span>\u00a0 <a href=\"https:\/\/blog.metu.edu.tr\/eresmech\/mekanizma-teknigi\/ch2\/2-5\/\"><span style=\"text-decoration: underline\">Mekanizmalar\u0131n ve Kinematik Zincirlerin En\u00fcmerasyonu<\/span><\/a><\/h3>\n<h3>\u00a0 <span style=\"color: #000099\">2.6<\/span>\u00a0 <a href=\"https:\/\/blog.metu.edu.tr\/eresmech\/mekanizma-teknigi\/ch2\/2-6\/\"><span style=\"text-decoration: underline\">K\u00fcresel ve \u0130ki Boyutlu Uzay<\/span><\/a><\/h3>\n<h3>\u00a0 <span style=\"color: #000099\">2.7<\/span>\u00a0 <a href=\"https:\/\/blog.metu.edu.tr\/eresmech\/mekanizma-teknigi\/ch2\/2-7\/\"><span style=\"text-decoration: underline\">Mekanizmalar\u0131n S\u0131n\u0131fland\u0131r\u0131lmas\u0131<\/span><\/a><\/h3>\n<p><!-- \/wp:paragraph --><\/p>\n<p><!-- \/wp:paragraph --><\/p>\n<p><!-- \/wp:paragraph --><\/p>\n<\/div>\n<\/div>\n\n\n<p><a href=\"https:\/\/blog.metu.edu.tr\/eresmech\/mekanizma-teknigi\/chapter-2\/\" data-type=\"page\" data-id=\"304\"><img loading=\"lazy\" decoding=\"async\" width=\"38\" height=\"38\" class=\"wp-image-17\" style=\"width: 38px\" src=\"https:\/\/blog.metu.edu.tr\/eresmech\/files\/2021\/04\/contents_button.gif\" alt=\"\" \/><\/a><a href=\"https:\/\/blog.metu.edu.tr\/eresmech\/mekanizma-teknigi\/\" data-type=\"page\" data-id=\"47\"><img loading=\"lazy\" decoding=\"async\" width=\"38\" height=\"38\" class=\"wp-image-18\" style=\"width: 38px\" src=\"https:\/\/blog.metu.edu.tr\/eresmech\/files\/2021\/04\/home_button.gif\" alt=\"\" \/><\/a><a href=\"https:\/\/blog.metu.edu.tr\/eresmech\/mekanizma-teknigi\/ch2\/2-1-1\/\"><img loading=\"lazy\" decoding=\"async\" width=\"38\" height=\"38\" class=\"wp-image-20\" style=\"width: 38px\" src=\"https:\/\/blog.metu.edu.tr\/eresmech\/files\/2021\/04\/next_button.gif\" alt=\"\" \/><\/a><img loading=\"lazy\" decoding=\"async\" width=\"119\" height=\"40\" class=\"wp-image-15\" style=\"width: 119px\" src=\"https:\/\/blog.metu.edu.tr\/eresmech\/files\/2021\/04\/ceres.gif\" alt=\"\" \/><\/p>\n","protected":false},"excerpt":{"rendered":"","protected":false},"author":7747,"featured_media":0,"parent":47,"menu_order":0,"comment_status":"closed","ping_status":"closed","template":"","meta":{"footnotes":"","_links_to":"","_links_to_target":""},"class_list":["post-304","page","type-page","status-publish","hentry"],"_links":{"self":[{"href":"https:\/\/blog.metu.edu.tr\/eresmech\/wp-json\/wp\/v2\/pages\/304","targetHints":{"allow":["GET"]}}],"collection":[{"href":"https:\/\/blog.metu.edu.tr\/eresmech\/wp-json\/wp\/v2\/pages"}],"about":[{"href":"https:\/\/blog.metu.edu.tr\/eresmech\/wp-json\/wp\/v2\/types\/page"}],"author":[{"embeddable":true,"href":"https:\/\/blog.metu.edu.tr\/eresmech\/wp-json\/wp\/v2\/users\/7747"}],"replies":[{"embeddable":true,"href":"https:\/\/blog.metu.edu.tr\/eresmech\/wp-json\/wp\/v2\/comments?post=304"}],"version-history":[{"count":0,"href":"https:\/\/blog.metu.edu.tr\/eresmech\/wp-json\/wp\/v2\/pages\/304\/revisions"}],"up":[{"embeddable":true,"href":"https:\/\/blog.metu.edu.tr\/eresmech\/wp-json\/wp\/v2\/pages\/47"}],"wp:attachment":[{"href":"https:\/\/blog.metu.edu.tr\/eresmech\/wp-json\/wp\/v2\/media?parent=304"}],"curies":[{"name":"wp","href":"https:\/\/api.w.org\/{rel}","templated":true}]}}