{"id":2308,"date":"2022-03-15T22:50:22","date_gmt":"2022-03-15T22:50:22","guid":{"rendered":"https:\/\/blog.metu.edu.tr\/eresmech\/?page_id=2308"},"modified":"2022-09-02T19:41:00","modified_gmt":"2022-09-02T19:41:00","slug":"8-0","status":"publish","type":"page","link":"https:\/\/blog.metu.edu.tr\/eresmech\/mechanisms\/ch8\/8-0\/","title":{"rendered":"8-0"},"content":{"rendered":"<div id=\"pl-gb2308-69d67f916b21b\"  class=\"panel-layout\" ><div id=\"pg-gb2308-69d67f916b21b-0\"  class=\"panel-grid panel-no-style\" ><div id=\"pgc-gb2308-69d67f916b21b-0-0\"  class=\"panel-grid-cell\" ><div id=\"panel-gb2308-69d67f916b21b-0-0-0\" class=\"so-panel widget widget_sow-editor panel-first-child panel-last-child widgetopts-SO\" data-index=\"0\" ><div\n\t\t\t\n\t\t\tclass=\"so-widget-sow-editor so-widget-sow-editor-base\"\n\t\t\t\n\t\t>\n<div class=\"siteorigin-widget-tinymce textwidget\">\n\t<h4 class=\"has-text-color\"><span style=\"color: #ff0000\"><strong>&#8220;Bir ki\u015finin bir olay\u0131 de\u011ferlendirmesi, bu de\u011ferlendirmeye esas olan bilgiden daha iyi olamaz. Ona ger\u00e7e\u011fi verdi\u011finizde do\u011fru karara varma \u015fans\u0131 olsa bile yanl\u0131\u015f yapabilir. Ancak ona bilgi vermez, yanl\u0131\u015f, sapt\u0131r\u0131lm\u0131\u015f veya yetersiz bilgiyi tarafl\u0131, mesuliyetsiz yay\u0131nc\u0131l\u0131k ahlak\u0131 ile veya bilerek hatal\u0131 verirseniz o insan\u0131n t\u00fcm de\u011fer yarg\u0131lar\u0131n\u0131 alt \u00fcst eder onu insandan daha alt seviyelere indirirsiniz.&#8221;<\/strong><\/span><\/h4>\n<h4 class=\"has-text-color\" style=\"text-align: right\"><span style=\"color: #ff0000\"><strong>Arthur Hays Sulzberger<\/strong><\/span><\/h4>\n<h1>Cam Mechanisms<\/h1>\n<\/div>\n<\/div><\/div><\/div><\/div><div id=\"pg-gb2308-69d67f916b21b-1\"  class=\"panel-grid panel-no-style\" ><div id=\"pgc-gb2308-69d67f916b21b-1-0\"  class=\"panel-grid-cell\" ><div id=\"panel-gb2308-69d67f916b21b-1-0-0\" class=\"so-panel widget widget_sow-editor panel-first-child panel-last-child widgetopts-SO\" data-index=\"1\" ><div\n\t\t\t\n\t\t\tclass=\"so-widget-sow-editor so-widget-sow-editor-base\"\n\t\t\t\n\t\t>\n<div class=\"siteorigin-widget-tinymce textwidget\">\n\t<div class=\"su-image-carousel  su-image-carousel-has-spacing su-image-carousel-has-lightbox su-image-carousel-has-outline su-image-carousel-adaptive su-image-carousel-slides-style-default su-image-carousel-controls-style-dark su-image-carousel-align-center\" style=\"max-width:550px\" data-flickity-options='{\"groupCells\":true,\"cellSelector\":\".su-image-carousel-item\",\"adaptiveHeight\":true,\"cellAlign\":\"left\",\"prevNextButtons\":true,\"pageDots\":false,\"autoPlay\":false,\"imagesLoaded\":true,\"contain\":false,\"selectedAttraction\":1,\"friction\":1}' id=\"su_image_carousel_69d67f916cc03\"><div class=\"su-image-carousel-item\"><div class=\"su-image-carousel-item-content\"><a href=\"https:\/\/blog.metu.edu.tr\/eresmech\/files\/2022\/09\/cam1e_1.gif\" target=\"_blank\" rel=\"noopener noreferrer\" data-caption=\"\"><img loading=\"lazy\" decoding=\"async\" width=\"550\" height=\"400\" src=\"https:\/\/blog.metu.edu.tr\/eresmech\/files\/2022\/09\/cam1e_1.gif\" class=\"\" alt=\"\" \/><\/a><\/div><\/div><div class=\"su-image-carousel-item\"><div class=\"su-image-carousel-item-content\"><a href=\"https:\/\/blog.metu.edu.tr\/eresmech\/files\/2022\/09\/cam1e_2.gif\" target=\"_blank\" rel=\"noopener noreferrer\" data-caption=\"\"><img loading=\"lazy\" decoding=\"async\" width=\"550\" height=\"400\" src=\"https:\/\/blog.metu.edu.tr\/eresmech\/files\/2022\/09\/cam1e_2.gif\" class=\"\" alt=\"\" \/><\/a><\/div><\/div><\/div><script id=\"su_image_carousel_69d67f916cc03_script\">if(window.SUImageCarousel){setTimeout(function() {window.SUImageCarousel.initGallery(document.getElementById(\"su_image_carousel_69d67f916cc03\"))}, 0);}var su_image_carousel_69d67f916cc03_script=document.getElementById(\"su_image_carousel_69d67f916cc03_script\");if(su_image_carousel_69d67f916cc03_script){su_image_carousel_69d67f916cc03_script.parentNode.removeChild(su_image_carousel_69d67f916cc03_script);}<\/script>\n<\/div>\n<\/div><\/div><\/div><div id=\"pgc-gb2308-69d67f916b21b-1-1\"  class=\"panel-grid-cell\" ><div id=\"panel-gb2308-69d67f916b21b-1-1-0\" class=\"so-panel widget widget_sow-editor panel-first-child panel-last-child widgetopts-SO\" data-index=\"2\" ><div\n\t\t\t\n\t\t\tclass=\"so-widget-sow-editor so-widget-sow-editor-base\"\n\t\t\t\n\t\t>\n<div class=\"siteorigin-widget-tinymce textwidget\">\n\t<div class=\"su-image-carousel  su-image-carousel-has-spacing su-image-carousel-has-lightbox su-image-carousel-has-outline su-image-carousel-adaptive su-image-carousel-slides-style-default su-image-carousel-controls-style-dark su-image-carousel-align-center\" style=\"max-width:550px\" data-flickity-options='{\"groupCells\":true,\"cellSelector\":\".su-image-carousel-item\",\"adaptiveHeight\":true,\"cellAlign\":\"left\",\"prevNextButtons\":true,\"pageDots\":false,\"autoPlay\":false,\"imagesLoaded\":true,\"contain\":false,\"selectedAttraction\":1,\"friction\":1}' id=\"su_image_carousel_69d67f916d5d9\"><div class=\"su-image-carousel-item\"><div class=\"su-image-carousel-item-content\"><a href=\"https:\/\/blog.metu.edu.tr\/eresmech\/files\/2022\/09\/cam2e_1.gif\" target=\"_blank\" rel=\"noopener noreferrer\" data-caption=\"\"><img loading=\"lazy\" decoding=\"async\" width=\"550\" height=\"400\" src=\"https:\/\/blog.metu.edu.tr\/eresmech\/files\/2022\/09\/cam2e_1.gif\" class=\"\" alt=\"\" \/><\/a><\/div><\/div><div class=\"su-image-carousel-item\"><div class=\"su-image-carousel-item-content\"><a href=\"https:\/\/blog.metu.edu.tr\/eresmech\/files\/2022\/09\/cam2e_2.gif\" target=\"_blank\" rel=\"noopener noreferrer\" data-caption=\"\"><img loading=\"lazy\" decoding=\"async\" width=\"550\" height=\"400\" src=\"https:\/\/blog.metu.edu.tr\/eresmech\/files\/2022\/09\/cam2e_2.gif\" class=\"\" alt=\"\" \/><\/a><\/div><\/div><\/div><script id=\"su_image_carousel_69d67f916d5d9_script\">if(window.SUImageCarousel){setTimeout(function() {window.SUImageCarousel.initGallery(document.getElementById(\"su_image_carousel_69d67f916d5d9\"))}, 0);}var su_image_carousel_69d67f916d5d9_script=document.getElementById(\"su_image_carousel_69d67f916d5d9_script\");if(su_image_carousel_69d67f916d5d9_script){su_image_carousel_69d67f916d5d9_script.parentNode.removeChild(su_image_carousel_69d67f916d5d9_script);}<\/script>\n<\/div>\n<\/div><\/div><\/div><div id=\"pgc-gb2308-69d67f916b21b-1-2\"  class=\"panel-grid-cell\" ><div id=\"panel-gb2308-69d67f916b21b-1-2-0\" class=\"so-panel widget widget_sow-editor panel-first-child panel-last-child widgetopts-SO\" data-index=\"3\" ><div\n\t\t\t\n\t\t\tclass=\"so-widget-sow-editor so-widget-sow-editor-base\"\n\t\t\t\n\t\t>\n<div class=\"siteorigin-widget-tinymce textwidget\">\n\t<div class=\"su-image-carousel  su-image-carousel-has-spacing su-image-carousel-has-lightbox su-image-carousel-has-outline su-image-carousel-adaptive su-image-carousel-slides-style-default su-image-carousel-controls-style-dark su-image-carousel-align-center\" style=\"max-width:550px\" data-flickity-options='{\"groupCells\":true,\"cellSelector\":\".su-image-carousel-item\",\"adaptiveHeight\":true,\"cellAlign\":\"left\",\"prevNextButtons\":true,\"pageDots\":false,\"autoPlay\":false,\"imagesLoaded\":true,\"contain\":false,\"selectedAttraction\":1,\"friction\":1}' id=\"su_image_carousel_69d67f916dfa5\"><div class=\"su-image-carousel-item\"><div class=\"su-image-carousel-item-content\"><a href=\"https:\/\/blog.metu.edu.tr\/eresmech\/files\/2022\/09\/cam3e_1.gif\" target=\"_blank\" rel=\"noopener noreferrer\" data-caption=\"\"><img loading=\"lazy\" decoding=\"async\" width=\"550\" height=\"400\" src=\"https:\/\/blog.metu.edu.tr\/eresmech\/files\/2022\/09\/cam3e_1.gif\" class=\"\" alt=\"\" \/><\/a><\/div><\/div><div class=\"su-image-carousel-item\"><div class=\"su-image-carousel-item-content\"><a href=\"https:\/\/blog.metu.edu.tr\/eresmech\/files\/2022\/09\/cam3e_2.gif\" target=\"_blank\" rel=\"noopener noreferrer\" data-caption=\"\"><img loading=\"lazy\" decoding=\"async\" width=\"550\" height=\"400\" src=\"https:\/\/blog.metu.edu.tr\/eresmech\/files\/2022\/09\/cam3e_2.gif\" class=\"\" alt=\"\" \/><\/a><\/div><\/div><\/div><script id=\"su_image_carousel_69d67f916dfa5_script\">if(window.SUImageCarousel){setTimeout(function() {window.SUImageCarousel.initGallery(document.getElementById(\"su_image_carousel_69d67f916dfa5\"))}, 0);}var su_image_carousel_69d67f916dfa5_script=document.getElementById(\"su_image_carousel_69d67f916dfa5_script\");if(su_image_carousel_69d67f916dfa5_script){su_image_carousel_69d67f916dfa5_script.parentNode.removeChild(su_image_carousel_69d67f916dfa5_script);}<\/script>\n<\/div>\n<\/div><\/div><\/div><\/div><div id=\"pg-gb2308-69d67f916b21b-2\"  class=\"panel-grid panel-no-style\" ><div id=\"pgc-gb2308-69d67f916b21b-2-0\"  class=\"panel-grid-cell\" ><div id=\"panel-gb2308-69d67f916b21b-2-0-0\" class=\"so-panel widget widget_sow-editor panel-first-child panel-last-child widgetopts-SO\" data-index=\"4\" ><div\n\t\t\t\n\t\t\tclass=\"so-widget-sow-editor so-widget-sow-editor-base\"\n\t\t\t\n\t\t>\n<div class=\"siteorigin-widget-tinymce textwidget\">\n\t<p>Cam is a higher kinematic pair which is used to transmit motion from one link to another. In everyday usage, as in the case of gear terminology, a cam is a rigid body with a curved surface that is in contact with another rigid body (usually the second rigid body is of simple shape such as a flat face or a cylinder)<\/p>\n<p>A\u00a0<strong><em><span style=\"color: #cc0000\">Cam Mechanism<\/span><\/em><\/strong>\u00a0is a mechanism that contains at least one cam pair in its kinematic structure. Cam mechanisms are one of the most widely used mechanisms because they can realize different motion curves and are simple to design. However, cams are expensive to manufacture and due to the contact stresses, they wear out easily in comparison to mechanisms that contain lower kinematic pairs such as revolute joints. Also at high speeds and\/or under heavy loads dynamic effects become very critical and kinematic design is not sufficient for the proper functioning of the cam mechanism. The main reason for the use of cam mechanisms is that they provide simple means of obtaining unusual, irregular motions that would be difficult, if not impossible, to obtain with the other types of mechanisms. Cams may be made adjustable, or they may be easily replaced (as in the case of modern sewing machines) or their timing can easily be changed. These factors add to the versatility of cams. However, during the design of a machine, one should try to avoid cams, especially if high speeds and high torques are being transmitted.<\/p>\n<\/div>\n<\/div><\/div><\/div><\/div><\/div>\n\n\n<p><a href=\"https:\/\/blog.metu.edu.tr\/eresmech\/mechanisms\/ch8\/\" data-type=\"page\"><img loading=\"lazy\" decoding=\"async\" width=\"38\" height=\"38\" class=\"wp-image-16\" style=\"width: 38px\" src=\"https:\/\/blog.metu.edu.tr\/eresmech\/files\/2021\/04\/back_button.gif\" alt=\"\" \/><img loading=\"lazy\" decoding=\"async\" width=\"38\" height=\"38\" class=\"wp-image-17\" style=\"width: 38px\" src=\"https:\/\/blog.metu.edu.tr\/eresmech\/files\/2021\/04\/contents_button.gif\" alt=\"\" \/><\/a><a href=\"https:\/\/blog.metu.edu.tr\/eresmech\/mechanisms\/\" data-type=\"page\" data-id=\"47\"><img loading=\"lazy\" decoding=\"async\" width=\"38\" height=\"38\" class=\"wp-image-18\" style=\"width: 38px\" src=\"https:\/\/blog.metu.edu.tr\/eresmech\/files\/2021\/04\/home_button.gif\" alt=\"\" \/><\/a><a href=\"https:\/\/blog.metu.edu.tr\/eresmech\/mechanisms\/ch8\/8-1\"><img loading=\"lazy\" decoding=\"async\" width=\"38\" height=\"38\" class=\"wp-image-20\" style=\"width: 38px\" src=\"https:\/\/blog.metu.edu.tr\/eresmech\/files\/2021\/04\/next_button.gif\" alt=\"\" \/><\/a><img loading=\"lazy\" decoding=\"async\" width=\"119\" height=\"40\" class=\"wp-image-15\" style=\"width: 119px\" src=\"https:\/\/blog.metu.edu.tr\/eresmech\/files\/2021\/04\/ceres.gif\" alt=\"\" \/><\/p>\n","protected":false},"excerpt":{"rendered":"<p>&#8220;Bir ki\u015finin bir olay\u0131 de\u011ferlendirmesi, bu de\u011ferlendirmeye esas olan bilgiden daha iyi olamaz. Ona ger\u00e7e\u011fi verdi\u011finizde do\u011fru karara varma \u015fans\u0131 olsa bile yanl\u0131\u015f yapabilir. Ancak ona bilgi vermez, yanl\u0131\u015f, sapt\u0131r\u0131lm\u0131\u015f veya yetersiz bilgiyi tarafl\u0131, mesuliyetsiz yay\u0131nc\u0131l\u0131k ahlak\u0131 ile veya bilerek &hellip;<\/p>\n<p class=\"read-more\"> <a class=\"more-link\" href=\"https:\/\/blog.metu.edu.tr\/eresmech\/mechanisms\/ch8\/8-0\/\"> <span class=\"screen-reader-text\">8-0<\/span> Devam\u0131n\u0131 Oku &raquo;<\/a><\/p>\n","protected":false},"author":7747,"featured_media":0,"parent":1981,"menu_order":0,"comment_status":"closed","ping_status":"closed","template":"full-width-page.php","meta":{"footnotes":"","_links_to":"","_links_to_target":""},"class_list":["post-2308","page","type-page","status-publish","hentry"],"_links":{"self":[{"href":"https:\/\/blog.metu.edu.tr\/eresmech\/wp-json\/wp\/v2\/pages\/2308","targetHints":{"allow":["GET"]}}],"collection":[{"href":"https:\/\/blog.metu.edu.tr\/eresmech\/wp-json\/wp\/v2\/pages"}],"about":[{"href":"https:\/\/blog.metu.edu.tr\/eresmech\/wp-json\/wp\/v2\/types\/page"}],"author":[{"embeddable":true,"href":"https:\/\/blog.metu.edu.tr\/eresmech\/wp-json\/wp\/v2\/users\/7747"}],"replies":[{"embeddable":true,"href":"https:\/\/blog.metu.edu.tr\/eresmech\/wp-json\/wp\/v2\/comments?post=2308"}],"version-history":[{"count":0,"href":"https:\/\/blog.metu.edu.tr\/eresmech\/wp-json\/wp\/v2\/pages\/2308\/revisions"}],"up":[{"embeddable":true,"href":"https:\/\/blog.metu.edu.tr\/eresmech\/wp-json\/wp\/v2\/pages\/1981"}],"wp:attachment":[{"href":"https:\/\/blog.metu.edu.tr\/eresmech\/wp-json\/wp\/v2\/media?parent=2308"}],"curies":[{"name":"wp","href":"https:\/\/api.w.org\/{rel}","templated":true}]}}